{"id":25,"date":"2020-04-27T11:58:06","date_gmt":"2020-04-27T09:58:06","guid":{"rendered":"http:\/\/www.dainst.blog\/eurasien-abteilung\/?page_id=25"},"modified":"2020-07-02T10:04:32","modified_gmt":"2020-07-02T08:04:32","slug":"ueber-uns","status":"publish","type":"page","link":"https:\/\/www.dainst.blog\/archaeology-in-eurasia\/ueber-uns\/","title":{"rendered":"INTRO"},"content":{"rendered":"\n<p>Die\nGr\u00fcndung der Eurasien-Abteilung 1995 erweiterte das Arbeitsgebiet des Deutschen\nArch\u00e4ologischen Instituts in das \u00f6stliche Europa sowie Mittel- und Ostasien. Als\nsehr junges Teilinstitut profitiert die Eurasien-Abteilung von 190 Jahren\nerfolgreicher Forschung des Deutschen Arch\u00e4ologischen Instituts zun\u00e4chst Im\nMittelmeerraum und heute weltweit.<\/p>\n\n\n\n<figure class=\"wp-block-gallery columns-1 is-cropped wp-block-gallery-1 is-layout-flex wp-block-gallery-is-layout-flex\"><ul class=\"blocks-gallery-grid\"><li class=\"blocks-gallery-item\"><figure><img fetchpriority=\"high\" decoding=\"async\" width=\"1024\" height=\"482\" src=\"https:\/\/www.dainst.blog\/archaeology-in-eurasia\/wp-content\/uploads\/sites\/19\/2020\/06\/ea_projekte_karte_04-1024x482.png\" alt=\"\" data-id=\"345\" data-full-url=\"https:\/\/www.dainst.blog\/archaeology-in-eurasia\/wp-content\/uploads\/sites\/19\/2020\/06\/ea_projekte_karte_04.png\" data-link=\"https:\/\/www.dainst.blog\/archaeology-in-eurasia\/ueber-uns\/ea_projekte_karte_04\/\" class=\"wp-image-345\" srcset=\"https:\/\/www.dainst.blog\/archaeology-in-eurasia\/wp-content\/uploads\/sites\/19\/2020\/06\/ea_projekte_karte_04-1024x482.png 1024w, https:\/\/www.dainst.blog\/archaeology-in-eurasia\/wp-content\/uploads\/sites\/19\/2020\/06\/ea_projekte_karte_04-300x141.png 300w, https:\/\/www.dainst.blog\/archaeology-in-eurasia\/wp-content\/uploads\/sites\/19\/2020\/06\/ea_projekte_karte_04-768x362.png 768w, https:\/\/www.dainst.blog\/archaeology-in-eurasia\/wp-content\/uploads\/sites\/19\/2020\/06\/ea_projekte_karte_04-1536x723.png 1536w, https:\/\/www.dainst.blog\/archaeology-in-eurasia\/wp-content\/uploads\/sites\/19\/2020\/06\/ea_projekte_karte_04-2048x965.png 2048w, https:\/\/www.dainst.blog\/archaeology-in-eurasia\/wp-content\/uploads\/sites\/19\/2020\/06\/ea_projekte_karte_04-750x353.png 750w\" sizes=\"(max-width: 1024px) 100vw, 1024px\" \/><\/figure><\/li><\/ul><figcaption class=\"blocks-gallery-caption\"><strong>Forschungsprojekte der Euasien-Abteilung bis 2020.<\/strong><\/figcaption><\/figure>\n\n\n\n<p>Die\nForschungen der Eurasien-Abteilung reichen vom Schwarzen Meer bis zum\nPazifischen Ozean. Weder in Europa noch in den USA gibt es bis heute vergleichbare\nForschungsinstitute. Die Eurasien-Abteilung integriert Aspekte der\nPr\u00e4historischen, Klassischen und Vorderasiatischen Arch\u00e4ologie:\nMittelasiatische und Ostasiatische Arch\u00e4ologie sind in Deutschland nur hier\ninstitutionell repr\u00e4sentiert. Die Angliederung der Abteilung Teheran als\nAu\u00dfenstelle 1996 erlaubte die Verbindungen der iranischen Kulturen mit dem\nmittelasiatischen Raum in die Forschungen einzubeziehen. Die 2009 eingerichtete\nAu\u00dfenstelle in Peking bildet den Ausgangspunkt f\u00fcr Forschungen in Ostasien. <\/p>\n\n\n\n<figure class=\"wp-block-image size-large is-style-default\"><img decoding=\"async\" width=\"1024\" height=\"768\" src=\"https:\/\/www.dainst.blog\/eurasien-abteilung\/wp-content\/uploads\/sites\/19\/2020\/04\/Abb_07_Baraba_L1000238-1024x768.jpg\" alt=\"\" class=\"wp-image-48\" srcset=\"https:\/\/www.dainst.blog\/archaeology-in-eurasia\/wp-content\/uploads\/sites\/19\/2020\/04\/Abb_07_Baraba_L1000238-1024x768.jpg 1024w, https:\/\/www.dainst.blog\/archaeology-in-eurasia\/wp-content\/uploads\/sites\/19\/2020\/04\/Abb_07_Baraba_L1000238-300x225.jpg 300w, https:\/\/www.dainst.blog\/archaeology-in-eurasia\/wp-content\/uploads\/sites\/19\/2020\/04\/Abb_07_Baraba_L1000238-768x576.jpg 768w, https:\/\/www.dainst.blog\/archaeology-in-eurasia\/wp-content\/uploads\/sites\/19\/2020\/04\/Abb_07_Baraba_L1000238-1536x1152.jpg 1536w, https:\/\/www.dainst.blog\/archaeology-in-eurasia\/wp-content\/uploads\/sites\/19\/2020\/04\/Abb_07_Baraba_L1000238-2048x1536.jpg 2048w\" sizes=\"(max-width: 1024px) 100vw, 1024px\" \/><figcaption>Tartas, Russland: Blick \u00fcber fr\u00fchneolithsche Geb\u00e4ude und das Gr\u00e4berfeld<br>(C) S. Reinhold<\/figcaption><\/figure>\n\n\n\n<p>Alle Feldforschungen\nin den Gastl\u00e4ndern werden mit den Partnerinstitutionen als Kooperationsprojekte\ndurchgef\u00fchrt und gemeinsam publiziert. Multilaterale Forschungskooperationen\nmit europ\u00e4ischen Partnern werden zahlreicher. Hierf\u00fcr werden erfolgreich Drittmittel\neingeworben.<\/p>\n\n\n\n<p>Auch Projekte zum Kulturerhalt geh\u00f6rten von Beginn an zu den Aktivit\u00e4ten der Eurasien-Abteilung und sie werden zahlreicher. Der Verlust arch\u00e4ologischer Denkm\u00e4ler durch Landwirtschaft und Bauma\u00dfnahmen ist immens und stellt uns die Aufgabe, gemeinsam mit den Institutionen in unseren Gastl\u00e4ndern bei der Dokumentation und Bewahrung des kulturellen Erbes mitzuarbeiten.<\/p>\n\n\n\n<figure class=\"wp-block-gallery columns-2 is-cropped wp-block-gallery-2 is-layout-flex wp-block-gallery-is-layout-flex\"><ul class=\"blocks-gallery-grid\"><li class=\"blocks-gallery-item\"><figure><img decoding=\"async\" width=\"748\" height=\"1024\" src=\"https:\/\/www.dainst.blog\/eurasien-abteilung\/wp-content\/uploads\/sites\/19\/2020\/04\/Abb.04_Golubickaja_2-748x1024.jpg\" alt=\"\" data-id=\"50\" data-full-url=\"https:\/\/www.dainst.blog\/eurasien-abteilung\/wp-content\/uploads\/sites\/19\/2020\/04\/Abb.04_Golubickaja_2-scaled.jpg\" data-link=\"http:\/\/www.dainst.blog\/eurasien-abteilung\/25-jahre-eurasien-abteilung\/abb-04_golubickaja_2\/#main\" class=\"wp-image-50\" srcset=\"https:\/\/www.dainst.blog\/archaeology-in-eurasia\/wp-content\/uploads\/sites\/19\/2020\/04\/Abb.04_Golubickaja_2-748x1024.jpg 748w, https:\/\/www.dainst.blog\/archaeology-in-eurasia\/wp-content\/uploads\/sites\/19\/2020\/04\/Abb.04_Golubickaja_2-219x300.jpg 219w, https:\/\/www.dainst.blog\/archaeology-in-eurasia\/wp-content\/uploads\/sites\/19\/2020\/04\/Abb.04_Golubickaja_2-768x1052.jpg 768w, https:\/\/www.dainst.blog\/archaeology-in-eurasia\/wp-content\/uploads\/sites\/19\/2020\/04\/Abb.04_Golubickaja_2-1122x1536.jpg 1122w, https:\/\/www.dainst.blog\/archaeology-in-eurasia\/wp-content\/uploads\/sites\/19\/2020\/04\/Abb.04_Golubickaja_2-1495x2048.jpg 1495w, https:\/\/www.dainst.blog\/archaeology-in-eurasia\/wp-content\/uploads\/sites\/19\/2020\/04\/Abb.04_Golubickaja_2-scaled.jpg 1869w\" sizes=\"(max-width: 748px) 100vw, 748px\" \/><figcaption class=\"blocks-gallery-item__caption\">Golubickaja, Russland: Amphora aus Kyme, 540 &#8211; 525 v. Chr.<br>(C) I. Sedenkov<\/figcaption><\/figure><\/li><li class=\"blocks-gallery-item\"><figure><img loading=\"lazy\" decoding=\"async\" width=\"1024\" height=\"969\" src=\"https:\/\/www.dainst.blog\/eurasien-abteilung\/wp-content\/uploads\/sites\/19\/2020\/04\/Abb_05_Vojtenki_Grab_231-1024x969.png\" alt=\"\" data-id=\"55\" data-full-url=\"https:\/\/www.dainst.blog\/eurasien-abteilung\/wp-content\/uploads\/sites\/19\/2020\/04\/Abb_05_Vojtenki_Grab_231.png\" data-link=\"http:\/\/www.dainst.blog\/eurasien-abteilung\/25-jahre-eurasien-abteilung\/abb_05_vojtenki_grab_231\/#main\" class=\"wp-image-55\" srcset=\"https:\/\/www.dainst.blog\/archaeology-in-eurasia\/wp-content\/uploads\/sites\/19\/2020\/04\/Abb_05_Vojtenki_Grab_231-1024x969.png 1024w, https:\/\/www.dainst.blog\/archaeology-in-eurasia\/wp-content\/uploads\/sites\/19\/2020\/04\/Abb_05_Vojtenki_Grab_231-300x284.png 300w, https:\/\/www.dainst.blog\/archaeology-in-eurasia\/wp-content\/uploads\/sites\/19\/2020\/04\/Abb_05_Vojtenki_Grab_231-768x727.png 768w, https:\/\/www.dainst.blog\/archaeology-in-eurasia\/wp-content\/uploads\/sites\/19\/2020\/04\/Abb_05_Vojtenki_Grab_231-1536x1454.png 1536w, https:\/\/www.dainst.blog\/archaeology-in-eurasia\/wp-content\/uploads\/sites\/19\/2020\/04\/Abb_05_Vojtenki_Grab_231.png 2010w\" sizes=\"(max-width: 1024px) 100vw, 1024px\" \/><figcaption class=\"blocks-gallery-item__caption\">Vojtenki, Ukraine: Gehobene Ausstattung einer Bestattung der Cernjachov-Kultur | \u00a9 E. Schultze.<\/figcaption><\/figure><\/li><li class=\"blocks-gallery-item\"><figure><img loading=\"lazy\" decoding=\"async\" width=\"1024\" height=\"722\" src=\"https:\/\/www.dainst.blog\/eurasien-abteilung\/wp-content\/uploads\/sites\/19\/2020\/04\/Abb_02_Asagi-1024x722.png\" alt=\"\" data-id=\"54\" data-full-url=\"https:\/\/www.dainst.blog\/eurasien-abteilung\/wp-content\/uploads\/sites\/19\/2020\/04\/Abb_02_Asagi.png\" data-link=\"http:\/\/www.dainst.blog\/eurasien-abteilung\/25-jahre-eurasien-abteilung\/abb_02_asagi\/#main\" class=\"wp-image-54\" srcset=\"https:\/\/www.dainst.blog\/archaeology-in-eurasia\/wp-content\/uploads\/sites\/19\/2020\/04\/Abb_02_Asagi-1024x722.png 1024w, https:\/\/www.dainst.blog\/archaeology-in-eurasia\/wp-content\/uploads\/sites\/19\/2020\/04\/Abb_02_Asagi-300x212.png 300w, https:\/\/www.dainst.blog\/archaeology-in-eurasia\/wp-content\/uploads\/sites\/19\/2020\/04\/Abb_02_Asagi-768x542.png 768w, https:\/\/www.dainst.blog\/archaeology-in-eurasia\/wp-content\/uploads\/sites\/19\/2020\/04\/Abb_02_Asagi-1536x1083.png 1536w, https:\/\/www.dainst.blog\/archaeology-in-eurasia\/wp-content\/uploads\/sites\/19\/2020\/04\/Abb_02_Asagi.png 1954w\" sizes=\"(max-width: 1024px) 100vw, 1024px\" \/><figcaption class=\"blocks-gallery-item__caption\">As\u0327ag\u030c\u0131 P\u0131nar, T\u00fcrkisch-Thrakien: Statuette aus der Zeit um 5500 v. Chr. | \u00a9 S. Hansen.<\/figcaption><\/figure><\/li><li class=\"blocks-gallery-item\"><figure><img loading=\"lazy\" decoding=\"async\" width=\"701\" height=\"604\" src=\"https:\/\/www.dainst.blog\/eurasien-abteilung\/wp-content\/uploads\/sites\/19\/2020\/04\/Abb_13_Gonur-1.png\" alt=\"\" data-id=\"53\" data-full-url=\"https:\/\/www.dainst.blog\/eurasien-abteilung\/wp-content\/uploads\/sites\/19\/2020\/04\/Abb_13_Gonur-1.png\" data-link=\"http:\/\/www.dainst.blog\/eurasien-abteilung\/25-jahre-eurasien-abteilung\/abb_13_gonur-1\/#main\" class=\"wp-image-53\" srcset=\"https:\/\/www.dainst.blog\/archaeology-in-eurasia\/wp-content\/uploads\/sites\/19\/2020\/04\/Abb_13_Gonur-1.png 701w, https:\/\/www.dainst.blog\/archaeology-in-eurasia\/wp-content\/uploads\/sites\/19\/2020\/04\/Abb_13_Gonur-1-300x258.png 300w\" sizes=\"(max-width: 701px) 100vw, 701px\" \/><figcaption class=\"blocks-gallery-item__caption\">Gonur depe, Turkmenistan: Die Affenfigur aus Fayence ist ein Import aus dem Bereich der Indus-Kultur Pakistans | \u00a9 N. Boroffka.<\/figcaption><\/figure><\/li><\/ul><\/figure>\n\n\n\n<p>Unsere Bibliothek bietet ein umfassendes\nAngebot aktueller Forschungsliteratur, das von Forscherinnen und Forschern aus ganz\nEuropa und Asien gesch\u00e4tzt wird. Die Eurasien-Abteilung versucht im Rahmen\nihrer M\u00f6glichkeiten einen vielf\u00e4ltigen wissenschaftlichen Austausch und das\nArbeiten in der Bibliothek durch Gasteinladungen zu f\u00f6rdern. \n\nMit arch\u00e4ologischen Surveys und Ausgrabungen leisten wir exemplarische\nForschungsbeitr\u00e4ge. Mittel- und langfristige Forschungen in den Gastl\u00e4ndern\nerlauben es, Grundlagen f\u00fcr den Aufbau chronologischer Abfolgen zu legen, die\nDynamik von Siedlungskammern zu erforschen oder zur umfassenden\nLandschaftsrekonstruktion beizutragen. Bislang v\u00f6llig unbekannte Kulturen\nkonnten in den letzten Jahren erforscht, seit 150 Jahren sicher geglaubte\nhistorische Geographien umgeschrieben und neue Perspektiven f\u00fcr die\nInnovationsgeschichte er\u00f6ffnet werden.\n\n\n\n<\/p>\n\n\n\n<figure class=\"wp-block-image size-large\"><img loading=\"lazy\" decoding=\"async\" width=\"1024\" height=\"683\" src=\"https:\/\/www.dainst.blog\/eurasien-abteilung\/wp-content\/uploads\/sites\/19\/2020\/04\/Abb_08_Kaukasus_L1320802-1024x683.jpg\" alt=\"\" class=\"wp-image-49\" srcset=\"https:\/\/www.dainst.blog\/archaeology-in-eurasia\/wp-content\/uploads\/sites\/19\/2020\/04\/Abb_08_Kaukasus_L1320802-1024x683.jpg 1024w, https:\/\/www.dainst.blog\/archaeology-in-eurasia\/wp-content\/uploads\/sites\/19\/2020\/04\/Abb_08_Kaukasus_L1320802-300x200.jpg 300w, https:\/\/www.dainst.blog\/archaeology-in-eurasia\/wp-content\/uploads\/sites\/19\/2020\/04\/Abb_08_Kaukasus_L1320802-768x512.jpg 768w, https:\/\/www.dainst.blog\/archaeology-in-eurasia\/wp-content\/uploads\/sites\/19\/2020\/04\/Abb_08_Kaukasus_L1320802-1536x1024.jpg 1536w, https:\/\/www.dainst.blog\/archaeology-in-eurasia\/wp-content\/uploads\/sites\/19\/2020\/04\/Abb_08_Kaukasus_L1320802-2048x1365.jpg 2048w, https:\/\/www.dainst.blog\/archaeology-in-eurasia\/wp-content\/uploads\/sites\/19\/2020\/04\/Abb_08_Kaukasus_L1320802-90x60.jpg 90w, https:\/\/www.dainst.blog\/archaeology-in-eurasia\/wp-content\/uploads\/sites\/19\/2020\/04\/Abb_08_Kaukasus_L1320802-750x499.jpg 750w, https:\/\/www.dainst.blog\/archaeology-in-eurasia\/wp-content\/uploads\/sites\/19\/2020\/04\/Abb_08_Kaukasus_L1320802-360x240.jpg 360w\" sizes=\"(max-width: 1024px) 100vw, 1024px\" \/><figcaption>Ust&#8216; Dzheguta, Russland: Zu den Innovationen im 4. Jahrtausend geh\u00f6ren auch riesige Grabh\u00fcgel | \u00a9 S.Hansen.<\/figcaption><\/figure>\n\n\n\n<p><\/p>\n\n\n\n<p><strong>Weitere Informationen:<\/strong><br><br><a href=\"https:\/\/www.dainst.org\/documents\/10180\/15360\/Current+Research+in+Eurasia+2017\/5c4b461c-7a21-4449-8619-b0ac71162b25\" target=\"_blank\" rel=\"noreferrer noopener\">Download: Brosch\u00fcre Aktuelle Forschungen<\/a><\/p>\n","protected":false},"excerpt":{"rendered":"<p>Die Gr\u00fcndung der Eurasien-Abteilung 1995 erweiterte das Arbeitsgebiet des Deutschen Arch\u00e4ologischen Instituts in das \u00f6stliche Europa sowie Mittel- und Ostasien. Als sehr junges Teilinstitut profitiert die Eurasien-Abteilung von 190 Jahren [&hellip;]<\/p>\n","protected":false},"author":78,"featured_media":168,"parent":0,"menu_order":0,"comment_status":"closed","ping_status":"closed","template":"","meta":{"footnotes":""},"class_list":["post-25","page","type-page","status-publish","has-post-thumbnail","hentry"],"_links":{"self":[{"href":"https:\/\/www.dainst.blog\/archaeology-in-eurasia\/wp-json\/wp\/v2\/pages\/25"}],"collection":[{"href":"https:\/\/www.dainst.blog\/archaeology-in-eurasia\/wp-json\/wp\/v2\/pages"}],"about":[{"href":"https:\/\/www.dainst.blog\/archaeology-in-eurasia\/wp-json\/wp\/v2\/types\/page"}],"author":[{"embeddable":true,"href":"https:\/\/www.dainst.blog\/archaeology-in-eurasia\/wp-json\/wp\/v2\/users\/78"}],"replies":[{"embeddable":true,"href":"https:\/\/www.dainst.blog\/archaeology-in-eurasia\/wp-json\/wp\/v2\/comments?post=25"}],"version-history":[{"count":15,"href":"https:\/\/www.dainst.blog\/archaeology-in-eurasia\/wp-json\/wp\/v2\/pages\/25\/revisions"}],"predecessor-version":[{"id":367,"href":"https:\/\/www.dainst.blog\/archaeology-in-eurasia\/wp-json\/wp\/v2\/pages\/25\/revisions\/367"}],"wp:featuredmedia":[{"embeddable":true,"href":"https:\/\/www.dainst.blog\/archaeology-in-eurasia\/wp-json\/wp\/v2\/media\/168"}],"wp:attachment":[{"href":"https:\/\/www.dainst.blog\/archaeology-in-eurasia\/wp-json\/wp\/v2\/media?parent=25"}],"curies":[{"name":"wp","href":"https:\/\/api.w.org\/{rel}","templated":true}]}}