{"id":37,"date":"2020-04-27T12:41:51","date_gmt":"2020-04-27T10:41:51","guid":{"rendered":"http:\/\/www.dainst.blog\/eurasien-abteilung\/?page_id=37"},"modified":"2020-04-28T11:43:54","modified_gmt":"2020-04-28T09:43:54","slug":"forschung","status":"publish","type":"page","link":"https:\/\/www.dainst.blog\/archaeology-in-eurasia\/forschung\/","title":{"rendered":"FORSCHUNG"},"content":{"rendered":"\n<p>Eurasien, die gr\u00f6\u00dfte zusammenh\u00e4ngende Landmasse der Welt ist ein Raum von historisch \u00fcberragender Bedeutung, dessen Kommunikationsachse immer durch ost-west verlaufende Verkehrswege gepr\u00e4gt war. Hier entstanden die ersten Ackerbaukulturen und die ersten Staaten, hier pr\u00e4gten jedoch auch nomadische Kulturen \u00fcber Jahrtausende die geschichtliche Dynamik. In vielen Aspekten ist Eurasien arch\u00e4ologisch jedoch noch immer eine <em>terra incognita<\/em>. <\/p>\n\n\n\n<p>Das riesige Arbeitsgebiet bietet die besondere Chance, (pr\u00e4)historische Prozesse in Raum und Zeit zusammenh\u00e4ngend zu erforschen. Dies erm\u00f6glicht die langfristige Untersuchung sich wandelnder Klima- und Umweltbedingungen und ihrer Folgen f\u00fcr die Gesellschaften. Die Arch\u00e4ologie bildet heute eine wichtige Schnittstelle zwischen den Geistes- und den Naturwissenschaften. So ist f\u00fcr alle Forschungen der Eurasien-Abteilung die enge Einbeziehung bioarch\u00e4ologischer Methoden, materialkundlicher Analysen, geowissenschaftlicher Untersuchungen und naturwissenschaftlicher Datierungsmethoden kennzeichnend. Die Rekonstruktion sozialer Prozesse ist nur im Zusammenhang mit der Rekonstruktion der damaligen Landschaft und den anthropogenen Eingriffen in die Umwelt m\u00f6glich. <\/p>\n\n\n\n<figure class=\"wp-block-image size-large is-style-default\"><img fetchpriority=\"high\" decoding=\"async\" width=\"1024\" height=\"768\" src=\"https:\/\/www.dainst.blog\/eurasien-abteilung\/wp-content\/uploads\/sites\/19\/2020\/04\/Abb_09-1024x768.jpg\" alt=\"\" class=\"wp-image-96\" srcset=\"https:\/\/www.dainst.blog\/archaeology-in-eurasia\/wp-content\/uploads\/sites\/19\/2020\/04\/Abb_09-1024x768.jpg 1024w, https:\/\/www.dainst.blog\/archaeology-in-eurasia\/wp-content\/uploads\/sites\/19\/2020\/04\/Abb_09-300x225.jpg 300w, https:\/\/www.dainst.blog\/archaeology-in-eurasia\/wp-content\/uploads\/sites\/19\/2020\/04\/Abb_09-768x576.jpg 768w, https:\/\/www.dainst.blog\/archaeology-in-eurasia\/wp-content\/uploads\/sites\/19\/2020\/04\/Abb_09-1536x1152.jpg 1536w, https:\/\/www.dainst.blog\/archaeology-in-eurasia\/wp-content\/uploads\/sites\/19\/2020\/04\/Abb_09-2048x1536.jpg 2048w\" sizes=\"(max-width: 1024px) 100vw, 1024px\" \/><\/figure>\n\n\n\n<p>In der\nForschung der Eurasien-Abteilung spielen technische und soziale Innovationsprozesse\nund ihre Diffusion eine grundlegende Rolle, sei es im Zuge der Ausbreitung der\nb\u00e4uerlichen Lebensweise, der Verbreitung metallurgischen Wissens oder des\nWissenstransfers im Zuge der griechischen Kolonisation im n\u00f6rdlichen\nSchwarzmeerraum und sp\u00e4ter der Hellenisierung des mittelasiatischen Ostens\nsowie die Interaktion zwischen Steppe und staatlichen Zentren. Ein <em>hot spot<\/em>\nder Forschung ist gegenw\u00e4rtig die Frage umfangreicher Migrationsbewegungen in\nder Bronzezeit. <\/p>\n\n\n\n<figure class=\"wp-block-image size-large is-style-default\"><img decoding=\"async\" width=\"1024\" height=\"683\" src=\"https:\/\/www.dainst.blog\/eurasien-abteilung\/wp-content\/uploads\/sites\/19\/2020\/04\/Abb_15_Kolbenhirse_Japan-1024x683.jpg\" alt=\"\" class=\"wp-image-100\" srcset=\"https:\/\/www.dainst.blog\/archaeology-in-eurasia\/wp-content\/uploads\/sites\/19\/2020\/04\/Abb_15_Kolbenhirse_Japan-1024x683.jpg 1024w, https:\/\/www.dainst.blog\/archaeology-in-eurasia\/wp-content\/uploads\/sites\/19\/2020\/04\/Abb_15_Kolbenhirse_Japan-300x200.jpg 300w, https:\/\/www.dainst.blog\/archaeology-in-eurasia\/wp-content\/uploads\/sites\/19\/2020\/04\/Abb_15_Kolbenhirse_Japan-768x512.jpg 768w, https:\/\/www.dainst.blog\/archaeology-in-eurasia\/wp-content\/uploads\/sites\/19\/2020\/04\/Abb_15_Kolbenhirse_Japan-1536x1024.jpg 1536w, https:\/\/www.dainst.blog\/archaeology-in-eurasia\/wp-content\/uploads\/sites\/19\/2020\/04\/Abb_15_Kolbenhirse_Japan-2048x1365.jpg 2048w, https:\/\/www.dainst.blog\/archaeology-in-eurasia\/wp-content\/uploads\/sites\/19\/2020\/04\/Abb_15_Kolbenhirse_Japan-90x60.jpg 90w, https:\/\/www.dainst.blog\/archaeology-in-eurasia\/wp-content\/uploads\/sites\/19\/2020\/04\/Abb_15_Kolbenhirse_Japan-750x499.jpg 750w, https:\/\/www.dainst.blog\/archaeology-in-eurasia\/wp-content\/uploads\/sites\/19\/2020\/04\/Abb_15_Kolbenhirse_Japan-360x240.jpg 360w\" sizes=\"(max-width: 1024px) 100vw, 1024px\" \/><\/figure>\n\n\n\n<p>Die meisten technischen und sozialen Umbr\u00fcche in Pr\u00e4historie bzw. der Fr\u00fchgeschichte hatten Konsequenzen f\u00fcr gro\u00dfe Teile Eurasiens. Gegen\u00fcber anderen Kontinenten ist es f\u00fcr die technischen Innovationen im eurasischen Raum kennzeichnend, dass sie durch einen relativ raschen Wissenstransfer \u00fcber gro\u00dfe Teile des Doppelkontinents verbreitet wurden. Dies h\u00e4ngt unter anderem mit einer besonderen Form mobiler Lebensweise zusammen, die im sp\u00e4ten 4. Jahrtausend v. Chr. in der Steppe entstand.<\/p>\n\n\n\n<figure class=\"wp-block-image size-large is-style-default\"><img decoding=\"async\" width=\"1024\" height=\"576\" src=\"https:\/\/www.dainst.blog\/eurasien-abteilung\/wp-content\/uploads\/sites\/19\/2020\/04\/Abb_10_RIVI_1-1024x576.jpg\" alt=\"\" class=\"wp-image-97\" srcset=\"https:\/\/www.dainst.blog\/archaeology-in-eurasia\/wp-content\/uploads\/sites\/19\/2020\/04\/Abb_10_RIVI_1-1024x576.jpg 1024w, https:\/\/www.dainst.blog\/archaeology-in-eurasia\/wp-content\/uploads\/sites\/19\/2020\/04\/Abb_10_RIVI_1-300x169.jpg 300w, https:\/\/www.dainst.blog\/archaeology-in-eurasia\/wp-content\/uploads\/sites\/19\/2020\/04\/Abb_10_RIVI_1-768x432.jpg 768w, https:\/\/www.dainst.blog\/archaeology-in-eurasia\/wp-content\/uploads\/sites\/19\/2020\/04\/Abb_10_RIVI_1-1536x864.jpg 1536w, https:\/\/www.dainst.blog\/archaeology-in-eurasia\/wp-content\/uploads\/sites\/19\/2020\/04\/Abb_10_RIVI_1-2048x1152.jpg 2048w\" sizes=\"(max-width: 1024px) 100vw, 1024px\" \/><\/figure>\n\n\n\n<p> Eurasien durchlief ein intensiver Ideen- und Technologieaustausch, durch den Fundamente f\u00fcr Technikentwicklungen gelegt wurden, die bis in das 19. Jahrhundert den Lebensalltag der Menschen pr\u00e4gten, und die erst durch die moderne Industrie ersetzt wurden. Hierf\u00fcr ist der <em>Digitale Atlas der Innovationen<\/em> entwickelt worden, eine neuartige zeitgem\u00e4\u00dfe Form arch\u00e4ologische, technik- und wissensgeschichtliche Daten und Forschungsergebnisse digital zu publizieren, zu visualisieren und sowohl der Forschung als auch der \u00d6ffentlichkeit zur Weiternutzung zur Verf\u00fcgung zu stellen. <\/p>\n\n\n\n<div class=\"wp-block-image is-style-default\"><figure class=\"aligncenter size-large is-resized\"><img loading=\"lazy\" decoding=\"async\" src=\"https:\/\/www.dainst.blog\/eurasien-abteilung\/wp-content\/uploads\/sites\/19\/2020\/04\/Abb_14_Wupu_Kleid_China-683x1024.jpg\" alt=\"\" class=\"wp-image-99\" width=\"287\" height=\"430\" srcset=\"https:\/\/www.dainst.blog\/archaeology-in-eurasia\/wp-content\/uploads\/sites\/19\/2020\/04\/Abb_14_Wupu_Kleid_China-683x1024.jpg 683w, https:\/\/www.dainst.blog\/archaeology-in-eurasia\/wp-content\/uploads\/sites\/19\/2020\/04\/Abb_14_Wupu_Kleid_China-200x300.jpg 200w, https:\/\/www.dainst.blog\/archaeology-in-eurasia\/wp-content\/uploads\/sites\/19\/2020\/04\/Abb_14_Wupu_Kleid_China-768x1152.jpg 768w, https:\/\/www.dainst.blog\/archaeology-in-eurasia\/wp-content\/uploads\/sites\/19\/2020\/04\/Abb_14_Wupu_Kleid_China-1024x1536.jpg 1024w, https:\/\/www.dainst.blog\/archaeology-in-eurasia\/wp-content\/uploads\/sites\/19\/2020\/04\/Abb_14_Wupu_Kleid_China-1365x2048.jpg 1365w, https:\/\/www.dainst.blog\/archaeology-in-eurasia\/wp-content\/uploads\/sites\/19\/2020\/04\/Abb_14_Wupu_Kleid_China-scaled.jpg 1707w\" sizes=\"(max-width: 287px) 100vw, 287px\" \/><\/figure><\/div>\n","protected":false},"excerpt":{"rendered":"<p>Eurasien, die gr\u00f6\u00dfte zusammenh\u00e4ngende Landmasse der Welt ist ein Raum von historisch \u00fcberragender Bedeutung, dessen Kommunikationsachse immer durch ost-west verlaufende Verkehrswege gepr\u00e4gt war. Hier entstanden die ersten Ackerbaukulturen und die [&hellip;]<\/p>\n","protected":false},"author":76,"featured_media":98,"parent":0,"menu_order":0,"comment_status":"closed","ping_status":"closed","template":"","meta":{"footnotes":""},"class_list":["post-37","page","type-page","status-publish","has-post-thumbnail","hentry"],"_links":{"self":[{"href":"https:\/\/www.dainst.blog\/archaeology-in-eurasia\/wp-json\/wp\/v2\/pages\/37"}],"collection":[{"href":"https:\/\/www.dainst.blog\/archaeology-in-eurasia\/wp-json\/wp\/v2\/pages"}],"about":[{"href":"https:\/\/www.dainst.blog\/archaeology-in-eurasia\/wp-json\/wp\/v2\/types\/page"}],"author":[{"embeddable":true,"href":"https:\/\/www.dainst.blog\/archaeology-in-eurasia\/wp-json\/wp\/v2\/users\/76"}],"replies":[{"embeddable":true,"href":"https:\/\/www.dainst.blog\/archaeology-in-eurasia\/wp-json\/wp\/v2\/comments?post=37"}],"version-history":[{"count":7,"href":"https:\/\/www.dainst.blog\/archaeology-in-eurasia\/wp-json\/wp\/v2\/pages\/37\/revisions"}],"predecessor-version":[{"id":122,"href":"https:\/\/www.dainst.blog\/archaeology-in-eurasia\/wp-json\/wp\/v2\/pages\/37\/revisions\/122"}],"wp:featuredmedia":[{"embeddable":true,"href":"https:\/\/www.dainst.blog\/archaeology-in-eurasia\/wp-json\/wp\/v2\/media\/98"}],"wp:attachment":[{"href":"https:\/\/www.dainst.blog\/archaeology-in-eurasia\/wp-json\/wp\/v2\/media?parent=37"}],"curies":[{"name":"wp","href":"https:\/\/api.w.org\/{rel}","templated":true}]}}