{"id":1172,"date":"2020-05-25T12:20:11","date_gmt":"2020-05-25T10:20:11","guid":{"rendered":"https:\/\/www.dainst.blog\/bridging-eurasia\/?page_id=1172"},"modified":"2022-03-22T10:42:14","modified_gmt":"2022-03-22T09:42:14","slug":"dominic-hosner","status":"publish","type":"page","link":"https:\/\/www.dainst.blog\/bridging-eurasia\/dominic-hosner\/","title":{"rendered":"Dominic Hosner"},"content":{"rendered":"<p><img loading=\"lazy\" decoding=\"async\" class=\"alignnone  wp-image-1175\" src=\"https:\/\/www.dainst.blog\/bridging-eurasia\/wp-content\/uploads\/sites\/2\/2020\/05\/Dominic-Hosner_DAI-PEKING_BLOG_Foto.jpg\" alt=\"\" width=\"215\" height=\"215\"><\/p>\n<p>Dominic Hosner studierte Vorderasiatische Arch\u00e4ologie, Byzantinistik und Technische Informatik in Berlin. Im Jahr 2020 wurde er an der Freien Universit\u00e4t, Institut f\u00fcr Ostasiatische Kunstgeschichte, mit der Dissertation \u201eKulturgeschichte Chinas in Karten: Digitalisierung der arch\u00e4ologischen Fundplatzkartierungen aus der Buchreihe \u201eAtlas der Kulturdenkm\u00e4ler Chinas\u201c vom Fr\u00fchneolithikum bis zur fr\u00fchen Eisenzeit (ca. 8000-500 v. Chr.)\u201c promoviert. Von 2007 bis 2008 war er im IT-Referat der Zentrale des Deutschen Arch\u00e4ologischen Instituts (DAI) t\u00e4tig. Von 2009 bis 2016 arbeitete er an der Au\u00dfenstelle Peking der Eurasien Abteilung des DAI und von 2013 bis 2016 war er dort als wissenschaftlicher Mitarbeiter im Deutsch-Chinesischen Forschungsprojekt \u201eSilk Road Fashion\u201c angestellt. 2010 hat er an der Universit\u00e4t Rostock erfolgreich die Pr\u00fcfung zum Forschungstaucher abgelegt und seitdem in Kooperation mit Kolleginnen und Kollegen an Forschungseinrichtungen im In- und Ausland als Unterwasserarch\u00e4ologe in diversen arch\u00e4ologischen Forschungsprojekten in Deutschland, Spanien, Kroatien und der VR China gearbeitet.<br \/>\nIm Jahr 2018 wurde er vom Nationalen Zentrum f\u00fcr Unterwasser-Kulturerbe (NCUCH), China, eingeladen am \u201e\u2018The Belt and Road\u2018 Training f\u00fcr Unterwasser-Arch\u00e4ologie, Stufe II\u201c teilzunehmen. Seit 2019 ist er als erster Ausl\u00e4nder am Nationalen Zentrum f\u00fcr Unterwasser-Kulturerbe angestellt und dort in verschiedenen arch\u00e4ologischen Forschungsprojekten zum Unterwasser-Kulturerbe Chinas t\u00e4tig. Im Fokus seiner Arbeiten steht die Erforschung von europ\u00e4ischen Schiffswracks in den Hoheitsgew\u00e4ssern Chinas im Kontext des historischen wirtschaftlichen und kulturellen Austausches, besonders entlang der Maritimen Seidenstra\u00dfe.<\/p>\n<p><em>Dominic Hosner studied Ancient Near Eastern Archaeology, Byzantine Studies and Computer Engineering in Berlin. In 2020 he successfully completed his doctoral studies at the Free University, Institute for East Asian Art History, with the dissertation \u201cCultural history of China in maps: Digitalization of the archeological site-mapping from the book series \u2018Atlas of Chinese Cultural Heritage\u2019 from the early Neolithic to the early Iron-Age (c. 8000-500 BC)\u201d. From 2007 to 2008, he worked at the IT-Department of the German Archaeological Institute (DAI). From 2009 to 2016 he was employed at the Beijing Branch Office of the Eurasia Department of DAI, 2013-2016 in the Sino-German research project \u201cSilk Road Fashion\u201d. In 2010 he received the Scientific Diving license from the University of Rostock. Since then, he worked in cooperation with colleagues in several scientific institutions as an Underwater Archaeologist in various projects in Germany, Spain, Croatia and the PR China. <\/em><em>In 2018 he was invited by the National Center of Underwater Cultural Heritage (NCUCH), China, to join \u201cThe Belt and Road\u201d Underwater Archaeological Training, Stage II. Since 2019 he has been employed by the National Center of Underwater Cultural Heritage as the first foreigner to work in research projects for the Underwater Cultural Heritage of China. <\/em><em>The focus of his research is on European shipwrecks in the territorial waters of China in the context of the economic and cultural exchange, especially along the Maritime Silk R<\/em><em>oad.<\/em><\/p>\n<p><a href=\"https:\/\/www.dainst.blog\/bridging-eurasia\/fruehe-kulturgeschichte-chinas-in-karten\/\" target=\"_blank\" rel=\"noopener noreferrer\">Blogbeitrag: Fr\u00fche Kulturgeschichte Chinas in Karten<\/a><br \/>\n<a href=\"https:\/\/www.dainst.blog\/bridging-eurasia\/wp-content\/uploads\/sites\/2\/2020\/04\/eFB-DAI_2015-3_Hosner_Unterwasserarchaeologie_China.pdf\" target=\"_blank\" rel=\"noopener noreferrer\">eFB-DAI_2015-3_Hosner_Unterwasserarchaeologie_China<\/a><\/p>\n","protected":false},"excerpt":{"rendered":"<p>Dominic Hosner studierte Vorderasiatische Arch\u00e4ologie, Byzantinistik und Technische Informatik in Berlin. Im Jahr 2020 wurde er an der Freien Universit\u00e4t, Institut f\u00fcr Ostasiatische Kunstgeschichte, mit der Dissertation \u201eKulturgeschichte Chinas in Karten: Digitalisierung der arch\u00e4ologischen Fundplatzkartierungen aus der Buchreihe \u201eAtlas der Kulturdenkm\u00e4ler Chinas\u201c vom Fr\u00fchneolithikum bis zur fr\u00fchen Eisenzeit (ca. 8000-500 v. Chr.)\u201c promoviert. Von 2007 bis 2008 war er im <a class=\"more-link\" href=\"https:\/\/www.dainst.blog\/bridging-eurasia\/dominic-hosner\/\">&#8230;weiterlesen<\/a><\/p>\n","protected":false},"author":18,"featured_media":0,"parent":0,"menu_order":0,"comment_status":"closed","ping_status":"closed","template":"","meta":{"footnotes":""},"class_list":["post-1172","page","type-page","status-publish","hentry"],"_links":{"self":[{"href":"https:\/\/www.dainst.blog\/bridging-eurasia\/wp-json\/wp\/v2\/pages\/1172"}],"collection":[{"href":"https:\/\/www.dainst.blog\/bridging-eurasia\/wp-json\/wp\/v2\/pages"}],"about":[{"href":"https:\/\/www.dainst.blog\/bridging-eurasia\/wp-json\/wp\/v2\/types\/page"}],"author":[{"embeddable":true,"href":"https:\/\/www.dainst.blog\/bridging-eurasia\/wp-json\/wp\/v2\/users\/18"}],"replies":[{"embeddable":true,"href":"https:\/\/www.dainst.blog\/bridging-eurasia\/wp-json\/wp\/v2\/comments?post=1172"}],"version-history":[{"count":12,"href":"https:\/\/www.dainst.blog\/bridging-eurasia\/wp-json\/wp\/v2\/pages\/1172\/revisions"}],"predecessor-version":[{"id":2677,"href":"https:\/\/www.dainst.blog\/bridging-eurasia\/wp-json\/wp\/v2\/pages\/1172\/revisions\/2677"}],"wp:attachment":[{"href":"https:\/\/www.dainst.blog\/bridging-eurasia\/wp-json\/wp\/v2\/media?parent=1172"}],"curies":[{"name":"wp","href":"https:\/\/api.w.org\/{rel}","templated":true}]}}