{"id":13,"date":"2012-05-03T14:36:14","date_gmt":"2012-05-03T12:36:14","guid":{"rendered":"http:\/\/www.dainst.blog\/bridging-eurasia\/imprint-de\/"},"modified":"2019-10-21T14:34:44","modified_gmt":"2019-10-21T12:34:44","slug":"imprint-de","status":"publish","type":"page","link":"https:\/\/www.dainst.blog\/bridging-eurasia\/imprint-de\/","title":{"rendered":"Impressum"},"content":{"rendered":"<p>Das Internetangebot unter\u00a0<a href=\"https:\/\/www.dainst.blog\/bridging-eurasia\">www.dainst.blog\/bridging-eurasia<\/a> wird herausgegeben von:<\/p>\n<p>Deutsches Arch\u00e4ologisches Institut (DAI)<br \/>\nAu\u00dfenstelle Peking der Eurasien Abteilung<br \/>\nIm Dol 2-6, Haus 2<br \/>\n14195 Berlin<\/p>\n<p>Tel: +49-(0)30-187711-312<br \/>\nFax: +49-(0)30-187711-313<\/p>\n<p>E-Mail: <a href=\"peking@eurasien.dainst.de\">peking@eurasien.dainst.de<\/a><br \/>\nInternet: <a title=\"www.dainst.org\" href=\"http:\/\/www.dainst.org\">www.dainst.org<\/a><\/p>\n<p>Das Deutsche Arch\u00e4ologische Institut ist eine Forschungsanstalt des Bundes im Gesch\u00e4ftsbereich des Ausw\u00e4rtigen Amts. Es wird vertreten durch die Pr\u00e4sidentin Frau Prof. Dr. Friederike Fless.<\/p>\n<p><strong>Redaktion und Produktion<\/strong><\/p>\n<p><strong>Gesamtkoordination:<\/strong><\/p>\n<p><a href=\"https:\/\/dainst.org\/mitarbeiter-detailansicht\/-\/person-display\/14043\">Prof. Dr. Mayke Wagner<\/a><br \/>\nWissenschaftliche Direktorin der Eurasien-Abteilung, Leiterin der Au\u00dfenstelle Peking<\/p>\n<p><b>ISSN<br \/>\n<\/b>Bridging Eurasia: ISSN 2698-7996<\/p>\n<p><strong>Haftungsausschluss<\/strong><\/p>\n<p>Das Deutsche Arch\u00e4ologische Institut ist bem\u00fcht, sein Webangebot stets aktuell, inhaltlich richtig und vollst\u00e4ndig anzubieten. Dennoch ist das Auftreten von Fehlern nicht v\u00f6llig auszuschlie\u00dfen. Das Deutsche Arch\u00e4ologische Institut \u00fcbernimmt keine Haftung f\u00fcr die Aktualit\u00e4t, die inhaltliche Richtigkeit sowie f\u00fcr die Vollst\u00e4ndigkeit der in ihrem Webangebot eingestellten Informationen, es sei denn, die Fehler wurden vors\u00e4tzlich oder grob fahrl\u00e4ssig aufgenommen. Dies bezieht sich auf eventuelle Sch\u00e4den materieller oder ideeller Art Dritter, die durch die Nutzung dieses Webangebotes verursacht wurden. Alle Angebote sind freibleibend und unverbindlich. Das Deutsche Arch\u00e4ologische Institut beh\u00e4lt es sich ausdr\u00fccklich vor, Teile der Seiten oder das gesamte Angebot ohne gesonderte Ank\u00fcndigung zu ver\u00e4ndern, zu erg\u00e4nzen, zu l\u00f6schen oder die Ver\u00f6ffentlichung zeitweise oder endg\u00fcltig einzustellen.<\/p>\n<p><strong>Copyright<\/strong><br \/>\nDas Layout der Homepage, die verwendeten Grafiken und Bilder, die Sammlung sowie einzelne Beitr\u00e4ge sind urheberrechtlich gesch\u00fctzt. Alle Nutzungsrechte beh\u00e4lt sich das Deutsche Arch\u00e4ologische Institut vor. Fotomechanische Wiedergabe, Vervielf\u00e4ltigung oder Verbreitung mittels besonderer Verfahren (zum Beispiel Datenverarbeitung, Datentr\u00e4ger und Datennetze), auch teilweise, sind ohne ausdr\u00fcckliche Erlaubnis des DAI nicht gestattet.<\/p>\n<p><strong>Externe Verweise und Links<\/strong><br \/>\nDas Deutsche Arch\u00e4ologische Institut erkl\u00e4rt hiermit ausdr\u00fccklich, dass bei direkten oder indirekten Verweisen auf fremde Webseiten (&#8222;Hyperlinks&#8220;), die au\u00dferhalb des Verantwortungsbereiches des Deutschen Arch\u00e4ologischen Instituts liegen zum Zeitpunkt der Linksetzung keine illegalen Inhalte auf den zu verlinkenden Seiten erkennbar waren. Das DAI hat f\u00fcr diese Pr\u00fcfung die ihm technisch m\u00f6glichen und zumutbaren Anstrengungen unternommen. Auf die aktuelle und zuk\u00fcnftige Gestaltung, die Inhalte oder die Urheberschaft der verlinkten\/verkn\u00fcpften Seiten hat das Deutsche Arch\u00e4ologische Institut keinerlei Einfluss. Deshalb distanziert es sich hiermit ausdr\u00fccklich von allen Inhalten aller verlinkten\/verkn\u00fcpften Seiten, die nach der Linksetzung ver\u00e4ndert wurden. Diese Feststellung gilt f\u00fcr alle innerhalb des eigenen Internetangebotes gesetzten Links und Verweise sowie f\u00fcr Fremdeintr\u00e4ge in vom Deutschen Arch\u00e4ologischen Institut eingerichteten G\u00e4steb\u00fcchern, Diskussionsforen, Linkverzeichnissen, Mailinglisten und in allen anderen Formen von Datenbanken, auf deren Inhalt externe Schreibzugriffe m\u00f6glich sind. F\u00fcr illegale, fehlerhafte oder unvollst\u00e4ndige Inhalte und insbesondere f\u00fcr Sch\u00e4den, die aus der Nutzung oder Nichtnutzung solcherart dargebotener Informationen entstehen, haftet allein der Anbieter der Seite, auf welche verwiesen wurde, nicht derjenige, der \u00fcber Links auf die jeweilige Ver\u00f6ffentlichung lediglich verweist.<\/p>\n<p><strong>Datenschutz<\/strong><br \/>\nSofern innerhalb des Internetangebotes die M\u00f6glichkeit der Eingabe von pers\u00f6nlichen Daten (E-Mailadresse, Namen, Anschriften) besteht, erfolgt diese freiwillig. Das Deutsche Arch\u00e4ologische Institut erkl\u00e4rt ausdr\u00fccklich, dass es diese Daten nicht an Dritte weitergibt. Die Nutzung der im Rahmen des Impressums oder vergleichbarer Angaben ver\u00f6ffentlichten Kontaktdaten wie Postanschriften, Telefon- und Faxnummern sowie Emailadressen durch Dritte zur \u00dcbersendung von nicht ausdr\u00fccklich angeforderten Informationen ist nicht gestattet. Rechtliche Schritte gegen die Versender von so genannten Spam-Mails bei Verst\u00f6\u00dfen gegen dieses Verbot sind ausdr\u00fccklich vorbehalten.<\/p>\n<p><strong>Rechtswirksamkeit<\/strong><br \/>\nDieser Haftungsausschluss ist Teil des Internetangebotes des Deutschen Arch\u00e4ologischen Instituts. Sofern einzelne Formulierungen oder Teile dieses Textes der geltenden Rechtslage nicht mehr oder nicht mehr vollst\u00e4ndig entsprechen, bleiben die \u00fcbrigen Teile dieser Erkl\u00e4rung davon unber\u00fchrt.<\/p>\n","protected":false},"excerpt":{"rendered":"<p>Das Internetangebot unter\u00a0www.dainst.blog\/bridging-eurasia wird herausgegeben von: Deutsches Arch\u00e4ologisches Institut (DAI) Au\u00dfenstelle Peking der Eurasien Abteilung Im Dol 2-6, Haus 2 14195 Berlin Tel: +49-(0)30-187711-312 Fax: +49-(0)30-187711-313 E-Mail: peking@eurasien.dainst.de Internet: www.dainst.org Das Deutsche Arch\u00e4ologische Institut ist eine Forschungsanstalt des Bundes im Gesch\u00e4ftsbereich des Ausw\u00e4rtigen Amts. Es wird vertreten durch die Pr\u00e4sidentin Frau Prof. Dr. Friederike Fless. Redaktion und Produktion Gesamtkoordination: Prof. <a class=\"more-link\" href=\"https:\/\/www.dainst.blog\/bridging-eurasia\/imprint-de\/\">&#8230;weiterlesen<\/a><\/p>\n","protected":false},"author":1,"featured_media":0,"parent":0,"menu_order":0,"comment_status":"closed","ping_status":"closed","template":"","meta":{"footnotes":""},"class_list":["post-13","page","type-page","status-publish","hentry"],"_links":{"self":[{"href":"https:\/\/www.dainst.blog\/bridging-eurasia\/wp-json\/wp\/v2\/pages\/13"}],"collection":[{"href":"https:\/\/www.dainst.blog\/bridging-eurasia\/wp-json\/wp\/v2\/pages"}],"about":[{"href":"https:\/\/www.dainst.blog\/bridging-eurasia\/wp-json\/wp\/v2\/types\/page"}],"author":[{"embeddable":true,"href":"https:\/\/www.dainst.blog\/bridging-eurasia\/wp-json\/wp\/v2\/users\/1"}],"replies":[{"embeddable":true,"href":"https:\/\/www.dainst.blog\/bridging-eurasia\/wp-json\/wp\/v2\/comments?post=13"}],"version-history":[{"count":7,"href":"https:\/\/www.dainst.blog\/bridging-eurasia\/wp-json\/wp\/v2\/pages\/13\/revisions"}],"predecessor-version":[{"id":634,"href":"https:\/\/www.dainst.blog\/bridging-eurasia\/wp-json\/wp\/v2\/pages\/13\/revisions\/634"}],"wp:attachment":[{"href":"https:\/\/www.dainst.blog\/bridging-eurasia\/wp-json\/wp\/v2\/media?parent=13"}],"curies":[{"name":"wp","href":"https:\/\/api.w.org\/{rel}","templated":true}]}}