{"id":1753,"date":"2020-07-28T17:55:10","date_gmt":"2020-07-28T15:55:10","guid":{"rendered":"https:\/\/www.dainst.blog\/bridging-eurasia\/?page_id=1753"},"modified":"2021-08-03T12:10:25","modified_gmt":"2021-08-03T10:10:25","slug":"hokkaido-universum","status":"publish","type":"page","link":"https:\/\/www.dainst.blog\/bridging-eurasia\/hokkaido-universum\/","title":{"rendered":"Das Hokkaido Universum"},"content":{"rendered":"<h1><img loading=\"lazy\" decoding=\"async\" class=\"alignnone size-full wp-image-1768\" src=\"https:\/\/www.dainst.blog\/bridging-eurasia\/wp-content\/uploads\/sites\/2\/2020\/07\/Logo-Das-Hokkaido-Universum-4c.jpg\" alt=\"\" width=\"2228\" height=\"945\" srcset=\"https:\/\/www.dainst.blog\/bridging-eurasia\/wp-content\/uploads\/sites\/2\/2020\/07\/Logo-Das-Hokkaido-Universum-4c.jpg 2228w, https:\/\/www.dainst.blog\/bridging-eurasia\/wp-content\/uploads\/sites\/2\/2020\/07\/Logo-Das-Hokkaido-Universum-4c-800x339.jpg 800w, https:\/\/www.dainst.blog\/bridging-eurasia\/wp-content\/uploads\/sites\/2\/2020\/07\/Logo-Das-Hokkaido-Universum-4c-768x326.jpg 768w, https:\/\/www.dainst.blog\/bridging-eurasia\/wp-content\/uploads\/sites\/2\/2020\/07\/Logo-Das-Hokkaido-Universum-4c-1536x651.jpg 1536w, https:\/\/www.dainst.blog\/bridging-eurasia\/wp-content\/uploads\/sites\/2\/2020\/07\/Logo-Das-Hokkaido-Universum-4c-2048x869.jpg 2048w\" sizes=\"(max-width: 2228px) 100vw, 2228px\" \/><\/h1>\n<h1>Film und Buch<\/h1>\n<p>Hokkaido ist nicht der Ort, an dem der beliebte, kleine orange K\u00fcrbis w\u00e4chst, sondern die japanische Insel im Nordpazifik, deren Bewohner vor etwa 15.000 Jahren von der Gro\u00dfwildjagd zu Lande auf die Nutzung der reichen Ressourcen des Meeres umstiegen. Und zu t\u00f6pfern begannen. Drei Meere umgeben seit dem Ende der Eiszeit Hokkaido: das Japanische Meer, des Meer von Ochotsk und der Pazifik. Fisch, Robben und Wale, Algen, Muscheln und Seeigel \u2013 seit Jahrtausenden sind sie die Lebensgrundlage der Menschen.<\/p>\n<p>Das Material f\u00fcr ihre H\u00e4user und Kleider gewinnen sie von Pflanzen und haben daf\u00fcr besondere Techniken entwickelt. In einer hochmodernen Gegenwart sind Alt und Neu verkn\u00fcpft zu einem f\u00fcr Mitteleurop\u00e4er fremden, unglaublichen und erstaunlichen Leben. Vieles ist noch unentdeckt, unerforscht. Wird es den Arch\u00e4ologen gelingen, die Fundpl\u00e4tze und das alte Wissen zu bewahren bevor unsere turbulenten Zeiten sie unwiederbringlich zerst\u00f6ren?<\/p>\n<p>Der Film und das Buch zeigen die verg\u00e4ngliche Sch\u00f6nheit der Landschaften, aber vor allem den Erfindergeist ihrer Bewohner, die den Reichtum des kulturellen Erbes in H\u00e4nden halten.<\/p>\n<p><em>Mayke Wagner und Pavel E. Tarasov: Das Hokkaido Universum. N\u00fcnnerich Asmus Verlag &amp; Medien, Oppenheim am Rhein 2020.<\/em><br \/><a href=\"https:\/\/www.na-verlag.de\/buecher-e-book-media-archaeologie-kunst-geschichte\/252\/Das%20Hokkaido%20Universum\/\" target=\"_blank\" rel=\"noopener noreferrer\">https:\/\/www.na-verlag.de\/buecher-e-book-media-archaeologie-kunst-geschichte\/252\/Das%20Hokkaido%20Universum\/<\/a><\/p>\n<h5>der DAI Film <em>&#8222;Das Hokkaido Universum&#8220;<\/em> Film in verschiedenen Sprachen<br \/><a href=\"https:\/\/www.youtube.com\/watch?v=AS6_eBsA4oU&amp;list=PLq4Pz4R7ts0VzRpW6Ym8OaSp3LQn95mHC&amp;index=9)\" target=\"_blank\" rel=\"noopener\">Deutsch<\/a><br \/><a href=\"https:\/\/www.youtube.com\/watch?v=8e0kVW6JyJA&amp;list=PLq4Pz4R7ts0VzRpW6Ym8OaSp3LQn95mHC&amp;index=7\" target=\"_blank\" rel=\"noopener\">Englisch<\/a><br \/><a href=\"https:\/\/www.youtube.com\/watch?v=7EUTOy9nhEc&amp;list=PLq4Pz4R7ts0VzRpW6Ym8OaSp3LQn95mHC&amp;index=8\" target=\"_blank\" rel=\"noopener\">Russisch<\/a><br \/><a href=\"https:\/\/www.youtube.com\/watch?v=R4TlyLqmXI4&amp;list=PLq4Pz4R7ts0VzRpW6Ym8OaSp3LQn95mHC&amp;index=11\" target=\"_blank\" rel=\"noopener\">Deutsch mit japanischen Untertiteln<\/a><\/h5>\n\n<p>\u00a0<\/p>\n<p><strong>Bei seiner Sitzung am 27. Juli 2021 hat das Welterbekomitee eine Gruppe von 17 Pl\u00e4tzen der Jomon-Zeit (vor ca. 15.000-2300 Jahren) in Nordjapan in die UNESCO-Liste des Kulturerbes der Welt aufgenommen. Lesen Sie mehr dazu in diesem Blogbeitrag:<br \/><\/strong><a href=\"https:\/\/www.dainst.blog\/bridging-eurasia\/jomon-japan-ist-weltkulturerbe-geworden\/\" target=\"_blank\" rel=\"noopener\">\u203aJOMON JAPAN\u2039 ist Weltkulturerbe geworden<\/a><\/p>\n\n\n<hr class=\"wp-block-separator\" \/>\n\n\n<h6>Blogmaster: Pascal Olschewski<\/h6>","protected":false},"excerpt":{"rendered":"<p>Film und Buch Hokkaido ist nicht der Ort, an dem der beliebte, kleine orange K\u00fcrbis w\u00e4chst, sondern die japanische Insel im Nordpazifik, deren Bewohner vor etwa 15.000 Jahren von der Gro\u00dfwildjagd zu Lande auf die Nutzung der reichen Ressourcen des Meeres umstiegen. Und zu t\u00f6pfern begannen. Drei Meere umgeben seit dem Ende der Eiszeit Hokkaido: das Japanische Meer, des Meer <a class=\"more-link\" href=\"https:\/\/www.dainst.blog\/bridging-eurasia\/hokkaido-universum\/\">&#8230;weiterlesen<\/a><\/p>\n","protected":false},"author":11,"featured_media":0,"parent":0,"menu_order":0,"comment_status":"closed","ping_status":"closed","template":"","meta":{"footnotes":""},"class_list":["post-1753","page","type-page","status-publish","hentry"],"_links":{"self":[{"href":"https:\/\/www.dainst.blog\/bridging-eurasia\/wp-json\/wp\/v2\/pages\/1753"}],"collection":[{"href":"https:\/\/www.dainst.blog\/bridging-eurasia\/wp-json\/wp\/v2\/pages"}],"about":[{"href":"https:\/\/www.dainst.blog\/bridging-eurasia\/wp-json\/wp\/v2\/types\/page"}],"author":[{"embeddable":true,"href":"https:\/\/www.dainst.blog\/bridging-eurasia\/wp-json\/wp\/v2\/users\/11"}],"replies":[{"embeddable":true,"href":"https:\/\/www.dainst.blog\/bridging-eurasia\/wp-json\/wp\/v2\/comments?post=1753"}],"version-history":[{"count":15,"href":"https:\/\/www.dainst.blog\/bridging-eurasia\/wp-json\/wp\/v2\/pages\/1753\/revisions"}],"predecessor-version":[{"id":2388,"href":"https:\/\/www.dainst.blog\/bridging-eurasia\/wp-json\/wp\/v2\/pages\/1753\/revisions\/2388"}],"wp:attachment":[{"href":"https:\/\/www.dainst.blog\/bridging-eurasia\/wp-json\/wp\/v2\/media?parent=1753"}],"curies":[{"name":"wp","href":"https:\/\/api.w.org\/{rel}","templated":true}]}}