{"id":343,"date":"2019-03-25T11:02:54","date_gmt":"2019-03-25T10:02:54","guid":{"rendered":"http:\/\/www.dainst.blog\/bridging-eurasia\/?page_id=343"},"modified":"2020-11-16T15:45:12","modified_gmt":"2020-11-16T14:45:12","slug":"mayke-wagner","status":"publish","type":"page","link":"https:\/\/www.dainst.blog\/bridging-eurasia\/mayke-wagner\/","title":{"rendered":"Mayke Wagner"},"content":{"rendered":"<p><img loading=\"lazy\" decoding=\"async\" class=\"alignnone  wp-image-468\" src=\"https:\/\/www.dainst.blog\/bridging-eurasia\/wp-content\/uploads\/sites\/2\/2019\/05\/Wagner_Blog_DAI_SW_\u00a9Jan_Evers-2-600x600.jpg\" alt=\"\" width=\"204\" height=\"204\" \/><\/p>\n<p>Prof. Dr. Mayke Wagner studierte Sinologie, Orientalische und Chinesische Arch\u00e4ologie in Berlin, Halle und Jinan (VR China). Sie wurde 1993 an der Universit\u00e4t Leipzig promoviert und habilitierte sich 2002 an der Universit\u00e4t W\u00fcrzburg. Seit 2000 ist sie Wissenschaftliche Direktorin der Eurasien-Abteilung des Deutschen Arch\u00e4ologischen Instituts und richtete in dessen Auftrag 2009 die Au\u00dfenstelle Peking ein, die sie seither leitet. Im Jahr 2010 wurde sie Honorar-Professorin am Institut f\u00fcr Ostasiatische Kunstgeschichte der Freien Universit\u00e4t Berlin und 2012 Foreign Expert an der Chinesischen Akademie f\u00fcr Kulturerbe. \u00a0In Kooperation mit zahlreichen Kolleginnen und Kollegen an Universit\u00e4ten und Forschungseinrichtungen in Deutschland, China, Japan, Russland, Kanada und anderen L\u00e4ndern forscht sie zu Themen der Arch\u00e4ologie, Kultur- und Umweltgeschichte Ostasiens von der letzten Eiszeit bis in die Neuzeit.<\/p>\n<p><em>Mayke Wagner is Scientific Director of the Eurasia Department of the German Archaeological Institute and head of its Beijing Branch Office. She is specialist of Chinese and East Asian archaeology and PI of the several large projects. The most recent ones are \u201cSilk Road Fashion: Vestimentary <\/em><em>knowledge in central and eastern Asia from 2nd Millennium BC to 1<sup>st<\/sup> Millennium AD\u201d focusing on technique oriented in-depth studies of garments preserved in arid eastern central Asia and their archaeological and environmental context; and \u201cBridging Eurasia: Settlement history and climate change in Northeast Asia since the last Ice Age\u201d focusing on human environment interactions on Hokkaido, in the Russian Far East and Northeast China. Her research interests also include the revision of prehistoric chronologies, statistical analyses of archaeological mass data, and the evolution and transmission of knowledge in Eurasia.<\/em><\/p>\n<p><em><u>Key words<\/u>: archaeology of Northeast Asia, East Asia, Central Asia, human environment interaction, history of knowledge, transmission and adoption of techniques, prehistoric chronologies, evolution of economic and social models in East Asia<\/em><\/p>\n<p><a href=\"https:\/\/www.dainst.blog\/bridging-eurasia\/wp-content\/uploads\/sites\/2\/2020\/11\/Mayke_Wagner_Publikationen_bis201115.pdf\" target=\"_blank\" rel=\"noopener noreferrer\">Mayke_Wagner_Publikationen_bis_2020<\/a><\/p>\n\n\n<p><\/p>\n","protected":false},"excerpt":{"rendered":"<p>Prof. Dr. Mayke Wagner studierte Sinologie, Orientalische und Chinesische Arch\u00e4ologie in Berlin, Halle und Jinan (VR China). Sie wurde 1993 an der Universit\u00e4t Leipzig promoviert und habilitierte sich 2002 an der Universit\u00e4t W\u00fcrzburg. Seit 2000 ist sie Wissenschaftliche Direktorin der Eurasien-Abteilung des Deutschen Arch\u00e4ologischen Instituts und richtete in dessen Auftrag 2009 die Au\u00dfenstelle Peking ein, die sie seither leitet. Im <a class=\"more-link\" href=\"https:\/\/www.dainst.blog\/bridging-eurasia\/mayke-wagner\/\">&#8230;weiterlesen<\/a><\/p>\n","protected":false},"author":1,"featured_media":0,"parent":0,"menu_order":0,"comment_status":"closed","ping_status":"closed","template":"","meta":{"footnotes":""},"class_list":["post-343","page","type-page","status-publish","hentry"],"_links":{"self":[{"href":"https:\/\/www.dainst.blog\/bridging-eurasia\/wp-json\/wp\/v2\/pages\/343"}],"collection":[{"href":"https:\/\/www.dainst.blog\/bridging-eurasia\/wp-json\/wp\/v2\/pages"}],"about":[{"href":"https:\/\/www.dainst.blog\/bridging-eurasia\/wp-json\/wp\/v2\/types\/page"}],"author":[{"embeddable":true,"href":"https:\/\/www.dainst.blog\/bridging-eurasia\/wp-json\/wp\/v2\/users\/1"}],"replies":[{"embeddable":true,"href":"https:\/\/www.dainst.blog\/bridging-eurasia\/wp-json\/wp\/v2\/comments?post=343"}],"version-history":[{"count":22,"href":"https:\/\/www.dainst.blog\/bridging-eurasia\/wp-json\/wp\/v2\/pages\/343\/revisions"}],"predecessor-version":[{"id":1921,"href":"https:\/\/www.dainst.blog\/bridging-eurasia\/wp-json\/wp\/v2\/pages\/343\/revisions\/1921"}],"wp:attachment":[{"href":"https:\/\/www.dainst.blog\/bridging-eurasia\/wp-json\/wp\/v2\/media?parent=343"}],"curies":[{"name":"wp","href":"https:\/\/api.w.org\/{rel}","templated":true}]}}