{"id":543,"date":"2019-08-13T11:27:22","date_gmt":"2019-08-13T09:27:22","guid":{"rendered":"https:\/\/www.dainst.blog\/bridging-eurasia\/?page_id=543"},"modified":"2021-01-12T12:11:37","modified_gmt":"2021-01-12T11:11:37","slug":"patrick-wertmann","status":"publish","type":"page","link":"https:\/\/www.dainst.blog\/bridging-eurasia\/patrick-wertmann\/","title":{"rendered":"Patrick Wertmann"},"content":{"rendered":"<p><img loading=\"lazy\" decoding=\"async\" class=\"alignnone  wp-image-545\" src=\"https:\/\/www.dainst.blog\/bridging-eurasia\/wp-content\/uploads\/sites\/2\/2019\/08\/Wertmann_Blog_DAI_SW-600x600.jpg\" alt=\"\" width=\"204\" height=\"204\" \/><\/p>\n<p>Dr. Patrick Wertmann studierte Sinologie, Chinesische Sprache und Ostasiatische Kunstgeschichte in Berlin und Shanghai. Im Jahr 2013 wurde er an der Freien Universit\u00e4t Berlin promoviert. Von 2013 bis 2016 arbeitete er als wissenschaftlicher Mitarbeiter im Deutsch-Chinesischen Forschungsprojekt \u201eSilk Road Fashion\u201c des Deutschen Arch\u00e4ologischen Instituts und von 2016 bis 2018 als Postdoc an der Renmin Universit\u00e4t in Peking. Seit Februar 2020 ist er am Asien-Orient-Institut der Universit\u00e4t Z\u00fcrich im Forschungsprojekt \u201eSino-Indo-Iranica rediviva\u201c t\u00e4tig, in dem anhand von linguistischen, historischen und arch\u00e4ologischen Daten der fr\u00fcheste Austausch von materiellen G\u00fctern zwischen Zentralasien und China untersucht wird. In seiner Arbeit besch\u00e4ftigt sich Patrick Wertmann mit Themen der chinesischen Kunst- und Kulturgeschichte, des antiken Kulturtransfers in Eurasien sowie der sich rapide entwickelnden Museumslandschaft Chinas und dem dortigen Umgang mit Kulturerbe. Gro\u00dfe Freude bereitet ihm zudem die popul\u00e4rwissenschaftliche Vermittlung von Themen rund um die Geschichte, Kultur und Arch\u00e4ologie Chinas.<\/p>\n<p>Webseite des Projekts \u201eSino-Indo-Iranica rediviva\u201c:<br \/>\n<a href=\"https:\/\/www.aoi.uzh.ch\/de\/sinologie\/forschung\/rediviva.html\" target=\"_blank\" rel=\"noopener\">https:\/\/www.aoi.uzh.ch\/de\/sinologie\/forschung\/rediviva.html<\/a><\/p>\n<p><em>Dr. Patrick Wertmann studied Sinology, Chinese Language and East Asian Art History in Berlin and Shanghai. In 2013, he received his doctorate from Free University of Berlin. From 2013 to 2016, he worked for the Sino-German research project \u201cSilk Road Fashion\u201d at the German Archaeological Institute and from 2016 to 2018 as postdoc at Renmin University in Beijing. Since February 2020, he is part of the research project \u201cSino-Indo-Iranica rediviva\u201d at the Institute of Asian and Oriental Studies of the University of Zurich, in which he and his team examine the earliest exchanges of commodities along the ancient Eurasian trade networks using linguistic, historical, and archaeological data. In his work, Patrick focusses on topics related to Chinese culture and art history, ancient cultural transfer across Eurasia, the fast-developing museum landscape of China as well as the question as to how China is dealing with its cultural heritage. He is particularly interested in the dissemination of contents related to the history, culture and archaeology of China to the general public.<\/em><\/p>\n<p><em>Website of the project \u201cSino-Indo-Iranica rediviva\u201d:<br \/>\n<a href=\"https:\/\/www.aoi.uzh.ch\/de\/sinologie\/forschung\/rediviva.html\" target=\"_blank\" rel=\"noopener\">https:\/\/www.aoi.uzh.ch\/de\/sinologie\/forschung\/rediviva.html<\/a><\/em><\/p>\n<p><a href=\"https:\/\/www.dainst.blog\/bridging-eurasia\/wp-content\/uploads\/sites\/2\/2021\/01\/Publikationen-und-Uebersetzungen_PWertmann_220111.pdf\" target=\"_blank\" rel=\"noopener\"><strong>Publikationen und \u00dcbersetzungen_PWertmann_220111<\/strong><\/a><\/p>\n<p><strong>Wertmann, P.<\/strong>, <a href=\"https:\/\/www.dainst.blog\/bridging-eurasia\/wp-content\/uploads\/sites\/2\/2020\/12\/DIG-07-2019_The-Wooden-Atlas.pdf\" target=\"_blank\" rel=\"noopener noreferrer\">The Wooden Atlas.<\/a><br \/>\nIn: DIG into history, Mapping the World, August 2019.<\/p>\n<p><strong>Wertmann, P.<\/strong>, <a href=\"https:\/\/www.dainst.blog\/bridging-eurasia\/wp-content\/uploads\/sites\/2\/2020\/12\/DIG-07-2019_In-the-Beginning.pdf\" target=\"_blank\" rel=\"noopener noreferrer\">In the Beginning.<\/a><br \/>\nIn: DIG into history, Mapping the World, August 2019.<\/p>\n<p><strong>Wertmann, P.<\/strong>, <a href=\"https:\/\/www.dainst.blog\/bridging-eurasia\/wp-content\/uploads\/sites\/2\/2020\/12\/DIG-12-2018_The-Nine-Mounds-of-Jiuliandun.pdf\" target=\"_blank\" rel=\"noopener noreferrer\">The Nine Mounds of Jiuliandun.<\/a><br \/>\nIn: DIG into history, The Kingdom of Chu, November 2018.<\/p>\n<p><strong>Wertmann, P.<\/strong>, <a href=\"https:\/\/www.dainst.blog\/bridging-eurasia\/wp-content\/uploads\/sites\/2\/2020\/12\/DIG-12-2018_The-Riddle-of-Xiongjia.pdf\" target=\"_blank\" rel=\"noopener noreferrer\">The Riddle of Xiongjia Cemetery.<\/a><br \/>\nIn: DIG into history, The Kingdom of Chu, November 2018.<\/p>\n<p><strong>Wertmann, P.<\/strong>, <a href=\"https:\/\/www.dainst.blog\/bridging-eurasia\/wp-content\/uploads\/sites\/2\/2020\/12\/DIG-02-2018_Chinas-Women-Warriors.pdf\" target=\"_blank\" rel=\"noopener noreferrer\">China\u2019s Women Warriors.<\/a><br \/>\nIn: China\u2019s Liang Hongyu, DIG into history, March 2016.<\/p>\n<p><strong>Wertmann, P.<\/strong>, <a href=\"https:\/\/www.dainst.blog\/bridging-eurasia\/wp-content\/uploads\/sites\/2\/2020\/12\/DIG-6-2017_Oracle-Bones.pdf\" target=\"_blank\" rel=\"noopener noreferrer\">Oracle Bones.<\/a><br \/>\nIn: DIG into history, July 2017.<\/p>\n<p><strong>Wertmann, P.<\/strong>, <a href=\"https:\/\/www.dainst.blog\/bridging-eurasia\/wp-content\/uploads\/sites\/2\/2020\/12\/DIG-12-2016_The-Grand-Canal.pdf\" target=\"_blank\" rel=\"noopener noreferrer\">The Grand Canal.<\/a><br \/>\nIn: DIG into history, November 2016.<\/p>\n<p><strong>Wertmann, P.<\/strong>, <a href=\"https:\/\/www.dainst.blog\/bridging-eurasia\/wp-content\/uploads\/sites\/2\/2020\/12\/DIG-12-2016_The-13-Tombs-of-the-Ming-Dynasty.pdf\" target=\"_blank\" rel=\"noopener noreferrer\">The 13 Tombs of the Ming Dynasty.<\/a><br \/>\nIn: DIG into history, November 2016.<\/p>\n<p><strong>Wertmann, P.<\/strong>, <a href=\"https:\/\/www.dainst.blog\/bridging-eurasia\/wp-content\/uploads\/sites\/2\/2020\/12\/DIG-16-2016_Sogdian-Traders-\u2013-global-networkers-of-the-East.pdf\" target=\"_blank\" rel=\"noopener noreferrer\">Sogdian traders \u2013 global networkers of the East.<\/a><br \/>\nIn: DIG into history, Travelling the Silk Road in the Year One, June 2016.<\/p>\n<p><strong>Wertmann, P.<\/strong>, <a href=\"https:\/\/www.dainst.blog\/bridging-eurasia\/wp-content\/uploads\/sites\/2\/2020\/12\/DIG-16-2016_A-Look-at-Jiaohe.pdf\" target=\"_blank\" rel=\"noopener noreferrer\">A Look at Jiaohe.<\/a><br \/>\nIn: DIG into history, Travelling the Silk Road in the Year One, June 2016.<\/p>\n<p><strong>Wertmann, P.<\/strong>, <a href=\"https:\/\/www.dainst.blog\/bridging-eurasia\/wp-content\/uploads\/sites\/2\/2020\/12\/DIG-16-2016_The-Invention-of-Trousers.pdf\" target=\"_blank\" rel=\"noopener noreferrer\">The Invention of Trousers.<\/a><br \/>\nIn: DIG into history, Travelling the Silk Road in the Year One, June 2016.<\/p>\n<p><strong>Wertmann, P.<\/strong>, <a href=\"https:\/\/www.dainst.blog\/bridging-eurasia\/wp-content\/uploads\/sites\/2\/2020\/12\/DIG-12-2016_The-Hujiaying-Village.pdf\" target=\"_blank\" rel=\"noopener noreferrer\">The Hujiaying Village.<\/a><br \/>\nIn: DIG into history, May 2016.<\/p>\n<p><strong>Wertmann, P.<\/strong>, <a href=\"https:\/\/www.dainst.blog\/bridging-eurasia\/wp-content\/uploads\/sites\/2\/2020\/12\/DIG-12-2015_The-Sages.pdf\" target=\"_blank\" rel=\"noopener noreferrer\">The Sages.<\/a><br \/>\nIn: DIG into history, China&#8217;s Three Sovereigns and Five Emperors, November 2015, 12-19.<\/p>\n<p><strong>Wertmann, P.<\/strong>, <a href=\"https:\/\/www.dainst.blog\/bridging-eurasia\/wp-content\/uploads\/sites\/2\/2020\/12\/DIG-12-2015_Yu-the-Great.pdf\" target=\"_blank\" rel=\"noopener noreferrer\">Yu the Great.<\/a><br \/>\nIn: DIG into history, China&#8217;s Three Sovereigns and Five Emperors, November 2015, 20-22.<\/p>\n<p><strong>Wertmann, P.<\/strong>, <a href=\"https:\/\/www.dainst.blog\/bridging-eurasia\/wp-content\/uploads\/sites\/2\/2020\/12\/DIG-12-2015_The-Cave-of-Immortals.pdf\" target=\"_blank\" rel=\"noopener noreferrer\">The Cave of Immortals.<\/a><br \/>\nIn: DIG into history, China&#8217;s Three Sovereigns and Five Emperors, November 2015, 50-53.<\/p>\n","protected":false},"excerpt":{"rendered":"<p>Dr. Patrick Wertmann studierte Sinologie, Chinesische Sprache und Ostasiatische Kunstgeschichte in Berlin und Shanghai. Im Jahr 2013 wurde er an der Freien Universit\u00e4t Berlin promoviert. Von 2013 bis 2016 arbeitete er als wissenschaftlicher Mitarbeiter im Deutsch-Chinesischen Forschungsprojekt \u201eSilk Road Fashion\u201c des Deutschen Arch\u00e4ologischen Instituts und von 2016 bis 2018 als Postdoc an der Renmin Universit\u00e4t in Peking. Seit Februar 2020 <a class=\"more-link\" href=\"https:\/\/www.dainst.blog\/bridging-eurasia\/patrick-wertmann\/\">&#8230;weiterlesen<\/a><\/p>\n","protected":false},"author":18,"featured_media":0,"parent":0,"menu_order":0,"comment_status":"closed","ping_status":"closed","template":"","meta":{"footnotes":""},"class_list":["post-543","page","type-page","status-publish","hentry"],"_links":{"self":[{"href":"https:\/\/www.dainst.blog\/bridging-eurasia\/wp-json\/wp\/v2\/pages\/543"}],"collection":[{"href":"https:\/\/www.dainst.blog\/bridging-eurasia\/wp-json\/wp\/v2\/pages"}],"about":[{"href":"https:\/\/www.dainst.blog\/bridging-eurasia\/wp-json\/wp\/v2\/types\/page"}],"author":[{"embeddable":true,"href":"https:\/\/www.dainst.blog\/bridging-eurasia\/wp-json\/wp\/v2\/users\/18"}],"replies":[{"embeddable":true,"href":"https:\/\/www.dainst.blog\/bridging-eurasia\/wp-json\/wp\/v2\/comments?post=543"}],"version-history":[{"count":10,"href":"https:\/\/www.dainst.blog\/bridging-eurasia\/wp-json\/wp\/v2\/pages\/543\/revisions"}],"predecessor-version":[{"id":2044,"href":"https:\/\/www.dainst.blog\/bridging-eurasia\/wp-json\/wp\/v2\/pages\/543\/revisions\/2044"}],"wp:attachment":[{"href":"https:\/\/www.dainst.blog\/bridging-eurasia\/wp-json\/wp\/v2\/media?parent=543"}],"curies":[{"name":"wp","href":"https:\/\/api.w.org\/{rel}","templated":true}]}}