{"id":549,"date":"2019-08-13T12:00:34","date_gmt":"2019-08-13T10:00:34","guid":{"rendered":"https:\/\/www.dainst.blog\/bridging-eurasia\/?page_id=549"},"modified":"2019-08-13T12:00:37","modified_gmt":"2019-08-13T10:00:37","slug":"xiaocheng-chen","status":"publish","type":"page","link":"https:\/\/www.dainst.blog\/bridging-eurasia\/xiaocheng-chen\/","title":{"rendered":"Xiaocheng Chen"},"content":{"rendered":"<p><img loading=\"lazy\" decoding=\"async\" class=\"alignnone  wp-image-557\" src=\"https:\/\/www.dainst.blog\/bridging-eurasia\/wp-content\/uploads\/sites\/2\/2019\/08\/Chen_Blog_DAI_SW-600x600.jpg\" alt=\"\" width=\"204\" height=\"204\"><\/p>\n<p>Xiaocheng Chen arbeitet seit 2010 als Mitarbeiterin des Deutschen Arch\u00e4ologischen Instituts an der Au\u00dfenstelle Peking im Rahmen verschiedener Kooperationsprojekte. Sie ist die Anlaufstelle f\u00fcr chinesische und deutsche Kolleginnen und Kollegen, die wissenschaftliche Kooperationspartner oder Literatur suchen, oder Veranstaltungen und Weiterbildungen besuchen oder organisieren wollen. Sie hat einen B.A. in Arch\u00e4ologie an einem Zweig der Peking-Universit\u00e4t erworben und einen M.A. in Ethnischer Arch\u00e4ologie an der Zentralen Nationalit\u00e4ten-Universit\u00e4t. Bevor sie zum DAI kam, organisierte sie als Kuratorin f\u00fcr Art Exhibitions China und am Nationalmuseum Chinas internationale arch\u00e4ologische Ausstellungen. Passend zu Projekten des DAI in China erforscht sie daoistische Kultur und Architektur in der Verbotenen Stadt und Bekleidungssysteme der Westlichen und \u00d6stlichen Zhou-Dynastie anhand von arch\u00e4ologischen Funden und Texten.<\/p>\n<p><em>Xiaocheng Chen is representative of the German Archaeological Institute at its Beijing Branch Office since 2010. She holds a B.A. degree in Archaeology from the Branch of Peking University and a M.A. degree in Ethnic Archaeology from Minzu University of China. She worked as curator at Art Exhibitions China and National Museum of China organizing overseas archaeological exhibitions for many years. In conjunction with DAI projects in China, she studies Daoist culture and architecture in the Forbidden City, and the dress system of Western and Eastern Zhou dynasty through archaeological finds and textual records.<\/em><\/p>\n","protected":false},"excerpt":{"rendered":"<p>Xiaocheng Chen arbeitet seit 2010 als Mitarbeiterin des Deutschen Arch\u00e4ologischen Instituts an der Au\u00dfenstelle Peking im Rahmen verschiedener Kooperationsprojekte. Sie ist die Anlaufstelle f\u00fcr chinesische und deutsche Kolleginnen und Kollegen, die wissenschaftliche Kooperationspartner oder Literatur suchen, oder Veranstaltungen und Weiterbildungen besuchen oder organisieren wollen. Sie hat einen B.A. in Arch\u00e4ologie an einem Zweig der Peking-Universit\u00e4t erworben und einen M.A. in <a class=\"more-link\" href=\"https:\/\/www.dainst.blog\/bridging-eurasia\/xiaocheng-chen\/\">&#8230;weiterlesen<\/a><\/p>\n","protected":false},"author":18,"featured_media":0,"parent":0,"menu_order":0,"comment_status":"closed","ping_status":"closed","template":"","meta":{"footnotes":""},"class_list":["post-549","page","type-page","status-publish","hentry"],"_links":{"self":[{"href":"https:\/\/www.dainst.blog\/bridging-eurasia\/wp-json\/wp\/v2\/pages\/549"}],"collection":[{"href":"https:\/\/www.dainst.blog\/bridging-eurasia\/wp-json\/wp\/v2\/pages"}],"about":[{"href":"https:\/\/www.dainst.blog\/bridging-eurasia\/wp-json\/wp\/v2\/types\/page"}],"author":[{"embeddable":true,"href":"https:\/\/www.dainst.blog\/bridging-eurasia\/wp-json\/wp\/v2\/users\/18"}],"replies":[{"embeddable":true,"href":"https:\/\/www.dainst.blog\/bridging-eurasia\/wp-json\/wp\/v2\/comments?post=549"}],"version-history":[{"count":3,"href":"https:\/\/www.dainst.blog\/bridging-eurasia\/wp-json\/wp\/v2\/pages\/549\/revisions"}],"predecessor-version":[{"id":560,"href":"https:\/\/www.dainst.blog\/bridging-eurasia\/wp-json\/wp\/v2\/pages\/549\/revisions\/560"}],"wp:attachment":[{"href":"https:\/\/www.dainst.blog\/bridging-eurasia\/wp-json\/wp\/v2\/media?parent=549"}],"curies":[{"name":"wp","href":"https:\/\/api.w.org\/{rel}","templated":true}]}}