{"id":104,"date":"2020-10-21T10:14:44","date_gmt":"2020-10-21T08:14:44","guid":{"rendered":"http:\/\/www.dainst.blog\/crossing-borders\/?page_id=104"},"modified":"2024-05-08T13:42:09","modified_gmt":"2024-05-08T11:42:09","slug":"contact","status":"publish","type":"page","link":"https:\/\/www.dainst.blog\/crossing-borders\/contact\/","title":{"rendered":"Contact"},"content":{"rendered":"\n<h4 class=\"wp-block-heading\">R\u00f6misch-Germanische Kommission<\/h4>\n\n\n\n<p>Haupthaus Standort Palmengartenstra\u00dfe<br>(Postanschrift):<br>Palmengartenstra\u00dfe 10-12<br>60325 Frankfurt am Main<\/p>\n\n\n\n<p>+49 (0)69 975818-18\/26<br><a href=\"mailto:sekretariat.rgk@dainst.de\">sekretariat.rgk@dainst.de<\/a><\/p>\n\n\n\n<p><\/p>\n\n\n\n<h4 class=\"wp-block-heading\"><\/h4>\n","protected":false},"excerpt":{"rendered":"<p>R\u00f6misch-Germanische Kommission Haupthaus Standort Palmengartenstra\u00dfe(Postanschrift):Palmengartenstra\u00dfe 10-1260325 Frankfurt am Main +49 (0)69 975818-18\/26sekretariat.rgk@dainst.de<\/p>\n","protected":false},"author":1,"featured_media":0,"parent":0,"menu_order":0,"comment_status":"closed","ping_status":"closed","template":"","meta":{"footnotes":""},"class_list":["post-104","page","type-page","status-publish","hentry"],"_links":{"self":[{"href":"https:\/\/www.dainst.blog\/crossing-borders\/wp-json\/wp\/v2\/pages\/104"}],"collection":[{"href":"https:\/\/www.dainst.blog\/crossing-borders\/wp-json\/wp\/v2\/pages"}],"about":[{"href":"https:\/\/www.dainst.blog\/crossing-borders\/wp-json\/wp\/v2\/types\/page"}],"author":[{"embeddable":true,"href":"https:\/\/www.dainst.blog\/crossing-borders\/wp-json\/wp\/v2\/users\/1"}],"replies":[{"embeddable":true,"href":"https:\/\/www.dainst.blog\/crossing-borders\/wp-json\/wp\/v2\/comments?post=104"}],"version-history":[{"count":15,"href":"https:\/\/www.dainst.blog\/crossing-borders\/wp-json\/wp\/v2\/pages\/104\/revisions"}],"predecessor-version":[{"id":2564,"href":"https:\/\/www.dainst.blog\/crossing-borders\/wp-json\/wp\/v2\/pages\/104\/revisions\/2564"}],"wp:attachment":[{"href":"https:\/\/www.dainst.blog\/crossing-borders\/wp-json\/wp\/v2\/media?parent=104"}],"curies":[{"name":"wp","href":"https:\/\/api.w.org\/{rel}","templated":true}]}}