{"id":216,"date":"2018-10-24T13:12:06","date_gmt":"2018-10-24T11:12:06","guid":{"rendered":"http:\/\/www.dainst.blog\/crossing-borders\/?page_id=216"},"modified":"2019-10-31T10:06:16","modified_gmt":"2019-10-31T09:06:16","slug":"legal-notice","status":"publish","type":"page","link":"https:\/\/www.dainst.blog\/crossing-borders\/legal-notice\/","title":{"rendered":"Legal Notice"},"content":{"rendered":"<p>Das Internetangebot unter\u00a0<a href=\"https:\/\/www.dainst.blog\/crossing-borders\">www.dainst.blog\/crossing-borders<\/a>\u00a0wird herausgegeben von:<\/p>\n<p><em>R\u00f6misch-Germanische Kommission des Deutschen Arch\u00e4ologisches Instituts (DAI)<\/em><br \/>\n<em>Palmengartenstrasse 10-12<\/em><br \/>\n<em>60325 Frankfurt\/Main<\/em><br \/>\n<em>Tel: +49-(0)69-975818-0<\/em><br \/>\n<em>Email: info.rgk@dainst.de<\/em><br \/>\n<em>Internet:\u00a0<a href=\"http:\/\/www.dainst.org\/standort\/frankfurt\">www.dainst.org\/standort\/rgk-frankfurt<\/a><\/em><\/p>\n<p>Das Deutsche Arch\u00e4ologische Institut ist eine Forschungsanstalt des Bundes im Gesch\u00e4ftsbereich des Ausw\u00e4rtigen Amtes.\u00a0Es wird vertreten durch die Pr\u00e4sidentin Prof. Dr. Dr. h. c. Friederike Fless.<\/p>\n<p><strong>Idee und Konzept<br \/>\n<\/strong>Ruth Beusing und Kerstin Hofmann<\/p>\n<p><strong>Redaktion und Produktion<\/strong><br \/>\nAlexander Gramsch, Kerstin Hofmann, Isabel Hohle, Rudolf Klopfer, Christoph Rummel, David Wigg-Wolf<\/p>\n<p><strong>ISSN<br \/>\n<\/strong>Crossing Borders &#8211; Building Contacts: <b><span lang=\"EN-US\">ISSN\u00a0 2626-6601<\/span><\/b> <strong><br \/>\n<\/strong><\/p>\n<p><strong>Haftungsausschluss<\/strong><br \/>\nDas Deutsche Arch\u00e4ologische Institut ist als Inhaltsanbieterin nach \u00a7 7 Abs.1 Telemediengesetz f\u00fcr die eigenen Inhalte, die es zur Nutzung bereith\u00e4lt, nach den allgemeinen Gesetzen verantwortlich.<\/p>\n<p>Das Deutsche Arch\u00e4ologische Institut ist bem\u00fcht, sein Webangebot stets aktuell, inhaltlich richtig und vollst\u00e4ndig anzubieten. Dennoch ist das Auftreten von Fehlern nicht v\u00f6llig auszuschlie\u00dfen. Das Deutsche Arch\u00e4ologische Institut \u00fcbernimmt keine Haftung f\u00fcr die Aktualit\u00e4t, die inhaltliche Richtigkeit sowie f\u00fcr die Vollst\u00e4ndigkeit der in ihrem Webangebot eingestellten Informationen, es sei denn, die Fehler wurden vors\u00e4tzlich oder grob fahrl\u00e4ssig aufgenommen. Dies bezieht sich auf eventuelle Sch\u00e4den materieller oder ideeller Art Dritter, die durch die Nutzung dieses Webangebotes verursacht wurden. Alle Angebote sind freibleibend und unverbindlich. Das Deutsche Arch\u00e4ologische Institut beh\u00e4lt es sich ausdr\u00fccklich vor, Teile der Seiten oder das gesamte Angebot ohne gesonderte Ank\u00fcndigung zu ver\u00e4ndern, zu erg\u00e4nzen, zu l\u00f6schen oder die Ver\u00f6ffentlichung zeitweise oder endg\u00fcltig einzustellen.<\/p>\n<p><strong>Externe Verweise und Links<\/strong><br \/>\nDas Deutsche Arch\u00e4ologische Institut erkl\u00e4rt hiermit ausdr\u00fccklich, dass bei direkten oder indirekten Verweisen auf fremde Webseiten (\u201eHyperlinks\u201c), die au\u00dferhalb des Verantwortungsbereiches des Deutschen Arch\u00e4ologischen Instituts liegen zum Zeitpunkt der Linksetzung keine illegalen Inhalte auf den zu verlinkenden Seiten erkennbar waren. Das DAI hat f\u00fcr diese Pr\u00fcfung die ihm technisch m\u00f6glichen und zumutbaren Anstrengungen unternommen. Auf die aktuelle und zuk\u00fcnftige Gestaltung, die Inhalte oder die Urheberschaft der verlinkten\/verkn\u00fcpften Seiten hat das Deutsche Arch\u00e4ologische Institut keinerlei Einfluss. Deshalb distanziert es sich hiermit ausdr\u00fccklich von allen Inhalten aller verlinkten\/verkn\u00fcpften Seiten, die nach der Linksetzung ver\u00e4ndert wurden. Diese Feststellung gilt f\u00fcr alle innerhalb des eigenen Internetangebotes gesetzten Links und Verweise sowie f\u00fcr Fremdeintr\u00e4ge in vom Deutschen Arch\u00e4ologischen Institut eingerichteten G\u00e4steb\u00fcchern, Diskussionsforen, Linkverzeichnissen, Mailinglisten und in allen anderen Formen von Datenbanken, auf deren Inhalt externe Schreibzugriffe m\u00f6glich sind. F\u00fcr illegale, fehlerhafte oder unvollst\u00e4ndige Inhalte und insbesondere f\u00fcr Sch\u00e4den, die aus der Nutzung oder Nichtnutzung solcherart dargebotener Informationen entstehen, haftet allein der Anbieter der Seite, auf welche verwiesen wurde, nicht derjenige, der \u00fcber Links auf die jeweilige Ver\u00f6ffentlichung lediglich verweist.<\/p>\n<p><strong>Rechtswirksamkeit<\/strong><br \/>\nDieser Haftungsausschluss ist Teil des Internetangebotes des Deutschen Arch\u00e4ologischen Instituts. Sofern einzelne Formulierungen oder Teile dieses Textes der geltenden Rechtslage nicht mehr oder nicht mehr vollst\u00e4ndig entsprechen, bleiben die \u00fcbrigen Teile dieser Erkl\u00e4rung davon unber\u00fchrt.<\/p>\n<p>Falls das Deutsche Arch\u00e4ologische Institut auf Seiten verweist, deren Inhalt Anlass zur Beanstandung gibt, bittet die Internet-Redaktion um Mitteilung. Teilen Sie uns bitte ebenso mit, wenn eigene Inhalte nicht fehlerfrei, aktuell, vollst\u00e4ndig oder verst\u00e4ndlich geschrieben sind.<\/p>\n","protected":false},"excerpt":{"rendered":"<p>Das Internetangebot unter\u00a0www.dainst.blog\/crossing-borders\u00a0wird herausgegeben von: R\u00f6misch-Germanische Kommission des Deutschen Arch\u00e4ologisches Instituts (DAI) Palmengartenstrasse 10-12 60325 Frankfurt\/Main Tel: +49-(0)69-975818-0 Email: info.rgk@dainst.de Internet:\u00a0www.dainst.org\/standort\/rgk-frankfurt Das Deutsche Arch\u00e4ologische Institut ist eine Forschungsanstalt des Bundes im Gesch\u00e4ftsbereich des Ausw\u00e4rtigen Amtes.\u00a0Es wird vertreten durch die Pr\u00e4sidentin Prof. Dr. Dr. h. c. Friederike Fless. Idee und Konzept Ruth Beusing und Kerstin Hofmann Redaktion und Produktion Alexander Gramsch, [&#8230;]<\/p>\n","protected":false},"author":13,"featured_media":0,"parent":0,"menu_order":0,"comment_status":"closed","ping_status":"closed","template":"","meta":{"footnotes":""},"class_list":["post-216","page","type-page","status-publish","hentry"],"_links":{"self":[{"href":"https:\/\/www.dainst.blog\/crossing-borders\/wp-json\/wp\/v2\/pages\/216"}],"collection":[{"href":"https:\/\/www.dainst.blog\/crossing-borders\/wp-json\/wp\/v2\/pages"}],"about":[{"href":"https:\/\/www.dainst.blog\/crossing-borders\/wp-json\/wp\/v2\/types\/page"}],"author":[{"embeddable":true,"href":"https:\/\/www.dainst.blog\/crossing-borders\/wp-json\/wp\/v2\/users\/13"}],"replies":[{"embeddable":true,"href":"https:\/\/www.dainst.blog\/crossing-borders\/wp-json\/wp\/v2\/comments?post=216"}],"version-history":[{"count":10,"href":"https:\/\/www.dainst.blog\/crossing-borders\/wp-json\/wp\/v2\/pages\/216\/revisions"}],"predecessor-version":[{"id":483,"href":"https:\/\/www.dainst.blog\/crossing-borders\/wp-json\/wp\/v2\/pages\/216\/revisions\/483"}],"wp:attachment":[{"href":"https:\/\/www.dainst.blog\/crossing-borders\/wp-json\/wp\/v2\/media?parent=216"}],"curies":[{"name":"wp","href":"https:\/\/api.w.org\/{rel}","templated":true}]}}