{"id":344,"date":"2020-11-18T13:28:13","date_gmt":"2020-11-18T12:28:13","guid":{"rendered":"https:\/\/www.dainst.blog\/daistanbul_blog\/?page_id=344"},"modified":"2020-12-10T16:53:09","modified_gmt":"2020-12-10T15:53:09","slug":"daistanbul-blogs","status":"publish","type":"page","link":"https:\/\/www.dainst.blog\/daistanbul_blog\/daistanbul-blogs\/","title":{"rendered":"Da\u0130stanbul Blogs"},"content":{"rendered":"\t\t<div data-elementor-type=\"wp-page\" data-elementor-id=\"344\" class=\"elementor elementor-344\">\n\t\t\t\t\t\t<section class=\"elementor-section elementor-top-section elementor-element elementor-element-3ee5ffab elementor-section-boxed elementor-section-height-default elementor-section-height-default\" data-id=\"3ee5ffab\" data-element_type=\"section\" data-e-type=\"section\">\n\t\t\t\t\t\t<div class=\"elementor-container elementor-column-gap-default\">\n\t\t\t\t\t<div class=\"elementor-column elementor-col-100 elementor-top-column elementor-element elementor-element-7b1eeea2\" data-id=\"7b1eeea2\" data-element_type=\"column\" data-e-type=\"column\">\n\t\t\t<div class=\"elementor-widget-wrap\">\n\t\t\t\t\t\t\t<\/div>\n\t\t<\/div>\n\t\t\t\t\t<\/div>\n\t\t<\/section>\n\t\t\t\t<section class=\"elementor-section elementor-top-section elementor-element elementor-element-a6af946 elementor-section-boxed elementor-section-height-default elementor-section-height-default\" data-id=\"a6af946\" data-element_type=\"section\" data-e-type=\"section\">\n\t\t\t\t\t\t<div class=\"elementor-container elementor-column-gap-default\">\n\t\t\t\t\t<div class=\"elementor-column elementor-col-100 elementor-top-column elementor-element elementor-element-2bd5df5\" data-id=\"2bd5df5\" data-element_type=\"column\" data-e-type=\"column\">\n\t\t\t<div class=\"elementor-widget-wrap elementor-element-populated\">\n\t\t\t\t\t\t<div class=\"elementor-element elementor-element-6e32abc elementor-grid-eael-col-1 elementor-grid-tablet-eael-col-2 elementor-grid-mobile-eael-col-1 elementor-widget elementor-widget-eael-post-grid\" data-id=\"6e32abc\" data-element_type=\"widget\" data-e-type=\"widget\" data-settings=\"{&quot;eael_post_grid_columns&quot;:&quot;eael-col-1&quot;,&quot;eael_post_grid_columns_tablet&quot;:&quot;eael-col-2&quot;,&quot;eael_post_grid_columns_mobile&quot;:&quot;eael-col-1&quot;}\" data-widget_type=\"eael-post-grid.default\">\n\t\t\t\t<div class=\"elementor-widget-container\">\n\t\t\t\t\t<div id=\"eael-post-grid-6e32abc\" class=\"eael-post-grid-container\">\n            <div class=\"eael-post-grid eael-post-appender eael-post-appender-6e32abc eael-post-grid-style-one\" data-layout-mode=\"masonry\"><article class=\"eael-grid-post  eael-post-grid-column eael-pg-post-403 category-our_blogs\" data-id=\"403\">\n        <div class=\"eael-grid-post-holder\">\n            <div class=\"eael-grid-post-holder-inner\"><div class=\"eael-entry-media\"><div class=\"eael-entry-overlay fade-in\"><i class=\"fas fa-long-arrow-alt-right\" aria-hidden=\"true\"><\/i><a href=\"https:\/\/www.dainst.blog\/daistanbul_blog\/2020\/11\/19\/the-tepe-telegrams\/\"><\/a><\/div><div class=\"eael-entry-thumbnail \">\n                <img fetchpriority=\"high\" decoding=\"async\" width=\"800\" height=\"250\" src=\"https:\/\/www.dainst.blog\/daistanbul_blog\/wp-content\/uploads\/sites\/20\/2020\/11\/05-nico-becker-gt10_anlc_8495-800x600-3-edited-e1605787651985.jpg\" class=\"attachment-1536x1536 size-1536x1536 wp-image-406\" alt=\"\" srcset=\"https:\/\/www.dainst.blog\/daistanbul_blog\/wp-content\/uploads\/sites\/20\/2020\/11\/05-nico-becker-gt10_anlc_8495-800x600-3-edited-e1605787651985.jpg 800w, https:\/\/www.dainst.blog\/daistanbul_blog\/wp-content\/uploads\/sites\/20\/2020\/11\/05-nico-becker-gt10_anlc_8495-800x600-3-edited-e1605787651985-300x94.jpg 300w, https:\/\/www.dainst.blog\/daistanbul_blog\/wp-content\/uploads\/sites\/20\/2020\/11\/05-nico-becker-gt10_anlc_8495-800x600-3-edited-e1605787651985-768x240.jpg 768w, https:\/\/www.dainst.blog\/daistanbul_blog\/wp-content\/uploads\/sites\/20\/2020\/11\/05-nico-becker-gt10_anlc_8495-800x600-3-edited-e1605787651985-750x234.jpg 750w\" sizes=\"(max-width: 800px) 100vw, 800px\" \/>\n            <\/div>\n        <\/div><div class=\"eael-entry-wrapper\"><header class=\"eael-entry-header\"><h2 class=\"eael-entry-title\"><a class=\"eael-grid-post-link\" href=\"https:\/\/www.dainst.blog\/daistanbul_blog\/2020\/11\/19\/the-tepe-telegrams\/\" title=\"The Tepe Telegrams\">The Tepe Telegrams<\/a><\/h2><\/header><div class=\"eael-entry-content\">\n                        <div class=\"eael-grid-post-excerpt\"><p>The Tepe Telegrams brings you news and insights from our research at the prehistoric settlement of G\u00f6bekli Tepe (\u015eanl\u0131urfa) undertaken the frame of the DFG (German Research Foundation) long-term project The Prehistoric Societies of Upper Mesopotamia and their Subsistence. Inscribed on the UNESCO World Heritage List in 2018, G\u00f6bekli Tepe (10th-9th millennium BC) is best [&hellip;]<\/p><a href=\"https:\/\/www.dainst.blog\/daistanbul_blog\/2020\/11\/19\/the-tepe-telegrams\/\" class=\"eael-post-elements-readmore-btn\">Read More<\/a><\/div>\n                    <\/div><div class=\"eael-entry-footer\"><div class=\"eael-entry-meta\"><\/div><\/div><\/div><\/div>\n        <\/div>\n    <\/article><article class=\"eael-grid-post  eael-post-grid-column eael-pg-post-395 category-our_blogs\" data-id=\"395\">\n        <div class=\"eael-grid-post-holder\">\n            <div class=\"eael-grid-post-holder-inner\"><div class=\"eael-entry-media\"><div class=\"eael-entry-overlay fade-in\"><i class=\"fas fa-long-arrow-alt-right\" aria-hidden=\"true\"><\/i><a href=\"https:\/\/www.dainst.blog\/daistanbul_blog\/2020\/11\/19\/transformation-of-the-pergamon-micro-region\/\"><\/a><\/div><div class=\"eael-entry-thumbnail \">\n                <img decoding=\"async\" width=\"1024\" height=\"293\" src=\"https:\/\/www.dainst.blog\/daistanbul_blog\/wp-content\/uploads\/sites\/20\/2020\/07\/cropped-19_Logo_TransPergMikro-1-1024x293-1.png\" class=\"attachment-1536x1536 size-1536x1536 wp-image-60\" alt=\"\" srcset=\"https:\/\/www.dainst.blog\/daistanbul_blog\/wp-content\/uploads\/sites\/20\/2020\/07\/cropped-19_Logo_TransPergMikro-1-1024x293-1.png 1024w, https:\/\/www.dainst.blog\/daistanbul_blog\/wp-content\/uploads\/sites\/20\/2020\/07\/cropped-19_Logo_TransPergMikro-1-1024x293-1-300x86.png 300w, https:\/\/www.dainst.blog\/daistanbul_blog\/wp-content\/uploads\/sites\/20\/2020\/07\/cropped-19_Logo_TransPergMikro-1-1024x293-1-768x220.png 768w, https:\/\/www.dainst.blog\/daistanbul_blog\/wp-content\/uploads\/sites\/20\/2020\/07\/cropped-19_Logo_TransPergMikro-1-1024x293-1-750x215.png 750w\" sizes=\"(max-width: 1024px) 100vw, 1024px\" \/>\n            <\/div>\n        <\/div><div class=\"eael-entry-wrapper\"><header class=\"eael-entry-header\"><h2 class=\"eael-entry-title\"><a class=\"eael-grid-post-link\" href=\"https:\/\/www.dainst.blog\/daistanbul_blog\/2020\/11\/19\/transformation-of-the-pergamon-micro-region\/\" title=\"Transformation of the Pergamon Micro-Region\">Transformation of the Pergamon Micro-Region<\/a><\/h2><\/header><div class=\"eael-entry-content\">\n                        <div class=\"eael-grid-post-excerpt\"><p>The TransPergMikro blog of the Pergamon Excavation of the DAI is the information service of the DFG project on the &#8220;Transformation of the Pergamon Micro-Region between Hellenism and Roman Imperial Period (TransPergMikro)&#8221;. Besides information and news about the project, you can find regular updates on our field work, research, events and publications. Special features on [&hellip;]<\/p><a href=\"https:\/\/www.dainst.blog\/daistanbul_blog\/2020\/11\/19\/transformation-of-the-pergamon-micro-region\/\" class=\"eael-post-elements-readmore-btn\">Read More<\/a><\/div>\n                    <\/div><div class=\"eael-entry-footer\"><div class=\"eael-entry-meta\"><\/div><\/div><\/div><\/div>\n        <\/div>\n    <\/article><article class=\"eael-grid-post  eael-post-grid-column eael-pg-post-347 category-our_blogs\" data-id=\"347\">\n        <div class=\"eael-grid-post-holder\">\n            <div class=\"eael-grid-post-holder-inner\"><div class=\"eael-entry-media\"><div class=\"eael-entry-overlay fade-in\"><i class=\"fas fa-long-arrow-alt-right\" aria-hidden=\"true\"><\/i><a href=\"https:\/\/www.dainst.blog\/daistanbul_blog\/2020\/11\/18\/visual-narratives\/\"><\/a><\/div><div class=\"eael-entry-thumbnail \">\n                <img decoding=\"async\" width=\"1536\" height=\"463\" src=\"https:\/\/www.dainst.blog\/daistanbul_blog\/wp-content\/uploads\/sites\/20\/2020\/06\/D-DAI-IST-2018-00695web-1536x463.jpg\" class=\"attachment-1536x1536 size-1536x1536 wp-image-7\" alt=\"\" srcset=\"https:\/\/www.dainst.blog\/daistanbul_blog\/wp-content\/uploads\/sites\/20\/2020\/06\/D-DAI-IST-2018-00695web-1536x463.jpg 1536w, https:\/\/www.dainst.blog\/daistanbul_blog\/wp-content\/uploads\/sites\/20\/2020\/06\/D-DAI-IST-2018-00695web-300x90.jpg 300w, https:\/\/www.dainst.blog\/daistanbul_blog\/wp-content\/uploads\/sites\/20\/2020\/06\/D-DAI-IST-2018-00695web-1024x309.jpg 1024w, https:\/\/www.dainst.blog\/daistanbul_blog\/wp-content\/uploads\/sites\/20\/2020\/06\/D-DAI-IST-2018-00695web-768x232.jpg 768w, https:\/\/www.dainst.blog\/daistanbul_blog\/wp-content\/uploads\/sites\/20\/2020\/06\/D-DAI-IST-2018-00695web-2048x618.jpg 2048w, https:\/\/www.dainst.blog\/daistanbul_blog\/wp-content\/uploads\/sites\/20\/2020\/06\/D-DAI-IST-2018-00695web-750x226.jpg 750w\" sizes=\"(max-width: 1536px) 100vw, 1536px\" \/>\n            <\/div>\n        <\/div><div class=\"eael-entry-wrapper\"><header class=\"eael-entry-header\"><h2 class=\"eael-entry-title\"><a class=\"eael-grid-post-link\" href=\"https:\/\/www.dainst.blog\/daistanbul_blog\/2020\/11\/18\/visual-narratives\/\" title=\"Visual Narratives\">Visual Narratives<\/a><\/h2><\/header><div class=\"eael-entry-content\">\n                        <div class=\"eael-grid-post-excerpt\"><p>The Corona pandemic has opened everyone&#8217;s eyes to the importance of access to cultural events in the modern world. Nowadays, going to a museum or visiting an exhibition is difficult, and for some of us simply not possible. With the page Visual Narratives, the Istanbul Department of the German Archaeological Institute has initiated a platform [&hellip;]<\/p><a href=\"https:\/\/www.dainst.blog\/daistanbul_blog\/2020\/11\/18\/visual-narratives\/\" class=\"eael-post-elements-readmore-btn\">Read More<\/a><\/div>\n                    <\/div><div class=\"eael-entry-footer\"><div class=\"eael-entry-meta\"><\/div><\/div><\/div><\/div>\n        <\/div>\n    <\/article><\/div>\n            <div class=\"clearfix\"><\/div>\n        <\/div>\t\t\t\t<\/div>\n\t\t\t\t<\/div>\n\t\t\t\t\t<\/div>\n\t\t<\/div>\n\t\t\t\t\t<\/div>\n\t\t<\/section>\n\t\t\t\t<\/div>\n\t\t","protected":false},"excerpt":{"rendered":"<p>The Tepe Telegrams The Tepe Telegrams brings you news and insights from on-going fieldwork at the prehistoric settlement of G\u00f6bekli Tepe (\u015eanl\u0131urfa) in the frame of the DFG long-term project The Prehistoric Societies of Upper Mesopotamia and their Subsistence. Inscribed on the UNESCO World Heritage List in 2018, G\u00f6bekli Tepe (10th-9th millennium BC) is famous [&hellip;]<\/p>\n","protected":false},"author":100,"featured_media":0,"parent":0,"menu_order":0,"comment_status":"closed","ping_status":"closed","template":"","meta":{"footnotes":""},"class_list":["post-344","page","type-page","status-publish","hentry"],"_links":{"self":[{"href":"https:\/\/www.dainst.blog\/daistanbul_blog\/wp-json\/wp\/v2\/pages\/344"}],"collection":[{"href":"https:\/\/www.dainst.blog\/daistanbul_blog\/wp-json\/wp\/v2\/pages"}],"about":[{"href":"https:\/\/www.dainst.blog\/daistanbul_blog\/wp-json\/wp\/v2\/types\/page"}],"author":[{"embeddable":true,"href":"https:\/\/www.dainst.blog\/daistanbul_blog\/wp-json\/wp\/v2\/users\/100"}],"replies":[{"embeddable":true,"href":"https:\/\/www.dainst.blog\/daistanbul_blog\/wp-json\/wp\/v2\/comments?post=344"}],"version-history":[{"count":15,"href":"https:\/\/www.dainst.blog\/daistanbul_blog\/wp-json\/wp\/v2\/pages\/344\/revisions"}],"predecessor-version":[{"id":683,"href":"https:\/\/www.dainst.blog\/daistanbul_blog\/wp-json\/wp\/v2\/pages\/344\/revisions\/683"}],"wp:attachment":[{"href":"https:\/\/www.dainst.blog\/daistanbul_blog\/wp-json\/wp\/v2\/media?parent=344"}],"curies":[{"name":"wp","href":"https:\/\/api.w.org\/{rel}","templated":true}]}}