{"id":3475,"date":"2022-03-31T14:16:10","date_gmt":"2022-03-31T12:16:10","guid":{"rendered":"https:\/\/www.dainst.blog\/daistanbul_blog\/?page_id=3475"},"modified":"2022-03-31T14:24:12","modified_gmt":"2022-03-31T12:24:12","slug":"archaeological-research-more-than-digging","status":"publish","type":"page","link":"https:\/\/www.dainst.blog\/daistanbul_blog\/archaeological-research-more-than-digging\/","title":{"rendered":"Archaeological Research &#8211; More Than Digging"},"content":{"rendered":"\t\t<div data-elementor-type=\"wp-page\" data-elementor-id=\"3475\" class=\"elementor elementor-3475\">\n\t\t\t\t\t\t<section class=\"elementor-section elementor-top-section elementor-element elementor-element-acadc59 elementor-section-boxed elementor-section-height-default elementor-section-height-default\" data-id=\"acadc59\" data-element_type=\"section\" data-e-type=\"section\">\n\t\t\t\t\t\t<div class=\"elementor-container elementor-column-gap-default\">\n\t\t\t\t\t<div class=\"elementor-column elementor-col-100 elementor-top-column elementor-element elementor-element-193c96e\" data-id=\"193c96e\" data-element_type=\"column\" data-e-type=\"column\">\n\t\t\t<div class=\"elementor-widget-wrap elementor-element-populated\">\n\t\t\t\t\t\t<div class=\"elementor-element elementor-element-118a99e elementor-widget elementor-widget-text-editor\" data-id=\"118a99e\" data-element_type=\"widget\" data-e-type=\"widget\" data-widget_type=\"text-editor.default\">\n\t\t\t\t<div class=\"elementor-widget-container\">\n\t\t\t\t\t\t\t\t\t<p>When visiting one of our archaeological sites like \u1e2aattu\u0161a-Bo\u011fazk\u00f6y, G\u00f6bekli Tepe, or Pergamon-Bergama, you might be lucky enough to encounter our archaeologists in their \u201enatural environment\u201c. With spade, trowel or brush in hand, they remove earth and dust from the remains of ancient cultures. But\u2026 is it only archaeologists that work on archaeological excavations? Who studies, for example, the human and animal remains or the pottery? Which research methods are used? How did we even know that we should excavate at this very spot? And\u2026 who takes care of the preservation of the excavated finds and buildings?<\/p><p>With this in mind, in our series <em>Archaeological Research \u2013 More than Digging<\/em> we will be introducing you to disciplines that are part of archaeological science, but which are not always in the spotlight. Once a month we will be highlighting a different field from archaeological research.<\/p>\t\t\t\t\t\t\t\t<\/div>\n\t\t\t\t<\/div>\n\t\t\t\t\t<\/div>\n\t\t<\/div>\n\t\t\t\t\t<\/div>\n\t\t<\/section>\n\t\t\t\t<section class=\"elementor-section elementor-top-section elementor-element elementor-element-b3da2ed elementor-section-boxed elementor-section-height-default elementor-section-height-default\" data-id=\"b3da2ed\" data-element_type=\"section\" data-e-type=\"section\">\n\t\t\t\t\t\t<div class=\"elementor-container elementor-column-gap-default\">\n\t\t\t\t\t<div class=\"elementor-column elementor-col-100 elementor-top-column elementor-element elementor-element-ec00c9c\" data-id=\"ec00c9c\" data-element_type=\"column\" data-e-type=\"column\">\n\t\t\t<div class=\"elementor-widget-wrap elementor-element-populated\">\n\t\t\t\t\t\t<div class=\"elementor-element elementor-element-8405201 elementor-grid-eael-col-2 elementor-grid-tablet-eael-col-2 elementor-grid-mobile-eael-col-1 elementor-widget elementor-widget-eael-post-grid\" data-id=\"8405201\" data-element_type=\"widget\" data-e-type=\"widget\" data-settings=\"{&quot;eael_post_grid_columns&quot;:&quot;eael-col-2&quot;,&quot;eael_post_grid_columns_tablet&quot;:&quot;eael-col-2&quot;,&quot;eael_post_grid_columns_mobile&quot;:&quot;eael-col-1&quot;}\" data-widget_type=\"eael-post-grid.default\">\n\t\t\t\t<div class=\"elementor-widget-container\">\n\t\t\t\t\t<div id=\"eael-post-grid-8405201\" class=\"eael-post-grid-container\">\n            <div class=\"eael-post-grid eael-post-appender eael-post-appender-8405201 eael-post-grid-style-one\" data-layout-mode=\"masonry\"><article class=\"eael-grid-post  eael-post-grid-column eael-pg-post-8327 category-allgemein-archaeological_research_more_than_digging-news\" data-id=\"8327\">\n        <div class=\"eael-grid-post-holder\">\n            <div class=\"eael-grid-post-holder-inner\"><div class=\"eael-entry-media\"><div class=\"eael-entry-overlay fade-in\"><i class=\"fas fa-long-arrow-alt-right\" aria-hidden=\"true\"><\/i><a href=\"https:\/\/www.dainst.blog\/daistanbul_blog\/2025\/12\/08\/a-memory-from-the-archives\/\"><\/a><\/div><div class=\"eael-entry-thumbnail \">\n                <img fetchpriority=\"high\" decoding=\"async\" width=\"300\" height=\"200\" src=\"https:\/\/www.dainst.blog\/daistanbul_blog\/wp-content\/uploads\/sites\/20\/2025\/12\/1-Nathali-and-her-grandson-Alexander-Teteriatnikov-300x200.jpg\" class=\"attachment-medium size-medium wp-image-8320\" alt=\"\" srcset=\"https:\/\/www.dainst.blog\/daistanbul_blog\/wp-content\/uploads\/sites\/20\/2025\/12\/1-Nathali-and-her-grandson-Alexander-Teteriatnikov-300x200.jpg 300w, https:\/\/www.dainst.blog\/daistanbul_blog\/wp-content\/uploads\/sites\/20\/2025\/12\/1-Nathali-and-her-grandson-Alexander-Teteriatnikov-1024x683.jpg 1024w, https:\/\/www.dainst.blog\/daistanbul_blog\/wp-content\/uploads\/sites\/20\/2025\/12\/1-Nathali-and-her-grandson-Alexander-Teteriatnikov-768x512.jpg 768w, https:\/\/www.dainst.blog\/daistanbul_blog\/wp-content\/uploads\/sites\/20\/2025\/12\/1-Nathali-and-her-grandson-Alexander-Teteriatnikov-750x500.jpg 750w, https:\/\/www.dainst.blog\/daistanbul_blog\/wp-content\/uploads\/sites\/20\/2025\/12\/1-Nathali-and-her-grandson-Alexander-Teteriatnikov.jpg 1500w\" sizes=\"(max-width: 300px) 100vw, 300px\" \/>\n            <\/div>\n        <\/div><div class=\"eael-entry-wrapper\"><header class=\"eael-entry-header\"><h2 class=\"eael-entry-title\"><a class=\"eael-grid-post-link\" href=\"https:\/\/www.dainst.blog\/daistanbul_blog\/2025\/12\/08\/a-memory-from-the-archives\/\" title=\"A Memory from the Archives\">A Memory from the Archives<\/a><\/h2><\/header><div class=\"eael-entry-content\">\n                        <div class=\"eael-grid-post-excerpt\"><p>Years ago, in the days of analog photography, Natalia Teteriatnikov...<\/p><a href=\"https:\/\/www.dainst.blog\/daistanbul_blog\/2025\/12\/08\/a-memory-from-the-archives\/\" class=\"eael-post-elements-readmore-btn\">Read More<\/a><\/div>\n                    <\/div><div class=\"eael-entry-footer\"><div class=\"eael-entry-meta\"><\/div><\/div><\/div><\/div>\n        <\/div>\n    <\/article><article class=\"eael-grid-post  eael-post-grid-column eael-pg-post-5493 category-archaeological_research_more_than_digging-news\" data-id=\"5493\">\n        <div class=\"eael-grid-post-holder\">\n            <div class=\"eael-grid-post-holder-inner\"><div class=\"eael-entry-media\"><div class=\"eael-entry-overlay fade-in\"><i class=\"fas fa-long-arrow-alt-right\" aria-hidden=\"true\"><\/i><a href=\"https:\/\/www.dainst.blog\/daistanbul_blog\/2023\/05\/12\/the-view-through-the-camera-photography-in-archaeology\/\"><\/a><\/div><div class=\"eael-entry-thumbnail \">\n                <img decoding=\"async\" width=\"300\" height=\"300\" src=\"https:\/\/www.dainst.blog\/daistanbul_blog\/wp-content\/uploads\/sites\/20\/2023\/05\/Photography03-300x300.jpg\" class=\"attachment-medium size-medium wp-image-5490\" alt=\"\" srcset=\"https:\/\/www.dainst.blog\/daistanbul_blog\/wp-content\/uploads\/sites\/20\/2023\/05\/Photography03-300x300.jpg 300w, https:\/\/www.dainst.blog\/daistanbul_blog\/wp-content\/uploads\/sites\/20\/2023\/05\/Photography03-150x150.jpg 150w, https:\/\/www.dainst.blog\/daistanbul_blog\/wp-content\/uploads\/sites\/20\/2023\/05\/Photography03.jpg 448w\" sizes=\"(max-width: 300px) 100vw, 300px\" \/>\n            <\/div>\n        <\/div><div class=\"eael-entry-wrapper\"><header class=\"eael-entry-header\"><h2 class=\"eael-entry-title\"><a class=\"eael-grid-post-link\" href=\"https:\/\/www.dainst.blog\/daistanbul_blog\/2023\/05\/12\/the-view-through-the-camera-photography-in-archaeology\/\" title=\"The View Through the Camera. Photography in Archaeology\">The View Through the Camera. Photography in Archaeology<\/a><\/h2><\/header><div class=\"eael-entry-content\">\n                        <div class=\"eael-grid-post-excerpt\"><p>Antique remains used to be documented through drawings and engravings...<\/p><a href=\"https:\/\/www.dainst.blog\/daistanbul_blog\/2023\/05\/12\/the-view-through-the-camera-photography-in-archaeology\/\" class=\"eael-post-elements-readmore-btn\">Read More<\/a><\/div>\n                    <\/div><div class=\"eael-entry-footer\"><div class=\"eael-entry-meta\"><\/div><\/div><\/div><\/div>\n        <\/div>\n    <\/article><article class=\"eael-grid-post  eael-post-grid-column eael-pg-post-3690 category-archaeological_research_more_than_digging-news\" data-id=\"3690\">\n        <div class=\"eael-grid-post-holder\">\n            <div class=\"eael-grid-post-holder-inner\"><div class=\"eael-entry-media\"><div class=\"eael-entry-overlay fade-in\"><i class=\"fas fa-long-arrow-alt-right\" aria-hidden=\"true\"><\/i><a href=\"https:\/\/www.dainst.blog\/daistanbul_blog\/2022\/06\/02\/experimental-archaeology-research-strategy-with-a-wow-factor\/\"><\/a><\/div><div class=\"eael-entry-thumbnail \">\n                <img decoding=\"async\" width=\"300\" height=\"256\" src=\"https:\/\/www.dainst.blog\/daistanbul_blog\/wp-content\/uploads\/sites\/20\/2022\/05\/DAI-IST_mk_BLOG-Experimental-archaeology-2022_02-300x256.jpg\" class=\"attachment-medium size-medium wp-image-3720\" alt=\"\" srcset=\"https:\/\/www.dainst.blog\/daistanbul_blog\/wp-content\/uploads\/sites\/20\/2022\/05\/DAI-IST_mk_BLOG-Experimental-archaeology-2022_02-300x256.jpg 300w, https:\/\/www.dainst.blog\/daistanbul_blog\/wp-content\/uploads\/sites\/20\/2022\/05\/DAI-IST_mk_BLOG-Experimental-archaeology-2022_02-1024x873.jpg 1024w, https:\/\/www.dainst.blog\/daistanbul_blog\/wp-content\/uploads\/sites\/20\/2022\/05\/DAI-IST_mk_BLOG-Experimental-archaeology-2022_02-768x655.jpg 768w, https:\/\/www.dainst.blog\/daistanbul_blog\/wp-content\/uploads\/sites\/20\/2022\/05\/DAI-IST_mk_BLOG-Experimental-archaeology-2022_02-1536x1310.jpg 1536w, https:\/\/www.dainst.blog\/daistanbul_blog\/wp-content\/uploads\/sites\/20\/2022\/05\/DAI-IST_mk_BLOG-Experimental-archaeology-2022_02-750x640.jpg 750w, https:\/\/www.dainst.blog\/daistanbul_blog\/wp-content\/uploads\/sites\/20\/2022\/05\/DAI-IST_mk_BLOG-Experimental-archaeology-2022_02.jpg 1752w\" sizes=\"(max-width: 300px) 100vw, 300px\" \/>\n            <\/div>\n        <\/div><div class=\"eael-entry-wrapper\"><header class=\"eael-entry-header\"><h2 class=\"eael-entry-title\"><a class=\"eael-grid-post-link\" href=\"https:\/\/www.dainst.blog\/daistanbul_blog\/2022\/06\/02\/experimental-archaeology-research-strategy-with-a-wow-factor\/\" title=\"Experimental Archaeology \u2013 Research Strategy with a WOW Factor\">Experimental Archaeology \u2013 Research Strategy with a WOW Factor<\/a><\/h2><\/header><div class=\"eael-entry-content\">\n                        <div class=\"eael-grid-post-excerpt\"><p>What is the job of an archaeologist? Generally speaking: The...<\/p><a href=\"https:\/\/www.dainst.blog\/daistanbul_blog\/2022\/06\/02\/experimental-archaeology-research-strategy-with-a-wow-factor\/\" class=\"eael-post-elements-readmore-btn\">Read More<\/a><\/div>\n                    <\/div><div class=\"eael-entry-footer\"><div class=\"eael-entry-meta\"><\/div><\/div><\/div><\/div>\n        <\/div>\n    <\/article><article class=\"eael-grid-post  eael-post-grid-column eael-pg-post-3563 category-archaeological_research_more_than_digging-news\" data-id=\"3563\">\n        <div class=\"eael-grid-post-holder\">\n            <div class=\"eael-grid-post-holder-inner\"><div class=\"eael-entry-media\"><div class=\"eael-entry-overlay fade-in\"><i class=\"fas fa-long-arrow-alt-right\" aria-hidden=\"true\"><\/i><a href=\"https:\/\/www.dainst.blog\/daistanbul_blog\/2022\/04\/29\/archaeology-architecture-archaeotecture\/\"><\/a><\/div><div class=\"eael-entry-thumbnail \">\n                <img loading=\"lazy\" decoding=\"async\" width=\"300\" height=\"298\" src=\"https:\/\/www.dainst.blog\/daistanbul_blog\/wp-content\/uploads\/sites\/20\/2022\/04\/DAIST-Bauforschung-01_mk_2022-300x298.jpg\" class=\"attachment-medium size-medium wp-image-3565\" alt=\"\" srcset=\"https:\/\/www.dainst.blog\/daistanbul_blog\/wp-content\/uploads\/sites\/20\/2022\/04\/DAIST-Bauforschung-01_mk_2022-300x298.jpg 300w, https:\/\/www.dainst.blog\/daistanbul_blog\/wp-content\/uploads\/sites\/20\/2022\/04\/DAIST-Bauforschung-01_mk_2022-1024x1017.jpg 1024w, https:\/\/www.dainst.blog\/daistanbul_blog\/wp-content\/uploads\/sites\/20\/2022\/04\/DAIST-Bauforschung-01_mk_2022-150x150.jpg 150w, https:\/\/www.dainst.blog\/daistanbul_blog\/wp-content\/uploads\/sites\/20\/2022\/04\/DAIST-Bauforschung-01_mk_2022-768x763.jpg 768w, https:\/\/www.dainst.blog\/daistanbul_blog\/wp-content\/uploads\/sites\/20\/2022\/04\/DAIST-Bauforschung-01_mk_2022-750x745.jpg 750w, https:\/\/www.dainst.blog\/daistanbul_blog\/wp-content\/uploads\/sites\/20\/2022\/04\/DAIST-Bauforschung-01_mk_2022.jpg 1535w\" sizes=\"(max-width: 300px) 100vw, 300px\" \/>\n            <\/div>\n        <\/div><div class=\"eael-entry-wrapper\"><header class=\"eael-entry-header\"><h2 class=\"eael-entry-title\"><a class=\"eael-grid-post-link\" href=\"https:\/\/www.dainst.blog\/daistanbul_blog\/2022\/04\/29\/archaeology-architecture-archaeotecture\/\" title=\"Archaeology + Architecture = Archaeotecture\">Archaeology + Architecture = Archaeotecture<\/a><\/h2><\/header><div class=\"eael-entry-content\">\n                        <div class=\"eael-grid-post-excerpt\"><p>Architecture is often a very prominent feature on archaeological sites....<\/p><a href=\"https:\/\/www.dainst.blog\/daistanbul_blog\/2022\/04\/29\/archaeology-architecture-archaeotecture\/\" class=\"eael-post-elements-readmore-btn\">Read More<\/a><\/div>\n                    <\/div><div class=\"eael-entry-footer\"><div class=\"eael-entry-meta\"><\/div><\/div><\/div><\/div>\n        <\/div>\n    <\/article><article class=\"eael-grid-post  eael-post-grid-column eael-pg-post-3350 category-archaeological_research_more_than_digging-news\" data-id=\"3350\">\n        <div class=\"eael-grid-post-holder\">\n            <div class=\"eael-grid-post-holder-inner\"><div class=\"eael-entry-media\"><div class=\"eael-entry-overlay fade-in\"><i class=\"fas fa-long-arrow-alt-right\" aria-hidden=\"true\"><\/i><a href=\"https:\/\/www.dainst.blog\/daistanbul_blog\/2022\/03\/24\/zooarchaeology-the-stories-bones-tell\/\"><\/a><\/div><div class=\"eael-entry-thumbnail \">\n                <img loading=\"lazy\" decoding=\"async\" width=\"298\" height=\"300\" src=\"https:\/\/www.dainst.blog\/daistanbul_blog\/wp-content\/uploads\/sites\/20\/2022\/03\/DAI-Zooarch-02-298x300.jpg\" class=\"attachment-medium size-medium wp-image-3338\" alt=\"\" srcset=\"https:\/\/www.dainst.blog\/daistanbul_blog\/wp-content\/uploads\/sites\/20\/2022\/03\/DAI-Zooarch-02-298x300.jpg 298w, https:\/\/www.dainst.blog\/daistanbul_blog\/wp-content\/uploads\/sites\/20\/2022\/03\/DAI-Zooarch-02-1019x1024.jpg 1019w, https:\/\/www.dainst.blog\/daistanbul_blog\/wp-content\/uploads\/sites\/20\/2022\/03\/DAI-Zooarch-02-150x150.jpg 150w, https:\/\/www.dainst.blog\/daistanbul_blog\/wp-content\/uploads\/sites\/20\/2022\/03\/DAI-Zooarch-02-768x772.jpg 768w, https:\/\/www.dainst.blog\/daistanbul_blog\/wp-content\/uploads\/sites\/20\/2022\/03\/DAI-Zooarch-02-750x754.jpg 750w, https:\/\/www.dainst.blog\/daistanbul_blog\/wp-content\/uploads\/sites\/20\/2022\/03\/DAI-Zooarch-02.jpg 1489w\" sizes=\"(max-width: 298px) 100vw, 298px\" \/>\n            <\/div>\n        <\/div><div class=\"eael-entry-wrapper\"><header class=\"eael-entry-header\"><h2 class=\"eael-entry-title\"><a class=\"eael-grid-post-link\" href=\"https:\/\/www.dainst.blog\/daistanbul_blog\/2022\/03\/24\/zooarchaeology-the-stories-bones-tell\/\" title=\"Zooarchaeology: The Stories Bones Tell\">Zooarchaeology: The Stories Bones Tell<\/a><\/h2><\/header><div class=\"eael-entry-content\">\n                        <div class=\"eael-grid-post-excerpt\"><p>Zooarchaeology is the study of archaeological animal remains, which include...<\/p><a href=\"https:\/\/www.dainst.blog\/daistanbul_blog\/2022\/03\/24\/zooarchaeology-the-stories-bones-tell\/\" class=\"eael-post-elements-readmore-btn\">Read More<\/a><\/div>\n                    <\/div><div class=\"eael-entry-footer\"><div class=\"eael-entry-meta\"><\/div><\/div><\/div><\/div>\n        <\/div>\n    <\/article><article class=\"eael-grid-post  eael-post-grid-column eael-pg-post-2990 category-archaeological_research_more_than_digging-news\" data-id=\"2990\">\n        <div class=\"eael-grid-post-holder\">\n            <div class=\"eael-grid-post-holder-inner\"><div class=\"eael-entry-media\"><div class=\"eael-entry-overlay fade-in\"><i class=\"fas fa-long-arrow-alt-right\" aria-hidden=\"true\"><\/i><a href=\"https:\/\/www.dainst.blog\/daistanbul_blog\/2022\/02\/22\/archaeology-more-than-digging-the-conservation-architect\/\"><\/a><\/div><div class=\"eael-entry-thumbnail \">\n                <img loading=\"lazy\" decoding=\"async\" width=\"300\" height=\"228\" src=\"https:\/\/www.dainst.blog\/daistanbul_blog\/wp-content\/uploads\/sites\/20\/2022\/02\/02_Restoration_sta_mk-300x228.jpg\" class=\"attachment-medium size-medium wp-image-2994\" alt=\"\" srcset=\"https:\/\/www.dainst.blog\/daistanbul_blog\/wp-content\/uploads\/sites\/20\/2022\/02\/02_Restoration_sta_mk-300x228.jpg 300w, https:\/\/www.dainst.blog\/daistanbul_blog\/wp-content\/uploads\/sites\/20\/2022\/02\/02_Restoration_sta_mk-1024x779.jpg 1024w, https:\/\/www.dainst.blog\/daistanbul_blog\/wp-content\/uploads\/sites\/20\/2022\/02\/02_Restoration_sta_mk-768x584.jpg 768w, https:\/\/www.dainst.blog\/daistanbul_blog\/wp-content\/uploads\/sites\/20\/2022\/02\/02_Restoration_sta_mk-1536x1168.jpg 1536w, https:\/\/www.dainst.blog\/daistanbul_blog\/wp-content\/uploads\/sites\/20\/2022\/02\/02_Restoration_sta_mk-750x570.jpg 750w, https:\/\/www.dainst.blog\/daistanbul_blog\/wp-content\/uploads\/sites\/20\/2022\/02\/02_Restoration_sta_mk.jpg 1652w\" sizes=\"(max-width: 300px) 100vw, 300px\" \/>\n            <\/div>\n        <\/div><div class=\"eael-entry-wrapper\"><header class=\"eael-entry-header\"><h2 class=\"eael-entry-title\"><a class=\"eael-grid-post-link\" href=\"https:\/\/www.dainst.blog\/daistanbul_blog\/2022\/02\/22\/archaeology-more-than-digging-the-conservation-architect\/\" title=\"\u2026and what are you doing here?                    \u2013 Me? I am the conservation architect.\">\u2026and what are you doing here?                    \u2013 Me? I am the conservation architect.<\/a><\/h2><\/header><div class=\"eael-entry-content\">\n                        <div class=\"eael-grid-post-excerpt\"><p>What happens to newly exposed remains after an archaeological excavation...<\/p><a href=\"https:\/\/www.dainst.blog\/daistanbul_blog\/2022\/02\/22\/archaeology-more-than-digging-the-conservation-architect\/\" class=\"eael-post-elements-readmore-btn\">Read More<\/a><\/div>\n                    <\/div><div class=\"eael-entry-footer\"><div class=\"eael-entry-meta\"><\/div><\/div><\/div><\/div>\n        <\/div>\n    <\/article><article class=\"eael-grid-post  eael-post-grid-column eael-pg-post-3131 category-archaeological_research_more_than_digging-news\" data-id=\"3131\">\n        <div class=\"eael-grid-post-holder\">\n            <div class=\"eael-grid-post-holder-inner\"><div class=\"eael-entry-media\"><div class=\"eael-entry-overlay fade-in\"><i class=\"fas fa-long-arrow-alt-right\" aria-hidden=\"true\"><\/i><a href=\"https:\/\/www.dainst.blog\/daistanbul_blog\/2022\/02\/17\/archaeological-research-more-than-digging\/\"><\/a><\/div><div class=\"eael-entry-thumbnail \">\n                <img loading=\"lazy\" decoding=\"async\" width=\"300\" height=\"266\" src=\"https:\/\/www.dainst.blog\/daistanbul_blog\/wp-content\/uploads\/sites\/20\/2022\/02\/DAI-Blog-1_2022_colour-300x266.jpg\" class=\"attachment-medium size-medium wp-image-3133\" alt=\"\" srcset=\"https:\/\/www.dainst.blog\/daistanbul_blog\/wp-content\/uploads\/sites\/20\/2022\/02\/DAI-Blog-1_2022_colour-300x266.jpg 300w, https:\/\/www.dainst.blog\/daistanbul_blog\/wp-content\/uploads\/sites\/20\/2022\/02\/DAI-Blog-1_2022_colour-1024x909.jpg 1024w, https:\/\/www.dainst.blog\/daistanbul_blog\/wp-content\/uploads\/sites\/20\/2022\/02\/DAI-Blog-1_2022_colour-768x682.jpg 768w, https:\/\/www.dainst.blog\/daistanbul_blog\/wp-content\/uploads\/sites\/20\/2022\/02\/DAI-Blog-1_2022_colour-1536x1364.jpg 1536w, https:\/\/www.dainst.blog\/daistanbul_blog\/wp-content\/uploads\/sites\/20\/2022\/02\/DAI-Blog-1_2022_colour-2048x1819.jpg 2048w, https:\/\/www.dainst.blog\/daistanbul_blog\/wp-content\/uploads\/sites\/20\/2022\/02\/DAI-Blog-1_2022_colour-750x666.jpg 750w\" sizes=\"(max-width: 300px) 100vw, 300px\" \/>\n            <\/div>\n        <\/div><div class=\"eael-entry-wrapper\"><header class=\"eael-entry-header\"><h2 class=\"eael-entry-title\"><a class=\"eael-grid-post-link\" href=\"https:\/\/www.dainst.blog\/daistanbul_blog\/2022\/02\/17\/archaeological-research-more-than-digging\/\" title=\"Archaeological Research \u2013 More Than Digging\">Archaeological Research \u2013 More Than Digging<\/a><\/h2><\/header><div class=\"eael-entry-content\">\n                        <div class=\"eael-grid-post-excerpt\"><p>When visiting one of our archaeological sites like \u1e2aattu\u0161a-Bo\u011fazk\u00f6y, G\u00f6bekli...<\/p><a href=\"https:\/\/www.dainst.blog\/daistanbul_blog\/2022\/02\/17\/archaeological-research-more-than-digging\/\" class=\"eael-post-elements-readmore-btn\">Read More<\/a><\/div>\n                    <\/div><div class=\"eael-entry-footer\"><div class=\"eael-entry-meta\"><\/div><\/div><\/div><\/div>\n        <\/div>\n    <\/article><\/div>\n            <div class=\"clearfix\"><\/div>\n        <\/div>\t\t\t\t<\/div>\n\t\t\t\t<\/div>\n\t\t\t\t\t<\/div>\n\t\t<\/div>\n\t\t\t\t\t<\/div>\n\t\t<\/section>\n\t\t\t\t<\/div>\n\t\t","protected":false},"excerpt":{"rendered":"<p>When visiting one of our archaeological sites like \u1e2aattu\u0161a-Bo\u011fazk\u00f6y, G\u00f6bekli Tepe, or Pergamon-Bergama, you might be lucky enough to encounter our archaeologists in their \u201enatural environment\u201c. With spade, trowel or brush in hand, they remove earth and dust from the remains of ancient cultures. But\u2026 is it only archaeologists that work on archaeological excavations? Who [&hellip;]<\/p>\n","protected":false},"author":102,"featured_media":3133,"parent":0,"menu_order":0,"comment_status":"closed","ping_status":"closed","template":"","meta":{"footnotes":""},"class_list":["post-3475","page","type-page","status-publish","has-post-thumbnail","hentry"],"_links":{"self":[{"href":"https:\/\/www.dainst.blog\/daistanbul_blog\/wp-json\/wp\/v2\/pages\/3475"}],"collection":[{"href":"https:\/\/www.dainst.blog\/daistanbul_blog\/wp-json\/wp\/v2\/pages"}],"about":[{"href":"https:\/\/www.dainst.blog\/daistanbul_blog\/wp-json\/wp\/v2\/types\/page"}],"author":[{"embeddable":true,"href":"https:\/\/www.dainst.blog\/daistanbul_blog\/wp-json\/wp\/v2\/users\/102"}],"replies":[{"embeddable":true,"href":"https:\/\/www.dainst.blog\/daistanbul_blog\/wp-json\/wp\/v2\/comments?post=3475"}],"version-history":[{"count":13,"href":"https:\/\/www.dainst.blog\/daistanbul_blog\/wp-json\/wp\/v2\/pages\/3475\/revisions"}],"predecessor-version":[{"id":3489,"href":"https:\/\/www.dainst.blog\/daistanbul_blog\/wp-json\/wp\/v2\/pages\/3475\/revisions\/3489"}],"wp:featuredmedia":[{"embeddable":true,"href":"https:\/\/www.dainst.blog\/daistanbul_blog\/wp-json\/wp\/v2\/media\/3133"}],"wp:attachment":[{"href":"https:\/\/www.dainst.blog\/daistanbul_blog\/wp-json\/wp\/v2\/media?parent=3475"}],"curies":[{"name":"wp","href":"https:\/\/api.w.org\/{rel}","templated":true}]}}