{"id":6072,"date":"2023-07-05T09:16:12","date_gmt":"2023-07-05T07:16:12","guid":{"rendered":"https:\/\/www.dainst.blog\/daistanbul_blog\/?page_id=6072"},"modified":"2023-07-05T09:21:04","modified_gmt":"2023-07-05T07:21:04","slug":"people-behind-the-camera","status":"publish","type":"page","link":"https:\/\/www.dainst.blog\/daistanbul_blog\/people-behind-the-camera\/","title":{"rendered":"People Behind the Camera"},"content":{"rendered":"\t\t<div data-elementor-type=\"wp-page\" data-elementor-id=\"6072\" class=\"elementor elementor-6072\">\n\t\t\t\t\t\t<section class=\"elementor-section elementor-top-section elementor-element elementor-element-59a3f79d elementor-section-boxed elementor-section-height-default elementor-section-height-default\" data-id=\"59a3f79d\" data-element_type=\"section\" data-e-type=\"section\">\n\t\t\t\t\t\t<div class=\"elementor-container elementor-column-gap-default\">\n\t\t\t\t\t<div class=\"elementor-column elementor-col-100 elementor-top-column elementor-element elementor-element-57fa2bf5\" data-id=\"57fa2bf5\" data-element_type=\"column\" data-e-type=\"column\">\n\t\t\t<div class=\"elementor-widget-wrap\">\n\t\t\t\t\t\t\t<\/div>\n\t\t<\/div>\n\t\t\t\t\t<\/div>\n\t\t<\/section>\n\t\t\t\t<section class=\"elementor-section elementor-top-section elementor-element elementor-element-636ad6a elementor-section-boxed elementor-section-height-default elementor-section-height-default\" data-id=\"636ad6a\" data-element_type=\"section\" data-e-type=\"section\">\n\t\t\t\t\t\t<div class=\"elementor-container elementor-column-gap-default\">\n\t\t\t\t\t<div class=\"elementor-column elementor-col-100 elementor-top-column elementor-element elementor-element-42c4570\" data-id=\"42c4570\" data-element_type=\"column\" data-e-type=\"column\">\n\t\t\t<div class=\"elementor-widget-wrap elementor-element-populated\">\n\t\t\t\t\t\t<div class=\"elementor-element elementor-element-6596143 elementor-grid-eael-col-2 elementor-grid-tablet-eael-col-2 elementor-grid-mobile-eael-col-1 elementor-widget elementor-widget-eael-post-grid\" data-id=\"6596143\" data-element_type=\"widget\" data-e-type=\"widget\" data-settings=\"{&quot;eael_post_grid_columns&quot;:&quot;eael-col-2&quot;,&quot;eael_post_grid_columns_tablet&quot;:&quot;eael-col-2&quot;,&quot;eael_post_grid_columns_mobile&quot;:&quot;eael-col-1&quot;}\" data-widget_type=\"eael-post-grid.default\">\n\t\t\t\t<div class=\"elementor-widget-container\">\n\t\t\t\t\t<div id=\"eael-post-grid-6596143\" class=\"eael-post-grid-container\">\n            <div class=\"eael-post-grid eael-post-appender eael-post-appender-6596143 eael-post-grid-style-one\" data-layout-mode=\"masonry\"><article class=\"eael-grid-post  eael-post-grid-column eael-pg-post-6006 category-news-people_behind_the_camera\" data-id=\"6006\">\n        <div class=\"eael-grid-post-holder\">\n            <div class=\"eael-grid-post-holder-inner\"><div class=\"eael-entry-media\"><div class=\"eael-entry-overlay fade-in\"><i class=\"fas fa-long-arrow-alt-right\" aria-hidden=\"true\"><\/i><a href=\"https:\/\/www.dainst.blog\/daistanbul_blog\/2023\/07\/03\/digging-the-archive-tas-hanim\/\"><\/a><\/div><div class=\"eael-entry-thumbnail \">\n                <img fetchpriority=\"high\" decoding=\"async\" width=\"296\" height=\"300\" src=\"https:\/\/www.dainst.blog\/daistanbul_blog\/wp-content\/uploads\/sites\/20\/2023\/07\/D-DAI-IST-R29206-296x300.jpg\" class=\"attachment-medium size-medium wp-image-6010\" alt=\"\" srcset=\"https:\/\/www.dainst.blog\/daistanbul_blog\/wp-content\/uploads\/sites\/20\/2023\/07\/D-DAI-IST-R29206-296x300.jpg 296w, https:\/\/www.dainst.blog\/daistanbul_blog\/wp-content\/uploads\/sites\/20\/2023\/07\/D-DAI-IST-R29206-1009x1024.jpg 1009w, https:\/\/www.dainst.blog\/daistanbul_blog\/wp-content\/uploads\/sites\/20\/2023\/07\/D-DAI-IST-R29206-768x779.jpg 768w, https:\/\/www.dainst.blog\/daistanbul_blog\/wp-content\/uploads\/sites\/20\/2023\/07\/D-DAI-IST-R29206-1514x1536.jpg 1514w, https:\/\/www.dainst.blog\/daistanbul_blog\/wp-content\/uploads\/sites\/20\/2023\/07\/D-DAI-IST-R29206-2019x2048.jpg 2019w, https:\/\/www.dainst.blog\/daistanbul_blog\/wp-content\/uploads\/sites\/20\/2023\/07\/D-DAI-IST-R29206-750x761.jpg 750w\" sizes=\"(max-width: 296px) 100vw, 296px\" \/>\n            <\/div>\n        <\/div><div class=\"eael-entry-wrapper\"><header class=\"eael-entry-header\"><h2 class=\"eael-entry-title\"><a class=\"eael-grid-post-link\" href=\"https:\/\/www.dainst.blog\/daistanbul_blog\/2023\/07\/03\/digging-the-archive-tas-hanim\/\" title=\"Ta\u015f Han\u0131m\">Ta\u015f Han\u0131m<\/a><\/h2><\/header><\/div><\/div>\n        <\/div>\n    <\/article><\/div>\n            <div class=\"clearfix\"><\/div>\n        <\/div>\t\t\t\t<\/div>\n\t\t\t\t<\/div>\n\t\t\t\t\t<\/div>\n\t\t<\/div>\n\t\t\t\t\t<\/div>\n\t\t<\/section>\n\t\t\t\t<\/div>\n\t\t","protected":false},"excerpt":{"rendered":"<p>&lt;a href=&quot;https:\/\/www.dainst.blog\/daistanbul_blog\/2023\/07\/03\/digging-the-archive-tas-hanim\/&quot; title=&quot;Digging the Archive &#8211; Ta\u015f Han\u0131m&#8220;&gt;Digging the Archive &#8211; Ta\u015f Han\u0131m<\/p>\n","protected":false},"author":102,"featured_media":0,"parent":0,"menu_order":0,"comment_status":"closed","ping_status":"closed","template":"","meta":{"footnotes":""},"class_list":["post-6072","page","type-page","status-publish","hentry"],"_links":{"self":[{"href":"https:\/\/www.dainst.blog\/daistanbul_blog\/wp-json\/wp\/v2\/pages\/6072"}],"collection":[{"href":"https:\/\/www.dainst.blog\/daistanbul_blog\/wp-json\/wp\/v2\/pages"}],"about":[{"href":"https:\/\/www.dainst.blog\/daistanbul_blog\/wp-json\/wp\/v2\/types\/page"}],"author":[{"embeddable":true,"href":"https:\/\/www.dainst.blog\/daistanbul_blog\/wp-json\/wp\/v2\/users\/102"}],"replies":[{"embeddable":true,"href":"https:\/\/www.dainst.blog\/daistanbul_blog\/wp-json\/wp\/v2\/comments?post=6072"}],"version-history":[{"count":7,"href":"https:\/\/www.dainst.blog\/daistanbul_blog\/wp-json\/wp\/v2\/pages\/6072\/revisions"}],"predecessor-version":[{"id":6079,"href":"https:\/\/www.dainst.blog\/daistanbul_blog\/wp-json\/wp\/v2\/pages\/6072\/revisions\/6079"}],"wp:attachment":[{"href":"https:\/\/www.dainst.blog\/daistanbul_blog\/wp-json\/wp\/v2\/media?parent=6072"}],"curies":[{"name":"wp","href":"https:\/\/api.w.org\/{rel}","templated":true}]}}