{"id":7297,"date":"2024-02-13T08:51:36","date_gmt":"2024-02-13T07:51:36","guid":{"rendered":"https:\/\/www.dainst.blog\/daistanbul_blog\/?page_id=7297"},"modified":"2024-02-13T09:26:44","modified_gmt":"2024-02-13T08:26:44","slug":"event-archive","status":"publish","type":"page","link":"https:\/\/www.dainst.blog\/daistanbul_blog\/event-archive\/","title":{"rendered":"Event Archive"},"content":{"rendered":"\n<p><\/p>\n\n\n\n<p><strong>25.08.2022<\/strong>, 19.00 (18:00 CEST) | Pergamon und seine vielschichtige Kulturlandschaft (Felix Pirson) |\u00a0<em>Online Lecture<\/em><\/p>\n\n\n\n<hr class=\"wp-block-separator has-alpha-channel-opacity\" \/>\n\n\n\n<p><strong>28.04.2022<\/strong>, 18:00 (17:00 CEST) | Patara. Die urbanistische Entwicklung einer Metropole. Zum Gedenken an Prof. Dr. Haluk Abbasoglu (Havva \u0130\u015fkan I\u015f\u0131k) |\u00a0<em>Hybrid Lecture<\/em><\/p>\n\n\n\n<hr class=\"wp-block-separator has-alpha-channel-opacity\" \/>\n\n\n\n<p><strong>21.04.2022<\/strong>, 18:00 (17:00 CEST) | Fortifications of the Northern Bosphorus: Research on the Upper Rumeli Kavak Fortress (Gizem D\u00f6rter) |\u00a0<em>Online Lecture<\/em><\/p>\n\n\n\n<hr class=\"wp-block-separator has-alpha-channel-opacity\" \/>\n\n\n\n<p><strong>07.04.2022<\/strong>, 18:00 (17:00 CEST) | Zwischen Anspruch und Notwendigkeit: die hispano-r\u00f6mische Kleinstadt Munigua in der Baetica (Thomas Schattner) |\u00a0<em>Hybrid Lecture<\/em><\/p>\n\n\n\n<hr class=\"wp-block-separator has-alpha-channel-opacity\" \/>\n\n\n\n<p><strong>17.03.2022<\/strong>, 18:00 (16:00 CET) | Urban complexity and human-environment interactions in Bronze Aget o Hellenistic Anatolia (Dries Deams) |\u00a0<em>Online Lecture<\/em><\/p>\n\n\n\n<hr class=\"wp-block-separator has-alpha-channel-opacity\" \/>\n\n\n\n<p><strong>03.03.2022<\/strong>, 18:00 (16:00 CET) | Earthen Empire: Earth and Turf construction in the Roman NW provinces and beyond (Tanja Romankiewicz, Ben Russell and Riley Snyder) |\u00a0<em>Online Lecture<\/em><\/p>\n\n\n\n<hr class=\"wp-block-separator has-alpha-channel-opacity\" \/>\n\n\n\n<p><strong>17.02.2022<\/strong>, 18:00 (16:00 CET) | Neuere Forschungen zum Fr\u00fchneolithikum in der S\u00fcdostt\u00fcrkei: Karahantepe und G\u00f6bekli Tepe (Necmi Karul &amp; Lee Clare) |\u00a0<em>Online Lecture<\/em><\/p>\n\n\n\n<hr class=\"wp-block-separator has-alpha-channel-opacity\" \/>\n\n\n\n<p><strong>09.12.2021<\/strong>, 18:00 (16:00 CET) | Winckelmann\u2019s Celebration, Lecture: Neues aus den Grenzmarken des Assyrischen Reichs (Karen Radner) |\u00a0<em>Online Lecture<\/em><\/p>\n\n\n\n<hr class=\"wp-block-separator has-alpha-channel-opacity\" \/>\n\n\n\n<p><strong>25.11.2021<\/strong>, 18:00 (16:00 CET) |<a href=\"https:\/\/www.dainst.blog\/daistanbul_blog\/2021\/11\/03\/lecture-announcement-about-late-chalcolithic-ceramics-new-insights-from-the-malatya-elazig-region\/\">\u00a0About Late Chalcolithic ceramics \u2013 New insights from the Malatya-Elaz\u0131\u011f Region<\/a>\u00a0(Maria Bianca d\u2019Anna)|\u00a0<em>Online Lecture<\/em><\/p>\n\n\n\n<hr class=\"wp-block-separator has-alpha-channel-opacity\" \/>\n\n\n\n<p><strong>28.10.2021<\/strong>, 18:00 (16:00 CET) |\u00a0<a href=\"https:\/\/www.dainst.blog\/daistanbul_blog\/2021\/10\/14\/lecture-announcement-die-bagdadbahn-ein-deutsch-tuerkisches-kooperationsprojekt\/\">Die Bagdadbahn. Ein Deutsch-T\u00fcrkisches Kooperationsprojekt<\/a>\u00a0(Max Florian Hertsch, Mutlu Er) | Online Lecture<\/p>\n\n\n\n<hr class=\"wp-block-separator has-alpha-channel-opacity\" \/>\n\n\n\n<p><strong>04.06 \u2013 05.06.2021<\/strong>&nbsp;|&nbsp;<a href=\"https:\/\/www.dainst.blog\/daistanbul_blog\/2021\/05\/20\/workshop-announcement-remote-sensing-ecology-and-heritage-management\/\">40th International Mediterranean Survey Workshop 2021 \u201eRemote Sensing, Ecology and Heritage Management\u201c<\/a>, organised by Elif Koparal (Mimar Sinan Fine Arts University) and Felix Pirson (German Archaeological Institute) |&nbsp;<em>Online Workshop<\/em><\/p>\n\n\n\n<hr class=\"wp-block-separator has-alpha-channel-opacity\" \/>\n\n\n\n<p><strong>23.04.2021<\/strong>, 13.00 \u2013 16.30 (CET) |&nbsp;<a href=\"https:\/\/www.dainst.blog\/daistanbul_blog\/wp-content\/uploads\/sites\/20\/2021\/04\/20210423_Einladung_Kolloquium_A.Hoffmann-2.pdf\" target=\"_blank\" rel=\"noreferrer noopener\">In 80 Jahren um die Welt. Kolloquium anl\u00e4sslich des 80. Geburtstags von Adolf Hoffmann<\/a>&nbsp;|&nbsp;<a href=\"https:\/\/dainst-org.zoom.us\/meeting\/register\/%20tJYlceCtqDspHNCHmSu-YZMJKFZr6aitTfbR\"><em>Online Lecture<\/em><\/a><\/p>\n\n\n\n<hr class=\"wp-block-separator has-alpha-channel-opacity\" \/>\n\n\n\n<p><strong>15.04.2021<\/strong>,18:00 (17:00 CEST) |\u00a0<a rel=\"noreferrer noopener\" href=\"https:\/\/www.dainst.blog\/daistanbul_blog\/wp-content\/uploads\/sites\/20\/2020\/12\/2020-2021-DAI-Istanbul-Vortraege.pdf\" target=\"_blank\">Constantinople in Late Antiquity: Sacred Space and Urban Topography<\/a>\u00a0(Nadine Viermann et al.) |\u00a0<em>Online Lecture<\/em><\/p>\n\n\n\n<hr class=\"wp-block-separator has-alpha-channel-opacity\" \/>\n\n\n\n<p><strong>01.04.2021<\/strong>, 18:00 (17:00 CEST) |\u00a0<a rel=\"noreferrer noopener\" href=\"https:\/\/www.dainst.blog\/daistanbul_blog\/wp-content\/uploads\/sites\/20\/2020\/12\/2020-2021-DAI-Istanbul-Vortraege.pdf\" target=\"_blank\">Visualising Heritage Narratives Didactic Heritage Conservation \u2013 Archaeological Experiments \u2013 Graphics<\/a>\u00a0(Se\u00e7il Tezer Altay, J\u00fcrgen Seeher, Moritz Kinzel) |\u00a0<em>Online Lecture<\/em><\/p>\n\n\n\n<hr class=\"wp-block-separator has-alpha-channel-opacity\" \/>\n\n\n\n<p><strong>18.03.2021<\/strong>, 18:00 (16:00 CET) |\u00a0<a rel=\"noreferrer noopener\" href=\"https:\/\/www.dainst.blog\/daistanbul_blog\/wp-content\/uploads\/sites\/20\/2020\/12\/2020-2021-DAI-Istanbul-Vortraege.pdf\" target=\"_blank\">Human-Environment Interactions in Prehistoric Anatolia<\/a>\u00a0(Lee Clare et al.) |\u00a0<em>Online Lecture<\/em><\/p>\n\n\n\n<hr class=\"wp-block-separator has-alpha-channel-opacity\" \/>\n\n\n\n<p><strong>04.03.2021<\/strong>, 18:00 (16:00 CET) |\u00a0<a rel=\"noreferrer noopener\" href=\"https:\/\/www.dainst.blog\/daistanbul_blog\/wp-content\/uploads\/sites\/20\/2020\/12\/2020-2021-DAI-Istanbul-Vortraege.pdf\" target=\"_blank\">Building in Byzantium<\/a>\u00a0(Alkiviadis Ginalis et al.) |\u00a0<em>Online Lecture<\/em><\/p>\n\n\n\n<hr class=\"wp-block-separator has-alpha-channel-opacity\" \/>\n\n\n\n<p><strong>18.02.2021<\/strong>, 18:00 (16:00 CET) |\u00a0<a rel=\"noreferrer noopener\" href=\"https:\/\/www.dainst.blog\/daistanbul_blog\/wp-content\/uploads\/sites\/20\/2021\/01\/Schachner-et-al-2021_Plakat-1-scaled.jpg\" target=\"_blank\">About Assyrians, Hittites and Romans in Bo\u011fazk\u00f6y \/ Hattu\u0161a<\/a>\u00a0(Andreas Schachner, Daniel Schwemer, Dominique Kr\u00fcger)|\u00a0<em>Online Lecture<\/em><\/p>\n\n\n\n<hr class=\"wp-block-separator has-alpha-channel-opacity\" \/>\n\n\n\n<p><strong>25.01.2021<\/strong>, 15:15 (CET) |<a href=\"https:\/\/www.dainst.blog\/daistanbul_blog\/wp-content\/uploads\/sites\/20\/2021\/01\/Plakat-SfM_Yaser.pdf\" target=\"_blank\" rel=\"noreferrer noopener\">&nbsp;Heritage documentation in conflict time \u2013 Old Aleppo as an example<\/a>&nbsp;(Yasser Dellal)|&nbsp;<em>Online Event<\/em><\/p>\n\n\n\n<hr class=\"wp-block-separator has-alpha-channel-opacity\" \/>\n\n\n\n<p><strong>18.01.2021<\/strong>, 15:15 (CET) |&nbsp;<a href=\"https:\/\/www.dainst.blog\/daistanbul_blog\/wp-content\/uploads\/sites\/20\/2021\/01\/Plakat-SfM_Ludwig-1.pdf\" target=\"_blank\" rel=\"noreferrer noopener\">SfM in der Befunddokumentation auf Grabung und Survey \u2013 Neue M\u00f6glichkeiten und Zukunftsperspektiven der 3D-Dokumentation und Darstellung<\/a>&nbsp;(Bernhard Ludwig) | Online Lecture<\/p>\n\n\n\n<hr class=\"wp-block-separator has-alpha-channel-opacity\" \/>\n\n\n\n<p><strong>10.12.2020<\/strong>, 18:00 (16:00 CET)|\u00a0<a rel=\"noreferrer noopener\" href=\"https:\/\/www.dainst.blog\/daistanbul_blog\/2020\/12\/01\/daistanbul-digital-die-etwas-andere-winckelmannsfeier\/\" target=\"_blank\">Winckelmann\u2019s Celebration<\/a>\u00a0(Pergamon \u2013 Die neue arch\u00e4ologische Karte; Zeyrek-Web-GIS; Syria 1999)|\u00a0<em>Online Event<\/em><\/p>\n\n\n\n<hr class=\"wp-block-separator has-alpha-channel-opacity\" \/>\n\n\n\n<p><strong>26.11.2020<\/strong>, 18:00 (16:00 CET) |\u00a0<a rel=\"noreferrer noopener\" href=\"https:\/\/www.dainst.blog\/transpergmikro\/wp-content\/uploads\/sites\/10\/2020\/11\/20_Pandemies-and-Healing-at-Roman-Pergamon.pdf\" target=\"_blank\">Pandemies and Healing at Roman Pergamon<\/a>\u00a0(Felix Pirson, Murat Tozan, Ulrich Mania, Wolf-R\u00fcdiger Teegen)|\u00a0<em>Online Lecture<\/em><\/p>\n","protected":false},"excerpt":{"rendered":"<p>25.08.2022, 19.00 (18:00 CEST) | Pergamon und seine vielschichtige Kulturlandschaft (Felix Pirson) |\u00a0Online Lecture 28.04.2022, 18:00 (17:00 CEST) | Patara. Die urbanistische Entwicklung einer Metropole. Zum Gedenken an Prof. Dr. Haluk Abbasoglu (Havva \u0130\u015fkan I\u015f\u0131k) |\u00a0Hybrid Lecture 21.04.2022, 18:00 (17:00 CEST) | Fortifications of the Northern Bosphorus: Research on the Upper Rumeli Kavak Fortress (Gizem [&hellip;]<\/p>\n","protected":false},"author":102,"featured_media":0,"parent":0,"menu_order":0,"comment_status":"closed","ping_status":"closed","template":"","meta":{"footnotes":""},"class_list":["post-7297","page","type-page","status-publish","hentry"],"_links":{"self":[{"href":"https:\/\/www.dainst.blog\/daistanbul_blog\/wp-json\/wp\/v2\/pages\/7297"}],"collection":[{"href":"https:\/\/www.dainst.blog\/daistanbul_blog\/wp-json\/wp\/v2\/pages"}],"about":[{"href":"https:\/\/www.dainst.blog\/daistanbul_blog\/wp-json\/wp\/v2\/types\/page"}],"author":[{"embeddable":true,"href":"https:\/\/www.dainst.blog\/daistanbul_blog\/wp-json\/wp\/v2\/users\/102"}],"replies":[{"embeddable":true,"href":"https:\/\/www.dainst.blog\/daistanbul_blog\/wp-json\/wp\/v2\/comments?post=7297"}],"version-history":[{"count":3,"href":"https:\/\/www.dainst.blog\/daistanbul_blog\/wp-json\/wp\/v2\/pages\/7297\/revisions"}],"predecessor-version":[{"id":7308,"href":"https:\/\/www.dainst.blog\/daistanbul_blog\/wp-json\/wp\/v2\/pages\/7297\/revisions\/7308"}],"wp:attachment":[{"href":"https:\/\/www.dainst.blog\/daistanbul_blog\/wp-json\/wp\/v2\/media?parent=7297"}],"curies":[{"name":"wp","href":"https:\/\/api.w.org\/{rel}","templated":true}]}}