{"id":374,"date":"2019-07-22T14:39:25","date_gmt":"2019-07-22T12:39:25","guid":{"rendered":"http:\/\/www.dainst.blog\/entangled-africa\/?page_id=374"},"modified":"2022-07-21T12:21:16","modified_gmt":"2022-07-21T10:21:16","slug":"contact","status":"publish","type":"page","link":"https:\/\/www.dainst.blog\/entangled-africa\/en\/contact\/","title":{"rendered":"Contact"},"content":{"rendered":"\t\t<div data-elementor-type=\"wp-post\" data-elementor-id=\"374\" class=\"elementor elementor-374\">\n\t\t\t\t\t\t<section class=\"elementor-section elementor-top-section elementor-element elementor-element-2fc2385 elementor-section-boxed elementor-section-height-default elementor-section-height-default\" data-id=\"2fc2385\" data-element_type=\"section\" data-e-type=\"section\">\n\t\t\t\t\t\t<div class=\"elementor-container elementor-column-gap-default\">\n\t\t\t\t\t<div class=\"elementor-column elementor-col-100 elementor-top-column elementor-element elementor-element-732d052\" data-id=\"732d052\" data-element_type=\"column\" data-e-type=\"column\">\n\t\t\t<div class=\"elementor-widget-wrap elementor-element-populated\">\n\t\t\t\t\t\t<div class=\"elementor-element elementor-element-722f961 elementor-widget elementor-widget-heading\" data-id=\"722f961\" data-element_type=\"widget\" data-e-type=\"widget\" data-widget_type=\"heading.default\">\n\t\t\t\t<div class=\"elementor-widget-container\">\n\t\t\t\t\t<h2 class=\"elementor-heading-title elementor-size-default\">Contact<\/h2>\t\t\t\t<\/div>\n\t\t\t\t<\/div>\n\t\t\t\t\t<\/div>\n\t\t<\/div>\n\t\t\t\t\t<\/div>\n\t\t<\/section>\n\t\t\t\t<section class=\"elementor-section elementor-top-section elementor-element elementor-element-bd94979 elementor-section-boxed elementor-section-height-default elementor-section-height-default\" data-id=\"bd94979\" data-element_type=\"section\" data-e-type=\"section\">\n\t\t\t\t\t\t<div class=\"elementor-container elementor-column-gap-default\">\n\t\t\t\t\t<div class=\"elementor-column elementor-col-100 elementor-top-column elementor-element elementor-element-514446e4\" data-id=\"514446e4\" data-element_type=\"column\" data-e-type=\"column\">\n\t\t\t<div class=\"elementor-widget-wrap elementor-element-populated\">\n\t\t\t\t\t\t<div class=\"elementor-element elementor-element-7762eddc elementor-widget elementor-widget-text-editor\" data-id=\"7762eddc\" data-element_type=\"widget\" data-e-type=\"widget\" data-widget_type=\"text-editor.default\">\n\t\t\t\t<div class=\"elementor-widget-container\">\n\t\t\t\t\t\t\t\t\t<p><strong>General inquiries<\/strong> <br \/>Mail to <a href=\"mailto:spp2143@dainst.de\">spp2143@dainst.de<\/a> <br \/>We forward your request internally to the responsible authority.<\/p><p><strong>Project manager<\/strong><br \/>PD Dr. J\u00f6rg Linst\u00e4dter<br \/>Commission for Archeology of Non-European Cultures<br \/>Scientific Director<br \/>D\u00fcrenstr. 35\u201337<br \/>53173 Bonn<br \/><a href=\"mailto:joerg.linstaedter@dainst.de\">joerg.linstaedter@dainst.de<\/a><\/p><p><strong>Scientific coordination and public relations<\/strong><br \/>Dr. Johanna Sigl<br \/>Commission for Archeology of Non-European Cultures<br \/>Scientific Associate<br \/>D\u00fcrenstr. 35\u201337<br \/>53173 Bonn<br \/>Tel. +49 (228) 997712 \u2013 526<br \/><a href=\"mailto:johanna.sigl@dainst.de\">johanna.sigl@dainst.de<\/a><\/p><p><strong>Webdesign und project management<\/strong><br \/>Florian Lukas<br \/>Kommission f\u00fcr Arch\u00e4ologie Au\u00dfereurop\u00e4ischer Kulturen<br \/>Wissenschaftliche Mitarbeiterin<br \/>D\u00fcrenstr. 35\u201337<br \/>53173 Bonn<br \/><a href=\"mailto:florian.lukas@dainst.de\">florian.lukas@dainst.de<\/a><\/p><p><strong>Information is also available via the German Research Foundation (DFG)<\/strong><br \/>Dr. Christoph K\u00fcmmel<br \/>Kennedyallee 40<br \/>53175 Bonn<br \/>Tel. +49 (228) 885 \u2013 2294<br \/><a href=\"mailto:Christoph.Kuemmel@dfg.de\">Christoph.Kuemmel@dfg.de<\/a><\/p>\t\t\t\t\t\t\t\t<\/div>\n\t\t\t\t<\/div>\n\t\t\t\t\t<\/div>\n\t\t<\/div>\n\t\t\t\t\t<\/div>\n\t\t<\/section>\n\t\t\t\t<section class=\"elementor-section elementor-top-section elementor-element elementor-element-77ab259 elementor-section-boxed elementor-section-height-default elementor-section-height-default\" data-id=\"77ab259\" data-element_type=\"section\" data-e-type=\"section\">\n\t\t\t\t\t\t<div class=\"elementor-container elementor-column-gap-default\">\n\t\t\t\t\t<div class=\"elementor-column elementor-col-100 elementor-top-column elementor-element elementor-element-be0dea8\" data-id=\"be0dea8\" data-element_type=\"column\" data-e-type=\"column\">\n\t\t\t<div class=\"elementor-widget-wrap elementor-element-populated\">\n\t\t\t\t\t\t<div class=\"elementor-element elementor-element-fb94c42 elementor-widget elementor-widget-heading\" data-id=\"fb94c42\" data-element_type=\"widget\" data-e-type=\"widget\" data-widget_type=\"heading.default\">\n\t\t\t\t<div class=\"elementor-widget-container\">\n\t\t\t\t\t<h2 class=\"elementor-heading-title elementor-size-default\">Legal notice<\/h2>\t\t\t\t<\/div>\n\t\t\t\t<\/div>\n\t\t\t\t\t<\/div>\n\t\t<\/div>\n\t\t\t\t\t<\/div>\n\t\t<\/section>\n\t\t\t\t<section class=\"elementor-section elementor-top-section elementor-element elementor-element-ef466e2 elementor-section-boxed elementor-section-height-default elementor-section-height-default\" data-id=\"ef466e2\" data-element_type=\"section\" data-e-type=\"section\">\n\t\t\t\t\t\t<div class=\"elementor-container elementor-column-gap-default\">\n\t\t\t\t\t<div class=\"elementor-column elementor-col-50 elementor-top-column elementor-element elementor-element-4d5a112\" data-id=\"4d5a112\" data-element_type=\"column\" data-e-type=\"column\">\n\t\t\t<div class=\"elementor-widget-wrap elementor-element-populated\">\n\t\t\t\t\t\t<div class=\"elementor-element elementor-element-4a3109d elementor-widget elementor-widget-text-editor\" data-id=\"4a3109d\" data-element_type=\"widget\" data-e-type=\"widget\" data-widget_type=\"text-editor.default\">\n\t\t\t\t<div class=\"elementor-widget-container\">\n\t\t\t\t\t\t\t\t\t<p>The webcontent at <a href=\"https:\/\/www.dainst.blog\/entangled-africa\/\">www.dainst.blog\/entangled-africa\/<\/a> is published by:<br \/><br \/><br \/><\/p><p>Commission for Archaeology of Non-European Cultures (KAAK)<br \/><br \/>D\u00fcrenstr. 35&#8211;37<br \/><br \/>53173 Bonn<br \/><br \/>phone: +49 (228) 997712 &#8211; 0<br \/><br \/>email: <a href=\"mailto:sekretariat.kaak@dainst.de\">sekretariat.kaak@dainst.de<\/a><br \/><br \/>website: <a href=\"https:\/\/www.dainst.org\/standort\/kaak-bonn\/hom\">www.dainst.org\/standort\/kaak-bonn\/home<\/a><\/p><p><br \/><br \/>The German Archaeological Institute is a federal research institute in the portfolio of the Federal Foreign Office. It is represented by its president, Prof. Dr. Dr. h. c. Friederike Fless.<br \/><br \/><br \/><\/p><p><strong>Idea and Concept<\/strong><br \/><br \/>Ann-Katharin Bahr, Johanna Sigl, and Florian Lukas<br \/><br \/><br \/><\/p><p><strong>Editing and production<\/strong><br \/><br \/>Johanna Sigl<\/p><p><br \/><br \/><br \/><br \/><br \/><br \/><br \/><br \/><\/p><p><strong>Disclaimer<\/strong><\/p><p>The German Archaeological Institute is responsible as a content provider according to \u00a7 7 para.1 of the German Telemedia Act for its own content, which it provides for use, under the general laws.<\/p><p>The German Archaeological Institute makes every effort to ensure that its web content is always up to date, correct and complete. The German Archaeological Institute accepts no liability for the information posted on its website being up to date, correct and complete, unless the errors were the result of a deliberate act or gross negligence. The same applies to any material or non-material loss or damage incurred by third parties and ensuing from the use of this website. All offers are subject to change and non-binding. The German Archaeological Institute expressly reserves the right to alter, supplement or delete sections of web pages or the entire Internet presence without advance notice, or to temporarily suspend or definitively discontinue publication thereof.<\/p>\t\t\t\t\t\t\t\t<\/div>\n\t\t\t\t<\/div>\n\t\t\t\t\t<\/div>\n\t\t<\/div>\n\t\t\t\t<div class=\"elementor-column elementor-col-50 elementor-top-column elementor-element elementor-element-6ba1a72\" data-id=\"6ba1a72\" data-element_type=\"column\" data-e-type=\"column\">\n\t\t\t<div class=\"elementor-widget-wrap elementor-element-populated\">\n\t\t\t\t\t\t<div class=\"elementor-element elementor-element-866f788 elementor-widget elementor-widget-text-editor\" data-id=\"866f788\" data-element_type=\"widget\" data-e-type=\"widget\" data-widget_type=\"text-editor.default\">\n\t\t\t\t<div class=\"elementor-widget-container\">\n\t\t\t\t\t\t\t\t\t<p><strong>Copyright<\/strong><br \/>The content, particularly texts, image material and all multimedia elements and multimedia content on the German Archaeological Institute website are protected by copyright. All rights are reserved.<br \/>If you wish to integrate our texts in your website, please do so by posting a link to our website rather than by physically transferring the texts. Photomechanical reproduction, duplication or distribution by use of special processes (for example data processing, data carriers and data networks), even of excerpts, is not permitted without the express authorization of the German Archaeological Institute.<\/p><p><strong>External links<\/strong><br \/>The German Archaeological Institute hereby expressly declares that in the case of direct or indirect links to external web sites (&#8222;hyperlinks&#8220;) that are outside the German Archaeological Institute&#8217;s scope of responsibility no illegal content was detectable on the hyperlinked web pages at the time the links were placed. The German Archaeological Institute undertakes all reasonable and technically possible efforts to check this, but has no influence whatever upon the current and future design, content or authorship of the hyperlinked web pages. For this reason the German Archaeological Institute distances itself explicitly from all content on all hyperlinked web pages that are modified after linking. This applies to all links on the German Archaeological Institute&#8217;s own website as well as to external entries in its visitor books, discussion forums, link registers, mailing lists and all other forms of databases whose content can be modified externally. Liability for illegal, erroneous or incomplete content and in particular for damage or loss that results from the use or non-use of any such information provided shall lie solely with the publisher of the web page to which the link refers, and not with the party that merely provides a link to the publication in question.<\/p><p><strong>Legal validity<\/strong><br \/>This exclusion of liability is part of the website of the German Archaeological Institute. If individual formulations or parts of this text no longer comply, or fully comply, with applicable law, the remaining parts of this declaration shall remain effective.<\/p><p>If the German Archaeological Institute provides links to web pages whose content may be deemed objectionable, please notify the website&#8217;s editorial office. Please also inform us if any of our own content is not up to date, complete or free of error.<\/p>\t\t\t\t\t\t\t\t<\/div>\n\t\t\t\t<\/div>\n\t\t\t\t\t<\/div>\n\t\t<\/div>\n\t\t\t\t\t<\/div>\n\t\t<\/section>\n\t\t\t\t<\/div>\n\t\t","protected":false},"excerpt":{"rendered":"<p>Contact General inquiries Mail to spp2143@dainst.de We forward your request internally to the responsible authority. Project managerPD Dr. J\u00f6rg Linst\u00e4dterCommission for Archeology of Non-European CulturesScientific DirectorD\u00fcrenstr. 35\u20133753173 Bonnjoerg.linstaedter@dainst.de Scientific coordination and public relationsDr. Johanna SiglCommission for Archeology of Non-European CulturesScientific AssociateD\u00fcrenstr. 35\u20133753173 BonnTel. +49 (228) 997712 \u2013 526johanna.sigl@dainst.de Webdesign und project managementFlorian LukasKommission f\u00fcr Arch\u00e4ologie [&hellip;]<\/p>\n","protected":false},"author":29,"featured_media":0,"parent":0,"menu_order":0,"comment_status":"closed","ping_status":"closed","template":"","meta":{"footnotes":""},"class_list":["post-374","page","type-page","status-publish","hentry","post"],"_links":{"self":[{"href":"https:\/\/www.dainst.blog\/entangled-africa\/wp-json\/wp\/v2\/pages\/374"}],"collection":[{"href":"https:\/\/www.dainst.blog\/entangled-africa\/wp-json\/wp\/v2\/pages"}],"about":[{"href":"https:\/\/www.dainst.blog\/entangled-africa\/wp-json\/wp\/v2\/types\/page"}],"author":[{"embeddable":true,"href":"https:\/\/www.dainst.blog\/entangled-africa\/wp-json\/wp\/v2\/users\/29"}],"replies":[{"embeddable":true,"href":"https:\/\/www.dainst.blog\/entangled-africa\/wp-json\/wp\/v2\/comments?post=374"}],"version-history":[{"count":20,"href":"https:\/\/www.dainst.blog\/entangled-africa\/wp-json\/wp\/v2\/pages\/374\/revisions"}],"predecessor-version":[{"id":6117,"href":"https:\/\/www.dainst.blog\/entangled-africa\/wp-json\/wp\/v2\/pages\/374\/revisions\/6117"}],"wp:attachment":[{"href":"https:\/\/www.dainst.blog\/entangled-africa\/wp-json\/wp\/v2\/media?parent=374"}],"curies":[{"name":"wp","href":"https:\/\/api.w.org\/{rel}","templated":true}]}}