{"id":59,"date":"2019-06-25T13:45:46","date_gmt":"2019-06-25T11:45:46","guid":{"rendered":"http:\/\/www.dainst.blog\/entangled-africa\/?page_id=59"},"modified":"2025-01-23T13:21:41","modified_gmt":"2025-01-23T12:21:41","slug":"die-projekte","status":"publish","type":"page","link":"https:\/\/www.dainst.blog\/entangled-africa\/die-projekte\/","title":{"rendered":"Die Projekte"},"content":{"rendered":"\t\t<div data-elementor-type=\"wp-post\" data-elementor-id=\"59\" class=\"elementor elementor-59\">\n\t\t\t\t\t\t<section class=\"elementor-section elementor-top-section elementor-element elementor-element-4ada20a elementor-section-boxed elementor-section-height-default elementor-section-height-default\" data-id=\"4ada20a\" data-element_type=\"section\" data-e-type=\"section\">\n\t\t\t\t\t\t<div class=\"elementor-container elementor-column-gap-default\">\n\t\t\t\t\t<div class=\"elementor-column elementor-col-100 elementor-top-column elementor-element elementor-element-e82a3dc\" data-id=\"e82a3dc\" data-element_type=\"column\" data-e-type=\"column\">\n\t\t\t<div class=\"elementor-widget-wrap elementor-element-populated\">\n\t\t\t\t\t\t<div class=\"elementor-element elementor-element-cb2c005 elementor-widget elementor-widget-heading\" data-id=\"cb2c005\" data-element_type=\"widget\" data-e-type=\"widget\" data-widget_type=\"heading.default\">\n\t\t\t\t<div class=\"elementor-widget-container\">\n\t\t\t\t\t<h2 class=\"elementor-heading-title elementor-size-default\">Die Projekte<\/h2>\t\t\t\t<\/div>\n\t\t\t\t<\/div>\n\t\t\t\t\t<\/div>\n\t\t<\/div>\n\t\t\t\t\t<\/div>\n\t\t<\/section>\n\t\t\t\t<section class=\"elementor-section elementor-top-section elementor-element elementor-element-26e032e elementor-section-boxed elementor-section-height-default elementor-section-height-default\" data-id=\"26e032e\" data-element_type=\"section\" data-e-type=\"section\">\n\t\t\t\t\t\t<div class=\"elementor-container elementor-column-gap-default\">\n\t\t\t\t\t<div class=\"elementor-column elementor-col-100 elementor-top-column elementor-element elementor-element-1e41280\" data-id=\"1e41280\" data-element_type=\"column\" data-e-type=\"column\">\n\t\t\t<div class=\"elementor-widget-wrap elementor-element-populated\">\n\t\t\t\t\t\t<div class=\"elementor-element elementor-element-84cb8d4 elementor-widget elementor-widget-text-editor\" data-id=\"84cb8d4\" data-element_type=\"widget\" data-e-type=\"widget\" data-widget_type=\"text-editor.default\">\n\t\t\t\t<div class=\"elementor-widget-container\">\n\t\t\t\t\t\t\t\t\t<p>Unsere Forschungsprojekte kommen sowohl aus den Geistes- wie auch Naturwissenschaften und sind grunds\u00e4tzlich interdisziplin\u00e4r angelegt. Schwerpunkte liegen in der Arch\u00e4ologie, physischen Geografie, Geologie, Arch\u00e4ometrie, Botanik und Sprachwissenschaften, was uns erm\u00f6glicht, menschliche Besiedlung&nbsp; und Landnutzung im Kontext von Klima- und Umweltver\u00e4nderungen zu studieren.<\/p>\t\t\t\t\t\t\t\t<\/div>\n\t\t\t\t<\/div>\n\t\t\t\t\t<\/div>\n\t\t<\/div>\n\t\t\t\t\t<\/div>\n\t\t<\/section>\n\t\t\t\t<section class=\"elementor-section elementor-top-section elementor-element elementor-element-9eedfa7 elementor-section-boxed elementor-section-height-default elementor-section-height-default\" data-id=\"9eedfa7\" data-element_type=\"section\" data-e-type=\"section\">\n\t\t\t\t\t\t<div class=\"elementor-container elementor-column-gap-default\">\n\t\t\t\t\t<div class=\"elementor-column elementor-col-100 elementor-top-column elementor-element elementor-element-659c05c\" data-id=\"659c05c\" data-element_type=\"column\" data-e-type=\"column\">\n\t\t\t<div class=\"elementor-widget-wrap elementor-element-populated\">\n\t\t\t\t\t\t<div class=\"elementor-element elementor-element-02037e0 elementor-widget elementor-widget-image\" data-id=\"02037e0\" data-element_type=\"widget\" data-e-type=\"widget\" data-widget_type=\"image.default\">\n\t\t\t\t<div class=\"elementor-widget-container\">\n\t\t\t\t\t\t\t\t\t\t\t\t\t\t\t<img fetchpriority=\"high\" decoding=\"async\" width=\"768\" height=\"768\" src=\"https:\/\/www.dainst.blog\/entangled-africa\/wp-content\/uploads\/sites\/11\/2023\/07\/2023-07-31_Karte_V25_SPP_TANA-768x768.jpg\" class=\"attachment-medium_large size-medium_large wp-image-7379\" alt=\"\" srcset=\"https:\/\/www.dainst.blog\/entangled-africa\/wp-content\/uploads\/sites\/11\/2023\/07\/2023-07-31_Karte_V25_SPP_TANA-768x768.jpg 768w, https:\/\/www.dainst.blog\/entangled-africa\/wp-content\/uploads\/sites\/11\/2023\/07\/2023-07-31_Karte_V25_SPP_TANA-300x300.jpg 300w, https:\/\/www.dainst.blog\/entangled-africa\/wp-content\/uploads\/sites\/11\/2023\/07\/2023-07-31_Karte_V25_SPP_TANA-1024x1024.jpg 1024w, https:\/\/www.dainst.blog\/entangled-africa\/wp-content\/uploads\/sites\/11\/2023\/07\/2023-07-31_Karte_V25_SPP_TANA-150x150.jpg 150w, https:\/\/www.dainst.blog\/entangled-africa\/wp-content\/uploads\/sites\/11\/2023\/07\/2023-07-31_Karte_V25_SPP_TANA-1536x1536.jpg 1536w, https:\/\/www.dainst.blog\/entangled-africa\/wp-content\/uploads\/sites\/11\/2023\/07\/2023-07-31_Karte_V25_SPP_TANA-2048x2048.jpg 2048w\" sizes=\"(max-width: 768px) 100vw, 768px\" \/>\t\t\t\t\t\t\t\t\t\t\t\t\t\t\t<\/div>\n\t\t\t\t<\/div>\n\t\t\t\t\t<\/div>\n\t\t<\/div>\n\t\t\t\t\t<\/div>\n\t\t<\/section>\n\t\t\t\t<section class=\"elementor-section elementor-top-section elementor-element elementor-element-56926e1 elementor-section-boxed elementor-section-height-default elementor-section-height-default\" data-id=\"56926e1\" data-element_type=\"section\" data-e-type=\"section\">\n\t\t\t\t\t\t<div class=\"elementor-container elementor-column-gap-default\">\n\t\t\t\t\t<div class=\"elementor-column elementor-col-100 elementor-top-column elementor-element elementor-element-1933d7a\" data-id=\"1933d7a\" data-element_type=\"column\" data-e-type=\"column\">\n\t\t\t<div class=\"elementor-widget-wrap elementor-element-populated\">\n\t\t\t\t\t\t<div class=\"elementor-element elementor-element-e94a4f8 elementor-widget elementor-widget-text-editor\" data-id=\"e94a4f8\" data-element_type=\"widget\" data-e-type=\"widget\" data-widget_type=\"text-editor.default\">\n\t\t\t\t<div class=\"elementor-widget-container\">\n\t\t\t\t\t\t\t\t\t<p style=\"text-align: center\"><a href=\"https:\/\/www.aridocean.com\/home\">Michael Schmeling<\/a>, licensed under <a href=\"https:\/\/creativecommons.org\/licenses\/by\/4.0\/\">CC BY 4.0<\/a> international, waterbodies \u00a9 <a href=\"https:\/\/www.openstreetmap.org\/copyright\">OpenStreetMap<\/a> contributers, modification by Johanna Sigl<\/p>\t\t\t\t\t\t\t\t<\/div>\n\t\t\t\t<\/div>\n\t\t\t\t\t<\/div>\n\t\t<\/div>\n\t\t\t\t\t<\/div>\n\t\t<\/section>\n\t\t\t\t<section class=\"elementor-section elementor-top-section elementor-element elementor-element-b16456f elementor-section-boxed elementor-section-height-default elementor-section-height-default\" data-id=\"b16456f\" data-element_type=\"section\" data-e-type=\"section\">\n\t\t\t\t\t\t<div class=\"elementor-container elementor-column-gap-default\">\n\t\t\t\t\t<div class=\"elementor-column elementor-col-50 elementor-top-column elementor-element elementor-element-76d6b6d\" data-id=\"76d6b6d\" data-element_type=\"column\" data-e-type=\"column\">\n\t\t\t<div class=\"elementor-widget-wrap elementor-element-populated\">\n\t\t\t\t\t\t<div class=\"elementor-element elementor-element-f77c3be elementor-widget elementor-widget-text-editor\" data-id=\"f77c3be\" data-element_type=\"widget\" data-e-type=\"widget\" data-widget_type=\"text-editor.default\">\n\t\t\t\t<div class=\"elementor-widget-container\">\n\t\t\t\t\t\t\t\t\t<p><a href=\"https:\/\/www.dainst.blog\/entangled-africa\/p01-necked-axes-de\/\"><strong>Projekt 1<\/strong> &#8211; <strong>Friederike Jesse<\/strong> <\/a><br \/><span style=\"color: #79170f\"><strong>\u039f<\/strong><\/span>\u00a0Pr\u00e4historische Beile in der Sahara: eine vernachl\u00e4ssigte Fundgattung. Haches \u00e0 gorges, necked axes, Darfurbeile \u2013 zur Einordnung einer speziellen Form<\/p><p><a href=\"https:\/\/www.dainst.blog\/entangled-africa\/p02-connecting-foodways-de\/\"><strong>Projekt 2<\/strong> &#8211; <strong>Simone Wolf<\/strong><\/a><br \/><span style=\"color: #ce6105\"><strong>\u039f<\/strong><\/span>\u00a0Connecting Foodways: Kulturelle Verflechtung und Technologietransfer zwischen dem Mittleren Niltal und dem mittleren und \u00f6stlichen Afrika w\u00e4hrend der fr\u00fchen Eisenzeit<\/p><p><a href=\"https:\/\/www.dainst.blog\/entangled-africa\/p03-interlink-de\/\"><strong>Projekt 3<\/strong> &#8211; <strong>Angelika Lohwasser<\/strong><\/a><br \/><span style=\"color: #029439\"><strong>\u039f<\/strong><\/span>\u00a0Interregionale Kontakte in Nordkordofan<\/p><p><a href=\"https:\/\/www.dainst.blog\/entangled-africa\/p04-lake-chad-region-de\/\"><strong>Projekt 4<\/strong> &#8211; <strong>Carlos Magnavita \/ Zakinet Dangbet<\/strong><\/a><br \/><span style=\"color: #634600\"><span style=\"color: #634696\"><strong>\u039f<\/strong><\/span>\u00a0<\/span>Die Tschadseeregion als Wegekreuz: Erste Untersuchungen zu Arch\u00e4ologie und m\u00fcndlichen \u00dcberlieferungen des fr\u00fchen KanemBorno Reichs und dessen innerafrikanischen Verbindungen<\/p><p><a href=\"https:\/\/www.dainst.blog\/entangled-africa\/p05-cultivated-landscapes-de\/\"><strong>Projekt 5 <\/strong> &#8211; <strong>Alexa H\u00f6hn<\/strong><\/a><br \/><span style=\"color: #395937\"><strong>\u039f<\/strong><\/span>\u00a0Kultivierte Landschaften \u2013 Landnutzung und Kulturlandschaftsentwicklung im nordhemisph\u00e4rischen Afrika<\/p><p><a href=\"https:\/\/www.dainst.blog\/entangled-africa\/p06-degree-de\/\"><strong>Projekt 6<\/strong> &#8211; <strong>Philipp Hoelzmann<\/strong><\/a><br \/><span style=\"color: #471d0e\"><strong>\u039f<\/strong><\/span>\u00a0\u2018De-Greening\u2019 \u2013 Aridisierung der zentralen Sahara: Holoz\u00e4ne Umweltdynamik im Tibesti Gebirge und dem Ounianga Becken, Tschad (DeGree)<\/p><p><a href=\"https:\/\/www.dainst.blog\/entangled-africa\/p07-routes-of-interaction-de\/\"><strong>Projekt 7 <\/strong>&#8211; <strong>Iris Gerlach \/ Brigitta Sch\u00fctt \/ Dietrich Raue<\/strong><\/a><br \/><span style=\"color: #771f55\"><strong>\u039f\u00a0<\/strong><\/span>Routes of Interaction: \u00dcberregionale Kontakte zwischen dem n\u00f6rdlichen Horn von Afrika und dem Niltal<\/p>\t\t\t\t\t\t\t\t<\/div>\n\t\t\t\t<\/div>\n\t\t\t\t\t<\/div>\n\t\t<\/div>\n\t\t\t\t<div class=\"elementor-column elementor-col-50 elementor-top-column elementor-element elementor-element-ae67d5d\" data-id=\"ae67d5d\" data-element_type=\"column\" data-e-type=\"column\">\n\t\t\t<div class=\"elementor-widget-wrap elementor-element-populated\">\n\t\t\t\t\t\t<div class=\"elementor-element elementor-element-c37f87d elementor-widget elementor-widget-text-editor\" data-id=\"c37f87d\" data-element_type=\"widget\" data-e-type=\"widget\" data-widget_type=\"text-editor.default\">\n\t\t\t\t<div class=\"elementor-widget-container\">\n\t\t\t\t\t\t\t\t\t<p><a href=\"https:\/\/www.dainst.blog\/entangled-africa\/p08-climcellmed-de\/\"><strong>Projekt 8 <\/strong>&#8211; <strong>Ingo Heinrich<\/strong><\/a><br \/><strong><span style=\"color: #ffcd00\">\u039f<\/span><\/strong> KlimZellMit \u2013 Klimadynamik im Sp\u00e4t-Holoz\u00e4n rekonstruiert mit Hilfe von Zellstrukturmessungen an Wacholderb\u00e4umen im \u00f6stlichen Mittelmeerraum<\/p><p><a href=\"https:\/\/www.dainst.blog\/entangled-africa\/p09-words-and-objects-de\/\"><strong>Projekt 9<\/strong> &#8211; <strong>Henning Schreiber \/ Nikolas Gestrich<\/strong><\/a><br \/><span style=\"color: #172e27\"><strong>\u039f<\/strong><\/span>\u00a0Lehnw\u00f6rter und Tauschobjekte: Arch\u00e4o-linguistische Netzwerkanalyse und -modellierung der kulturellen Verflechtungen entlang des Nigers, zwischen Sahara und Regenwald (700-1500 n.Chr.)<\/p><p><a href=\"https:\/\/www.dainst.blog\/entangled-africa\/p10-congo-basin-de\/\"><strong>Projekt 10 <\/strong>&#8211; <strong>Hans-Peter Wotzka<\/strong><\/a><br \/><span style=\"color: #088bcc\"><strong>\u039f<\/strong><\/span>\u00a0Mittel- bis sp\u00e4tholoz\u00e4ne Biotopgrenzen, Siedlungslimits und Verbindungskorrridore im Inneren Kongobecken: Arch\u00e4ologie und Pal\u00e4o\u00f6kologie<\/p><p><a href=\"https:\/\/www.dainst.blog\/entangled-africa\/p11-data-management-de\/\"><strong>Projekt 11 <\/strong>&#8211; <strong>Brigitte Mathiak \/ Eleftheria Paliou<\/strong><\/a><br \/>\u039f\u00a0FAIR.rdm: Daten-management als Basis zur nachhaltigen und fairen Nutzung von arch\u00e4ologischen Forschungsdaten<\/p><p><a href=\"https:\/\/www.dainst.blog\/entangled-africa\/p12-coordination-de\/\"><strong>Projekt 12 <\/strong> &#8211; <strong>J\u00f6rg Linst\u00e4dter<\/strong><\/a><br \/>\u039f\u00a0Koordinatorenprojekt<\/p><p><a href=\"https:\/\/www.dainst.blog\/entangled-africa\/p13-tracing-connections-de\/\"><strong>Projekt 13 <\/strong>&#8211; <strong>Sonja Magnavita<\/strong><\/a><br \/><span style=\"color: #23204e\"><strong>\u039f<\/strong><\/span>\u00a0Tracing Connections: Chemische Analyse von arch\u00e4ologischer Keramik als Indikator f\u00fcr interregionale Kontakte in West- und Sahara-Afrika vor 1300 n. Chr.<\/p>\t\t\t\t\t\t\t\t<\/div>\n\t\t\t\t<\/div>\n\t\t\t\t\t<\/div>\n\t\t<\/div>\n\t\t\t\t\t<\/div>\n\t\t<\/section>\n\t\t\t\t<\/div>\n\t\t","protected":false},"excerpt":{"rendered":"<p>Die Projekte Unsere Forschungsprojekte kommen sowohl aus den Geistes- wie auch Naturwissenschaften und sind grunds\u00e4tzlich interdisziplin\u00e4r angelegt. Schwerpunkte liegen in der Arch\u00e4ologie, physischen Geografie, Geologie, Arch\u00e4ometrie, Botanik und Sprachwissenschaften, was uns erm\u00f6glicht, menschliche Besiedlung&nbsp; und Landnutzung im Kontext von Klima- und Umweltver\u00e4nderungen zu studieren. Michael Schmeling, licensed under CC BY 4.0 international, waterbodies \u00a9 OpenStreetMap [&hellip;]<\/p>\n","protected":false},"author":1,"featured_media":0,"parent":0,"menu_order":0,"comment_status":"closed","ping_status":"closed","template":"","meta":{"footnotes":""},"class_list":["post-59","page","type-page","status-publish","hentry","post"],"_links":{"self":[{"href":"https:\/\/www.dainst.blog\/entangled-africa\/wp-json\/wp\/v2\/pages\/59"}],"collection":[{"href":"https:\/\/www.dainst.blog\/entangled-africa\/wp-json\/wp\/v2\/pages"}],"about":[{"href":"https:\/\/www.dainst.blog\/entangled-africa\/wp-json\/wp\/v2\/types\/page"}],"author":[{"embeddable":true,"href":"https:\/\/www.dainst.blog\/entangled-africa\/wp-json\/wp\/v2\/users\/1"}],"replies":[{"embeddable":true,"href":"https:\/\/www.dainst.blog\/entangled-africa\/wp-json\/wp\/v2\/comments?post=59"}],"version-history":[{"count":91,"href":"https:\/\/www.dainst.blog\/entangled-africa\/wp-json\/wp\/v2\/pages\/59\/revisions"}],"predecessor-version":[{"id":8242,"href":"https:\/\/www.dainst.blog\/entangled-africa\/wp-json\/wp\/v2\/pages\/59\/revisions\/8242"}],"wp:attachment":[{"href":"https:\/\/www.dainst.blog\/entangled-africa\/wp-json\/wp\/v2\/media?parent=59"}],"curies":[{"name":"wp","href":"https:\/\/api.w.org\/{rel}","templated":true}]}}