{"id":7487,"date":"2023-08-16T15:03:10","date_gmt":"2023-08-16T13:03:10","guid":{"rendered":"https:\/\/www.dainst.blog\/entangled-africa\/?page_id=7487"},"modified":"2023-08-16T15:31:05","modified_gmt":"2023-08-16T13:31:05","slug":"les-projets","status":"publish","type":"page","link":"https:\/\/www.dainst.blog\/entangled-africa\/fr\/les-projets\/","title":{"rendered":"Les projets"},"content":{"rendered":"\t\t<div data-elementor-type=\"wp-post\" data-elementor-id=\"7487\" class=\"elementor elementor-7487\">\n\t\t\t\t\t\t<section class=\"elementor-section elementor-top-section elementor-element elementor-element-4ada20a elementor-section-boxed elementor-section-height-default elementor-section-height-default\" data-id=\"4ada20a\" data-element_type=\"section\" data-e-type=\"section\">\n\t\t\t\t\t\t<div class=\"elementor-container elementor-column-gap-default\">\n\t\t\t\t\t<div class=\"elementor-column elementor-col-100 elementor-top-column elementor-element elementor-element-e82a3dc\" data-id=\"e82a3dc\" data-element_type=\"column\" data-e-type=\"column\">\n\t\t\t<div class=\"elementor-widget-wrap elementor-element-populated\">\n\t\t\t\t\t\t<div class=\"elementor-element elementor-element-cb2c005 elementor-widget elementor-widget-heading\" data-id=\"cb2c005\" data-element_type=\"widget\" data-e-type=\"widget\" data-widget_type=\"heading.default\">\n\t\t\t\t<div class=\"elementor-widget-container\">\n\t\t\t\t\t<h2 class=\"elementor-heading-title elementor-size-default\">Les projects<\/h2>\t\t\t\t<\/div>\n\t\t\t\t<\/div>\n\t\t\t\t\t<\/div>\n\t\t<\/div>\n\t\t\t\t\t<\/div>\n\t\t<\/section>\n\t\t\t\t<section class=\"elementor-section elementor-top-section elementor-element elementor-element-26e032e elementor-section-boxed elementor-section-height-default elementor-section-height-default\" data-id=\"26e032e\" data-element_type=\"section\" data-e-type=\"section\">\n\t\t\t\t\t\t<div class=\"elementor-container elementor-column-gap-default\">\n\t\t\t\t\t<div class=\"elementor-column elementor-col-100 elementor-top-column elementor-element elementor-element-1e41280\" data-id=\"1e41280\" data-element_type=\"column\" data-e-type=\"column\">\n\t\t\t<div class=\"elementor-widget-wrap elementor-element-populated\">\n\t\t\t\t\t\t<div class=\"elementor-element elementor-element-84cb8d4 elementor-widget elementor-widget-text-editor\" data-id=\"84cb8d4\" data-element_type=\"widget\" data-e-type=\"widget\" data-widget_type=\"text-editor.default\">\n\t\t\t\t<div class=\"elementor-widget-container\">\n\t\t\t\t\t\t\t\t\t<p>Nos projets de recherche rel\u00e8vent \u00e0 la fois des sciences humaines et des sciences naturelles et sont fondamentalement interdisciplinaires. Nous mettons l&#8217;accent sur l&#8217;arch\u00e9ologie, la g\u00e9ographie physique, la g\u00e9ologie, l&#8217;arch\u00e9om\u00e9trie, la botanique et les sciences linguistiques, ce qui nous permet d&#8217;\u00e9tudier l&#8217;occupation humaine et l&#8217;utilisation des terres dans le contexte des changements climatiques et environnementaux.<\/p>\t\t\t\t\t\t\t\t<\/div>\n\t\t\t\t<\/div>\n\t\t\t\t\t<\/div>\n\t\t<\/div>\n\t\t\t\t\t<\/div>\n\t\t<\/section>\n\t\t\t\t<section class=\"elementor-section elementor-top-section elementor-element elementor-element-9eedfa7 elementor-section-boxed elementor-section-height-default elementor-section-height-default\" data-id=\"9eedfa7\" data-element_type=\"section\" data-e-type=\"section\">\n\t\t\t\t\t\t<div class=\"elementor-container elementor-column-gap-default\">\n\t\t\t\t\t<div class=\"elementor-column elementor-col-100 elementor-top-column elementor-element elementor-element-659c05c\" data-id=\"659c05c\" data-element_type=\"column\" data-e-type=\"column\">\n\t\t\t<div class=\"elementor-widget-wrap elementor-element-populated\">\n\t\t\t\t\t\t<div class=\"elementor-element elementor-element-02037e0 elementor-widget elementor-widget-image\" data-id=\"02037e0\" data-element_type=\"widget\" data-e-type=\"widget\" data-widget_type=\"image.default\">\n\t\t\t\t<div class=\"elementor-widget-container\">\n\t\t\t\t\t\t\t\t\t\t\t\t\t\t\t<img fetchpriority=\"high\" decoding=\"async\" width=\"768\" height=\"768\" src=\"https:\/\/www.dainst.blog\/entangled-africa\/wp-content\/uploads\/sites\/11\/2023\/07\/2023-07-31_Karte_V25_SPP_TANA-768x768.jpg\" class=\"attachment-medium_large size-medium_large wp-image-7379\" alt=\"\" srcset=\"https:\/\/www.dainst.blog\/entangled-africa\/wp-content\/uploads\/sites\/11\/2023\/07\/2023-07-31_Karte_V25_SPP_TANA-768x768.jpg 768w, https:\/\/www.dainst.blog\/entangled-africa\/wp-content\/uploads\/sites\/11\/2023\/07\/2023-07-31_Karte_V25_SPP_TANA-300x300.jpg 300w, https:\/\/www.dainst.blog\/entangled-africa\/wp-content\/uploads\/sites\/11\/2023\/07\/2023-07-31_Karte_V25_SPP_TANA-1024x1024.jpg 1024w, https:\/\/www.dainst.blog\/entangled-africa\/wp-content\/uploads\/sites\/11\/2023\/07\/2023-07-31_Karte_V25_SPP_TANA-150x150.jpg 150w, https:\/\/www.dainst.blog\/entangled-africa\/wp-content\/uploads\/sites\/11\/2023\/07\/2023-07-31_Karte_V25_SPP_TANA-1536x1536.jpg 1536w, https:\/\/www.dainst.blog\/entangled-africa\/wp-content\/uploads\/sites\/11\/2023\/07\/2023-07-31_Karte_V25_SPP_TANA-2048x2048.jpg 2048w\" sizes=\"(max-width: 768px) 100vw, 768px\" \/>\t\t\t\t\t\t\t\t\t\t\t\t\t\t\t<\/div>\n\t\t\t\t<\/div>\n\t\t\t\t\t<\/div>\n\t\t<\/div>\n\t\t\t\t\t<\/div>\n\t\t<\/section>\n\t\t\t\t<section class=\"elementor-section elementor-top-section elementor-element elementor-element-56926e1 elementor-section-boxed elementor-section-height-default elementor-section-height-default\" data-id=\"56926e1\" data-element_type=\"section\" data-e-type=\"section\">\n\t\t\t\t\t\t<div class=\"elementor-container elementor-column-gap-default\">\n\t\t\t\t\t<div class=\"elementor-column elementor-col-100 elementor-top-column elementor-element elementor-element-1933d7a\" data-id=\"1933d7a\" data-element_type=\"column\" data-e-type=\"column\">\n\t\t\t<div class=\"elementor-widget-wrap elementor-element-populated\">\n\t\t\t\t\t\t<div class=\"elementor-element elementor-element-e94a4f8 elementor-widget elementor-widget-text-editor\" data-id=\"e94a4f8\" data-element_type=\"widget\" data-e-type=\"widget\" data-widget_type=\"text-editor.default\">\n\t\t\t\t<div class=\"elementor-widget-container\">\n\t\t\t\t\t\t\t\t\t<p style=\"text-align: center\"><a href=\"https:\/\/www.aridocean.com\/home\">Michael Schmeling<\/a>, licensed under <a href=\"https:\/\/creativecommons.org\/licenses\/by\/4.0\/\">CC BY 4.0<\/a> international, waterbodies \u00a9 <a href=\"https:\/\/www.openstreetmap.org\/copyright\">OpenStreetMap<\/a> contributers, modification by Johanna Sigl<\/p>\t\t\t\t\t\t\t\t<\/div>\n\t\t\t\t<\/div>\n\t\t\t\t\t<\/div>\n\t\t<\/div>\n\t\t\t\t\t<\/div>\n\t\t<\/section>\n\t\t\t\t<section class=\"elementor-section elementor-top-section elementor-element elementor-element-b16456f elementor-section-boxed elementor-section-height-default elementor-section-height-default\" data-id=\"b16456f\" data-element_type=\"section\" data-e-type=\"section\">\n\t\t\t\t\t\t<div class=\"elementor-container elementor-column-gap-default\">\n\t\t\t\t\t<div class=\"elementor-column elementor-col-50 elementor-top-column elementor-element elementor-element-76d6b6d\" data-id=\"76d6b6d\" data-element_type=\"column\" data-e-type=\"column\">\n\t\t\t<div class=\"elementor-widget-wrap elementor-element-populated\">\n\t\t\t\t\t\t<div class=\"elementor-element elementor-element-f77c3be elementor-widget elementor-widget-text-editor\" data-id=\"f77c3be\" data-element_type=\"widget\" data-e-type=\"widget\" data-widget_type=\"text-editor.default\">\n\t\t\t\t<div class=\"elementor-widget-container\">\n\t\t\t\t\t\t\t\t\t<p><a href=\"https:\/\/www.dainst.blog\/entangled-africa\/p01-necked-axes-de\/\"><strong>Project 1<\/strong> &#8211; <strong>Friederike Jesse<\/strong> <\/a><br \/><span style=\"color: #79170f\"><strong>\u039f<\/strong><\/span> Les haches pr\u00e9historiques au Sahara : un genre de d\u00e9couverte n\u00e9glig\u00e9. Haches \u00e0 gorges, necked axes, haches Darfur &#8211; pour la classification d&#8217;une forme particuli\u00e8re<\/p><p><a href=\"https:\/\/www.dainst.blog\/entangled-africa\/p02-connecting-foodways-de\/\"><strong>Project 2<\/strong> &#8211; <strong>Simone Wolf<\/strong><\/a><br \/><span style=\"color: #ce6105\"><strong>\u039f<\/strong><\/span> Connecting Foodways: Interd\u00e9pendance culturelle et transfert de technologie entre la vall\u00e9e du Nil moyenne et l&#8217;Afrique centrale et orientale au d\u00e9but de l&#8217;\u00e2ge du fer<\/p><p><a href=\"https:\/\/www.dainst.blog\/entangled-africa\/p03-interlink-de\/\"><strong>Project 3<\/strong> &#8211; <strong>Angelika Lohwasser<\/strong><\/a><br \/><span style=\"color: #029439\"><strong>\u039f<\/strong><\/span> Contacts interr\u00e9gionaux au Nord Kordofan<\/p><p><a href=\"https:\/\/www.dainst.blog\/entangled-africa\/p04-lake-chad-region-de\/\"><strong>Project 4<\/strong> &#8211; <strong>Carlos Magnavita \/ Zakinet Dangbet<\/strong><\/a><br \/><span style=\"color: #634600\"><span style=\"color: #634696\"><strong>\u039f<\/strong><\/span>\u00a0<\/span>La r\u00e9gion du lac Tchad comme carrefour : premi\u00e8res recherches sur l&#8217;arch\u00e9ologie et les traditions orales du d\u00e9but de l&#8217;empire KanemBorno et de ses connexions intra-africaines<\/p><p><a href=\"https:\/\/www.dainst.blog\/entangled-africa\/p05-cultivated-landscapes-de\/\"><strong>Project 5 <\/strong> &#8211; <strong>Alexa H\u00f6hn<\/strong><\/a><br \/><span style=\"color: #395937\"><strong>\u039f<\/strong><\/span> Cultivated landscapes \u2013 Utilisation des terres et \u00e9volution des paysages culturels en Afrique du Nord h\u00e9misph\u00e9rique<\/p><p><a href=\"https:\/\/www.dainst.blog\/entangled-africa\/p06-degree-de\/\"><strong>Project 6<\/strong> &#8211; <strong>Philipp Hoelzmann<\/strong><\/a><br \/><span style=\"color: #471d0e\"><strong>\u039f<\/strong><\/span> \u2018De-Greening\u2019 \u2013 Aridisation du Sahara central : dynamique environnementale holoc\u00e8ne dans les montagnes du Tibesti et le bassin de l&#8217;Ounianga, Tchad (DeGree)<\/p><p><a href=\"https:\/\/www.dainst.blog\/entangled-africa\/p07-routes-of-interaction-de\/\"><strong>Project 7 <\/strong>&#8211; <strong>Iris Gerlach \/ Brigitta Sch\u00fctt \/ Dietrich Raue<\/strong><\/a><br \/><span style=\"color: #771f55\"><strong>\u039f\u00a0<\/strong><\/span>Routes of Interaction: Contacts interr\u00e9gionaux entre le nord de la Corne de l&#8217;Afrique et la vall\u00e9e du Nil<\/p>\t\t\t\t\t\t\t\t<\/div>\n\t\t\t\t<\/div>\n\t\t\t\t\t<\/div>\n\t\t<\/div>\n\t\t\t\t<div class=\"elementor-column elementor-col-50 elementor-top-column elementor-element elementor-element-ae67d5d\" data-id=\"ae67d5d\" data-element_type=\"column\" data-e-type=\"column\">\n\t\t\t<div class=\"elementor-widget-wrap elementor-element-populated\">\n\t\t\t\t\t\t<div class=\"elementor-element elementor-element-c37f87d elementor-widget elementor-widget-text-editor\" data-id=\"c37f87d\" data-element_type=\"widget\" data-e-type=\"widget\" data-widget_type=\"text-editor.default\">\n\t\t\t\t<div class=\"elementor-widget-container\">\n\t\t\t\t\t\t\t\t\t<p><a href=\"https:\/\/www.dainst.blog\/entangled-africa\/p08-climcellmed-de\/\"><strong>Project 8 <\/strong>&#8211; <strong>Ingo Heinrich<\/strong><\/a><br \/><strong><span style=\"color: #ffcd00\">\u039f<\/span><\/strong> ClimCellMed \u2013 Dynamique climatique \u00e0 la fin de l&#8217;Holoc\u00e8ne reconstruite \u00e0 l&#8217;aide de mesures de la structure cellulaire des gen\u00e9vriers de l&#8217;est de la M\u00e9diterran\u00e9e<\/p><p><a href=\"https:\/\/www.dainst.blog\/entangled-africa\/p09-words-and-objects-de\/\"><strong>Project 9<\/strong> &#8211; <strong>Henning Schreiber \/ Nikolas Gestrich<\/strong><\/a><br \/><span style=\"color: #172e27\"><strong>\u039f<\/strong><\/span> Mots emprunt\u00e9s et objets d&#8217;\u00e9change : Analyse et mod\u00e9lisation arch\u00e9o-linguistique des r\u00e9seaux d&#8217;interd\u00e9pendance culturelle le long du Niger, entre le Sahara et la for\u00eat tropicale (700-1500 apr. J.-C.)<\/p><p><a href=\"https:\/\/www.dainst.blog\/entangled-africa\/p10-congo-basin-de\/\"><strong>Project 10 <\/strong>&#8211; <strong>Hans-Peter Wotzka<\/strong><\/a><br \/><span style=\"color: #088bcc\"><strong>\u039f<\/strong><\/span> Limites de biotopes, limites d&#8217;habitat et corridors de liaison dans le bassin int\u00e9rieur du Congo \u00e0 l&#8217;Holoc\u00e8ne moyen et tardif : Arch\u00e9ologie et pal\u00e9o\u00e9cologie<\/p><p><a href=\"https:\/\/www.dainst.blog\/entangled-africa\/p11-data-management-de\/\"><strong>Project 11 <\/strong>&#8211; <strong>Brigitte Mathiak \/ Tilman Lenssen-Erz<\/strong><\/a><br \/>\u039f FAIR.rdm: La gestion des donn\u00e9es comme base pour une utilisation durable et \u00e9quitable des donn\u00e9es de recherche arch\u00e9ologique<\/p><p><a href=\"https:\/\/www.dainst.blog\/entangled-africa\/p12-coordination-de\/\"><strong>Project 12 <\/strong> &#8211; <strong>J\u00f6rg Linst\u00e4dter<\/strong><\/a><br \/>\u039f Coordination<\/p><p><a href=\"https:\/\/www.dainst.blog\/entangled-africa\/p13-tracing-connections-de\/\"><strong>Project 13 <\/strong>&#8211; <strong>Sonja Magnavita<\/strong><\/a><br \/><span style=\"color: #23204e\"><strong>\u039f<\/strong><\/span> Tracing Connections: Analyse chimique de c\u00e9ramiques arch\u00e9ologiques comme indicateur de contacts interr\u00e9gionaux en Afrique occidentale et saharienne avant 1300 apr\u00e8s J.-C.<\/p>\t\t\t\t\t\t\t\t<\/div>\n\t\t\t\t<\/div>\n\t\t\t\t\t<\/div>\n\t\t<\/div>\n\t\t\t\t\t<\/div>\n\t\t<\/section>\n\t\t\t\t<\/div>\n\t\t","protected":false},"excerpt":{"rendered":"<p>Les projects Nos projets de recherche rel\u00e8vent \u00e0 la fois des sciences humaines et des sciences naturelles et sont fondamentalement interdisciplinaires. Nous mettons l&#8217;accent sur l&#8217;arch\u00e9ologie, la g\u00e9ographie physique, la g\u00e9ologie, l&#8217;arch\u00e9om\u00e9trie, la botanique et les sciences linguistiques, ce qui nous permet d&#8217;\u00e9tudier l&#8217;occupation humaine et l&#8217;utilisation des terres dans le contexte des changements climatiques [&hellip;]<\/p>\n","protected":false},"author":136,"featured_media":0,"parent":0,"menu_order":0,"comment_status":"closed","ping_status":"closed","template":"","meta":{"footnotes":""},"class_list":["post-7487","page","type-page","status-publish","hentry","post"],"_links":{"self":[{"href":"https:\/\/www.dainst.blog\/entangled-africa\/wp-json\/wp\/v2\/pages\/7487"}],"collection":[{"href":"https:\/\/www.dainst.blog\/entangled-africa\/wp-json\/wp\/v2\/pages"}],"about":[{"href":"https:\/\/www.dainst.blog\/entangled-africa\/wp-json\/wp\/v2\/types\/page"}],"author":[{"embeddable":true,"href":"https:\/\/www.dainst.blog\/entangled-africa\/wp-json\/wp\/v2\/users\/136"}],"replies":[{"embeddable":true,"href":"https:\/\/www.dainst.blog\/entangled-africa\/wp-json\/wp\/v2\/comments?post=7487"}],"version-history":[{"count":4,"href":"https:\/\/www.dainst.blog\/entangled-africa\/wp-json\/wp\/v2\/pages\/7487\/revisions"}],"predecessor-version":[{"id":7521,"href":"https:\/\/www.dainst.blog\/entangled-africa\/wp-json\/wp\/v2\/pages\/7487\/revisions\/7521"}],"wp:attachment":[{"href":"https:\/\/www.dainst.blog\/entangled-africa\/wp-json\/wp\/v2\/media?parent=7487"}],"curies":[{"name":"wp","href":"https:\/\/api.w.org\/{rel}","templated":true}]}}