{"id":7489,"date":"2023-08-16T15:04:12","date_gmt":"2023-08-16T13:04:12","guid":{"rendered":"https:\/\/www.dainst.blog\/entangled-africa\/?page_id=7489"},"modified":"2023-08-16T15:42:04","modified_gmt":"2023-08-16T13:42:04","slug":"contact-fr","status":"publish","type":"page","link":"https:\/\/www.dainst.blog\/entangled-africa\/fr\/contact-fr\/","title":{"rendered":"Contact-fr"},"content":{"rendered":"\t\t<div data-elementor-type=\"wp-post\" data-elementor-id=\"7489\" class=\"elementor elementor-7489\">\n\t\t\t\t\t\t<section class=\"elementor-section elementor-top-section elementor-element elementor-element-b8ae220 elementor-section-boxed elementor-section-height-default elementor-section-height-default\" data-id=\"b8ae220\" data-element_type=\"section\" data-e-type=\"section\">\n\t\t\t\t\t\t<div class=\"elementor-container elementor-column-gap-default\">\n\t\t\t\t\t<div class=\"elementor-column elementor-col-100 elementor-top-column elementor-element elementor-element-1bf81b1\" data-id=\"1bf81b1\" data-element_type=\"column\" data-e-type=\"column\">\n\t\t\t<div class=\"elementor-widget-wrap elementor-element-populated\">\n\t\t\t\t\t\t<div class=\"elementor-element elementor-element-5b45388 elementor-widget elementor-widget-heading\" data-id=\"5b45388\" data-element_type=\"widget\" data-e-type=\"widget\" data-widget_type=\"heading.default\">\n\t\t\t\t<div class=\"elementor-widget-container\">\n\t\t\t\t\t<h2 class=\"elementor-heading-title elementor-size-default\">Contact<\/h2>\t\t\t\t<\/div>\n\t\t\t\t<\/div>\n\t\t\t\t\t<\/div>\n\t\t<\/div>\n\t\t\t\t\t<\/div>\n\t\t<\/section>\n\t\t\t\t<section class=\"elementor-section elementor-top-section elementor-element elementor-element-c432a0a elementor-section-boxed elementor-section-height-default elementor-section-height-default\" data-id=\"c432a0a\" data-element_type=\"section\" data-e-type=\"section\">\n\t\t\t\t\t\t<div class=\"elementor-container elementor-column-gap-default\">\n\t\t\t\t\t<div class=\"elementor-column elementor-col-100 elementor-top-column elementor-element elementor-element-e5c9552\" data-id=\"e5c9552\" data-element_type=\"column\" data-e-type=\"column\">\n\t\t\t<div class=\"elementor-widget-wrap elementor-element-populated\">\n\t\t\t\t\t\t<div class=\"elementor-element elementor-element-7f04e09 elementor-widget elementor-widget-text-editor\" data-id=\"7f04e09\" data-element_type=\"widget\" data-e-type=\"widget\" data-widget_type=\"text-editor.default\">\n\t\t\t\t<div class=\"elementor-widget-container\">\n\t\t\t\t\t\t\t\t\t<p><strong>Allgemeine Anfragen<\/strong> <br \/>E-Mail an <a href=\"mailto:spp2143@dainst.de\">spp2143@dainst.de<\/a> <br \/>Gerne leiten wir Ihr Anliegen intern an die zust\u00e4ndige Instanz weiter.<\/p><p><strong>Projektleitung<\/strong><br \/>PD Dr. J\u00f6rg Linst\u00e4dter<br \/>Kommission f\u00fcr Arch\u00e4ologie Au\u00dfereurop\u00e4ischer Kulturen<br \/>Wissenschaftlicher Direktor<br \/>D\u00fcrenstr. 35\u201337<br \/>53173 Bonn<br \/><a href=\"mailto:joerg.linstaedter@dainst.de\">joerg.linstaedter@dainst.de<\/a><\/p><p><strong>Wissenschaftliche Koordination und \u00d6ffentlichkeitsarbeit<\/strong><br \/>Dr. Johanna Sigl<br \/>Kommission f\u00fcr Arch\u00e4ologie Au\u00dfereurop\u00e4ischer Kulturen<br \/>Wissenschaftliche Mitarbeiterin<br \/>D\u00fcrenstr. 35\u201337<br \/>53173 Bonn<br \/>Tel. +49 (228) 997712 \u2013 526<br \/><a href=\"mailto:johanna.sigl@dainst.de\">johanna.sigl@dainst.de<\/a><\/p><p><strong>Webdesign und Projektarbeit<\/strong><br \/>Florian Lukas<br \/>Kommission f\u00fcr Arch\u00e4ologie Au\u00dfereurop\u00e4ischer Kulturen<br \/>Wissenschaftliche Mitarbeiterin<br \/>D\u00fcrenstr. 35\u201337<br \/>53173 Bonn<br \/><a href=\"mailto:florian.lukas@dainst.de\">florian.lukas@dainst.de<\/a><\/p><p><strong>Inhaltliche Informationen sind auch bei der Deutschen Forschungsgemeinschaft (DFG) erh\u00e4ltlich <\/strong><br \/>Dr. Christoph K\u00fcmmel<br \/>Kennedyallee 40<br \/>53175 Bonn<br \/>Tel. +49 (228) 885 \u2013 2294<br \/><a href=\"mailto:Christoph.Kuemmel@dfg.de\">Christoph.Kuemmel@dfg.de<\/a><\/p>\t\t\t\t\t\t\t\t<\/div>\n\t\t\t\t<\/div>\n\t\t\t\t\t<\/div>\n\t\t<\/div>\n\t\t\t\t\t<\/div>\n\t\t<\/section>\n\t\t\t\t<section class=\"elementor-section elementor-top-section elementor-element elementor-element-f4e8408 elementor-section-boxed elementor-section-height-default elementor-section-height-default\" data-id=\"f4e8408\" data-element_type=\"section\" data-e-type=\"section\">\n\t\t\t\t\t\t<div class=\"elementor-container elementor-column-gap-default\">\n\t\t\t\t\t<div class=\"elementor-column elementor-col-100 elementor-top-column elementor-element elementor-element-7bf4c68\" data-id=\"7bf4c68\" data-element_type=\"column\" data-e-type=\"column\">\n\t\t\t<div class=\"elementor-widget-wrap elementor-element-populated\">\n\t\t\t\t\t\t<div class=\"elementor-element elementor-element-39cf764 elementor-widget elementor-widget-heading\" data-id=\"39cf764\" data-element_type=\"widget\" data-e-type=\"widget\" data-widget_type=\"heading.default\">\n\t\t\t\t<div class=\"elementor-widget-container\">\n\t\t\t\t\t<h2 class=\"elementor-heading-title elementor-size-default\">Mentions l\u00e9gales<\/h2>\t\t\t\t<\/div>\n\t\t\t\t<\/div>\n\t\t\t\t\t<\/div>\n\t\t<\/div>\n\t\t\t\t\t<\/div>\n\t\t<\/section>\n\t\t\t\t<section class=\"elementor-section elementor-top-section elementor-element elementor-element-cb237aa elementor-section-boxed elementor-section-height-default elementor-section-height-default\" data-id=\"cb237aa\" data-element_type=\"section\" data-e-type=\"section\">\n\t\t\t\t\t\t<div class=\"elementor-container elementor-column-gap-default\">\n\t\t\t\t\t<div class=\"elementor-column elementor-col-50 elementor-top-column elementor-element elementor-element-57482f1\" data-id=\"57482f1\" data-element_type=\"column\" data-e-type=\"column\">\n\t\t\t<div class=\"elementor-widget-wrap elementor-element-populated\">\n\t\t\t\t\t\t<div class=\"elementor-element elementor-element-5c8651c elementor-widget elementor-widget-text-editor\" data-id=\"5c8651c\" data-element_type=\"widget\" data-e-type=\"widget\" data-widget_type=\"text-editor.default\">\n\t\t\t\t<div class=\"elementor-widget-container\">\n\t\t\t\t\t\t\t\t\t<p>Das Internetangebot unter <a href=\"https:\/\/www.dainst.blog\/entangled-africa\/\">www.dainst.blog\/entangled-africa\/<\/a> wird herausgegeben von:<br \/><br \/><br \/>Kommission f\u00fcr Arch\u00e4ologie Au\u00dfereurop\u00e4ischer Kulturen (KAAK)<br \/><br \/>D\u00fcrenstr. 35&#8211;37<br \/><br \/>53173 Bonn<br \/><br \/>Tel.: +49 (228) 997712 &#8211; 0<br \/><br \/>Email: <a href=\"mailto:sekretariat.kaak@dainst.de\">sekretariat.kaak@dainst.de<\/a><br \/><br \/>Internet: <a href=\"https:\/\/www.dainst.org\/standort\/kaak-bonn\/hom\">www.dainst.org\/standort\/kaak-bonn\/home<\/a><br \/><br \/><br \/><\/p><p>Das Deutsche Arch\u00e4ologische Institut ist eine Forschungsanstalt des Bundes im Gesch\u00e4ftsbereich des Ausw\u00e4rtigen Amtes. Es wird vertreten durch die Pr\u00e4sidentin Prof. Dr. Dr. h. c. Friederike Fless.<br \/><br \/><br \/><\/p><p><strong>Idee und Konzept<\/strong><br \/><br \/>Ann-Katharin Bahr, Johanna Sigl und Florian Lukas<\/p><p><br \/><br \/><strong>Redaktion und Produktion<\/strong><br \/><br \/>Johanna Sigl<\/p><p><br \/><br \/><br \/><br \/><br \/><br \/><br \/><br \/><br \/><br \/><br \/><br \/><br \/><strong>Haftungsausschluss<\/strong><br \/><br \/>Das Deutsche Arch\u00e4ologische Institut ist als Inhaltsanbieterin nach \u00a7 7 Abs.1 Telemediengesetz f\u00fcr die eigenen Inhalte, die es zur Nutzung bereith\u00e4lt, nach den allgemeinen Gesetzen verantwortlich.<\/p><p>Das Deutsche Arch\u00e4ologische Institut ist bem\u00fcht, sein Webangebot stets aktuell, inhaltlich richtig und vollst\u00e4ndig anzubieten. Dennoch ist das Auftreten von Fehlern nicht v\u00f6llig auszuschlie\u00dfen. Das Deutsche Arch\u00e4ologische Institut \u00fcbernimmt keine Haftung f\u00fcr die Aktualit\u00e4t, die inhaltliche Richtigkeit sowie f\u00fcr die Vollst\u00e4ndigkeit der in ihrem Webangebot eingestellten Informationen, es sei denn, die Fehler wurden vors\u00e4tzlich oder grob fahrl\u00e4ssig aufgenommen. Dies bezieht sich auf eventuelle Sch\u00e4den materieller oder ideeller Art Dritter, die durch die Nutzung dieses Webangebotes verursacht wurden. Alle Angebote sind freibleibend und unverbindlich. Das Deutsche Arch\u00e4ologische Institut beh\u00e4lt es sich ausdr\u00fccklich vor, Teile der Seiten oder das gesamte Angebot ohne gesonderte Ank\u00fcndigung zu ver\u00e4ndern, zu erg\u00e4nzen, zu l\u00f6schen oder die Ver\u00f6ffentlichung zeitweise oder endg\u00fcltig einzustellen.<\/p>\t\t\t\t\t\t\t\t<\/div>\n\t\t\t\t<\/div>\n\t\t\t\t\t<\/div>\n\t\t<\/div>\n\t\t\t\t<div class=\"elementor-column elementor-col-50 elementor-top-column elementor-element elementor-element-b1183b7\" data-id=\"b1183b7\" data-element_type=\"column\" data-e-type=\"column\">\n\t\t\t<div class=\"elementor-widget-wrap elementor-element-populated\">\n\t\t\t\t\t\t<div class=\"elementor-element elementor-element-f8e405b elementor-widget elementor-widget-text-editor\" data-id=\"f8e405b\" data-element_type=\"widget\" data-e-type=\"widget\" data-widget_type=\"text-editor.default\">\n\t\t\t\t<div class=\"elementor-widget-container\">\n\t\t\t\t\t\t\t\t\t<p><strong>Copyright\/Urheberrecht<\/strong><br \/>Das Layout und die Inhalte, insbesondere Texte, Bildmaterial und alle Multimediaelemente und \u2013inhalte auf der Website des Deutschen Arch\u00e4ologischen Instituts sind, wenn nicht<\/p><p>explizite Lizenzierungen erw\u00e4hnt sind, urheberrechtlich gesch\u00fctzt. Alle Rechte vorbehalten.<\/p><p>Wenn Sie Texte in Ihre Website integrieren wollen, so tun Sie dies bitte per Link auf unsere Website und nicht durch eine physische \u00dcbernahme der Texte. Fotomechanische Wiedergabe, Vervielf\u00e4ltigung oder Verbreitung mittels besonderer Verfahren (zum Beispiel Datenverarbeitung, Datentr\u00e4ger und Datennetze), auch teilweise, sind ohne ausdr\u00fcckliche Erlaubnis des DAI nicht gestattet.<\/p><p><strong>Externe Verweise und Links<\/strong><br \/>Das Deutsche Arch\u00e4ologische Institut erkl\u00e4rt hiermit ausdr\u00fccklich, dass bei direkten oder indirekten Verweisen auf fremde Webseiten (&#8222;Hyperlinks&#8220;), die au\u00dferhalb des Verantwortungsbereiches des Deutschen Arch\u00e4ologischen Instituts liegen zum Zeitpunkt der Linksetzung keine illegalen Inhalte auf den zu verlinkenden Seiten erkennbar waren. Das DAI hat f\u00fcr diese Pr\u00fcfung die ihm technisch m\u00f6glichen und zumutbaren Anstrengungen unternommen. Auf die aktuelle und zuk\u00fcnftige Gestaltung, die Inhalte oder die Urheberschaft der verlinkten\/verkn\u00fcpften Seiten hat das Deutsche Arch\u00e4ologische Institut keinerlei Einfluss. Deshalb distanziert es sich hiermit ausdr\u00fccklich von allen Inhalten aller verlinkten\/verkn\u00fcpften Seiten, die nach der Linksetzung ver\u00e4ndert wurden. Diese Feststellung gilt f\u00fcr alle innerhalb des eigenen Internetangebotes gesetzten Links und Verweise sowie f\u00fcr Fremdeintr\u00e4ge in vom Deutschen Arch\u00e4ologischen Institut eingerichteten G\u00e4steb\u00fcchern, Diskussionsforen, Linkverzeichnissen, Mailinglisten und in allen anderen Formen von Datenbanken, auf deren Inhalt externe Schreibzugriffe m\u00f6glich sind. F\u00fcr illegale, fehlerhafte oder unvollst\u00e4ndige Inhalte und insbesondere f\u00fcr Sch\u00e4den, die aus der Nutzung oder Nichtnutzung solcherart dargebotener Informationen entstehen, haftet allein der Anbieter der Seite, auf welche verwiesen wurde, nicht derjenige, der \u00fcber Links auf die jeweilige Ver\u00f6ffentlichung lediglich verweist.<\/p><p><strong>Rechtswirksamkeit<\/strong><br \/>Dieser Haftungsausschluss ist Teil des Internetangebotes des Deutschen Arch\u00e4ologischen Instituts. Sofern einzelne Formulierungen oder Teile dieses Textes der geltenden Rechtslage nicht mehr oder nicht mehr vollst\u00e4ndig entsprechen, bleiben die \u00fcbrigen Teile dieser Erkl\u00e4rung davon unber\u00fchrt.<\/p><p>Falls das Deutsche Arch\u00e4ologische Institut auf Seiten verweist, deren Inhalt Anlass zur Beanstandung gibt, bittet die Internet-Redaktion um Mitteilung. Teilen Sie uns bitte ebenso mit, wenn eigene Inhalte nicht fehlerfrei, aktuell, vollst\u00e4ndig oder verst\u00e4ndlich geschrieben sind.<\/p>\t\t\t\t\t\t\t\t<\/div>\n\t\t\t\t<\/div>\n\t\t\t\t\t<\/div>\n\t\t<\/div>\n\t\t\t\t\t<\/div>\n\t\t<\/section>\n\t\t\t\t<\/div>\n\t\t","protected":false},"excerpt":{"rendered":"<p>Contact Allgemeine Anfragen E-Mail an spp2143@dainst.de Gerne leiten wir Ihr Anliegen intern an die zust\u00e4ndige Instanz weiter. ProjektleitungPD Dr. J\u00f6rg Linst\u00e4dterKommission f\u00fcr Arch\u00e4ologie Au\u00dfereurop\u00e4ischer KulturenWissenschaftlicher DirektorD\u00fcrenstr. 35\u20133753173 Bonnjoerg.linstaedter@dainst.de Wissenschaftliche Koordination und \u00d6ffentlichkeitsarbeitDr. Johanna SiglKommission f\u00fcr Arch\u00e4ologie Au\u00dfereurop\u00e4ischer KulturenWissenschaftliche MitarbeiterinD\u00fcrenstr. 35\u20133753173 BonnTel. +49 (228) 997712 \u2013 526johanna.sigl@dainst.de Webdesign und ProjektarbeitFlorian LukasKommission f\u00fcr Arch\u00e4ologie Au\u00dfereurop\u00e4ischer KulturenWissenschaftliche MitarbeiterinD\u00fcrenstr. [&hellip;]<\/p>\n","protected":false},"author":136,"featured_media":0,"parent":0,"menu_order":0,"comment_status":"closed","ping_status":"closed","template":"","meta":{"footnotes":""},"class_list":["post-7489","page","type-page","status-publish","hentry","post"],"_links":{"self":[{"href":"https:\/\/www.dainst.blog\/entangled-africa\/wp-json\/wp\/v2\/pages\/7489"}],"collection":[{"href":"https:\/\/www.dainst.blog\/entangled-africa\/wp-json\/wp\/v2\/pages"}],"about":[{"href":"https:\/\/www.dainst.blog\/entangled-africa\/wp-json\/wp\/v2\/types\/page"}],"author":[{"embeddable":true,"href":"https:\/\/www.dainst.blog\/entangled-africa\/wp-json\/wp\/v2\/users\/136"}],"replies":[{"embeddable":true,"href":"https:\/\/www.dainst.blog\/entangled-africa\/wp-json\/wp\/v2\/comments?post=7489"}],"version-history":[{"count":10,"href":"https:\/\/www.dainst.blog\/entangled-africa\/wp-json\/wp\/v2\/pages\/7489\/revisions"}],"predecessor-version":[{"id":7537,"href":"https:\/\/www.dainst.blog\/entangled-africa\/wp-json\/wp\/v2\/pages\/7489\/revisions\/7537"}],"wp:attachment":[{"href":"https:\/\/www.dainst.blog\/entangled-africa\/wp-json\/wp\/v2\/media?parent=7489"}],"curies":[{"name":"wp","href":"https:\/\/api.w.org\/{rel}","templated":true}]}}