{"id":101,"date":"2020-11-03T20:10:32","date_gmt":"2020-11-03T20:10:32","guid":{"rendered":"http:\/\/www.dainst.blog\/freunde-rgk\/?page_id=101"},"modified":"2021-03-01T10:25:26","modified_gmt":"2021-03-01T10:25:26","slug":"home","status":"publish","type":"page","link":"https:\/\/www.dainst.blog\/freunde-rgk\/","title":{"rendered":"Freunde der Arch\u00e4ologie in Europa e. V."},"content":{"rendered":"\n<p>Die&nbsp;<a href=\"http:\/\/www.dainst.org\/standort\/-\/organization-display\/ZI9STUj61zKB\/14595?p_r_p_1690909578_redirectURL=%2Fsuchen%3Fp_p_id%3D3%26p_p_lifecycle%3D0%26p_p_state%3Dmaximized%26p_p_mode%3Dview%26_3_struts_action%3D%252Fsearch%252Fsearch%26_3_redirect%3Dhttps%253A%252F%252Fwww.dainst.org%252Faufgaben-ziele%253Fp_p_auth%253DF9tT85Jh%2526p_p_id%253D15%2526p_p_lifecycle%253D0%2526p_p_state%253Dmaximized%2526p_p_mode%253Dview%2526p_p_col_id%253Dcolumn-2%2526p_p_col_count%253D1%2526_15_struts_action%253D%25252Fjournal%25252Fedit_article%2526_15_redirect%253Dhttps%25253A%25252F%25252Fwww.dainst.org%25252Faufgaben-ziele%25253Fp_p_id%25253D56_INSTANCE_9uEiBadX99Q2%252526p_p_lifecycle%25253D0%252526p_p_state%25253Dnormal%252526p_p_mode%25253Dview%252526p_p_col_id%25253Dcolumn-2%252526p_p_col_count%25253D1%2526_15_originalRedirect%253Dhttps%25253A%25252F%25252Fwww.dainst.org%25252Faufgaben-ziele%25253Fp_p_id%25253D56_INSTANCE_9uEiBadX99Q2%252526p_p_lifecycle%25253D0%252526p_p_state%25253Dnormal%252526p_p_mode%25253Dview%252526p_p_col_id%25253Dcolumn-2%252526p_p_col_count%25253D1%2526_15_groupId%253D10180%2526_15_articleId%253D51155%2526_15_version%253D11.6%26_3_keywords%3DR%25C3%25B6misch-Germanische%2BKommission%26_3_assetCategoryTitles%3D%26_3_entryClassName%3D#_LFR_FN__organizationdisplay_WAR_daiportlet_INSTANCE_ZI9STUj61zKB_view_organization_profile\">R\u00f6misch-Germanische Kommission<\/a>&nbsp;des Deutschen Arch\u00e4ologischen Instituts blickte auf eine \u00fcber 100j\u00e4hrige Geschichte zur\u00fcck, als im Jahr 2004 ihr F\u00f6rderverein&nbsp;<strong>Freunde der Arch\u00e4ologie in Europa e. V.<\/strong>&nbsp;gegr\u00fcndet wurde.<\/p>\n\n\n\n<p>Ziel und Aufgabe des Vereins sind die F\u00f6rderung der Altertumsforschung, wie sie von der R\u00f6misch-Germanischen Kommission des Deutschen Arch\u00e4ologischen Instituts wahrgenommen wird. In diesem Sinne unterst\u00fctzt er Projekte des Hauses, die aufgrund fehlender Finanzmittel sonst nicht zu realisieren w\u00e4ren. \u00dcber Ihren Mitgliedsbeitrag oder durch eine Spende tragen Sie zur Erforschung der europ\u00e4ischen Vor- und Fr\u00fchgeschichte von der Steinzeit bis ins Mittelalter und zum Erhalt des gemeinsamen Kulturerbes bei <strong>Freunde der Arch\u00e4ologie in Europa e. V.<\/strong>&nbsp;gew\u00e4hrt Zusch\u00fcsse f\u00fcr<\/p>\n\n\n\n<ul class=\"wp-block-list\"><li><a href=\"https:\/\/www.dainst.org\/freunde.rgk\/aufgaben-ziele\/ausgrabungen\"><strong>Ausgrabungen &amp; Feldforschungsprojekte<\/strong><\/a><\/li><li><a href=\"https:\/\/www.dainst.org\/freunde.rgk\/aufgaben-ziele\/tagungen\"><strong>Tagungen &amp; Kolloquien<\/strong><\/a><\/li><li><a href=\"https:\/\/www.dainst.org\/freunde.rgk\/aufgaben-ziele\/publikationen\"><strong>Publikationen &amp; \u00dcbersetzungen<\/strong><\/a><\/li><li><a href=\"https:\/\/www.dainst.org\/freunde.rgk\/aufgaben-ziele\/forschungsaufenthalte\"><strong>Forschungsaufenthalte<\/strong><\/a><\/li><li><a href=\"https:\/\/www.dainst.org\/freunde.rgk\/aufgaben-ziele\/sonstiges\"><strong>Sonstiges<\/strong><\/a><\/li><\/ul>\n\n\n\n<p>Als F\u00f6rderverein f\u00fcr die R\u00f6misch-Germanische Kommission des Deutschen Arch\u00e4ologischen Instituts ist&nbsp;<strong>Freunde der Arch\u00e4ologie in Europa e. V.<\/strong>&nbsp;deren Forschungsprojekten eng verbunden. Die F\u00f6rderung erfolgt auf Vorschlag und in enger Absprache mit der Direktion der R\u00f6misch-Germanischen Kommission.<\/p>\n\n\n\n<div class=\"wp-block-image is-style-rounded\"><figure class=\"alignleft\"><a href=\"openMediaWindow('\/popup\/-\/media-display\/image\/51155\/226620');\"><img decoding=\"async\" src=\"https:\/\/www.dainst.org\/documents\/10180\/214581\/Bulgarien\/6a5eb817-da81-4120-85e6-f9c4d3ec6295?t=1413386378789&amp;imageThumbnail=2\" alt=\"\" title=\"open-media-display\" \/><\/a><figcaption>Exkursion nach Bulgarien<\/figcaption><\/figure><\/div>\n\n\n\n<p class=\"has-text-align-left\"><strong>Freunde der Arch\u00e4ologie in Europa e. V.<\/strong>&nbsp;steht allen offen, die sich f\u00fcr die europ\u00e4ische Vor- und Fr\u00fchgeschichte interessieren und die Arbeit der R\u00f6misch-Germanischen Kommission f\u00f6rdern m\u00f6chten. Mit Ihrer Mitgliedschaft oder Spende unterst\u00fctzen Sie die arch\u00e4ologische Forschung in Europa und den Erhalt unseres kulturellen Erbes.<\/p>\n\n\n\n<p><strong>Ihr Engagement wird dringend ben\u00f6tigt.<\/strong><\/p>\n\n\n\n<div class=\"wp-block-image is-style-rounded\"><figure class=\"alignleft is-resized\"><a href=\"openMediaWindow('\/popup\/-\/media-display\/image\/51155\/226644');\"><img fetchpriority=\"high\" decoding=\"async\" src=\"https:\/\/www.dainst.org\/documents\/10180\/214581\/Meurin\/286e3b55-0166-4a7b-ac80-1aaf7bde6fae?t=1413386506267&amp;imageThumbnail=2\" alt=\"\" width=\"318\" height=\"201\" title=\"open-media-display\" \/><\/a><figcaption>Exkursion nach Meurin<\/figcaption><\/figure><\/div>\n\n\n\n<p><strong>Freunde der Arch\u00e4ologie in Europa e. V.<\/strong>&nbsp;bietet ein vielf\u00e4ltiges, von renommierten Wissen- schaftlern geleitetes Veranstaltungsprogramm zu Themen der europ\u00e4ischen Altertumskunde. In fundierten Vortr\u00e4gen erfahren Sie mehr \u00fcber aktuelle Forschungen im Bereich der Vor- und Fr\u00fchgeschichte Europas. Von Fachleuten begleitete Exkursionen f\u00fchren Sie zu bedeutenden Museen, aktuellen Sonderausstellungen und arch\u00e4ologischen Fundpl\u00e4tzen im In- und Ausland.<\/p>\n\n\n\n<p><\/p>\n","protected":false},"excerpt":{"rendered":"<p>Die&nbsp;R\u00f6misch-Germanische Kommission&nbsp;des Deutschen Arch\u00e4ologischen Instituts blickte auf eine \u00fcber 100j\u00e4hrige Geschichte zur\u00fcck, als im Jahr 2004 ihr F\u00f6rderverein&nbsp;Freunde der Arch\u00e4ologie in Europa e. V.&nbsp;gegr\u00fcndet wurde. Ziel und Aufgabe des Vereins sind die F\u00f6rderung der Altertumsforschung, wie sie von der R\u00f6misch-Germanischen Kommission des Deutschen Arch\u00e4ologischen Instituts wahrgenommen wird. In diesem Sinne unterst\u00fctzt er Projekte des Hauses, [&hellip;]<\/p>\n","protected":false},"author":1,"featured_media":0,"parent":0,"menu_order":0,"comment_status":"closed","ping_status":"closed","template":"","meta":{"footnotes":""},"class_list":["post-101","page","type-page","status-publish","hentry","post-preview"],"_links":{"self":[{"href":"https:\/\/www.dainst.blog\/freunde-rgk\/wp-json\/wp\/v2\/pages\/101"}],"collection":[{"href":"https:\/\/www.dainst.blog\/freunde-rgk\/wp-json\/wp\/v2\/pages"}],"about":[{"href":"https:\/\/www.dainst.blog\/freunde-rgk\/wp-json\/wp\/v2\/types\/page"}],"author":[{"embeddable":true,"href":"https:\/\/www.dainst.blog\/freunde-rgk\/wp-json\/wp\/v2\/users\/1"}],"replies":[{"embeddable":true,"href":"https:\/\/www.dainst.blog\/freunde-rgk\/wp-json\/wp\/v2\/comments?post=101"}],"version-history":[{"count":4,"href":"https:\/\/www.dainst.blog\/freunde-rgk\/wp-json\/wp\/v2\/pages\/101\/revisions"}],"predecessor-version":[{"id":258,"href":"https:\/\/www.dainst.blog\/freunde-rgk\/wp-json\/wp\/v2\/pages\/101\/revisions\/258"}],"wp:attachment":[{"href":"https:\/\/www.dainst.blog\/freunde-rgk\/wp-json\/wp\/v2\/media?parent=101"}],"curies":[{"name":"wp","href":"https:\/\/api.w.org\/{rel}","templated":true}]}}