{"id":105,"date":"2020-11-03T20:12:15","date_gmt":"2020-11-03T20:12:15","guid":{"rendered":"http:\/\/www.dainst.blog\/freunde-rgk\/?page_id=105"},"modified":"2021-03-08T11:39:56","modified_gmt":"2021-03-08T11:39:56","slug":"organisation-und-struktur","status":"publish","type":"page","link":"https:\/\/www.dainst.blog\/freunde-rgk\/organisation-und-struktur\/","title":{"rendered":"\u00dcber Uns"},"content":{"rendered":"\n<p><strong>Freunde der Arch\u00e4ologie in Europa e. V.\u00a0<\/strong>z\u00e4hlt \u00fcber hundert Mitglieder im Rhein-Main-Gebiet und dar\u00fcber hinaus.<\/p>\n\n\n\n<p><strong>Freunde der Arch\u00e4ologie in Europa e. V.<\/strong>&nbsp;ist als gemeinn\u00fctzig anerkannt und unter VR 12798 in das Vereinsregister des Amtsgerichts Frankfurt am Main eingetragen.<\/p>\n","protected":false},"excerpt":{"rendered":"<p>Freunde der Arch\u00e4ologie in Europa e. V.\u00a0z\u00e4hlt \u00fcber hundert Mitglieder im Rhein-Main-Gebiet und dar\u00fcber hinaus. Freunde der Arch\u00e4ologie in Europa e. V.&nbsp;ist als gemeinn\u00fctzig anerkannt und unter VR 12798 in das Vereinsregister des Amtsgerichts Frankfurt am Main eingetragen.<\/p>\n","protected":false},"author":1,"featured_media":0,"parent":0,"menu_order":0,"comment_status":"closed","ping_status":"closed","template":"","meta":{"footnotes":""},"class_list":["post-105","page","type-page","status-publish","hentry","post-preview"],"_links":{"self":[{"href":"https:\/\/www.dainst.blog\/freunde-rgk\/wp-json\/wp\/v2\/pages\/105"}],"collection":[{"href":"https:\/\/www.dainst.blog\/freunde-rgk\/wp-json\/wp\/v2\/pages"}],"about":[{"href":"https:\/\/www.dainst.blog\/freunde-rgk\/wp-json\/wp\/v2\/types\/page"}],"author":[{"embeddable":true,"href":"https:\/\/www.dainst.blog\/freunde-rgk\/wp-json\/wp\/v2\/users\/1"}],"replies":[{"embeddable":true,"href":"https:\/\/www.dainst.blog\/freunde-rgk\/wp-json\/wp\/v2\/comments?post=105"}],"version-history":[{"count":5,"href":"https:\/\/www.dainst.blog\/freunde-rgk\/wp-json\/wp\/v2\/pages\/105\/revisions"}],"predecessor-version":[{"id":310,"href":"https:\/\/www.dainst.blog\/freunde-rgk\/wp-json\/wp\/v2\/pages\/105\/revisions\/310"}],"wp:attachment":[{"href":"https:\/\/www.dainst.blog\/freunde-rgk\/wp-json\/wp\/v2\/media?parent=105"}],"curies":[{"name":"wp","href":"https:\/\/api.w.org\/{rel}","templated":true}]}}