{"id":108,"date":"2020-11-03T20:18:28","date_gmt":"2020-11-03T20:18:28","guid":{"rendered":"http:\/\/www.dainst.blog\/freunde-rgk\/?page_id=108"},"modified":"2020-11-03T20:19:11","modified_gmt":"2020-11-03T20:19:11","slug":"mitgliedschaft","status":"publish","type":"page","link":"https:\/\/www.dainst.blog\/freunde-rgk\/mitgliedschaft\/","title":{"rendered":"Mitgliedschaft"},"content":{"rendered":"\n<figure class=\"wp-block-image\"><a href=\"javascript:openMediaWindow('\/popup\/-\/media-display\/image\/93240\/227006');\"><img decoding=\"async\" src=\"https:\/\/www.dainst.org\/documents\/10180\/214581\/Bulgarien-Exkursion\/c14eea31-edaa-427c-a500-1382cb0d56ec?t=1413388566583&amp;imageThumbnail=2\" alt=\"\" title=\"open-media-display\"\/><\/a><\/figure>\n\n\n\n<h2 class=\"wp-block-heading\">Mitgliedschaft<\/h2>\n\n\n\n<p>Als Mitglied bei&nbsp;<strong>Freunde der Arch\u00e4ologie in Europa e. V.<\/strong>&nbsp;unterst\u00fctzen Sie die Arbeit der R\u00f6misch-Germanischen Kommission des Deutschen Arch\u00e4ologischen Instituts. Sie f\u00f6rdern die Erforschung der Vor- und Fr\u00fchgeschichte Europas, tragen dadurch zum Erhalt des europ\u00e4ischen Kulturerbes bei und helfen, aktuelle Forschungsergebnisse an die \u00d6ffentlichkeit zu vermitteln.<\/p>\n\n\n\n<p><strong>Freunde der Arch\u00e4ologie in Europa e. V.<\/strong>&nbsp;bietet interessante, von renommierten Wissenschaftlerinnen und Wissenschaftlern geleitete Veranstaltungen zu verschiedenen Themen der Arch\u00e4ologie in Europa.<\/p>\n\n\n\n<p>Der j\u00e4hrliche Mitgliedsbeitrag betr\u00e4gt f\u00fcr<\/p>\n\n\n\n<ul class=\"wp-block-list\"><li>Einzelpersonen: 40,- \u20ac<\/li><li>Familien: 60,- \u20ac<\/li><li>Institutionen, Firmen und juristische Personen: 150,- \u20ac<\/li><li>Sch\u00fcler, Studierende und Auszubildende: 10,- \u20ac<\/li><\/ul>\n\n\n\n<p><strong>Wir freuen uns, Sie als neues Mitglied begr\u00fc\u00dfen zu d\u00fcrfen!<\/strong><\/p>\n","protected":false},"excerpt":{"rendered":"<p>Mitgliedschaft Als Mitglied bei&nbsp;Freunde der Arch\u00e4ologie in Europa e. V.&nbsp;unterst\u00fctzen Sie die Arbeit der R\u00f6misch-Germanischen Kommission des Deutschen Arch\u00e4ologischen Instituts. Sie f\u00f6rdern die Erforschung der Vor- und Fr\u00fchgeschichte Europas, tragen dadurch zum Erhalt des europ\u00e4ischen Kulturerbes bei und helfen, aktuelle Forschungsergebnisse an die \u00d6ffentlichkeit zu vermitteln. Freunde der Arch\u00e4ologie in Europa e. V.&nbsp;bietet interessante, von [&hellip;]<\/p>\n","protected":false},"author":1,"featured_media":0,"parent":0,"menu_order":0,"comment_status":"closed","ping_status":"closed","template":"","meta":{"footnotes":""},"class_list":["post-108","page","type-page","status-publish","hentry","post-preview"],"_links":{"self":[{"href":"https:\/\/www.dainst.blog\/freunde-rgk\/wp-json\/wp\/v2\/pages\/108"}],"collection":[{"href":"https:\/\/www.dainst.blog\/freunde-rgk\/wp-json\/wp\/v2\/pages"}],"about":[{"href":"https:\/\/www.dainst.blog\/freunde-rgk\/wp-json\/wp\/v2\/types\/page"}],"author":[{"embeddable":true,"href":"https:\/\/www.dainst.blog\/freunde-rgk\/wp-json\/wp\/v2\/users\/1"}],"replies":[{"embeddable":true,"href":"https:\/\/www.dainst.blog\/freunde-rgk\/wp-json\/wp\/v2\/comments?post=108"}],"version-history":[{"count":2,"href":"https:\/\/www.dainst.blog\/freunde-rgk\/wp-json\/wp\/v2\/pages\/108\/revisions"}],"predecessor-version":[{"id":112,"href":"https:\/\/www.dainst.blog\/freunde-rgk\/wp-json\/wp\/v2\/pages\/108\/revisions\/112"}],"wp:attachment":[{"href":"https:\/\/www.dainst.blog\/freunde-rgk\/wp-json\/wp\/v2\/media?parent=108"}],"curies":[{"name":"wp","href":"https:\/\/api.w.org\/{rel}","templated":true}]}}