{"id":110,"date":"2020-11-03T20:18:51","date_gmt":"2020-11-03T20:18:51","guid":{"rendered":"http:\/\/www.dainst.blog\/freunde-rgk\/?page_id=110"},"modified":"2020-11-03T20:18:52","modified_gmt":"2020-11-03T20:18:52","slug":"spenden","status":"publish","type":"page","link":"https:\/\/www.dainst.blog\/freunde-rgk\/spenden\/","title":{"rendered":"Spenden"},"content":{"rendered":"\n<figure class=\"wp-block-image\"><a href=\"javascript:openMediaWindow('\/popup\/-\/media-display\/image\/93240\/365798');\"><img decoding=\"async\" src=\"https:\/\/www.dainst.org\/documents\/10180\/83828\/Spendenhippokamp+von+Freunde+der+Arch%C3%A4ologie+in+Europa+e.+V.\/3ffce1e9-146f-4bc3-8335-84d8060100e7?t=1415201580312&amp;imageThumbnail=2\" alt=\"\" title=\"open-media-display\"\/><\/a><\/figure>\n\n\n\n<h2 class=\"wp-block-heading\">Spenden<\/h2>\n\n\n\n<p>Mit Ihrer Spende f\u00f6rdern Sie die Arbeit der R\u00f6misch-Germanischen Kommission des Deutschen Arch\u00e4ologischen Instituts, die Erforschung der europ\u00e4ischen Vor- und Fr\u00fchgeschichte und damit den Schutz des gemeinsamen kulturellen Erbes.<\/p>\n\n\n\n<p>Spenden werden erbeten auf das Konto<br><strong>Freunde der Arch\u00e4ologie in Europa e. V.<br>Frankfurter Sparkasse<br>IBAN: DE90 5005 0201 0200 1295 03<br>SWIFT-BIC: HELADEF1822<\/strong><\/p>\n\n\n\n<p><em>Unser Verein ist als gemeinn\u00fctzig anerkannt und unter VR 12798 in das Vereinsregister des Amtsgerichts Frankfurt am Main eingetragen.<\/em><\/p>\n\n\n\n<p>Gerne stellen wir f\u00fcr Ihre Spende eine Quittung aus und stehen f\u00fcr weitere Informationen zur Verf\u00fcgung.<\/p>\n","protected":false},"excerpt":{"rendered":"<p>Spenden Mit Ihrer Spende f\u00f6rdern Sie die Arbeit der R\u00f6misch-Germanischen Kommission des Deutschen Arch\u00e4ologischen Instituts, die Erforschung der europ\u00e4ischen Vor- und Fr\u00fchgeschichte und damit den Schutz des gemeinsamen kulturellen Erbes. Spenden werden erbeten auf das KontoFreunde der Arch\u00e4ologie in Europa e. V.Frankfurter SparkasseIBAN: DE90 5005 0201 0200 1295 03SWIFT-BIC: HELADEF1822 Unser Verein ist als gemeinn\u00fctzig [&hellip;]<\/p>\n","protected":false},"author":1,"featured_media":0,"parent":0,"menu_order":0,"comment_status":"closed","ping_status":"closed","template":"","meta":{"footnotes":""},"class_list":["post-110","page","type-page","status-publish","hentry","post-preview"],"_links":{"self":[{"href":"https:\/\/www.dainst.blog\/freunde-rgk\/wp-json\/wp\/v2\/pages\/110"}],"collection":[{"href":"https:\/\/www.dainst.blog\/freunde-rgk\/wp-json\/wp\/v2\/pages"}],"about":[{"href":"https:\/\/www.dainst.blog\/freunde-rgk\/wp-json\/wp\/v2\/types\/page"}],"author":[{"embeddable":true,"href":"https:\/\/www.dainst.blog\/freunde-rgk\/wp-json\/wp\/v2\/users\/1"}],"replies":[{"embeddable":true,"href":"https:\/\/www.dainst.blog\/freunde-rgk\/wp-json\/wp\/v2\/comments?post=110"}],"version-history":[{"count":1,"href":"https:\/\/www.dainst.blog\/freunde-rgk\/wp-json\/wp\/v2\/pages\/110\/revisions"}],"predecessor-version":[{"id":111,"href":"https:\/\/www.dainst.blog\/freunde-rgk\/wp-json\/wp\/v2\/pages\/110\/revisions\/111"}],"wp:attachment":[{"href":"https:\/\/www.dainst.blog\/freunde-rgk\/wp-json\/wp\/v2\/media?parent=110"}],"curies":[{"name":"wp","href":"https:\/\/api.w.org\/{rel}","templated":true}]}}