{"id":115,"date":"2020-11-03T20:23:47","date_gmt":"2020-11-03T20:23:47","guid":{"rendered":"http:\/\/www.dainst.blog\/freunde-rgk\/?page_id=115"},"modified":"2020-11-03T20:23:48","modified_gmt":"2020-11-03T20:23:48","slug":"unser-logo","status":"publish","type":"page","link":"https:\/\/www.dainst.blog\/freunde-rgk\/unser-logo\/","title":{"rendered":"Unser Logo"},"content":{"rendered":"\n<div class=\"wp-block-image\"><figure class=\"alignright\"><a href=\"javascript:openMediaWindow('\/popup\/-\/media-display\/image\/93266\/93696');\"><img decoding=\"async\" src=\"https:\/\/www.dainst.org\/documents\/10180\/83828\/Hippokamp+Manching\/c089ff15-2cd1-4235-ba09-45a6f4609045?t=1413390193104&amp;imageThumbnail=2\" alt=\"\" title=\"open-media-display\"\/><\/a><\/figure><\/div>\n\n\n\n<p><strong>Freunde der Arch\u00e4ologie in Europa e. V.&nbsp;<\/strong>w\u00e4hlte ein besonderes Fundst\u00fcck als Logo.<\/p>\n\n\n\n<p>Die ca. 5 cm gro\u00dfe Bronzefigur eines Hippokampen, eines Pferdes mit Fischschwanz, wurde bei Ausgrabungen der R\u00f6misch-Germanischen Kommission in der sp\u00e4tkeltischen Stadt (Oppidum) bei Manching in Oberbayern gefunden.<\/p>\n\n\n\n<p>In der keltischen Mythologie spielten Tiere eine wichtige Rolle. Unser Logo hat seine Vorbilder jedoch im Mittelmeerraum. In der antiken Sagenwelt erscheinen Hippokampen als Begleiter von Wassergottheiten und fungieren als Tr\u00e4ger der Seelen von Verstorbenen.<\/p>\n\n\n\n<div class=\"wp-block-image\"><figure class=\"alignright\"><a href=\"javascript:openMediaWindow('\/popup\/-\/media-display\/image\/93266\/223480');\"><img decoding=\"async\" src=\"https:\/\/www.dainst.org\/documents\/10180\/83828\/Hippokamp+im+kelten+r%C3%B6mer+museum\/75fe5295-f748-434a-9daf-e106ba121d70?t=1413390216030&amp;imageThumbnail=2\" alt=\"\" title=\"open-media-display\"\/><\/a><\/figure><\/div>\n\n\n\n<p>Unser Seepferd ist jedoch anhand charakteristischer Merkmale, wie dem stilisierten Kopf mit den betonten Augen, als Arbeit einheimischer Kelten zu erkennen. Es belegt deren Kontakte in den Mittelmeerraum und spiegelt die geistig-k\u00fcnstlerische Auseinandersetzung mit der mediterranen Kultur.<\/p>\n\n\n\n<p>Das halbplastisch gearbeitete St\u00fcck war ehemals auf einem Holzgegenstand befestigt und wurde in der N\u00e4he kultisch genutzter Geb\u00e4ude gefunden. Auch wenn die einst mit unserem Hippokampen verbundenen Mythen verloren sind, so ist doch seine Einbindung in den sakralen Kontext anhand der Fundumst\u00e4nde zu erschlie\u00dfen.<\/p>\n\n\n\n<p>Der Hippokamp ist im kelten r\u00f6mer museum manching zu sehen.<\/p>\n\n\n\n<h3 class=\"wp-block-heading\"><strong>Literaturhinweise<\/strong><\/h3>\n\n\n\n<ul class=\"wp-block-list\"><li>Susanne Sievers, Manching \u2013 Die Keltenstadt. F\u00fchrer zu arch\u00e4ologischen Denkm\u00e4lern in Bayern. Oberbayern 3\u00b2 (Konrad Theiss Verlag, Stuttgart 2007).<br>ISBN 3-8062-1765-3.<\/li><li>Sievers Sievers, Ergebnisse der Ausgrabungen in Manching-Altenfeld 1996 bis 1999. Ausgrabungen in Manching 18 (Wiesbaden 2013) 178 ff.<br>ISBN 9783895007552<\/li><li>Susanne Sievers, Tiere in der Welt der Kelten. In: Peter Janich (Hrsg.), Der Mensch und seine Tiere. Mensch-Tier-Verh\u00e4ltnisse im Spiegel der Wissenschaften. Schriften der Wissenschaftlichen Gesellschaft an der Johann Wolfgang Goethe-Universit\u00e4t Frankfurt am Main 23 (Frankfurt, Stuttgart 2014) 33-63.<br>ISBN 978-3-515-10922-2<\/li><\/ul>\n","protected":false},"excerpt":{"rendered":"<p>Freunde der Arch\u00e4ologie in Europa e. V.&nbsp;w\u00e4hlte ein besonderes Fundst\u00fcck als Logo. Die ca. 5 cm gro\u00dfe Bronzefigur eines Hippokampen, eines Pferdes mit Fischschwanz, wurde bei Ausgrabungen der R\u00f6misch-Germanischen Kommission in der sp\u00e4tkeltischen Stadt (Oppidum) bei Manching in Oberbayern gefunden. In der keltischen Mythologie spielten Tiere eine wichtige Rolle. Unser Logo hat seine Vorbilder jedoch [&hellip;]<\/p>\n","protected":false},"author":1,"featured_media":0,"parent":0,"menu_order":0,"comment_status":"closed","ping_status":"closed","template":"","meta":{"footnotes":""},"class_list":["post-115","page","type-page","status-publish","hentry","post-preview"],"_links":{"self":[{"href":"https:\/\/www.dainst.blog\/freunde-rgk\/wp-json\/wp\/v2\/pages\/115"}],"collection":[{"href":"https:\/\/www.dainst.blog\/freunde-rgk\/wp-json\/wp\/v2\/pages"}],"about":[{"href":"https:\/\/www.dainst.blog\/freunde-rgk\/wp-json\/wp\/v2\/types\/page"}],"author":[{"embeddable":true,"href":"https:\/\/www.dainst.blog\/freunde-rgk\/wp-json\/wp\/v2\/users\/1"}],"replies":[{"embeddable":true,"href":"https:\/\/www.dainst.blog\/freunde-rgk\/wp-json\/wp\/v2\/comments?post=115"}],"version-history":[{"count":1,"href":"https:\/\/www.dainst.blog\/freunde-rgk\/wp-json\/wp\/v2\/pages\/115\/revisions"}],"predecessor-version":[{"id":116,"href":"https:\/\/www.dainst.blog\/freunde-rgk\/wp-json\/wp\/v2\/pages\/115\/revisions\/116"}],"wp:attachment":[{"href":"https:\/\/www.dainst.blog\/freunde-rgk\/wp-json\/wp\/v2\/media?parent=115"}],"curies":[{"name":"wp","href":"https:\/\/api.w.org\/{rel}","templated":true}]}}