{"id":130,"date":"2020-11-03T20:39:20","date_gmt":"2020-11-03T20:39:20","guid":{"rendered":"http:\/\/www.dainst.blog\/freunde-rgk\/?page_id=130"},"modified":"2020-11-03T20:39:21","modified_gmt":"2020-11-03T20:39:21","slug":"satzung-des-vereins-freunde-der-archaeologie-in-europa-e-v","status":"publish","type":"page","link":"https:\/\/www.dainst.blog\/freunde-rgk\/satzung-des-vereins-freunde-der-archaeologie-in-europa-e-v\/","title":{"rendered":"Satzung des Vereins &#8222;Freunde der Arch\u00e4ologie in Europa e.V.&#8220;"},"content":{"rendered":"\n<h3 class=\"wp-block-heading\"><br>\u00a7 1 Name, Sitz, Gemeinn\u00fctzigkeit<\/h3>\n\n\n\n<p><br>Der Verein f\u00fchrt den Namen &#8222;Freunde der Arch\u00e4ologie in Europa e. V.&#8220;.<br>Er soll in das Vereinsregister eingetragen werden und f\u00fchrt dann den Zusatz &#8222;e.V.&#8220;.<\/p>\n\n\n\n<p><br>Der Verein hat seinen Sitz in Frankfurt am Main.<br>Der Verein verfolgt ausschlie\u00dflich und unmittelbar gemeinn\u00fctzige Zwecke i.S.d. Abschnitts &#8222;Steuerbeg\u00fcnstigte Zwecke&#8220; der Abgabenordnung.<\/p>\n\n\n\n<h3 class=\"wp-block-heading\"><br>\u00a7 2 Zweck des Vereins<\/h3>\n\n\n\n<p><br>Zweck des Vereins ist die F\u00f6rderung der Altertumsforschung, wie sie von der R\u00f6misch-Germanischen Kommission des Deutschen Arch\u00e4ologischen Instituts zu Frankfurt (RGK) wahrgenommen wird.<\/p>\n\n\n\n<p><br>Der Satzungszweck wird verwirklicht insbesondere durch die Unterst\u00fctzung von Forschungsvorhaben, Durchf\u00fchrung wissenschaftlicher Veranstaltungen, F\u00f6rderung des wissenschaftlichen Nachwuchses und der internationalen Kontakte, Herausgabe von Publikationen und die Veranstaltung von allgemeinverst\u00e4ndlichen Vortr\u00e4gen.<\/p>\n\n\n\n<p><br>Mittel des Vereins d\u00fcrfen nur f\u00fcr die satzungsm\u00e4\u00dfigen Zwecke verwendet werden.<\/p>\n\n\n\n<p><br>Die Mitglieder erhalten keine Zuwendungen aus Mitteln des Vereins.<br>Es darf keine Person durch Ausgaben, die dem Zweck der K\u00f6rperschaft fremd sind oder durch unverh\u00e4ltnism\u00e4\u00dfig hohe Verg\u00fctungen beg\u00fcnstigt werden.<\/p>\n\n\n\n<p><br>Der Verein ist selbstlos t\u00e4tig und verfolgt nicht in erster Linie eigenwirtschaftliche Zwecke.<\/p>\n\n\n\n<h3 class=\"wp-block-heading\"><br>\u00a7 3 Erwerb der Mitgliedschaft<\/h3>\n\n\n\n<p><br>Mitglied des Vereins kann jede nat\u00fcrliche und juristische Person werden. \u00dcber den Aufnahmeantrag entscheidet der Vorstand.<\/p>\n","protected":false},"excerpt":{"rendered":"<p>\u00a7 1 Name, Sitz, Gemeinn\u00fctzigkeit Der Verein f\u00fchrt den Namen &#8222;Freunde der Arch\u00e4ologie in Europa e. V.&#8220;.Er soll in das Vereinsregister eingetragen werden und f\u00fchrt dann den Zusatz &#8222;e.V.&#8220;. Der Verein hat seinen Sitz in Frankfurt am Main.Der Verein verfolgt ausschlie\u00dflich und unmittelbar gemeinn\u00fctzige Zwecke i.S.d. Abschnitts &#8222;Steuerbeg\u00fcnstigte Zwecke&#8220; der Abgabenordnung. \u00a7 2 Zweck des [&hellip;]<\/p>\n","protected":false},"author":1,"featured_media":0,"parent":0,"menu_order":0,"comment_status":"closed","ping_status":"closed","template":"","meta":{"footnotes":""},"class_list":["post-130","page","type-page","status-publish","hentry","post-preview"],"_links":{"self":[{"href":"https:\/\/www.dainst.blog\/freunde-rgk\/wp-json\/wp\/v2\/pages\/130"}],"collection":[{"href":"https:\/\/www.dainst.blog\/freunde-rgk\/wp-json\/wp\/v2\/pages"}],"about":[{"href":"https:\/\/www.dainst.blog\/freunde-rgk\/wp-json\/wp\/v2\/types\/page"}],"author":[{"embeddable":true,"href":"https:\/\/www.dainst.blog\/freunde-rgk\/wp-json\/wp\/v2\/users\/1"}],"replies":[{"embeddable":true,"href":"https:\/\/www.dainst.blog\/freunde-rgk\/wp-json\/wp\/v2\/comments?post=130"}],"version-history":[{"count":1,"href":"https:\/\/www.dainst.blog\/freunde-rgk\/wp-json\/wp\/v2\/pages\/130\/revisions"}],"predecessor-version":[{"id":132,"href":"https:\/\/www.dainst.blog\/freunde-rgk\/wp-json\/wp\/v2\/pages\/130\/revisions\/132"}],"wp:attachment":[{"href":"https:\/\/www.dainst.blog\/freunde-rgk\/wp-json\/wp\/v2\/media?parent=130"}],"curies":[{"name":"wp","href":"https:\/\/api.w.org\/{rel}","templated":true}]}}