{"id":154,"date":"2020-11-04T08:46:24","date_gmt":"2020-11-04T08:46:24","guid":{"rendered":"http:\/\/www.dainst.blog\/freunde-rgk\/?page_id=154"},"modified":"2021-03-02T10:54:16","modified_gmt":"2021-03-02T10:54:16","slug":"blog","status":"publish","type":"page","link":"https:\/\/www.dainst.blog\/freunde-rgk\/blog\/","title":{"rendered":"Neuigkeiten"},"content":{"rendered":"\n<h2 class=\"wp-block-heading\"><strong>Die Abendvortr\u00e4ge des F\u00f6rdervereins der RGK ziehen ins Internet!<\/strong><\/h2>\n\n\n\n<div class=\"wp-block-group\"><div class=\"wp-block-group__inner-container is-layout-flow wp-block-group-is-layout-flow\">\n<p>Da aufgrund der Ma\u00dfnahmen gegen die Ausbreitung von COVID-19 seit M\u00e4rz 2020 die traditionellen gemeinsamen Abendvortr\u00e4ge der RGK und der Freunde der Arch\u00e4ologie nicht mehr vor Ort stattfinden k\u00f6nnen, entschloss sich der Vorstand des Vereines die Abendvortr\u00e4ge digital ins Netz zu bringen!<\/p>\n\n\n\n<p>Unter der Initiative unseres Schatzmeisters Thomas Claus, hauptamtlich Regisseur und Produzent, wurden im Juni 2020 an der Evangelischen Akademie in Frankfurt am Main vier digitale Vortr\u00e4ge aufgezeichnet. Lesen Sie zu den Aufzeichnungen der ersten digitalen Vortragsreihe einen Beitrag im <a href=\"https:\/\/www.dainst.blog\/crossing-borders\/2020\/07\/17\/die-abendvortraege-des-foerdervereins-der-rgk-ziehen-ins-internet\/\" data-type=\"URL\" data-id=\"https:\/\/www.dainst.blog\/crossing-borders\/2020\/07\/17\/die-abendvortraege-des-foerdervereins-der-rgk-ziehen-ins-internet\/\" target=\"_blank\" rel=\"noreferrer noopener\">RGK-Blog<\/a>.<\/p>\n\n\n\n<p>Eine weitere Reihe von vier digitalen Vortr\u00e4gen wurde angesichts des weitreichenden Anklangs und positiver Resonanz im November 2020 aufgezeichnet.<\/p>\n\n\n\n<p>Die digitale Vortragsreihe finden Sie gesammelt in einer Playlist auf dem <a href=\"https:\/\/www.youtube.com\/watch?v=X24VP_HKGyE&amp;list=PLq4Pz4R7ts0X8Fe2_hyl1kNeDgc7NTTMj\" data-type=\"URL\" data-id=\"https:\/\/www.youtube.com\/watch?v=X24VP_HKGyE&amp;list=PLq4Pz4R7ts0X8Fe2_hyl1kNeDgc7NTTMj\">YouTube-Kanal<\/a> des Deutschen Arch\u00e4ologischen Instituts. &nbsp;<\/p>\n<\/div><\/div>\n\n\n\n<div class=\"wp-block-group\"><div class=\"wp-block-group__inner-container is-layout-flow wp-block-group-is-layout-flow\">\n<p>Folgende digitalen Vortr\u00e4ge stehen f\u00fcr Sie bereits online zur Verf\u00fcgung:<\/p>\n\n\n\n<p><strong>Dr. Knut Rassmann (RGK, Frankfurt), <\/strong><a href=\"https:\/\/youtu.be\/5KXHi7ylI7c\" data-type=\"URL\" data-id=\"https:\/\/youtu.be\/5KXHi7ylI7c\" target=\"_blank\" rel=\"noreferrer noopener\">\u201eSakrale Landschaften und Monumente? Zu den aktuellen Forschungen der RGK im Boyne Valley (Irland) und der Orkney-Insel Rousay (Schottland)<\/a>\u201c. <\/p>\n\n\n\n<p><strong>Prof. Dr. Markus Scholz (Goethe-Universit\u00e4t Frankfurt),<\/strong> \u201e<a rel=\"noreferrer noopener\" href=\"https:\/\/www.youtube.com\/watch?v=jWpwYEw1x2U&amp;list=PLq4Pz4R7ts0X8Fe2_hyl1kNeDgc7NTTMj&amp;index=4\" data-type=\"URL\" data-id=\"https:\/\/www.youtube.com\/watch?v=jWpwYEw1x2U&amp;list=PLq4Pz4R7ts0X8Fe2_hyl1kNeDgc7NTTMj&amp;index=4\" target=\"_blank\">Eine r\u00f6mische Liebeserkl\u00e4rung aus Hungen-Inheiden (Kr. Gie\u00dfen): Aspekte der Gesellschaft am Limes&#8220;<\/a>. <\/p>\n\n\n\n<p><strong>Dr. Christoph Rummel (RGK, Frankfurt),<\/strong> <a rel=\"noreferrer noopener\" href=\"https:\/\/youtu.be\/BWoOyeX6yO0\" data-type=\"URL\" data-id=\"https:\/\/youtu.be\/BWoOyeX6yO0\" target=\"_blank\">\u201eNavigare necesse est\u2026 Neues und Altes zu r\u00f6mischen Flotten und Flussgrenzen&#8220;<\/a>.<\/p>\n\n\n\n<p><strong>Dr. David Wigg-Wolff (RGK, Frankfurt),<\/strong> <a href=\"https:\/\/youtu.be\/ngYFhL3qUIQ\" data-type=\"URL\" data-id=\"https:\/\/youtu.be\/ngYFhL3qUIQ\" target=\"_blank\" rel=\"noreferrer noopener\">\u201eRepr\u00e4sentationen der Macht: M\u00fcnzen als neue Quelle zum Aufstieg der Goten?\u201c<\/a>.<\/p>\n\n\n\n<p><strong>Dr. Gabriele Rasbach (RGK, Frankfurt),<\/strong> <a href=\"https:\/\/www.youtube.com\/watch?v=X24VP_HKGyE&amp;list=PLq4Pz4R7ts0X8Fe2_hyl1kNeDgc7NTTMj&amp;index=1\" data-type=\"URL\" data-id=\"https:\/\/www.youtube.com\/watch?v=X24VP_HKGyE&amp;list=PLq4Pz4R7ts0X8Fe2_hyl1kNeDgc7NTTMj&amp;index=1\">\u201eKulturkontakte \u2013 Mobilit\u00e4t \u2013 Migration \u2013 &#8230;Das r\u00f6mische Waldgirmes und das englische Jamesfort \/Jamestown&#8220;<\/a>. <\/p>\n<\/div><\/div>\n\n\n\n<p class=\"has-text-align-center\"><em>Wir w\u00fcnschen Ihnen viel Freude und gute Unterhaltung mit den digitalen Vortr\u00e4gen der Freunde der Arch\u00e4ologie!<\/em><\/p>\n","protected":false},"excerpt":{"rendered":"<p>Die Abendvortr\u00e4ge des F\u00f6rdervereins der RGK ziehen ins Internet! Da aufgrund der Ma\u00dfnahmen gegen die Ausbreitung von COVID-19 seit M\u00e4rz 2020 die traditionellen gemeinsamen Abendvortr\u00e4ge der RGK und der Freunde der Arch\u00e4ologie nicht mehr vor Ort stattfinden k\u00f6nnen, entschloss sich der Vorstand des Vereines die Abendvortr\u00e4ge digital ins Netz zu bringen! Unter der Initiative unseres [&hellip;]<\/p>\n","protected":false},"author":1,"featured_media":0,"parent":0,"menu_order":0,"comment_status":"closed","ping_status":"closed","template":"","meta":{"footnotes":""},"class_list":["post-154","page","type-page","status-publish","hentry","post-preview"],"_links":{"self":[{"href":"https:\/\/www.dainst.blog\/freunde-rgk\/wp-json\/wp\/v2\/pages\/154"}],"collection":[{"href":"https:\/\/www.dainst.blog\/freunde-rgk\/wp-json\/wp\/v2\/pages"}],"about":[{"href":"https:\/\/www.dainst.blog\/freunde-rgk\/wp-json\/wp\/v2\/types\/page"}],"author":[{"embeddable":true,"href":"https:\/\/www.dainst.blog\/freunde-rgk\/wp-json\/wp\/v2\/users\/1"}],"replies":[{"embeddable":true,"href":"https:\/\/www.dainst.blog\/freunde-rgk\/wp-json\/wp\/v2\/comments?post=154"}],"version-history":[{"count":4,"href":"https:\/\/www.dainst.blog\/freunde-rgk\/wp-json\/wp\/v2\/pages\/154\/revisions"}],"predecessor-version":[{"id":305,"href":"https:\/\/www.dainst.blog\/freunde-rgk\/wp-json\/wp\/v2\/pages\/154\/revisions\/305"}],"wp:attachment":[{"href":"https:\/\/www.dainst.blog\/freunde-rgk\/wp-json\/wp\/v2\/media?parent=154"}],"curies":[{"name":"wp","href":"https:\/\/api.w.org\/{rel}","templated":true}]}}