{"id":160,"date":"2020-11-04T08:57:16","date_gmt":"2020-11-04T08:57:16","guid":{"rendered":"http:\/\/www.dainst.blog\/freunde-rgk\/?page_id=160"},"modified":"2020-12-08T12:17:14","modified_gmt":"2020-12-08T12:17:14","slug":"aktivitaeten","status":"publish","type":"page","link":"https:\/\/www.dainst.blog\/freunde-rgk\/aktivitaeten\/","title":{"rendered":"Aktivit\u00e4ten"},"content":{"rendered":"\n<p><strong>Freunde der Arch\u00e4ologie in Europa e. V.<\/strong>&nbsp;tr\u00e4gt auf vielf\u00e4ltige Weise zum Miteinander in der R\u00f6misch-Germanischen Kommission, der arch\u00e4ologischen Gemeinschaft im Rhein-Main-Gebiet und dar\u00fcber hinaus bei. Der Verein schafft einen Rahmen zum Austausch zwischen Wissenschaftlern und allen, die sich f\u00fcr die europ\u00e4ische Vor- und Fr\u00fchgeschichte interessieren.<\/p>\n","protected":false},"excerpt":{"rendered":"<p>Freunde der Arch\u00e4ologie in Europa e. V.&nbsp;tr\u00e4gt auf vielf\u00e4ltige Weise zum Miteinander in der R\u00f6misch-Germanischen Kommission, der arch\u00e4ologischen Gemeinschaft im Rhein-Main-Gebiet und dar\u00fcber hinaus bei. Der Verein schafft einen Rahmen zum Austausch zwischen Wissenschaftlern und allen, die sich f\u00fcr die europ\u00e4ische Vor- und Fr\u00fchgeschichte interessieren.<\/p>\n","protected":false},"author":1,"featured_media":0,"parent":0,"menu_order":0,"comment_status":"closed","ping_status":"closed","template":"","meta":{"footnotes":""},"class_list":["post-160","page","type-page","status-publish","hentry","post-preview"],"_links":{"self":[{"href":"https:\/\/www.dainst.blog\/freunde-rgk\/wp-json\/wp\/v2\/pages\/160"}],"collection":[{"href":"https:\/\/www.dainst.blog\/freunde-rgk\/wp-json\/wp\/v2\/pages"}],"about":[{"href":"https:\/\/www.dainst.blog\/freunde-rgk\/wp-json\/wp\/v2\/types\/page"}],"author":[{"embeddable":true,"href":"https:\/\/www.dainst.blog\/freunde-rgk\/wp-json\/wp\/v2\/users\/1"}],"replies":[{"embeddable":true,"href":"https:\/\/www.dainst.blog\/freunde-rgk\/wp-json\/wp\/v2\/comments?post=160"}],"version-history":[{"count":2,"href":"https:\/\/www.dainst.blog\/freunde-rgk\/wp-json\/wp\/v2\/pages\/160\/revisions"}],"predecessor-version":[{"id":223,"href":"https:\/\/www.dainst.blog\/freunde-rgk\/wp-json\/wp\/v2\/pages\/160\/revisions\/223"}],"wp:attachment":[{"href":"https:\/\/www.dainst.blog\/freunde-rgk\/wp-json\/wp\/v2\/media?parent=160"}],"curies":[{"name":"wp","href":"https:\/\/api.w.org\/{rel}","templated":true}]}}