{"id":163,"date":"2020-11-04T08:59:02","date_gmt":"2020-11-04T08:59:02","guid":{"rendered":"http:\/\/www.dainst.blog\/freunde-rgk\/?page_id=163"},"modified":"2020-11-04T08:59:02","modified_gmt":"2020-11-04T08:59:02","slug":"sponsoring","status":"publish","type":"page","link":"https:\/\/www.dainst.blog\/freunde-rgk\/sponsoring\/","title":{"rendered":"Sponsoring"},"content":{"rendered":"\n<div class=\"wp-block-image\"><figure class=\"alignright\"><a href=\"javascript:openMediaWindow('\/popup\/-\/media-display\/image\/93467\/211982');\"><img decoding=\"async\" src=\"https:\/\/www.dainst.org\/documents\/10180\/211970\/Bembelbarbaren\/2a96887e-cc8e-4889-8d2b-00e18b1f109a?t=1413388272442&amp;imageThumbnail=2\" alt=\"\" title=\"open-media-display\"\/><\/a><figcaption>Der Verein sponsorte den \u201eBembelbarbaren\u201c<br>einheitliche Trikots f\u00fcr den Winckelmanncup<\/figcaption><\/figure><\/div>\n\n\n\n<p><strong>Freunde der Arch\u00e4ologie in Europa e. V.<\/strong>\u00a0unterst\u00fctzte die gemeinsame Mannschaft aus Mitarbeitern der R\u00f6misch-Germanischen Kommission und Studierenden der Frankfurter Universit\u00e4t beim\u00a0<em>Winckelmann-Cup<\/em>. Das Team der\u00a0<em>Bembelbarbaren<\/em>\u00a0bedankte sich 2014 mit dem Gewinn des international besetzten Arch\u00e4ologie-Fu\u00dfball-Turniers.<\/p>\n","protected":false},"excerpt":{"rendered":"<p>Freunde der Arch\u00e4ologie in Europa e. V.\u00a0unterst\u00fctzte die gemeinsame Mannschaft aus Mitarbeitern der R\u00f6misch-Germanischen Kommission und Studierenden der Frankfurter Universit\u00e4t beim\u00a0Winckelmann-Cup. Das Team der\u00a0Bembelbarbaren\u00a0bedankte sich 2014 mit dem Gewinn des international besetzten Arch\u00e4ologie-Fu\u00dfball-Turniers.<\/p>\n","protected":false},"author":1,"featured_media":0,"parent":0,"menu_order":0,"comment_status":"closed","ping_status":"closed","template":"","meta":{"footnotes":""},"class_list":["post-163","page","type-page","status-publish","hentry","post-preview"],"_links":{"self":[{"href":"https:\/\/www.dainst.blog\/freunde-rgk\/wp-json\/wp\/v2\/pages\/163"}],"collection":[{"href":"https:\/\/www.dainst.blog\/freunde-rgk\/wp-json\/wp\/v2\/pages"}],"about":[{"href":"https:\/\/www.dainst.blog\/freunde-rgk\/wp-json\/wp\/v2\/types\/page"}],"author":[{"embeddable":true,"href":"https:\/\/www.dainst.blog\/freunde-rgk\/wp-json\/wp\/v2\/users\/1"}],"replies":[{"embeddable":true,"href":"https:\/\/www.dainst.blog\/freunde-rgk\/wp-json\/wp\/v2\/comments?post=163"}],"version-history":[{"count":1,"href":"https:\/\/www.dainst.blog\/freunde-rgk\/wp-json\/wp\/v2\/pages\/163\/revisions"}],"predecessor-version":[{"id":165,"href":"https:\/\/www.dainst.blog\/freunde-rgk\/wp-json\/wp\/v2\/pages\/163\/revisions\/165"}],"wp:attachment":[{"href":"https:\/\/www.dainst.blog\/freunde-rgk\/wp-json\/wp\/v2\/media?parent=163"}],"curies":[{"name":"wp","href":"https:\/\/api.w.org\/{rel}","templated":true}]}}