{"id":193,"date":"2020-11-04T09:28:50","date_gmt":"2020-11-04T09:28:50","guid":{"rendered":"http:\/\/www.dainst.blog\/freunde-rgk\/?page_id=193"},"modified":"2020-11-04T09:28:50","modified_gmt":"2020-11-04T09:28:50","slug":"sommerfeste","status":"publish","type":"page","link":"https:\/\/www.dainst.blog\/freunde-rgk\/sommerfeste\/","title":{"rendered":"Sommerfeste"},"content":{"rendered":"\n<p>Das Sommerfest der\u00a0<strong>Freunde der Arch\u00e4ologie in Europa e. V.<\/strong>\u00a0ist ein beliebter Treffpunkt von Fachkollegen und vor- und fr\u00fchgeschichtlich Interessierten. Es bietet Gelegenheit zum Gespr\u00e4ch und und pr\u00e4sentiert die R\u00f6misch-Germanische Kommission als traditionsreiche Forschungseinrichtung in Frankfurt.<\/p>\n\n\n\n<figure class=\"wp-block-gallery columns-3 is-cropped wp-block-gallery-1 is-layout-flex wp-block-gallery-is-layout-flex\"><ul class=\"blocks-gallery-grid\"><li class=\"blocks-gallery-item\"><figure><img fetchpriority=\"high\" decoding=\"async\" width=\"291\" height=\"208\" src=\"https:\/\/www.dainst.blog\/freunde-rgk\/wp-content\/uploads\/sites\/33\/2020\/11\/Bilder_SF_2006-03_bearb.jpg\" alt=\"\" data-id=\"194\" data-full-url=\"https:\/\/www.dainst.blog\/freunde-rgk\/wp-content\/uploads\/sites\/33\/2020\/11\/Bilder_SF_2006-03_bearb.jpg\" data-link=\"http:\/\/www.dainst.blog\/freunde-rgk\/?attachment_id=194\" class=\"wp-image-194\"\/><figcaption class=\"blocks-gallery-item__caption\">Sommerfest im garten der RGK 2008<\/figcaption><\/figure><\/li><li class=\"blocks-gallery-item\"><figure><img decoding=\"async\" width=\"551\" height=\"394\" src=\"https:\/\/www.dainst.blog\/freunde-rgk\/wp-content\/uploads\/sites\/33\/2020\/11\/Fidelius.jpg\" alt=\"\" data-id=\"195\" data-full-url=\"https:\/\/www.dainst.blog\/freunde-rgk\/wp-content\/uploads\/sites\/33\/2020\/11\/Fidelius.jpg\" data-link=\"http:\/\/www.dainst.blog\/freunde-rgk\/?attachment_id=195\" class=\"wp-image-195\" srcset=\"https:\/\/www.dainst.blog\/freunde-rgk\/wp-content\/uploads\/sites\/33\/2020\/11\/Fidelius.jpg 551w, https:\/\/www.dainst.blog\/freunde-rgk\/wp-content\/uploads\/sites\/33\/2020\/11\/Fidelius-300x215.jpg 300w\" sizes=\"(max-width: 551px) 100vw, 551px\" \/><\/figure><\/li><li class=\"blocks-gallery-item\"><figure><img decoding=\"async\" width=\"291\" height=\"208\" src=\"https:\/\/www.dainst.blog\/freunde-rgk\/wp-content\/uploads\/sites\/33\/2020\/11\/Jochen-Schween.jpg\" alt=\"\" data-id=\"196\" data-full-url=\"https:\/\/www.dainst.blog\/freunde-rgk\/wp-content\/uploads\/sites\/33\/2020\/11\/Jochen-Schween.jpg\" data-link=\"http:\/\/www.dainst.blog\/freunde-rgk\/?attachment_id=196\" class=\"wp-image-196\"\/><\/figure><\/li><li class=\"blocks-gallery-item\"><figure><img loading=\"lazy\" decoding=\"async\" width=\"630\" height=\"450\" src=\"https:\/\/www.dainst.blog\/freunde-rgk\/wp-content\/uploads\/sites\/33\/2020\/11\/Sommerfest-2006_2.jpg\" alt=\"\" data-id=\"198\" data-full-url=\"https:\/\/www.dainst.blog\/freunde-rgk\/wp-content\/uploads\/sites\/33\/2020\/11\/Sommerfest-2006_2.jpg\" data-link=\"http:\/\/www.dainst.blog\/freunde-rgk\/?attachment_id=198\" class=\"wp-image-198\" srcset=\"https:\/\/www.dainst.blog\/freunde-rgk\/wp-content\/uploads\/sites\/33\/2020\/11\/Sommerfest-2006_2.jpg 630w, https:\/\/www.dainst.blog\/freunde-rgk\/wp-content\/uploads\/sites\/33\/2020\/11\/Sommerfest-2006_2-300x214.jpg 300w\" sizes=\"(max-width: 630px) 100vw, 630px\" \/><\/figure><\/li><li class=\"blocks-gallery-item\"><figure><img loading=\"lazy\" decoding=\"async\" width=\"291\" height=\"208\" src=\"https:\/\/www.dainst.blog\/freunde-rgk\/wp-content\/uploads\/sites\/33\/2020\/11\/Sommerfest-2010.jpg\" alt=\"\" data-id=\"199\" data-full-url=\"https:\/\/www.dainst.blog\/freunde-rgk\/wp-content\/uploads\/sites\/33\/2020\/11\/Sommerfest-2010.jpg\" data-link=\"http:\/\/www.dainst.blog\/freunde-rgk\/?attachment_id=199\" class=\"wp-image-199\"\/><\/figure><\/li><li class=\"blocks-gallery-item\"><figure><img loading=\"lazy\" decoding=\"async\" width=\"291\" height=\"178\" src=\"https:\/\/www.dainst.blog\/freunde-rgk\/wp-content\/uploads\/sites\/33\/2020\/11\/Sommerfest-2014.jpg\" alt=\"\" data-id=\"200\" data-full-url=\"https:\/\/www.dainst.blog\/freunde-rgk\/wp-content\/uploads\/sites\/33\/2020\/11\/Sommerfest-2014.jpg\" data-link=\"http:\/\/www.dainst.blog\/freunde-rgk\/?attachment_id=200\" class=\"wp-image-200\"\/><\/figure><\/li><\/ul><\/figure>\n","protected":false},"excerpt":{"rendered":"<p>Das Sommerfest der\u00a0Freunde der Arch\u00e4ologie in Europa e. V.\u00a0ist ein beliebter Treffpunkt von Fachkollegen und vor- und fr\u00fchgeschichtlich Interessierten. Es bietet Gelegenheit zum Gespr\u00e4ch und und pr\u00e4sentiert die R\u00f6misch-Germanische Kommission als traditionsreiche Forschungseinrichtung in Frankfurt.<\/p>\n","protected":false},"author":1,"featured_media":0,"parent":0,"menu_order":0,"comment_status":"closed","ping_status":"closed","template":"","meta":{"footnotes":""},"class_list":["post-193","page","type-page","status-publish","hentry","post-preview"],"_links":{"self":[{"href":"https:\/\/www.dainst.blog\/freunde-rgk\/wp-json\/wp\/v2\/pages\/193"}],"collection":[{"href":"https:\/\/www.dainst.blog\/freunde-rgk\/wp-json\/wp\/v2\/pages"}],"about":[{"href":"https:\/\/www.dainst.blog\/freunde-rgk\/wp-json\/wp\/v2\/types\/page"}],"author":[{"embeddable":true,"href":"https:\/\/www.dainst.blog\/freunde-rgk\/wp-json\/wp\/v2\/users\/1"}],"replies":[{"embeddable":true,"href":"https:\/\/www.dainst.blog\/freunde-rgk\/wp-json\/wp\/v2\/comments?post=193"}],"version-history":[{"count":1,"href":"https:\/\/www.dainst.blog\/freunde-rgk\/wp-json\/wp\/v2\/pages\/193\/revisions"}],"predecessor-version":[{"id":201,"href":"https:\/\/www.dainst.blog\/freunde-rgk\/wp-json\/wp\/v2\/pages\/193\/revisions\/201"}],"wp:attachment":[{"href":"https:\/\/www.dainst.blog\/freunde-rgk\/wp-json\/wp\/v2\/media?parent=193"}],"curies":[{"name":"wp","href":"https:\/\/api.w.org\/{rel}","templated":true}]}}