{"id":206,"date":"2020-11-04T09:34:58","date_gmt":"2020-11-04T09:34:58","guid":{"rendered":"http:\/\/www.dainst.blog\/freunde-rgk\/?page_id=206"},"modified":"2020-11-04T09:35:49","modified_gmt":"2020-11-04T09:35:49","slug":"portugal-2015","status":"publish","type":"page","link":"https:\/\/www.dainst.blog\/freunde-rgk\/portugal-2015\/","title":{"rendered":"Exkursion Portugal 2015"},"content":{"rendered":"\n<h3 class=\"wp-block-heading\">Zwischen Megalithik und Mittelalter<br>Exkursion zu den arch\u00e4ologischen und kulturhistorischen Sch\u00e4tzen<br>in Mittel- und Nordportugal<br>14.5. \u2013 23.5.2015<\/h3>\n\n\n\n<p>Das Forschungsinteresse von Frau Kalb gilt u. a. der Megalithik, einem faszinierenden Aspekt der Stein- und Kupferzeit, der auch einen Schwerpunkt unserer Fahrt nach Portugal bildet. Im 5. und 4. Jahrtausend v. Chr. entwickelte sich auch auf der Iberischen Halbinsel das europaweit zu beobachtende Ph\u00e4nomen der Kollektivbestattungen, bei dem eine Gemeinschaft oft jahr-hundertelang ihre Toten in derselben Grabanlage niederlegte. Diese aus gro\u00dfen, teils tonnenschweren Steinbl\u00f6cken errichteten Monumente pr\u00e4gen die Landschaften bis heute. Steinkreise und Menhire sind weitere Auspr\u00e4gungen dieser gro\u00dfartigen vor-geschichtlichen Architektur. Einige imposante Anlagen zeugen bis heute davon, wie der neolithische Mensch die Landschaft gestaltete.<\/p>\n\n\n\n<p><br>Die gro\u00dfe Exkursion von \u201eFreunde der Arch\u00e4ologie in Europa e. V.\u201c f\u00fchrt 2015 zur sch\u00f6nsten Reisezeit zwischen Himmelfahrt und Pfingsten in das an beachtenswerten Spuren aus vor- und fr\u00fchgeschichtlicher Zeit reiche Mittel- und Nordportugal. Unter fachkundiger F\u00fchrung bereisen wir eine bedeutende Fundlandschaft und lernen ihre Arch\u00e4ologie und Kulturgeschichte kennen. Die 10t\u00e4gige Fahrt wird von Fernanda Cordoeiro begleitet, die seit vielen Jahren Reisegruppen durch ihr Heimatland f\u00fchrt. F\u00fcr Fragen zur Arch\u00e4ologie steht Ihnen Dr. Philine Kalb, langj\u00e4hrige Mitarbeiterin am Deutschen Arch\u00e4ologischen Institut, zur Verf\u00fcgung. Frau Kalb lebt und arbeitet seit \u00fcber 40 Jahren in Portugal.<\/p>\n\n\n\n<p><br>Au\u00dfer den Megalithanlagen werden steinzeitliche Felsbilder, Bauten der R\u00f6merzeit, die einzigartigen \u00dcberreste eines antiken Goldberg-werks sowie Denkm\u00e4ler des Mittelalters besucht. Landeskundliche Erl\u00e4uterungen erg\u00e4nzen das gesamte Exkursionsprogramm.<\/p>\n\n\n\n<p><\/p>\n\n\n\n<figure class=\"wp-block-gallery columns-3 is-cropped wp-block-gallery-1 is-layout-flex wp-block-gallery-is-layout-flex\"><ul class=\"blocks-gallery-grid\"><li class=\"blocks-gallery-item\"><figure><img fetchpriority=\"high\" decoding=\"async\" width=\"1024\" height=\"748\" src=\"https:\/\/www.dainst.blog\/freunde-rgk\/wp-content\/uploads\/sites\/33\/2020\/11\/Der-weitlaeufige-Tagebau-aus-roemischer-Zeit-in-Tres-Minas-Portugal-1024x748.jpg\" alt=\"\" data-id=\"80\" data-full-url=\"https:\/\/www.dainst.blog\/freunde-rgk\/wp-content\/uploads\/sites\/33\/2020\/11\/Der-weitlaeufige-Tagebau-aus-roemischer-Zeit-in-Tres-Minas-Portugal.jpg\" data-link=\"http:\/\/www.dainst.blog\/freunde-rgk\/der-weitlaeufige-tagebau-aus-roemischer-zeit-in-tres-minas-portugal\/\" class=\"wp-image-80\" srcset=\"https:\/\/www.dainst.blog\/freunde-rgk\/wp-content\/uploads\/sites\/33\/2020\/11\/Der-weitlaeufige-Tagebau-aus-roemischer-Zeit-in-Tres-Minas-Portugal-1024x748.jpg 1024w, https:\/\/www.dainst.blog\/freunde-rgk\/wp-content\/uploads\/sites\/33\/2020\/11\/Der-weitlaeufige-Tagebau-aus-roemischer-Zeit-in-Tres-Minas-Portugal-300x219.jpg 300w, https:\/\/www.dainst.blog\/freunde-rgk\/wp-content\/uploads\/sites\/33\/2020\/11\/Der-weitlaeufige-Tagebau-aus-roemischer-Zeit-in-Tres-Minas-Portugal-768x561.jpg 768w, https:\/\/www.dainst.blog\/freunde-rgk\/wp-content\/uploads\/sites\/33\/2020\/11\/Der-weitlaeufige-Tagebau-aus-roemischer-Zeit-in-Tres-Minas-Portugal.jpg 1181w\" sizes=\"(max-width: 1024px) 100vw, 1024px\" \/><\/figure><\/li><li class=\"blocks-gallery-item\"><figure><img decoding=\"async\" width=\"1024\" height=\"679\" src=\"https:\/\/www.dainst.blog\/freunde-rgk\/wp-content\/uploads\/sites\/33\/2020\/11\/Cromlech-dos-Almendres-Portugal-1024x679.jpg\" alt=\"\" data-id=\"79\" data-full-url=\"https:\/\/www.dainst.blog\/freunde-rgk\/wp-content\/uploads\/sites\/33\/2020\/11\/Cromlech-dos-Almendres-Portugal.jpg\" data-link=\"http:\/\/www.dainst.blog\/freunde-rgk\/cromlech-dos-almendres-portugal\/\" class=\"wp-image-79\" srcset=\"https:\/\/www.dainst.blog\/freunde-rgk\/wp-content\/uploads\/sites\/33\/2020\/11\/Cromlech-dos-Almendres-Portugal-1024x679.jpg 1024w, https:\/\/www.dainst.blog\/freunde-rgk\/wp-content\/uploads\/sites\/33\/2020\/11\/Cromlech-dos-Almendres-Portugal-300x199.jpg 300w, https:\/\/www.dainst.blog\/freunde-rgk\/wp-content\/uploads\/sites\/33\/2020\/11\/Cromlech-dos-Almendres-Portugal-768x509.jpg 768w, https:\/\/www.dainst.blog\/freunde-rgk\/wp-content\/uploads\/sites\/33\/2020\/11\/Cromlech-dos-Almendres-Portugal-1536x1018.jpg 1536w, https:\/\/www.dainst.blog\/freunde-rgk\/wp-content\/uploads\/sites\/33\/2020\/11\/Cromlech-dos-Almendres-Portugal-360x240.jpg 360w, https:\/\/www.dainst.blog\/freunde-rgk\/wp-content\/uploads\/sites\/33\/2020\/11\/Cromlech-dos-Almendres-Portugal.jpg 1829w\" sizes=\"(max-width: 1024px) 100vw, 1024px\" \/><\/figure><\/li><li class=\"blocks-gallery-item\"><figure><img decoding=\"async\" width=\"1024\" height=\"776\" src=\"https:\/\/www.dainst.blog\/freunde-rgk\/wp-content\/uploads\/sites\/33\/2020\/11\/Ausgrabungen-in-Zambujal-Portugal.jpg\" alt=\"\" data-id=\"78\" data-full-url=\"https:\/\/www.dainst.blog\/freunde-rgk\/wp-content\/uploads\/sites\/33\/2020\/11\/Ausgrabungen-in-Zambujal-Portugal.jpg\" data-link=\"http:\/\/www.dainst.blog\/freunde-rgk\/ausgrabungen-in-zambujal-portugal\/\" class=\"wp-image-78\" srcset=\"https:\/\/www.dainst.blog\/freunde-rgk\/wp-content\/uploads\/sites\/33\/2020\/11\/Ausgrabungen-in-Zambujal-Portugal.jpg 1024w, https:\/\/www.dainst.blog\/freunde-rgk\/wp-content\/uploads\/sites\/33\/2020\/11\/Ausgrabungen-in-Zambujal-Portugal-300x227.jpg 300w, https:\/\/www.dainst.blog\/freunde-rgk\/wp-content\/uploads\/sites\/33\/2020\/11\/Ausgrabungen-in-Zambujal-Portugal-768x582.jpg 768w\" sizes=\"(max-width: 1024px) 100vw, 1024px\" \/><\/figure><\/li><li class=\"blocks-gallery-item\"><figure><img loading=\"lazy\" decoding=\"async\" width=\"1024\" height=\"708\" src=\"https:\/\/www.dainst.blog\/freunde-rgk\/wp-content\/uploads\/sites\/33\/2020\/11\/Torre-de-Bel-Lissabon-Portugal-1024x708.jpg\" alt=\"\" data-id=\"77\" data-full-url=\"https:\/\/www.dainst.blog\/freunde-rgk\/wp-content\/uploads\/sites\/33\/2020\/11\/Torre-de-Bel-Lissabon-Portugal.jpg\" data-link=\"http:\/\/www.dainst.blog\/freunde-rgk\/torre-de-bel-lissabon-portugal\/\" class=\"wp-image-77\" srcset=\"https:\/\/www.dainst.blog\/freunde-rgk\/wp-content\/uploads\/sites\/33\/2020\/11\/Torre-de-Bel-Lissabon-Portugal-1024x708.jpg 1024w, https:\/\/www.dainst.blog\/freunde-rgk\/wp-content\/uploads\/sites\/33\/2020\/11\/Torre-de-Bel-Lissabon-Portugal-300x208.jpg 300w, https:\/\/www.dainst.blog\/freunde-rgk\/wp-content\/uploads\/sites\/33\/2020\/11\/Torre-de-Bel-Lissabon-Portugal-768x531.jpg 768w, https:\/\/www.dainst.blog\/freunde-rgk\/wp-content\/uploads\/sites\/33\/2020\/11\/Torre-de-Bel-Lissabon-Portugal.jpg 1181w\" sizes=\"(max-width: 1024px) 100vw, 1024px\" \/><\/figure><\/li><li class=\"blocks-gallery-item\"><figure><img loading=\"lazy\" decoding=\"async\" width=\"1024\" height=\"768\" src=\"https:\/\/www.dainst.blog\/freunde-rgk\/wp-content\/uploads\/sites\/33\/2020\/11\/Serra-de-Estrela-Portugal-1024x768.jpg\" alt=\"\" data-id=\"76\" data-full-url=\"https:\/\/www.dainst.blog\/freunde-rgk\/wp-content\/uploads\/sites\/33\/2020\/11\/Serra-de-Estrela-Portugal.jpg\" data-link=\"http:\/\/www.dainst.blog\/freunde-rgk\/serra-de-estrela-portugal\/\" class=\"wp-image-76\" srcset=\"https:\/\/www.dainst.blog\/freunde-rgk\/wp-content\/uploads\/sites\/33\/2020\/11\/Serra-de-Estrela-Portugal-1024x768.jpg 1024w, https:\/\/www.dainst.blog\/freunde-rgk\/wp-content\/uploads\/sites\/33\/2020\/11\/Serra-de-Estrela-Portugal-300x225.jpg 300w, https:\/\/www.dainst.blog\/freunde-rgk\/wp-content\/uploads\/sites\/33\/2020\/11\/Serra-de-Estrela-Portugal-768x576.jpg 768w, https:\/\/www.dainst.blog\/freunde-rgk\/wp-content\/uploads\/sites\/33\/2020\/11\/Serra-de-Estrela-Portugal.jpg 1181w\" sizes=\"(max-width: 1024px) 100vw, 1024px\" \/><\/figure><\/li><li class=\"blocks-gallery-item\"><figure><img loading=\"lazy\" decoding=\"async\" width=\"709\" height=\"526\" src=\"https:\/\/www.dainst.blog\/freunde-rgk\/wp-content\/uploads\/sites\/33\/2020\/11\/Roemischer-Tempel-in-Portugal.jpg\" alt=\"\" data-id=\"75\" data-full-url=\"https:\/\/www.dainst.blog\/freunde-rgk\/wp-content\/uploads\/sites\/33\/2020\/11\/Roemischer-Tempel-in-Portugal.jpg\" data-link=\"http:\/\/www.dainst.blog\/freunde-rgk\/roemischer-tempel-in-portugal\/\" class=\"wp-image-75\" srcset=\"https:\/\/www.dainst.blog\/freunde-rgk\/wp-content\/uploads\/sites\/33\/2020\/11\/Roemischer-Tempel-in-Portugal.jpg 709w, https:\/\/www.dainst.blog\/freunde-rgk\/wp-content\/uploads\/sites\/33\/2020\/11\/Roemischer-Tempel-in-Portugal-300x223.jpg 300w\" sizes=\"(max-width: 709px) 100vw, 709px\" \/><\/figure><\/li><li class=\"blocks-gallery-item\"><figure><img loading=\"lazy\" decoding=\"async\" width=\"1024\" height=\"686\" src=\"https:\/\/www.dainst.blog\/freunde-rgk\/wp-content\/uploads\/sites\/33\/2020\/11\/Roemische-Villa-Centum-Cellas-Portugal-1024x686.jpg\" alt=\"\" data-id=\"74\" data-full-url=\"https:\/\/www.dainst.blog\/freunde-rgk\/wp-content\/uploads\/sites\/33\/2020\/11\/Roemische-Villa-Centum-Cellas-Portugal.jpg\" data-link=\"http:\/\/www.dainst.blog\/freunde-rgk\/roemische-villa-centum-cellas-portugal\/\" class=\"wp-image-74\" srcset=\"https:\/\/www.dainst.blog\/freunde-rgk\/wp-content\/uploads\/sites\/33\/2020\/11\/Roemische-Villa-Centum-Cellas-Portugal-1024x686.jpg 1024w, https:\/\/www.dainst.blog\/freunde-rgk\/wp-content\/uploads\/sites\/33\/2020\/11\/Roemische-Villa-Centum-Cellas-Portugal-300x201.jpg 300w, https:\/\/www.dainst.blog\/freunde-rgk\/wp-content\/uploads\/sites\/33\/2020\/11\/Roemische-Villa-Centum-Cellas-Portugal-768x514.jpg 768w, https:\/\/www.dainst.blog\/freunde-rgk\/wp-content\/uploads\/sites\/33\/2020\/11\/Roemische-Villa-Centum-Cellas-Portugal-360x240.jpg 360w, https:\/\/www.dainst.blog\/freunde-rgk\/wp-content\/uploads\/sites\/33\/2020\/11\/Roemische-Villa-Centum-Cellas-Portugal.jpg 1181w\" sizes=\"(max-width: 1024px) 100vw, 1024px\" \/><\/figure><\/li><li class=\"blocks-gallery-item\"><figure><img loading=\"lazy\" decoding=\"async\" width=\"909\" height=\"682\" src=\"https:\/\/www.dainst.blog\/freunde-rgk\/wp-content\/uploads\/sites\/33\/2020\/11\/Parque-Arqueologico-do-Vale-do-C-Portugal.jpg\" alt=\"\" data-id=\"73\" data-full-url=\"https:\/\/www.dainst.blog\/freunde-rgk\/wp-content\/uploads\/sites\/33\/2020\/11\/Parque-Arqueologico-do-Vale-do-C-Portugal.jpg\" data-link=\"http:\/\/www.dainst.blog\/freunde-rgk\/parque-arqueologico-do-vale-do-c-portugal\/\" class=\"wp-image-73\" srcset=\"https:\/\/www.dainst.blog\/freunde-rgk\/wp-content\/uploads\/sites\/33\/2020\/11\/Parque-Arqueologico-do-Vale-do-C-Portugal.jpg 909w, https:\/\/www.dainst.blog\/freunde-rgk\/wp-content\/uploads\/sites\/33\/2020\/11\/Parque-Arqueologico-do-Vale-do-C-Portugal-300x225.jpg 300w, https:\/\/www.dainst.blog\/freunde-rgk\/wp-content\/uploads\/sites\/33\/2020\/11\/Parque-Arqueologico-do-Vale-do-C-Portugal-768x576.jpg 768w\" sizes=\"(max-width: 909px) 100vw, 909px\" \/><\/figure><\/li><li class=\"blocks-gallery-item\"><figure><img loading=\"lazy\" decoding=\"async\" width=\"1024\" height=\"681\" src=\"https:\/\/www.dainst.blog\/freunde-rgk\/wp-content\/uploads\/sites\/33\/2020\/11\/Kirche-von-Batalha-Portugal-1024x681.jpg\" alt=\"\" data-id=\"72\" data-full-url=\"https:\/\/www.dainst.blog\/freunde-rgk\/wp-content\/uploads\/sites\/33\/2020\/11\/Kirche-von-Batalha-Portugal.jpg\" data-link=\"http:\/\/www.dainst.blog\/freunde-rgk\/kirche-von-batalha-portugal\/\" class=\"wp-image-72\" srcset=\"https:\/\/www.dainst.blog\/freunde-rgk\/wp-content\/uploads\/sites\/33\/2020\/11\/Kirche-von-Batalha-Portugal-1024x681.jpg 1024w, https:\/\/www.dainst.blog\/freunde-rgk\/wp-content\/uploads\/sites\/33\/2020\/11\/Kirche-von-Batalha-Portugal-300x199.jpg 300w, https:\/\/www.dainst.blog\/freunde-rgk\/wp-content\/uploads\/sites\/33\/2020\/11\/Kirche-von-Batalha-Portugal-768x510.jpg 768w, https:\/\/www.dainst.blog\/freunde-rgk\/wp-content\/uploads\/sites\/33\/2020\/11\/Kirche-von-Batalha-Portugal-360x240.jpg 360w, https:\/\/www.dainst.blog\/freunde-rgk\/wp-content\/uploads\/sites\/33\/2020\/11\/Kirche-von-Batalha-Portugal.jpg 1181w\" sizes=\"(max-width: 1024px) 100vw, 1024px\" \/><\/figure><\/li><li class=\"blocks-gallery-item\"><figure><img loading=\"lazy\" decoding=\"async\" width=\"774\" height=\"387\" src=\"https:\/\/www.dainst.blog\/freunde-rgk\/wp-content\/uploads\/sites\/33\/2020\/11\/Haupteingang-in-das-Castelo-Guimar-Portugal.jpg\" alt=\"\" data-id=\"70\" data-full-url=\"https:\/\/www.dainst.blog\/freunde-rgk\/wp-content\/uploads\/sites\/33\/2020\/11\/Haupteingang-in-das-Castelo-Guimar-Portugal.jpg\" data-link=\"http:\/\/www.dainst.blog\/freunde-rgk\/haupteingang-in-das-castelo-guimar-portugal\/\" class=\"wp-image-70\" srcset=\"https:\/\/www.dainst.blog\/freunde-rgk\/wp-content\/uploads\/sites\/33\/2020\/11\/Haupteingang-in-das-Castelo-Guimar-Portugal.jpg 774w, https:\/\/www.dainst.blog\/freunde-rgk\/wp-content\/uploads\/sites\/33\/2020\/11\/Haupteingang-in-das-Castelo-Guimar-Portugal-300x150.jpg 300w, https:\/\/www.dainst.blog\/freunde-rgk\/wp-content\/uploads\/sites\/33\/2020\/11\/Haupteingang-in-das-Castelo-Guimar-Portugal-768x384.jpg 768w\" sizes=\"(max-width: 774px) 100vw, 774px\" \/><\/figure><\/li><li class=\"blocks-gallery-item\"><figure><img loading=\"lazy\" decoding=\"async\" width=\"1024\" height=\"768\" src=\"https:\/\/www.dainst.blog\/freunde-rgk\/wp-content\/uploads\/sites\/33\/2020\/11\/Haus-der-Springbrunnen-in-Conimbriga-Portugal-1024x768.jpg\" alt=\"\" data-id=\"71\" data-full-url=\"https:\/\/www.dainst.blog\/freunde-rgk\/wp-content\/uploads\/sites\/33\/2020\/11\/Haus-der-Springbrunnen-in-Conimbriga-Portugal.jpg\" data-link=\"http:\/\/www.dainst.blog\/freunde-rgk\/haus-der-springbrunnen-in-conimbriga-portugal\/\" class=\"wp-image-71\" srcset=\"https:\/\/www.dainst.blog\/freunde-rgk\/wp-content\/uploads\/sites\/33\/2020\/11\/Haus-der-Springbrunnen-in-Conimbriga-Portugal-1024x768.jpg 1024w, https:\/\/www.dainst.blog\/freunde-rgk\/wp-content\/uploads\/sites\/33\/2020\/11\/Haus-der-Springbrunnen-in-Conimbriga-Portugal-300x225.jpg 300w, https:\/\/www.dainst.blog\/freunde-rgk\/wp-content\/uploads\/sites\/33\/2020\/11\/Haus-der-Springbrunnen-in-Conimbriga-Portugal-768x576.jpg 768w, https:\/\/www.dainst.blog\/freunde-rgk\/wp-content\/uploads\/sites\/33\/2020\/11\/Haus-der-Springbrunnen-in-Conimbriga-Portugal.jpg 1181w\" sizes=\"(max-width: 1024px) 100vw, 1024px\" \/><\/figure><\/li><li class=\"blocks-gallery-item\"><figure><img loading=\"lazy\" decoding=\"async\" width=\"1024\" height=\"678\" src=\"https:\/\/www.dainst.blog\/freunde-rgk\/wp-content\/uploads\/sites\/33\/2020\/11\/Detail-eines-Mosaiks-in-Conimbriga-Portugal-1024x678.jpg\" alt=\"\" data-id=\"68\" data-full-url=\"https:\/\/www.dainst.blog\/freunde-rgk\/wp-content\/uploads\/sites\/33\/2020\/11\/Detail-eines-Mosaiks-in-Conimbriga-Portugal.jpg\" data-link=\"http:\/\/www.dainst.blog\/freunde-rgk\/detail-eines-mosaiks-in-conimbriga-portugal\/\" class=\"wp-image-68\" srcset=\"https:\/\/www.dainst.blog\/freunde-rgk\/wp-content\/uploads\/sites\/33\/2020\/11\/Detail-eines-Mosaiks-in-Conimbriga-Portugal-1024x678.jpg 1024w, https:\/\/www.dainst.blog\/freunde-rgk\/wp-content\/uploads\/sites\/33\/2020\/11\/Detail-eines-Mosaiks-in-Conimbriga-Portugal-300x199.jpg 300w, https:\/\/www.dainst.blog\/freunde-rgk\/wp-content\/uploads\/sites\/33\/2020\/11\/Detail-eines-Mosaiks-in-Conimbriga-Portugal-768x509.jpg 768w, https:\/\/www.dainst.blog\/freunde-rgk\/wp-content\/uploads\/sites\/33\/2020\/11\/Detail-eines-Mosaiks-in-Conimbriga-Portugal.jpg 1181w\" sizes=\"(max-width: 1024px) 100vw, 1024px\" \/><\/figure><\/li><\/ul><\/figure>\n\n\n\n<p><a href=\"https:\/\/www.dainst.blog\/freunde-rgk\/wp-content\/uploads\/sites\/33\/2020\/11\/Freunde-der-Archaeologie-in-Europa-Informationen-Portugal-Exkursion.pdf\">Programm zu Download<\/a><\/p>\n","protected":false},"excerpt":{"rendered":"<p>Zwischen Megalithik und MittelalterExkursion zu den arch\u00e4ologischen und kulturhistorischen Sch\u00e4tzenin Mittel- und Nordportugal14.5. \u2013 23.5.2015 Das Forschungsinteresse von Frau Kalb gilt u. a. der Megalithik, einem faszinierenden Aspekt der Stein- und Kupferzeit, der auch einen Schwerpunkt unserer Fahrt nach Portugal bildet. Im 5. und 4. Jahrtausend v. Chr. entwickelte sich auch auf der Iberischen Halbinsel [&hellip;]<\/p>\n","protected":false},"author":1,"featured_media":0,"parent":0,"menu_order":0,"comment_status":"closed","ping_status":"closed","template":"","meta":{"footnotes":""},"class_list":["post-206","page","type-page","status-publish","hentry","post-preview"],"_links":{"self":[{"href":"https:\/\/www.dainst.blog\/freunde-rgk\/wp-json\/wp\/v2\/pages\/206"}],"collection":[{"href":"https:\/\/www.dainst.blog\/freunde-rgk\/wp-json\/wp\/v2\/pages"}],"about":[{"href":"https:\/\/www.dainst.blog\/freunde-rgk\/wp-json\/wp\/v2\/types\/page"}],"author":[{"embeddable":true,"href":"https:\/\/www.dainst.blog\/freunde-rgk\/wp-json\/wp\/v2\/users\/1"}],"replies":[{"embeddable":true,"href":"https:\/\/www.dainst.blog\/freunde-rgk\/wp-json\/wp\/v2\/comments?post=206"}],"version-history":[{"count":2,"href":"https:\/\/www.dainst.blog\/freunde-rgk\/wp-json\/wp\/v2\/pages\/206\/revisions"}],"predecessor-version":[{"id":210,"href":"https:\/\/www.dainst.blog\/freunde-rgk\/wp-json\/wp\/v2\/pages\/206\/revisions\/210"}],"wp:attachment":[{"href":"https:\/\/www.dainst.blog\/freunde-rgk\/wp-json\/wp\/v2\/media?parent=206"}],"curies":[{"name":"wp","href":"https:\/\/api.w.org\/{rel}","templated":true}]}}