{"id":363,"date":"2022-04-05T14:11:55","date_gmt":"2022-04-05T13:11:55","guid":{"rendered":"https:\/\/www.dainst.blog\/freunde-rgk\/?page_id=363"},"modified":"2022-04-07T06:08:14","modified_gmt":"2022-04-07T05:08:14","slug":"tagesexkursionen-2022","status":"publish","type":"page","link":"https:\/\/www.dainst.blog\/freunde-rgk\/tagesexkursionen-2022\/","title":{"rendered":"Tagesexkursionen 2022"},"content":{"rendered":"<ul class=\"wp-block-latest-posts__list wp-block-latest-posts\"><li><a class=\"wp-block-latest-posts__post-title\" href=\"https:\/\/www.dainst.blog\/freunde-rgk\/foerderungen\/\">F\u00f6rderungen<\/a><\/li>\n<li><a class=\"wp-block-latest-posts__post-title\" href=\"https:\/\/www.dainst.blog\/freunde-rgk\/tagesexkursion-auf-den-kapellenberg-mit-prof-dr-gronenborn\/\">Tagesexkursion auf den Kapellenberg mit Prof. Dr. Gronenborn<\/a><\/li>\n<li><a class=\"wp-block-latest-posts__post-title\" href=\"https:\/\/www.dainst.blog\/freunde-rgk\/https-www-dainst-blog-freunde-rgk-tagesexkursionen-2022\/\">\u201eL\u00f6wen, Sphingen, Silberh\u00e4nde\u201c F\u00fchrung durch die Sonderaustellung des Arch\u00e4ologischen Museums Frankfurt mit Dr. Wolfgang David<\/a><\/li>\n<li><a class=\"wp-block-latest-posts__post-title\" href=\"https:\/\/www.dainst.blog\/freunde-rgk\/vortragsprogramm-fruehjahr-bis-sommer-2021\/\">Vortragsprogramm Fr\u00fchjahr bis Sommer 2021<\/a><\/li>\n<li><a class=\"wp-block-latest-posts__post-title\" href=\"https:\/\/www.dainst.blog\/freunde-rgk\/die-abendvortraege-des-foerdervereins-der-rgk-ziehen-ins-internet\/\">Die Abendvortr\u00e4ge des F\u00f6rdervereins der RGK ziehen ins Internet!<\/a><\/li>\n<\/ul>\n\n<ul class=\"wp-block-latest-posts__list has-dates has-author wp-block-latest-posts\"><li><a class=\"wp-block-latest-posts__post-title\" href=\"https:\/\/www.dainst.blog\/freunde-rgk\/https-www-dainst-blog-freunde-rgk-tagesexkursionen-2022\/\">\u201eL\u00f6wen, Sphingen, Silberh\u00e4nde\u201c F\u00fchrung durch die Sonderaustellung des Arch\u00e4ologischen Museums Frankfurt mit Dr. Wolfgang David<\/a><div class=\"wp-block-latest-posts__post-author\">von DAI-RGK<\/div><time datetime=\"2022-04-05T14:02:59+01:00\" class=\"wp-block-latest-posts__post-date\">5 April 2022<\/time><div class=\"wp-block-latest-posts__post-full-content\">Der Direktor des Arch\u00e4ologischen Museums Frankfurt, Dr. Wolfgang David, f\u00fchrte am 16.3. die Vereinsmitglieder durch die Sonderausstellung \u201eL\u00f6wen, Sphingen, Silberh\u00e4nde\u201c. Dabei wurden Funde aus aktuellen Grabungen in den Nekropolen der Etruskerstadt Vulci bestaunt, die zum gr\u00f6\u00dften Teil noch gar nicht publiziert sind und zum ersten Mal au\u00dferhalb Italiens ausgestellt werden! Grab f\u00fcr Grab und Fundst\u00fcck f\u00fcr Fundst\u00fcck beschrieb Dr. David deren arch\u00e4ologische Kontexte und Geschichte.\n\nNicht wenige Funde aus den Gr\u00e4bern waren Importe, z.B. attische Keramik oder Skarab\u00e4usanh\u00e4nger aus \u00c4gypten. Neben den ber\u00fchmten Silberh\u00e4nden zeugen auch die au\u00dferordentlich imposanten Steinskulpturen der gefl\u00fcgelten L\u00f6wen, Sphingen und Panther vom ehemaligen Reichtum und den Fernkontakten der Bewohner*innen von Vulci.\n<figure>\n\t\t\t\t\t\t\t\t\t\t<img loading=\"lazy\" decoding=\"async\" src=\"https:\/\/www.dainst.blog\/freunde-rgk\/wp-content\/uploads\/sites\/33\/2022\/04\/IMG_20220316_193326_KBrose-769x1024.jpg\" alt=\"\" loading=\"lazy\" width=\"676\" height=\"900\"><figcaption>Blick in die Sonderausstellung \u201eL\u00f6wen, Sphingen, Silberh\u00e4nde\u201c des Arch\u00e4ologischen Museums Frankfurt w\u00e4hrend der F\u00fchrung mit Dr. Wolfgang David und den Mitgliedern unseren Vereines.  [Attribution: K. Brose; Copyright: RGK]<\/figcaption><\/figure><\/div><\/li>\n<\/ul>","protected":false},"excerpt":{"rendered":"","protected":false},"author":103,"featured_media":0,"parent":0,"menu_order":0,"comment_status":"closed","ping_status":"closed","template":"","meta":{"footnotes":""},"class_list":["post-363","page","type-page","status-publish","hentry","post-preview"],"_links":{"self":[{"href":"https:\/\/www.dainst.blog\/freunde-rgk\/wp-json\/wp\/v2\/pages\/363"}],"collection":[{"href":"https:\/\/www.dainst.blog\/freunde-rgk\/wp-json\/wp\/v2\/pages"}],"about":[{"href":"https:\/\/www.dainst.blog\/freunde-rgk\/wp-json\/wp\/v2\/types\/page"}],"author":[{"embeddable":true,"href":"https:\/\/www.dainst.blog\/freunde-rgk\/wp-json\/wp\/v2\/users\/103"}],"replies":[{"embeddable":true,"href":"https:\/\/www.dainst.blog\/freunde-rgk\/wp-json\/wp\/v2\/comments?post=363"}],"version-history":[{"count":3,"href":"https:\/\/www.dainst.blog\/freunde-rgk\/wp-json\/wp\/v2\/pages\/363\/revisions"}],"predecessor-version":[{"id":471,"href":"https:\/\/www.dainst.blog\/freunde-rgk\/wp-json\/wp\/v2\/pages\/363\/revisions\/471"}],"wp:attachment":[{"href":"https:\/\/www.dainst.blog\/freunde-rgk\/wp-json\/wp\/v2\/media?parent=363"}],"curies":[{"name":"wp","href":"https:\/\/api.w.org\/{rel}","templated":true}]}}