{"id":1441,"date":"2022-06-10T07:56:27","date_gmt":"2022-06-10T06:56:27","guid":{"rendered":"https:\/\/www.dainst.blog\/groundcheck\/?page_id=1441"},"modified":"2022-10-04T13:21:58","modified_gmt":"2022-10-04T12:21:58","slug":"coastscape-north-dalmatia","status":"publish","type":"page","link":"https:\/\/www.dainst.blog\/groundcheck\/coastscape-north-dalmatia\/","title":{"rendered":"Coastscape North Dalmatia"},"content":{"rendered":"\t\t<div data-elementor-type=\"wp-page\" data-elementor-id=\"1441\" class=\"elementor elementor-1441\">\n\t\t\t\t\t\t<section class=\"elementor-section elementor-top-section elementor-element elementor-element-133f305f elementor-section-boxed elementor-section-height-default elementor-section-height-default\" data-id=\"133f305f\" data-element_type=\"section\" data-e-type=\"section\">\n\t\t\t\t\t\t<div class=\"elementor-container elementor-column-gap-default\">\n\t\t\t\t\t<div class=\"elementor-column elementor-col-100 elementor-top-column elementor-element elementor-element-7041819\" data-id=\"7041819\" data-element_type=\"column\" data-e-type=\"column\">\n\t\t\t<div class=\"elementor-widget-wrap elementor-element-populated\">\n\t\t\t\t\t\t<div class=\"elementor-element elementor-element-2f7fd996 elementor-widget elementor-widget-text-editor\" data-id=\"2f7fd996\" data-element_type=\"widget\" data-e-type=\"widget\" data-widget_type=\"text-editor.default\">\n\t\t\t\t<div class=\"elementor-widget-container\">\n\t\t\t\t\t\t\t\t\t\n<p>In the coastal landscape of northern Dalmatia, sea and lake level fluctuations have a strong impact on settlement opportunities, land, and sea (for the analysis of sea-level fluctuations, see SURI\u0106 2009). Furthermore, numerous archaeological sites are endangered by rising sea levels associated with climate change (Fig. 1). The project &#8222;Coastscape North Dalmatia: changing settlement and space production&#8220; therefore addresses questions of human-environment relations against the background of the production of space \u2013&nbsp; e.g. space appropriation and use &#8211; in different times, cultures and ecotopes.<\/p>\n\n\n\n<p>Based on the RGK project &#8222;From the Karst Mountains to the Sea. Settlement forms, spatial development and use from the Iron Age to Late Antiquity at Lake Vrana&#8220;, new climate and environmental archives should be made accessible through prospections and drilling profiles from the Adriatic Sea and Lake Vrana, and data on climate history and human-environment relations are to be collected. The groundcheck project can build on findings from earlier archaeological projects in neighboring regions, such as the &#8222;Neothermal Dalmatia Project&#8220; (Chapman et al. 1996).<\/p>\n\n\n\n<p>Since 2019, we have been using landscape archaeological methods (remote sensing, geophysical prospection, drilling, and GIS modeling) to investigate a transect southeast of Zadar, stretching from the mountains across Lake Vrana to the sea. These measures are supplemented by targeted excavations on the hilltop settlement of Zamina and underwater archaeological investigations.<\/p>\n\n\n\n<p>In October 2021, a first test mission was carried out with a site-scan sonar to survey the seabed (Fig. 2-5). The measurements not only expanded our database on the sites but also help us to better understand the changed coastlines and port facilities due to sea-level rise. Furthermore, we succeeded in identifying areas with strong sediment deposits, which are of central importance for the extraction of environmental archives.<\/p>\n\n\n\n<p>Data analysis, possibly targeted drilling of sediment traps, GIS mapping of archaeological sites, and analysis of the impact of sea-level fluctuations on ancient coastal use and the vulnerability of archaeological sites are planned for the coming years.<\/p>\n\n\n\n<figure class=\"wp-block-image size-large\"><img fetchpriority=\"high\" decoding=\"async\" width=\"1024\" height=\"768\" src=\"https:\/\/www.dainst.blog\/groundcheck\/wp-content\/uploads\/sites\/42\/2022\/06\/Fig_1-Sonarmessung_1_2021_scholz-1024x768.jpg\" alt=\"\" class=\"wp-image-1442\" srcset=\"https:\/\/www.dainst.blog\/groundcheck\/wp-content\/uploads\/sites\/42\/2022\/06\/Fig_1-Sonarmessung_1_2021_scholz-1024x768.jpg 1024w, https:\/\/www.dainst.blog\/groundcheck\/wp-content\/uploads\/sites\/42\/2022\/06\/Fig_1-Sonarmessung_1_2021_scholz-300x225.jpg 300w, https:\/\/www.dainst.blog\/groundcheck\/wp-content\/uploads\/sites\/42\/2022\/06\/Fig_1-Sonarmessung_1_2021_scholz-768x576.jpg 768w, https:\/\/www.dainst.blog\/groundcheck\/wp-content\/uploads\/sites\/42\/2022\/06\/Fig_1-Sonarmessung_1_2021_scholz-1536x1152.jpg 1536w, https:\/\/www.dainst.blog\/groundcheck\/wp-content\/uploads\/sites\/42\/2022\/06\/Fig_1-Sonarmessung_1_2021_scholz-2048x1536.jpg 2048w\" sizes=\"(max-width: 1024px) 100vw, 1024px\" \/><figcaption>Fig. 1: Roman site on an island near Pako\u0161tane in Croatia, endangered by sea-level rise (Photo: R. Scholz, RGK)<\/figcaption><\/figure>\n\n\n\n<figure class=\"wp-block-image size-large\"><img decoding=\"async\" width=\"1024\" height=\"834\" src=\"https:\/\/www.dainst.blog\/groundcheck\/wp-content\/uploads\/sites\/42\/2022\/06\/Fig.-2.-abbildung_1_sonar_20221-1024x834.jpg\" alt=\"\" class=\"wp-image-1443\" srcset=\"https:\/\/www.dainst.blog\/groundcheck\/wp-content\/uploads\/sites\/42\/2022\/06\/Fig.-2.-abbildung_1_sonar_20221-1024x834.jpg 1024w, https:\/\/www.dainst.blog\/groundcheck\/wp-content\/uploads\/sites\/42\/2022\/06\/Fig.-2.-abbildung_1_sonar_20221-300x244.jpg 300w, https:\/\/www.dainst.blog\/groundcheck\/wp-content\/uploads\/sites\/42\/2022\/06\/Fig.-2.-abbildung_1_sonar_20221-768x626.jpg 768w, https:\/\/www.dainst.blog\/groundcheck\/wp-content\/uploads\/sites\/42\/2022\/06\/Fig.-2.-abbildung_1_sonar_20221-1536x1252.jpg 1536w, https:\/\/www.dainst.blog\/groundcheck\/wp-content\/uploads\/sites\/42\/2022\/06\/Fig.-2.-abbildung_1_sonar_20221-2048x1669.jpg 2048w\" sizes=\"(max-width: 1024px) 100vw, 1024px\" \/><figcaption>Fig. 2:&nbsp; General view of the sonar data with a detailed representation of the ancient harbor mole off Pako\u0161tane, Croatia as an aerial photograph and sonar image (Roman Scholz, RGK).<\/figcaption><\/figure>\n\n\n\n<figure class=\"wp-block-image size-large\"><img decoding=\"async\" width=\"1024\" height=\"768\" src=\"https:\/\/www.dainst.blog\/groundcheck\/wp-content\/uploads\/sites\/42\/2022\/06\/Fig.-3.-Sonarmessung_3_2021_scholz-1024x768.jpg\" alt=\"\" class=\"wp-image-1444\" srcset=\"https:\/\/www.dainst.blog\/groundcheck\/wp-content\/uploads\/sites\/42\/2022\/06\/Fig.-3.-Sonarmessung_3_2021_scholz-1024x768.jpg 1024w, https:\/\/www.dainst.blog\/groundcheck\/wp-content\/uploads\/sites\/42\/2022\/06\/Fig.-3.-Sonarmessung_3_2021_scholz-300x225.jpg 300w, https:\/\/www.dainst.blog\/groundcheck\/wp-content\/uploads\/sites\/42\/2022\/06\/Fig.-3.-Sonarmessung_3_2021_scholz-768x576.jpg 768w, https:\/\/www.dainst.blog\/groundcheck\/wp-content\/uploads\/sites\/42\/2022\/06\/Fig.-3.-Sonarmessung_3_2021_scholz-1536x1152.jpg 1536w, https:\/\/www.dainst.blog\/groundcheck\/wp-content\/uploads\/sites\/42\/2022\/06\/Fig.-3.-Sonarmessung_3_2021_scholz-2048x1536.jpg 2048w\" sizes=\"(max-width: 1024px) 100vw, 1024px\" \/><figcaption>Fig. 3: Sonar survey in the shallow waters of the Adriatic coast of northern Dalmatia (Photo: R. Scholz, RGK)<\/figcaption><\/figure>\n\n\n\n<figure class=\"wp-block-image size-large\"><img loading=\"lazy\" decoding=\"async\" width=\"1024\" height=\"683\" src=\"https:\/\/www.dainst.blog\/groundcheck\/wp-content\/uploads\/sites\/42\/2022\/06\/Fig.-4.-Sonarmessung_5_2021_scholz-1024x683.jpg\" alt=\"\" class=\"wp-image-1445\" srcset=\"https:\/\/www.dainst.blog\/groundcheck\/wp-content\/uploads\/sites\/42\/2022\/06\/Fig.-4.-Sonarmessung_5_2021_scholz-1024x683.jpg 1024w, https:\/\/www.dainst.blog\/groundcheck\/wp-content\/uploads\/sites\/42\/2022\/06\/Fig.-4.-Sonarmessung_5_2021_scholz-300x200.jpg 300w, https:\/\/www.dainst.blog\/groundcheck\/wp-content\/uploads\/sites\/42\/2022\/06\/Fig.-4.-Sonarmessung_5_2021_scholz-768x512.jpg 768w, https:\/\/www.dainst.blog\/groundcheck\/wp-content\/uploads\/sites\/42\/2022\/06\/Fig.-4.-Sonarmessung_5_2021_scholz-1536x1024.jpg 1536w, https:\/\/www.dainst.blog\/groundcheck\/wp-content\/uploads\/sites\/42\/2022\/06\/Fig.-4.-Sonarmessung_5_2021_scholz-2048x1365.jpg 2048w\" sizes=\"(max-width: 1024px) 100vw, 1024px\" \/><figcaption>Fig. 4: Sonar survey in the shallow waters of the Adriatic coast of northern Dalmatia (Photo: R. Scholz, RGK)<\/figcaption><\/figure>\n\n\n\n<figure class=\"wp-block-image size-large\"><img loading=\"lazy\" decoding=\"async\" width=\"1024\" height=\"768\" src=\"https:\/\/www.dainst.blog\/groundcheck\/wp-content\/uploads\/sites\/42\/2022\/06\/Fig.-5.-Sonarmessung_2_2021_scholz-1024x768.jpg\" alt=\"\" class=\"wp-image-1446\" srcset=\"https:\/\/www.dainst.blog\/groundcheck\/wp-content\/uploads\/sites\/42\/2022\/06\/Fig.-5.-Sonarmessung_2_2021_scholz-1024x768.jpg 1024w, https:\/\/www.dainst.blog\/groundcheck\/wp-content\/uploads\/sites\/42\/2022\/06\/Fig.-5.-Sonarmessung_2_2021_scholz-300x225.jpg 300w, https:\/\/www.dainst.blog\/groundcheck\/wp-content\/uploads\/sites\/42\/2022\/06\/Fig.-5.-Sonarmessung_2_2021_scholz-768x576.jpg 768w, https:\/\/www.dainst.blog\/groundcheck\/wp-content\/uploads\/sites\/42\/2022\/06\/Fig.-5.-Sonarmessung_2_2021_scholz-1536x1152.jpg 1536w, https:\/\/www.dainst.blog\/groundcheck\/wp-content\/uploads\/sites\/42\/2022\/06\/Fig.-5.-Sonarmessung_2_2021_scholz-2048x1536.jpg 2048w\" sizes=\"(max-width: 1024px) 100vw, 1024px\" \/><figcaption>Fig. 5: Sonar survey in the shallow waters of the Adriatic coast of northern Dalmatia (Photo: R. Scholz, RGK)<\/figcaption><\/figure>\n\n\n\n<p><em>This project is part of the RGK network project &#8222;Investigations of cores from marine and lake sediments for the reconstruction of human-environment relationships in northwestern and south-central Europe and their potential for risk assessment of archaeological sites&#8220;. <\/em><\/p>\n\n\n\n<p><strong>Project members and partners<\/strong><\/p>\n\n\n\n<p>Kerstin P. Hofmann (RGK)<\/p>\n\n\n\n<p>Andreas Grundmann (RGK)<\/p>\n\n\n\n<p>Roman Scholz (RGK)<\/p>\n\n\n\n<p>Luka Beki\u0107, Mladen Pe\u0161i\u0107 (International Centre for Underwater Archaeology in Zadar)<\/p>\n\n\n\n<p>Marko Me\u0161trov (Museum Biograd, Museum Mackovica Han Vrana)<\/p>\n\n\n\n<p><strong>References<\/strong><\/p>\n\n\n\n<p>Chapman et al. 1996: J. Chapman \/ R. Shiel \/ \u0160. Batovi\u0107, The changing face of Dalmatia. Archaeological and ecological studies in a Mediterranean landscape. Reports of the Research Committee of the Society of Antiquaries of London 54 (London 1996).<\/p>\n\n\n\n<p>Suri\u0107 2009: M. Suri\u0107, Reconstructing sea-level changes on the Eastern Adriatic Sea (Croatia) \u2013 an overview. Geoadria 14,2, 2009, 181\u2013199.<\/p>\n\t\t\t\t\t\t\t\t<\/div>\n\t\t\t\t<\/div>\n\t\t\t\t\t<\/div>\n\t\t<\/div>\n\t\t\t\t\t<\/div>\n\t\t<\/section>\n\t\t\t\t<\/div>\n\t\t","protected":false},"excerpt":{"rendered":"<p>In the coastal landscape of northern Dalmatia, sea and lake level fluctuations have a strong impact on settlement opportunities, land, and sea (for the analysis of sea-level fluctuations, see SURI\u0106 2009). Furthermore, numerous archaeological sites are endangered by rising sea &hellip; <a href=\"https:\/\/www.dainst.blog\/groundcheck\/coastscape-north-dalmatia\/\">Weiter<\/a><\/p>\n","protected":false},"author":126,"featured_media":0,"parent":0,"menu_order":0,"comment_status":"closed","ping_status":"closed","template":"","meta":{"footnotes":""},"class_list":["post-1441","page","type-page","status-publish","hentry"],"_links":{"self":[{"href":"https:\/\/www.dainst.blog\/groundcheck\/wp-json\/wp\/v2\/pages\/1441"}],"collection":[{"href":"https:\/\/www.dainst.blog\/groundcheck\/wp-json\/wp\/v2\/pages"}],"about":[{"href":"https:\/\/www.dainst.blog\/groundcheck\/wp-json\/wp\/v2\/types\/page"}],"author":[{"embeddable":true,"href":"https:\/\/www.dainst.blog\/groundcheck\/wp-json\/wp\/v2\/users\/126"}],"replies":[{"embeddable":true,"href":"https:\/\/www.dainst.blog\/groundcheck\/wp-json\/wp\/v2\/comments?post=1441"}],"version-history":[{"count":10,"href":"https:\/\/www.dainst.blog\/groundcheck\/wp-json\/wp\/v2\/pages\/1441\/revisions"}],"predecessor-version":[{"id":1493,"href":"https:\/\/www.dainst.blog\/groundcheck\/wp-json\/wp\/v2\/pages\/1441\/revisions\/1493"}],"wp:attachment":[{"href":"https:\/\/www.dainst.blog\/groundcheck\/wp-json\/wp\/v2\/media?parent=1441"}],"curies":[{"name":"wp","href":"https:\/\/api.w.org\/{rel}","templated":true}]}}