{"id":243,"date":"2021-07-22T09:27:42","date_gmt":"2021-07-22T08:27:42","guid":{"rendered":"https:\/\/www.dainst.blog\/groundcheck\/?page_id=243"},"modified":"2022-12-22T10:53:12","modified_gmt":"2022-12-22T10:53:12","slug":"press-releases","status":"publish","type":"page","link":"https:\/\/www.dainst.blog\/groundcheck\/press-releases\/","title":{"rendered":"Press"},"content":{"rendered":"\t\t<div data-elementor-type=\"wp-page\" data-elementor-id=\"243\" class=\"elementor elementor-243\">\n\t\t\t\t\t\t<section class=\"elementor-section elementor-top-section elementor-element elementor-element-7f36060 elementor-section-boxed elementor-section-height-default elementor-section-height-default\" data-id=\"7f36060\" data-element_type=\"section\" data-e-type=\"section\">\n\t\t\t\t\t\t<div class=\"elementor-container elementor-column-gap-default\">\n\t\t\t\t\t<div class=\"elementor-column elementor-col-100 elementor-top-column elementor-element elementor-element-cf16f69\" data-id=\"cf16f69\" data-element_type=\"column\" data-e-type=\"column\">\n\t\t\t<div class=\"elementor-widget-wrap elementor-element-populated\">\n\t\t\t\t\t\t<section class=\"elementor-section elementor-inner-section elementor-element elementor-element-3489f71 elementor-section-boxed elementor-section-height-default elementor-section-height-default\" data-id=\"3489f71\" data-element_type=\"section\" data-e-type=\"section\">\n\t\t\t\t\t\t<div class=\"elementor-container elementor-column-gap-default\">\n\t\t\t\t\t<div class=\"elementor-column elementor-col-50 elementor-inner-column elementor-element elementor-element-710be94\" data-id=\"710be94\" data-element_type=\"column\" data-e-type=\"column\">\n\t\t\t<div class=\"elementor-widget-wrap elementor-element-populated\">\n\t\t\t\t\t\t<div class=\"elementor-element elementor-element-634c58b elementor-widget elementor-widget-image\" data-id=\"634c58b\" data-element_type=\"widget\" data-e-type=\"widget\" data-widget_type=\"image.default\">\n\t\t\t\t<div class=\"elementor-widget-container\">\n\t\t\t\t\t\t\t\t\t\t\t\t\t\t\t\t<a href=\"https:\/\/www1.wdr.de\/mediathek\/audio\/wdr5\/wdr5-scala-aktuelle-kultur\/audio-groundcheck-archaeologie-erforscht-klimafolgen-104.html\" target=\"_blank\">\n\t\t\t\t\t\t\t<img fetchpriority=\"high\" decoding=\"async\" width=\"675\" height=\"451\" src=\"https:\/\/www.dainst.blog\/groundcheck\/wp-content\/uploads\/sites\/42\/2022\/06\/WDR502062022-1.png\" class=\"attachment-large size-large wp-image-1468\" alt=\"\" srcset=\"https:\/\/www.dainst.blog\/groundcheck\/wp-content\/uploads\/sites\/42\/2022\/06\/WDR502062022-1.png 675w, https:\/\/www.dainst.blog\/groundcheck\/wp-content\/uploads\/sites\/42\/2022\/06\/WDR502062022-1-300x200.png 300w\" sizes=\"(max-width: 675px) 100vw, 675px\" \/>\t\t\t\t\t\t\t\t<\/a>\n\t\t\t\t\t\t\t\t\t\t\t\t\t\t\t<\/div>\n\t\t\t\t<\/div>\n\t\t\t\t\t<\/div>\n\t\t<\/div>\n\t\t\t\t<div class=\"elementor-column elementor-col-50 elementor-inner-column elementor-element elementor-element-bd19faf\" data-id=\"bd19faf\" data-element_type=\"column\" data-e-type=\"column\">\n\t\t\t<div class=\"elementor-widget-wrap elementor-element-populated\">\n\t\t\t\t\t\t<div class=\"elementor-element elementor-element-8313009 elementor-widget elementor-widget-text-editor\" data-id=\"8313009\" data-element_type=\"widget\" data-e-type=\"widget\" data-widget_type=\"text-editor.default\">\n\t\t\t\t<div class=\"elementor-widget-container\">\n\t\t\t\t\t\t\t\t\t<p>Listen to a report by WDR 5 Scala (02.06.2022) on the Groundcheck Conference at the Federal Foreign Office on June 2nd, 2022: <em>&#8222;Groundcheck&#8220;: Arch\u00e4ologie erforscht Klimafolgen.&#8220;<\/em><\/p>\t\t\t\t\t\t\t\t<\/div>\n\t\t\t\t<\/div>\n\t\t\t\t\t<\/div>\n\t\t<\/div>\n\t\t\t\t\t<\/div>\n\t\t<\/section>\n\t\t\t\t<section class=\"elementor-section elementor-inner-section elementor-element elementor-element-a6d3ced elementor-section-boxed elementor-section-height-default elementor-section-height-default\" data-id=\"a6d3ced\" data-element_type=\"section\" data-e-type=\"section\">\n\t\t\t\t\t\t<div class=\"elementor-container elementor-column-gap-default\">\n\t\t\t\t\t<div class=\"elementor-column elementor-col-50 elementor-inner-column elementor-element elementor-element-ffc063f\" data-id=\"ffc063f\" data-element_type=\"column\" data-e-type=\"column\">\n\t\t\t<div class=\"elementor-widget-wrap elementor-element-populated\">\n\t\t\t\t\t\t<div class=\"elementor-element elementor-element-6da15b7 elementor-widget elementor-widget-image\" data-id=\"6da15b7\" data-element_type=\"widget\" data-e-type=\"widget\" data-widget_type=\"image.default\">\n\t\t\t\t<div class=\"elementor-widget-container\">\n\t\t\t\t\t\t\t\t\t\t\t\t\t\t\t\t<a href=\"https:\/\/www1.wdr.de\/mediathek\/audio\/wdr3\/wdr3-kultur-am-mittag\/audio-groundcheck-archaeologie-erforscht-klimafolgen-100.html\" target=\"_blank\">\n\t\t\t\t\t\t\t<img decoding=\"async\" width=\"674\" height=\"431\" src=\"https:\/\/www.dainst.blog\/groundcheck\/wp-content\/uploads\/sites\/42\/2022\/06\/WDR302062022.png\" class=\"attachment-large size-large wp-image-1469\" alt=\"\" srcset=\"https:\/\/www.dainst.blog\/groundcheck\/wp-content\/uploads\/sites\/42\/2022\/06\/WDR302062022.png 674w, https:\/\/www.dainst.blog\/groundcheck\/wp-content\/uploads\/sites\/42\/2022\/06\/WDR302062022-300x192.png 300w, https:\/\/www.dainst.blog\/groundcheck\/wp-content\/uploads\/sites\/42\/2022\/06\/WDR302062022-80x50.png 80w\" sizes=\"(max-width: 674px) 100vw, 674px\" \/>\t\t\t\t\t\t\t\t<\/a>\n\t\t\t\t\t\t\t\t\t\t\t\t\t\t\t<\/div>\n\t\t\t\t<\/div>\n\t\t\t\t\t<\/div>\n\t\t<\/div>\n\t\t\t\t<div class=\"elementor-column elementor-col-50 elementor-inner-column elementor-element elementor-element-eb190f4\" data-id=\"eb190f4\" data-element_type=\"column\" data-e-type=\"column\">\n\t\t\t<div class=\"elementor-widget-wrap elementor-element-populated\">\n\t\t\t\t\t\t<div class=\"elementor-element elementor-element-e6ee324 elementor-widget elementor-widget-text-editor\" data-id=\"e6ee324\" data-element_type=\"widget\" data-e-type=\"widget\" data-widget_type=\"text-editor.default\">\n\t\t\t\t<div class=\"elementor-widget-container\">\n\t\t\t\t\t\t\t\t\t<p>Listen to a report by WDR3 (02.06.2022) on the Groundcheck Conference at the Federal Foreign Office on June 2nd, 2022:\u00a0<em>&#8222;Groundcheck&#8220;: Arch\u00e4ologie erforscht Klimafolgen.&#8220;<\/em><\/p>\t\t\t\t\t\t\t\t<\/div>\n\t\t\t\t<\/div>\n\t\t\t\t\t<\/div>\n\t\t<\/div>\n\t\t\t\t\t<\/div>\n\t\t<\/section>\n\t\t\t\t<section class=\"elementor-section elementor-inner-section elementor-element elementor-element-c72fe95 elementor-section-boxed elementor-section-height-default elementor-section-height-default\" data-id=\"c72fe95\" data-element_type=\"section\" data-e-type=\"section\">\n\t\t\t\t\t\t<div class=\"elementor-container elementor-column-gap-default\">\n\t\t\t\t\t<div class=\"elementor-column elementor-col-50 elementor-inner-column elementor-element elementor-element-948b4a3\" data-id=\"948b4a3\" data-element_type=\"column\" data-e-type=\"column\">\n\t\t\t<div class=\"elementor-widget-wrap elementor-element-populated\">\n\t\t\t\t\t\t<div class=\"elementor-element elementor-element-4f9dbc1 elementor-widget elementor-widget-image\" data-id=\"4f9dbc1\" data-element_type=\"widget\" data-e-type=\"widget\" data-widget_type=\"image.default\">\n\t\t\t\t<div class=\"elementor-widget-container\">\n\t\t\t\t\t\t\t\t\t\t\t\t\t\t\t\t<a href=\"https:\/\/www.deutschlandfunk.de\/archaeologie-und-klimawandel-ausgrabungen-schuetzen-klimaaenderungen-verstehen-dlf-e1769a0e-100.html\" target=\"_blank\">\n\t\t\t\t\t\t\t<img decoding=\"async\" width=\"1024\" height=\"533\" src=\"https:\/\/www.dainst.blog\/groundcheck\/wp-content\/uploads\/sites\/42\/2022\/06\/Deutschlandfunkt09062022-1024x533.png\" class=\"attachment-large size-large wp-image-1473\" alt=\"\" srcset=\"https:\/\/www.dainst.blog\/groundcheck\/wp-content\/uploads\/sites\/42\/2022\/06\/Deutschlandfunkt09062022-1024x533.png 1024w, https:\/\/www.dainst.blog\/groundcheck\/wp-content\/uploads\/sites\/42\/2022\/06\/Deutschlandfunkt09062022-300x156.png 300w, https:\/\/www.dainst.blog\/groundcheck\/wp-content\/uploads\/sites\/42\/2022\/06\/Deutschlandfunkt09062022-768x400.png 768w, https:\/\/www.dainst.blog\/groundcheck\/wp-content\/uploads\/sites\/42\/2022\/06\/Deutschlandfunkt09062022.png 1437w\" sizes=\"(max-width: 1024px) 100vw, 1024px\" \/>\t\t\t\t\t\t\t\t<\/a>\n\t\t\t\t\t\t\t\t\t\t\t\t\t\t\t<\/div>\n\t\t\t\t<\/div>\n\t\t\t\t\t<\/div>\n\t\t<\/div>\n\t\t\t\t<div class=\"elementor-column elementor-col-50 elementor-inner-column elementor-element elementor-element-8526c8b\" data-id=\"8526c8b\" data-element_type=\"column\" data-e-type=\"column\">\n\t\t\t<div class=\"elementor-widget-wrap elementor-element-populated\">\n\t\t\t\t\t\t<div class=\"elementor-element elementor-element-2be2524 elementor-widget elementor-widget-text-editor\" data-id=\"2be2524\" data-element_type=\"widget\" data-e-type=\"widget\" data-widget_type=\"text-editor.default\">\n\t\t\t\t<div class=\"elementor-widget-container\">\n\t\t\t\t\t\t\t\t\t<p>Listen to a report by Deutschlandfunk (09.06.2022) on the Groundcheck Conference at the Federal Foreign Office on June 2nd, 2022.<\/p>\t\t\t\t\t\t\t\t<\/div>\n\t\t\t\t<\/div>\n\t\t\t\t\t<\/div>\n\t\t<\/div>\n\t\t\t\t\t<\/div>\n\t\t<\/section>\n\t\t\t\t<section class=\"elementor-section elementor-inner-section elementor-element elementor-element-df2722d elementor-section-boxed elementor-section-height-default elementor-section-height-default\" data-id=\"df2722d\" data-element_type=\"section\" data-e-type=\"section\">\n\t\t\t\t\t\t<div class=\"elementor-container elementor-column-gap-default\">\n\t\t\t\t\t<div class=\"elementor-column elementor-col-50 elementor-inner-column elementor-element elementor-element-aebdae2\" data-id=\"aebdae2\" data-element_type=\"column\" data-e-type=\"column\">\n\t\t\t<div class=\"elementor-widget-wrap elementor-element-populated\">\n\t\t\t\t\t\t<div class=\"elementor-element elementor-element-ab96404 elementor-widget elementor-widget-image\" data-id=\"ab96404\" data-element_type=\"widget\" data-e-type=\"widget\" data-widget_type=\"image.default\">\n\t\t\t\t<div class=\"elementor-widget-container\">\n\t\t\t\t\t\t\t\t\t\t\t\t\t\t\t\t<a href=\"https:\/\/www.tagesspiegel.de\/wissen\/auch-das-kulturelle-erbe-indigener-gemeinschaften-ist-bedroht-8022256.html\" target=\"_blank\">\n\t\t\t\t\t\t\t<img loading=\"lazy\" decoding=\"async\" width=\"843\" height=\"605\" src=\"https:\/\/www.dainst.blog\/groundcheck\/wp-content\/uploads\/sites\/42\/2022\/12\/Tagesspiegel03062022.png\" class=\"attachment-large size-large wp-image-1501\" alt=\"\" srcset=\"https:\/\/www.dainst.blog\/groundcheck\/wp-content\/uploads\/sites\/42\/2022\/12\/Tagesspiegel03062022.png 843w, https:\/\/www.dainst.blog\/groundcheck\/wp-content\/uploads\/sites\/42\/2022\/12\/Tagesspiegel03062022-300x215.png 300w, https:\/\/www.dainst.blog\/groundcheck\/wp-content\/uploads\/sites\/42\/2022\/12\/Tagesspiegel03062022-768x551.png 768w\" sizes=\"(max-width: 843px) 100vw, 843px\" \/>\t\t\t\t\t\t\t\t<\/a>\n\t\t\t\t\t\t\t\t\t\t\t\t\t\t\t<\/div>\n\t\t\t\t<\/div>\n\t\t\t\t\t<\/div>\n\t\t<\/div>\n\t\t\t\t<div class=\"elementor-column elementor-col-50 elementor-inner-column elementor-element elementor-element-28cdbd7\" data-id=\"28cdbd7\" data-element_type=\"column\" data-e-type=\"column\">\n\t\t\t<div class=\"elementor-widget-wrap elementor-element-populated\">\n\t\t\t\t\t\t<div class=\"elementor-element elementor-element-f594992 elementor-widget elementor-widget-text-editor\" data-id=\"f594992\" data-element_type=\"widget\" data-e-type=\"widget\" data-widget_type=\"text-editor.default\">\n\t\t\t\t<div class=\"elementor-widget-container\">\n\t\t\t\t\t\t\t\t\t<p>Article in German newspaper Tagesspiegel (03.06.2022) about the Groundcheck Conference at the Federal Foreign Office on June 2nd, 2022: <em>Auch das kulturelle Erbe indigener Gemeinschaften ist bedroht<\/em>.<\/p>\t\t\t\t\t\t\t\t<\/div>\n\t\t\t\t<\/div>\n\t\t\t\t\t<\/div>\n\t\t<\/div>\n\t\t\t\t\t<\/div>\n\t\t<\/section>\n\t\t\t\t<section class=\"elementor-section elementor-inner-section elementor-element elementor-element-0843537 elementor-section-boxed elementor-section-height-default elementor-section-height-default\" data-id=\"0843537\" data-element_type=\"section\" data-e-type=\"section\">\n\t\t\t\t\t\t<div class=\"elementor-container elementor-column-gap-default\">\n\t\t\t\t\t<div class=\"elementor-column elementor-col-50 elementor-inner-column elementor-element elementor-element-d196be2\" data-id=\"d196be2\" data-element_type=\"column\" data-e-type=\"column\">\n\t\t\t<div class=\"elementor-widget-wrap elementor-element-populated\">\n\t\t\t\t\t\t<div class=\"elementor-element elementor-element-735a7f6 elementor-widget elementor-widget-image\" data-id=\"735a7f6\" data-element_type=\"widget\" data-e-type=\"widget\" data-widget_type=\"image.default\">\n\t\t\t\t<div class=\"elementor-widget-container\">\n\t\t\t\t\t\t\t\t\t\t\t\t\t\t\t\t<a href=\"https:\/\/www.uni-osnabrueck.de\/kommunikation\/kommunikation-und-marketing-angebot-und-aufgaben\/pressestelle\/pressemeldung\/news\/eine-antike-konfliktlandschaft-im-spiegel-der-geschichte-wissenschaftler-der-uni-osnabrueck-erforsc\/?tx_news_pi1%5Bcontroller%5D=News&#038;tx_news_pi1%5Baction%5D=detail&#038;cHash=08d7440b2149fb8d1a4c37c1482e06cf\" target=\"_blank\">\n\t\t\t\t\t\t\t<img loading=\"lazy\" decoding=\"async\" width=\"828\" height=\"417\" src=\"https:\/\/www.dainst.blog\/groundcheck\/wp-content\/uploads\/sites\/42\/2021\/10\/Bildschirmfoto-2021-10-06-um-15.09.17.png\" class=\"attachment-large size-large wp-image-966\" alt=\"\" srcset=\"https:\/\/www.dainst.blog\/groundcheck\/wp-content\/uploads\/sites\/42\/2021\/10\/Bildschirmfoto-2021-10-06-um-15.09.17.png 828w, https:\/\/www.dainst.blog\/groundcheck\/wp-content\/uploads\/sites\/42\/2021\/10\/Bildschirmfoto-2021-10-06-um-15.09.17-300x151.png 300w, https:\/\/www.dainst.blog\/groundcheck\/wp-content\/uploads\/sites\/42\/2021\/10\/Bildschirmfoto-2021-10-06-um-15.09.17-768x387.png 768w\" sizes=\"(max-width: 828px) 100vw, 828px\" \/>\t\t\t\t\t\t\t\t<\/a>\n\t\t\t\t\t\t\t\t\t\t\t\t\t\t\t<\/div>\n\t\t\t\t<\/div>\n\t\t\t\t\t<\/div>\n\t\t<\/div>\n\t\t\t\t<div class=\"elementor-column elementor-col-50 elementor-inner-column elementor-element elementor-element-54fc751\" data-id=\"54fc751\" data-element_type=\"column\" data-e-type=\"column\">\n\t\t\t<div class=\"elementor-widget-wrap elementor-element-populated\">\n\t\t\t\t\t\t<div class=\"elementor-element elementor-element-97d1ae2 elementor-widget elementor-widget-text-editor\" data-id=\"97d1ae2\" data-element_type=\"widget\" data-e-type=\"widget\" data-widget_type=\"text-editor.default\">\n\t\t\t\t<div class=\"elementor-widget-container\">\n\t\t\t\t\t\t\t\t\t<p>Pressemeldung Universit\u00e4t Osnabr\u00fcck (17. Dezember 2020):\u00a0<em>Eine antike Konfliktlandschaft im Spiegel der Geschichte \u2013 Wissenschaftler der Uni Osnabr\u00fcck erforschen in Zusammenarbeit mit dem Deutschen Arch\u00e4ologischen Institut von Athen Flussl\u00e4ufe im Kephissostal<\/em><\/p>\t\t\t\t\t\t\t\t<\/div>\n\t\t\t\t<\/div>\n\t\t\t\t\t<\/div>\n\t\t<\/div>\n\t\t\t\t\t<\/div>\n\t\t<\/section>\n\t\t\t\t\t<\/div>\n\t\t<\/div>\n\t\t\t\t\t<\/div>\n\t\t<\/section>\n\t\t\t\t<\/div>\n\t\t","protected":false},"excerpt":{"rendered":"<p>\/*! elementor &#8211; v3.9.2 &#8211; 21-12-2022 *\/ .elementor-widget-image{text-align:center}.elementor-widget-image a{display:inline-block}.elementor-widget-image a img[src$=&#8220;.svg&#8220;]{width:48px}.elementor-widget-image img{vertical-align:middle;display:inline-block} Listen to a report by WDR 5 Scala (02.06.2022) on the Groundcheck Conference at the Federal Foreign Office on June 2nd, 2022: &#8222;Groundcheck&#8220;: Arch\u00e4ologie erforscht Klimafolgen.&#8220; Listen to &hellip; <a href=\"https:\/\/www.dainst.blog\/groundcheck\/press-releases\/\">Weiter<\/a><\/p>\n","protected":false},"author":126,"featured_media":0,"parent":0,"menu_order":0,"comment_status":"closed","ping_status":"closed","template":"","meta":{"footnotes":""},"class_list":["post-243","page","type-page","status-publish","hentry"],"_links":{"self":[{"href":"https:\/\/www.dainst.blog\/groundcheck\/wp-json\/wp\/v2\/pages\/243"}],"collection":[{"href":"https:\/\/www.dainst.blog\/groundcheck\/wp-json\/wp\/v2\/pages"}],"about":[{"href":"https:\/\/www.dainst.blog\/groundcheck\/wp-json\/wp\/v2\/types\/page"}],"author":[{"embeddable":true,"href":"https:\/\/www.dainst.blog\/groundcheck\/wp-json\/wp\/v2\/users\/126"}],"replies":[{"embeddable":true,"href":"https:\/\/www.dainst.blog\/groundcheck\/wp-json\/wp\/v2\/comments?post=243"}],"version-history":[{"count":67,"href":"https:\/\/www.dainst.blog\/groundcheck\/wp-json\/wp\/v2\/pages\/243\/revisions"}],"predecessor-version":[{"id":1518,"href":"https:\/\/www.dainst.blog\/groundcheck\/wp-json\/wp\/v2\/pages\/243\/revisions\/1518"}],"wp:attachment":[{"href":"https:\/\/www.dainst.blog\/groundcheck\/wp-json\/wp\/v2\/media?parent=243"}],"curies":[{"name":"wp","href":"https:\/\/api.w.org\/{rel}","templated":true}]}}