{"id":33,"date":"2021-07-14T09:07:55","date_gmt":"2021-07-14T08:07:55","guid":{"rendered":"https:\/\/www.dainst.blog\/groundcheck\/?page_id=33"},"modified":"2021-10-06T15:34:22","modified_gmt":"2021-10-06T14:34:22","slug":"ampurias-future-learning-from-the-past","status":"publish","type":"page","link":"https:\/\/www.dainst.blog\/groundcheck\/ampurias-future-learning-from-the-past\/","title":{"rendered":"Ampurias&#8216; Future \u2013 Learning from the Past"},"content":{"rendered":"\t\t<div data-elementor-type=\"wp-page\" data-elementor-id=\"33\" class=\"elementor elementor-33\">\n\t\t\t\t\t\t<section class=\"elementor-section elementor-top-section elementor-element elementor-element-67964797 elementor-section-boxed elementor-section-height-default elementor-section-height-default\" data-id=\"67964797\" data-element_type=\"section\" data-e-type=\"section\">\n\t\t\t\t\t\t<div class=\"elementor-container elementor-column-gap-default\">\n\t\t\t\t\t<div class=\"elementor-column elementor-col-100 elementor-top-column elementor-element elementor-element-6be77daf\" data-id=\"6be77daf\" data-element_type=\"column\" data-e-type=\"column\">\n\t\t\t<div class=\"elementor-widget-wrap elementor-element-populated\">\n\t\t\t\t\t\t<div class=\"elementor-element elementor-element-6847d75 elementor-widget elementor-widget-heading\" data-id=\"6847d75\" data-element_type=\"widget\" data-e-type=\"widget\" data-widget_type=\"heading.default\">\n\t\t\t\t<div class=\"elementor-widget-container\">\n\t\t\t\t\t<h2 class=\"elementor-heading-title elementor-size-default\">Sea level evolution and climate change from 5500 BC until AD 2100<\/h2>\t\t\t\t<\/div>\n\t\t\t\t<\/div>\n\t\t\t\t<div class=\"elementor-element elementor-element-6d54db2 elementor-widget elementor-widget-text-editor\" data-id=\"6d54db2\" data-element_type=\"widget\" data-e-type=\"widget\" data-widget_type=\"text-editor.default\">\n\t\t\t\t<div class=\"elementor-widget-container\">\n\t\t\t\t\t\t\t\t\t<p>The Madrid Department of the DAI and the Ampurias\/Emp\u00faries branch of the Archaeological Museum of Catalonia \/ Museu de Arqueolog\u00eda de Catalunya \u2013 Emp\u00faries (MAC-Emp\u00faries) (L&#8217;Escala, Catalonia, Spain) have been carrying out joint projects for several decades. Since 1994, these have included geoarchaeological investigations that have documented major changes in the coastal landscape during the Holocene and provided clues for the reconstruction of Greek, Roman, and Iberian territories. Further results were produced by the University of Barcelona and Geoservei.<\/p>\n<p>The rising sea level and increased frequency of severe storms are provoking the progressive erosion of Ampurias\u2019 coast. They increasingly threaten the cultural heritage, in particular the eastern sector of the Phocaean Apoikie EMPORION. With special funding from the President&#8217;s Office of the DAI, a rescue excavation was carried out here in November 2019. Just in time, it yielded evidence of the remains of houses built around 540\/30 BC by the first generation of Greek settlers.<\/p>\t\t\t\t\t\t\t\t<\/div>\n\t\t\t\t<\/div>\n\t\t\t\t<div class=\"elementor-element elementor-element-94ebdde elementor-widget elementor-widget-image\" data-id=\"94ebdde\" data-element_type=\"widget\" data-e-type=\"widget\" data-widget_type=\"image.default\">\n\t\t\t\t<div class=\"elementor-widget-container\">\n\t\t\t\t\t\t\t\t\t\t\t\t<figure class=\"wp-caption\">\n\t\t\t\t\t\t\t\t\t\t<img fetchpriority=\"high\" decoding=\"async\" width=\"1024\" height=\"768\" src=\"https:\/\/www.dainst.blog\/groundcheck\/wp-content\/uploads\/sites\/42\/2021\/07\/Abb.-1-Golf-von-Rosas-mit-Ampurias-im-Vordergrund-_-Foto-MAC-Empu\u0301ries-1024x768.jpg\" class=\"attachment-large size-large wp-image-122\" alt=\"\" srcset=\"https:\/\/www.dainst.blog\/groundcheck\/wp-content\/uploads\/sites\/42\/2021\/07\/Abb.-1-Golf-von-Rosas-mit-Ampurias-im-Vordergrund-_-Foto-MAC-Empu\u0301ries-1024x768.jpg 1024w, https:\/\/www.dainst.blog\/groundcheck\/wp-content\/uploads\/sites\/42\/2021\/07\/Abb.-1-Golf-von-Rosas-mit-Ampurias-im-Vordergrund-_-Foto-MAC-Empu\u0301ries-300x225.jpg 300w, https:\/\/www.dainst.blog\/groundcheck\/wp-content\/uploads\/sites\/42\/2021\/07\/Abb.-1-Golf-von-Rosas-mit-Ampurias-im-Vordergrund-_-Foto-MAC-Empu\u0301ries-768x576.jpg 768w, https:\/\/www.dainst.blog\/groundcheck\/wp-content\/uploads\/sites\/42\/2021\/07\/Abb.-1-Golf-von-Rosas-mit-Ampurias-im-Vordergrund-_-Foto-MAC-Empu\u0301ries-1536x1152.jpg 1536w, https:\/\/www.dainst.blog\/groundcheck\/wp-content\/uploads\/sites\/42\/2021\/07\/Abb.-1-Golf-von-Rosas-mit-Ampurias-im-Vordergrund-_-Foto-MAC-Empu\u0301ries-2048x1536.jpg 2048w\" sizes=\"(max-width: 1024px) 100vw, 1024px\" \/>\t\t\t\t\t\t\t\t\t\t\t<figcaption class=\"widget-image-caption wp-caption-text\">Gulf of Rosas with Ampurias in the foreground (\u00a9 MAC Emp\u00faries)<\/figcaption>\n\t\t\t\t\t\t\t\t\t\t<\/figure>\n\t\t\t\t\t\t\t\t\t<\/div>\n\t\t\t\t<\/div>\n\t\t\t\t<div class=\"elementor-element elementor-element-47d8591e elementor-widget elementor-widget-text-editor\" data-id=\"47d8591e\" data-element_type=\"widget\" data-e-type=\"widget\" data-widget_type=\"text-editor.default\">\n\t\t\t\t<div class=\"elementor-widget-container\">\n\t\t\t\t\t\t\t\t\t<p><\/p>\n<p><\/p>\n<p>The urgency of the documentation of cultural assets endangered by climate change was dramatically expressed, as was the need to study climatic phenomena and the environment in a diachronic manner, especially also with regard to the future.<\/p>\n<p><\/p>\n<p>For this goal, <em>DAI Groundcheck<\/em> came at the right moment: in February 2020, the collaboration of archaeologists Pere Castanyer, Marta Santos (both MAC-Emp\u00faries), Dirce Marzoli (DAI-Madrid), geographer Helmut Br\u00fcckner (Univ. Cologne), geologist Ramon Juli\u00e1 (Barcelona) and computer scientist Daniel Ba\u00f1os, in which Holger Sch\u00fcttrumpf and Jan Oetjen (RWTH Aachen Univ) have also been participating since 2021.<\/p>\n<p><\/p>\n<p>The starting point is the generation of a 3D GIS model of the real scale, including the sea. Based on the previous interdisciplinary investigations in the vicinity of Emp\u00faries and its territory, six scenarios were developed, which offer a diachronic overview of the landscape and settlement development from the middle of the 6th millennium BC to approx. 2100 AD with kaleidoscope-like insights (Fig. 3). The retrospective scenarios are based on archaeological, historical, and geoarchaeological evidence; the prognostic scenarios on IPCC 2019 predictions of future sea-level rise. This impressively visualizes the accelerated sea-level rise and storm waves caused by global climate change. For this purpose and with regard to archaeological underwater investigations, geophysical-bathymetric documentation is being carried out.<\/p>\n<p>Geological boreholes were sunk in the ground to the north and south of the ancient city. Their evaluation is still in progress; including a feasibility study to determine the oxygen (<sup>18<\/sup>O\/<sup>16<\/sup>O) and carbon (<sup>13<\/sup>C\/<sup>12<\/sup>C) isotope ratios of microfossils from the drill cores as proxies for the palaeoclimate.Geological boreholes were sunk in the ground to the north and south of the ancient city. Their evaluation is still in progress; including a feasibility study to determine the oxygen (<sup>18<\/sup>O\/<sup>16<\/sup>O) and carbon (<sup>13<\/sup>C\/<sup>12<\/sup>C) isotope ratios of microfossils from the drill cores as proxies for the palaeoclimate.<\/p>\n<p><\/p>\t\t\t\t\t\t\t\t<\/div>\n\t\t\t\t<\/div>\n\t\t\t\t<div class=\"elementor-element elementor-element-2b669d3 elementor-widget elementor-widget-image\" data-id=\"2b669d3\" data-element_type=\"widget\" data-e-type=\"widget\" data-widget_type=\"image.default\">\n\t\t\t\t<div class=\"elementor-widget-container\">\n\t\t\t\t\t\t\t\t\t\t\t\t<figure class=\"wp-caption\">\n\t\t\t\t\t\t\t\t\t\t<img decoding=\"async\" width=\"1024\" height=\"768\" src=\"https:\/\/www.dainst.blog\/groundcheck\/wp-content\/uploads\/sites\/42\/2021\/07\/Ampurias-_-Rettungsgrabung-bei-Unwetter-November-2019-1024x768.jpeg\" class=\"attachment-large size-large wp-image-27\" alt=\"\" srcset=\"https:\/\/www.dainst.blog\/groundcheck\/wp-content\/uploads\/sites\/42\/2021\/07\/Ampurias-_-Rettungsgrabung-bei-Unwetter-November-2019-1024x768.jpeg 1024w, https:\/\/www.dainst.blog\/groundcheck\/wp-content\/uploads\/sites\/42\/2021\/07\/Ampurias-_-Rettungsgrabung-bei-Unwetter-November-2019-300x225.jpeg 300w, https:\/\/www.dainst.blog\/groundcheck\/wp-content\/uploads\/sites\/42\/2021\/07\/Ampurias-_-Rettungsgrabung-bei-Unwetter-November-2019-768x576.jpeg 768w, https:\/\/www.dainst.blog\/groundcheck\/wp-content\/uploads\/sites\/42\/2021\/07\/Ampurias-_-Rettungsgrabung-bei-Unwetter-November-2019-1536x1152.jpeg 1536w, https:\/\/www.dainst.blog\/groundcheck\/wp-content\/uploads\/sites\/42\/2021\/07\/Ampurias-_-Rettungsgrabung-bei-Unwetter-November-2019.jpeg 2048w\" sizes=\"(max-width: 1024px) 100vw, 1024px\" \/>\t\t\t\t\t\t\t\t\t\t\t<figcaption class=\"widget-image-caption wp-caption-text\">Ampurias \u2013 EMPORION, Eastern Sector. Rescue excavation during severe storm in November 2019 (\u00a9 Pere Castanyer, MAC Empu\u0301ries)<\/figcaption>\n\t\t\t\t\t\t\t\t\t\t<\/figure>\n\t\t\t\t\t\t\t\t\t<\/div>\n\t\t\t\t<\/div>\n\t\t\t\t<div class=\"elementor-element elementor-element-d283975 elementor-widget elementor-widget-image\" data-id=\"d283975\" data-element_type=\"widget\" data-e-type=\"widget\" data-widget_type=\"image.default\">\n\t\t\t\t<div class=\"elementor-widget-container\">\n\t\t\t\t\t\t\t\t\t\t\t\t<figure class=\"wp-caption\">\n\t\t\t\t\t\t\t\t\t\t<img decoding=\"async\" width=\"1024\" height=\"768\" src=\"https:\/\/www.dainst.blog\/groundcheck\/wp-content\/uploads\/sites\/42\/2021\/07\/Abb.-4-Ampurias-Blick-nach-Osten_-Februar-2020_Unwetter-Gloria-1024x768.jpeg\" class=\"attachment-large size-large wp-image-124\" alt=\"\" srcset=\"https:\/\/www.dainst.blog\/groundcheck\/wp-content\/uploads\/sites\/42\/2021\/07\/Abb.-4-Ampurias-Blick-nach-Osten_-Februar-2020_Unwetter-Gloria-1024x768.jpeg 1024w, https:\/\/www.dainst.blog\/groundcheck\/wp-content\/uploads\/sites\/42\/2021\/07\/Abb.-4-Ampurias-Blick-nach-Osten_-Februar-2020_Unwetter-Gloria-300x225.jpeg 300w, https:\/\/www.dainst.blog\/groundcheck\/wp-content\/uploads\/sites\/42\/2021\/07\/Abb.-4-Ampurias-Blick-nach-Osten_-Februar-2020_Unwetter-Gloria-768x576.jpeg 768w, https:\/\/www.dainst.blog\/groundcheck\/wp-content\/uploads\/sites\/42\/2021\/07\/Abb.-4-Ampurias-Blick-nach-Osten_-Februar-2020_Unwetter-Gloria-1536x1152.jpeg 1536w, https:\/\/www.dainst.blog\/groundcheck\/wp-content\/uploads\/sites\/42\/2021\/07\/Abb.-4-Ampurias-Blick-nach-Osten_-Februar-2020_Unwetter-Gloria.jpeg 2048w\" sizes=\"(max-width: 1024px) 100vw, 1024px\" \/>\t\t\t\t\t\t\t\t\t\t\t<figcaption class=\"widget-image-caption wp-caption-text\">Ampurias, view east. Effect of the severe storm \"Gloria\" with considerable storm surge. (\u00a9 Pere Castanyer, MAC Emp\u00faries)<\/figcaption>\n\t\t\t\t\t\t\t\t\t\t<\/figure>\n\t\t\t\t\t\t\t\t\t<\/div>\n\t\t\t\t<\/div>\n\t\t\t\t<div class=\"elementor-element elementor-element-27bc785 elementor-widget elementor-widget-image\" data-id=\"27bc785\" data-element_type=\"widget\" data-e-type=\"widget\" data-widget_type=\"image.default\">\n\t\t\t\t<div class=\"elementor-widget-container\">\n\t\t\t\t\t\t\t\t\t\t\t\t<figure class=\"wp-caption\">\n\t\t\t\t\t\t\t\t\t\t<img loading=\"lazy\" decoding=\"async\" width=\"768\" height=\"1024\" src=\"https:\/\/www.dainst.blog\/groundcheck\/wp-content\/uploads\/sites\/42\/2021\/07\/Abb.-5_-Bohrung-Grundstu\u0308ck-Lidl_Foto-Pere-Castanyer_MAC-Empu\u0301ries-768x1024.jpg\" class=\"attachment-large size-large wp-image-125\" alt=\"\" srcset=\"https:\/\/www.dainst.blog\/groundcheck\/wp-content\/uploads\/sites\/42\/2021\/07\/Abb.-5_-Bohrung-Grundstu\u0308ck-Lidl_Foto-Pere-Castanyer_MAC-Empu\u0301ries-768x1024.jpg 768w, https:\/\/www.dainst.blog\/groundcheck\/wp-content\/uploads\/sites\/42\/2021\/07\/Abb.-5_-Bohrung-Grundstu\u0308ck-Lidl_Foto-Pere-Castanyer_MAC-Empu\u0301ries-225x300.jpg 225w, https:\/\/www.dainst.blog\/groundcheck\/wp-content\/uploads\/sites\/42\/2021\/07\/Abb.-5_-Bohrung-Grundstu\u0308ck-Lidl_Foto-Pere-Castanyer_MAC-Empu\u0301ries-1152x1536.jpg 1152w, https:\/\/www.dainst.blog\/groundcheck\/wp-content\/uploads\/sites\/42\/2021\/07\/Abb.-5_-Bohrung-Grundstu\u0308ck-Lidl_Foto-Pere-Castanyer_MAC-Empu\u0301ries-1536x2048.jpg 1536w, https:\/\/www.dainst.blog\/groundcheck\/wp-content\/uploads\/sites\/42\/2021\/07\/Abb.-5_-Bohrung-Grundstu\u0308ck-Lidl_Foto-Pere-Castanyer_MAC-Empu\u0301ries-scaled.jpg 1920w\" sizes=\"(max-width: 768px) 100vw, 768px\" \/>\t\t\t\t\t\t\t\t\t\t\t<figcaption class=\"widget-image-caption wp-caption-text\">Borehole \"Lidl 1\" on the plot of Santa Margarida near Ampurias. (\u00a9 Pere Castanyer, MAC Emp\u00faries)<\/figcaption>\n\t\t\t\t\t\t\t\t\t\t<\/figure>\n\t\t\t\t\t\t\t\t\t<\/div>\n\t\t\t\t<\/div>\n\t\t\t\t\t<\/div>\n\t\t<\/div>\n\t\t\t\t\t<\/div>\n\t\t<\/section>\n\t\t\t\t<section class=\"elementor-section elementor-top-section elementor-element elementor-element-817be64 elementor-section-boxed elementor-section-height-default elementor-section-height-default\" data-id=\"817be64\" data-element_type=\"section\" data-e-type=\"section\">\n\t\t\t\t\t\t<div class=\"elementor-container elementor-column-gap-default\">\n\t\t\t\t\t<div class=\"elementor-column elementor-col-100 elementor-top-column elementor-element elementor-element-4cc305c\" data-id=\"4cc305c\" data-element_type=\"column\" data-e-type=\"column\">\n\t\t\t<div class=\"elementor-widget-wrap elementor-element-populated\">\n\t\t\t\t\t\t<div class=\"elementor-element elementor-element-7c42fca elementor-widget-divider--view-line elementor-widget elementor-widget-divider\" data-id=\"7c42fca\" data-element_type=\"widget\" data-e-type=\"widget\" data-widget_type=\"divider.default\">\n\t\t\t\t<div class=\"elementor-widget-container\">\n\t\t\t\t\t\t\t<div class=\"elementor-divider\">\n\t\t\t<span class=\"elementor-divider-separator\">\n\t\t\t\t\t\t<\/span>\n\t\t<\/div>\n\t\t\t\t\t\t<\/div>\n\t\t\t\t<\/div>\n\t\t\t\t\t<\/div>\n\t\t<\/div>\n\t\t\t\t\t<\/div>\n\t\t<\/section>\n\t\t\t\t<section class=\"elementor-section elementor-top-section elementor-element elementor-element-0323bc1 elementor-section-boxed elementor-section-height-default elementor-section-height-default\" data-id=\"0323bc1\" data-element_type=\"section\" data-e-type=\"section\">\n\t\t\t\t\t\t<div class=\"elementor-container elementor-column-gap-default\">\n\t\t\t\t\t<div class=\"elementor-column elementor-col-100 elementor-top-column elementor-element elementor-element-2c353f0\" data-id=\"2c353f0\" data-element_type=\"column\" data-e-type=\"column\">\n\t\t\t<div class=\"elementor-widget-wrap elementor-element-populated\">\n\t\t\t\t\t\t<div class=\"elementor-element elementor-element-2a9de40 elementor-widget elementor-widget-text-editor\" data-id=\"2a9de40\" data-element_type=\"widget\" data-e-type=\"widget\" data-widget_type=\"text-editor.default\">\n\t\t\t\t<div class=\"elementor-widget-container\">\n\t\t\t\t\t\t\t\t\t<h4><strong>Project members and partners<\/strong><\/h4>\n<p>Dirce Marzoli (Projectmanagement)<\/p>\n<p>Ramon Juli\u00e0 (Barcelona)<\/p>\n<p>Daniel Ba\u00f1os (Barcelona)<\/p>\n<p>Felix Reize (Universit\u00e4t K\u00f6ln \/ DAI)<\/p>\n<p>Pere Castanyer (representative for Museu de Catalunya &#8211; Emp\u00faries)<\/p>\n<p>Helmut Br\u00fcckner (Geographisches Institut, Universit\u00e4t zu K\u00f6ln)<\/p>\n<p>\u00a0<\/p>\t\t\t\t\t\t\t\t<\/div>\n\t\t\t\t<\/div>\n\t\t\t\t\t<\/div>\n\t\t<\/div>\n\t\t\t\t\t<\/div>\n\t\t<\/section>\n\t\t\t\t<\/div>\n\t\t","protected":false},"excerpt":{"rendered":"<p>Sea level evolution and climate change from 5500 BC until AD 2100 The Madrid Department of the DAI and the Ampurias\/Emp\u00faries branch of the Archaeological Museum of Catalonia \/ Museu de Arqueolog\u00eda de Catalunya \u2013 Emp\u00faries (MAC-Emp\u00faries) (L&#8217;Escala, Catalonia, Spain) &hellip; <a href=\"https:\/\/www.dainst.blog\/groundcheck\/ampurias-future-learning-from-the-past\/\">Weiter<\/a><\/p>\n","protected":false},"author":126,"featured_media":0,"parent":0,"menu_order":0,"comment_status":"closed","ping_status":"closed","template":"","meta":{"footnotes":""},"class_list":["post-33","page","type-page","status-publish","hentry"],"_links":{"self":[{"href":"https:\/\/www.dainst.blog\/groundcheck\/wp-json\/wp\/v2\/pages\/33"}],"collection":[{"href":"https:\/\/www.dainst.blog\/groundcheck\/wp-json\/wp\/v2\/pages"}],"about":[{"href":"https:\/\/www.dainst.blog\/groundcheck\/wp-json\/wp\/v2\/types\/page"}],"author":[{"embeddable":true,"href":"https:\/\/www.dainst.blog\/groundcheck\/wp-json\/wp\/v2\/users\/126"}],"replies":[{"embeddable":true,"href":"https:\/\/www.dainst.blog\/groundcheck\/wp-json\/wp\/v2\/comments?post=33"}],"version-history":[{"count":67,"href":"https:\/\/www.dainst.blog\/groundcheck\/wp-json\/wp\/v2\/pages\/33\/revisions"}],"predecessor-version":[{"id":1007,"href":"https:\/\/www.dainst.blog\/groundcheck\/wp-json\/wp\/v2\/pages\/33\/revisions\/1007"}],"wp:attachment":[{"href":"https:\/\/www.dainst.blog\/groundcheck\/wp-json\/wp\/v2\/media?parent=33"}],"curies":[{"name":"wp","href":"https:\/\/api.w.org\/{rel}","templated":true}]}}