{"id":64,"date":"2021-07-14T10:14:16","date_gmt":"2021-07-14T09:14:16","guid":{"rendered":"https:\/\/www.dainst.blog\/groundcheck\/?page_id=64"},"modified":"2021-10-06T15:55:42","modified_gmt":"2021-10-06T14:55:42","slug":"groundwater-salinization-processes-on-the-island-of-samos-greece","status":"publish","type":"page","link":"https:\/\/www.dainst.blog\/groundcheck\/groundwater-salinization-processes-on-the-island-of-samos-greece\/","title":{"rendered":"Groundwater Salinization Processes on the Island of Samos, Greece"},"content":{"rendered":"\t\t<div data-elementor-type=\"wp-page\" data-elementor-id=\"64\" class=\"elementor elementor-64\">\n\t\t\t\t\t\t<section class=\"elementor-section elementor-top-section elementor-element elementor-element-7556f95d elementor-section-boxed elementor-section-height-default elementor-section-height-default\" data-id=\"7556f95d\" data-element_type=\"section\" data-e-type=\"section\">\n\t\t\t\t\t\t<div class=\"elementor-container elementor-column-gap-default\">\n\t\t\t\t\t<div class=\"elementor-column elementor-col-100 elementor-top-column elementor-element elementor-element-6609632b\" data-id=\"6609632b\" data-element_type=\"column\" data-e-type=\"column\">\n\t\t\t<div class=\"elementor-widget-wrap elementor-element-populated\">\n\t\t\t\t\t\t<div class=\"elementor-element elementor-element-501e41ba elementor-widget elementor-widget-text-editor\" data-id=\"501e41ba\" data-element_type=\"widget\" data-e-type=\"widget\" data-widget_type=\"text-editor.default\">\n\t\t\t\t<div class=\"elementor-widget-container\">\n\t\t\t\t\t\t\t\t\t\n<p>The salinization of groundwater reservoirs is a widespread phenomenon in the Mediterranean, which is becoming increasingly dramatic due to the current climatic changes together with the steadily increasing demand for freshwater. Such salinization processes were commonplace in the past and have impacted civilization in a variety of ways. The cooperation project between Jan-Marc Henke from the German Archaeological Institute in Athens and Christoph K\u00fclls from the University of L\u00fcbeck on Samos is focused on the study of such processes and their effects on human activity over a period of almost 3500 years.<\/p>\n\n<p>In front of the western flank of the city wall of the ancient city of Samos (today Pythagoreion) a small, today salty-brackish lake (Glyphada) is located. In Archaic times a sanctuary for Artemis was founded on its western bank. The spring rises from spring tuffa deposits that are several meters high and cover the slope for a length of approximately 10 meters. More recently, however, it only runs episodically after rainy winters.<\/p>\n\n<p>Within the pond, hydraulic installations indicate the intention to separate fresh and salty water in different ponds in ancient times. Preliminary work has clearly shown that the water chemistry does not originate from seawater, which is also indicated by the topographical situation. Therefore the initial hypothesis of the project is that both \u2013 the morphological and archaeological situation as well \u2013 could point to its former significance as a source of freshwater, threatened by increasing salinization, which could also have affected other areas of the city.<\/p>\n\n<p>By extracting and analyzing sediments, the future project aims at reconstructing the temperature and salinity records of pond water based on <sup>13<\/sup>C\/<sup>12<\/sup>C, <sup>87<\/sup>Sr\/<sup>86<\/sup>Sr stable isotope ratios and Mg\/Ca ion ratio \u200b\u200bover the last 3500 years. These data are correlated with environmental and climatic conditions and changing land-use patterns. The reconstruction of the capacity of the spring and the salinization may contain a key to understanding hydraulic engineering measures, such as the aqueduct of the Eupalinos, the creation and abandonment of wells, and other measures to secure the water supply in the area of \u200b\u200bthe ancient city of Samos and the modern Pythagoreion. Beneficiaries of the project will be archaeologists who work on water supply issues in the Eastern Mediterranean. Knowledge of a possible salinization crisis is also of interest for today&#8217;s water management on the island itself.<\/p>\n\t\t\t\t\t\t\t\t<\/div>\n\t\t\t\t<\/div>\n\t\t\t\t<div class=\"elementor-element elementor-element-2e37349 elementor-widget elementor-widget-image\" data-id=\"2e37349\" data-element_type=\"widget\" data-e-type=\"widget\" data-widget_type=\"image.default\">\n\t\t\t\t<div class=\"elementor-widget-container\">\n\t\t\t\t\t\t\t\t\t\t\t\t<figure class=\"wp-caption\">\n\t\t\t\t\t\t\t\t\t\t<img fetchpriority=\"high\" decoding=\"async\" width=\"1024\" height=\"768\" src=\"https:\/\/www.dainst.blog\/groundcheck\/wp-content\/uploads\/sites\/42\/2021\/07\/Abb03-72dpi-1024x768.jpg\" class=\"attachment-large size-large wp-image-167\" alt=\"\" srcset=\"https:\/\/www.dainst.blog\/groundcheck\/wp-content\/uploads\/sites\/42\/2021\/07\/Abb03-72dpi-1024x768.jpg 1024w, https:\/\/www.dainst.blog\/groundcheck\/wp-content\/uploads\/sites\/42\/2021\/07\/Abb03-72dpi-300x225.jpg 300w, https:\/\/www.dainst.blog\/groundcheck\/wp-content\/uploads\/sites\/42\/2021\/07\/Abb03-72dpi-768x576.jpg 768w, https:\/\/www.dainst.blog\/groundcheck\/wp-content\/uploads\/sites\/42\/2021\/07\/Abb03-72dpi.jpg 1417w\" sizes=\"(max-width: 1024px) 100vw, 1024px\" \/>\t\t\t\t\t\t\t\t\t\t\t<figcaption class=\"widget-image-caption wp-caption-text\">Samos, the plain of Chora, soil samples to determine water capacity and soil fertility (October 2020) (\u00a9 D. Loitz, Universit\u00e4t Kiel)<\/figcaption>\n\t\t\t\t\t\t\t\t\t\t<\/figure>\n\t\t\t\t\t\t\t\t\t<\/div>\n\t\t\t\t<\/div>\n\t\t\t\t<div class=\"elementor-element elementor-element-947bfbc elementor-widget elementor-widget-image\" data-id=\"947bfbc\" data-element_type=\"widget\" data-e-type=\"widget\" data-widget_type=\"image.default\">\n\t\t\t\t<div class=\"elementor-widget-container\">\n\t\t\t\t\t\t\t\t\t\t\t\t<figure class=\"wp-caption\">\n\t\t\t\t\t\t\t\t\t\t<img decoding=\"async\" width=\"768\" height=\"1024\" src=\"https:\/\/www.dainst.blog\/groundcheck\/wp-content\/uploads\/sites\/42\/2021\/07\/Abb02-72dpi-768x1024.jpg\" class=\"attachment-large size-large wp-image-168\" alt=\"\" srcset=\"https:\/\/www.dainst.blog\/groundcheck\/wp-content\/uploads\/sites\/42\/2021\/07\/Abb02-72dpi-768x1024.jpg 768w, https:\/\/www.dainst.blog\/groundcheck\/wp-content\/uploads\/sites\/42\/2021\/07\/Abb02-72dpi-225x300.jpg 225w, https:\/\/www.dainst.blog\/groundcheck\/wp-content\/uploads\/sites\/42\/2021\/07\/Abb02-72dpi.jpg 1063w\" sizes=\"(max-width: 768px) 100vw, 768px\" \/>\t\t\t\t\t\t\t\t\t\t\t<figcaption class=\"widget-image-caption wp-caption-text\">Samos, the plain of Chora, I. Unkel and M. Ranzinger drilling in the ancient lagoon area in October 2020 (\u00a9 D. Loitz, Universit\u00e4t Kiel)<\/figcaption>\n\t\t\t\t\t\t\t\t\t\t<\/figure>\n\t\t\t\t\t\t\t\t\t<\/div>\n\t\t\t\t<\/div>\n\t\t\t\t<div class=\"elementor-element elementor-element-6af7650 elementor-widget elementor-widget-image\" data-id=\"6af7650\" data-element_type=\"widget\" data-e-type=\"widget\" data-widget_type=\"image.default\">\n\t\t\t\t<div class=\"elementor-widget-container\">\n\t\t\t\t\t\t\t\t\t\t\t\t<figure class=\"wp-caption\">\n\t\t\t\t\t\t\t\t\t\t<img decoding=\"async\" width=\"1024\" height=\"683\" src=\"https:\/\/www.dainst.blog\/groundcheck\/wp-content\/uploads\/sites\/42\/2021\/07\/Abb01-72dpi-1024x683.jpg\" class=\"attachment-large size-large wp-image-169\" alt=\"\" srcset=\"https:\/\/www.dainst.blog\/groundcheck\/wp-content\/uploads\/sites\/42\/2021\/07\/Abb01-72dpi-1024x683.jpg 1024w, https:\/\/www.dainst.blog\/groundcheck\/wp-content\/uploads\/sites\/42\/2021\/07\/Abb01-72dpi-300x200.jpg 300w, https:\/\/www.dainst.blog\/groundcheck\/wp-content\/uploads\/sites\/42\/2021\/07\/Abb01-72dpi-768x512.jpg 768w, https:\/\/www.dainst.blog\/groundcheck\/wp-content\/uploads\/sites\/42\/2021\/07\/Abb01-72dpi.jpg 1417w\" sizes=\"(max-width: 1024px) 100vw, 1024px\" \/>\t\t\t\t\t\t\t\t\t\t\t<figcaption class=\"widget-image-caption wp-caption-text\">Samos, the plain of Chora to the southeast (\u00a9 J. Fuchs)<\/figcaption>\n\t\t\t\t\t\t\t\t\t\t<\/figure>\n\t\t\t\t\t\t\t\t\t<\/div>\n\t\t\t\t<\/div>\n\t\t\t\t\t<\/div>\n\t\t<\/div>\n\t\t\t\t\t<\/div>\n\t\t<\/section>\n\t\t\t\t<section class=\"elementor-section elementor-top-section elementor-element elementor-element-e5d7cd9 elementor-section-boxed elementor-section-height-default elementor-section-height-default\" data-id=\"e5d7cd9\" data-element_type=\"section\" data-e-type=\"section\">\n\t\t\t\t\t\t<div class=\"elementor-container elementor-column-gap-default\">\n\t\t\t\t\t<div class=\"elementor-column elementor-col-100 elementor-top-column elementor-element elementor-element-71f70d1\" data-id=\"71f70d1\" data-element_type=\"column\" data-e-type=\"column\">\n\t\t\t<div class=\"elementor-widget-wrap elementor-element-populated\">\n\t\t\t\t\t\t<div class=\"elementor-element elementor-element-bd10bcc elementor-widget-divider--view-line elementor-widget elementor-widget-divider\" data-id=\"bd10bcc\" data-element_type=\"widget\" data-e-type=\"widget\" data-widget_type=\"divider.default\">\n\t\t\t\t<div class=\"elementor-widget-container\">\n\t\t\t\t\t\t\t<div class=\"elementor-divider\">\n\t\t\t<span class=\"elementor-divider-separator\">\n\t\t\t\t\t\t<\/span>\n\t\t<\/div>\n\t\t\t\t\t\t<\/div>\n\t\t\t\t<\/div>\n\t\t\t\t<div class=\"elementor-element elementor-element-a88f2c7 elementor-widget elementor-widget-text-editor\" data-id=\"a88f2c7\" data-element_type=\"widget\" data-e-type=\"widget\" data-widget_type=\"text-editor.default\">\n\t\t\t\t<div class=\"elementor-widget-container\">\n\t\t\t\t\t\t\t\t\t<h4><strong>Project members and partners<\/strong><\/h4>\n<p>Dr. Jan-Marc Henke (Director of the excavations at the Heraion of Samos, DAI-Athen)<\/p>\n<p><!-- \/wp:paragraph --><!-- wp:paragraph --><\/p>\n<p>Anna Androvitsanea M. Sc., TH L\u00fcbeck<\/p>\n<p><!-- \/wp:paragraph --><!-- wp:paragraph --><\/p>\n<p>Prof. Dr. Pavlos Avramidis, Professor f\u00fcr Sedimentologie an der Universit\u00e4t Patras (Griechenland)<\/p>\n<p><!-- \/wp:paragraph --><!-- wp:paragraph --><\/p>\n<p><!-- \/wp:paragraph --><!-- wp:paragraph --><\/p>\n<p>Prof. Dr. Christoph K\u00fclls, Professor f\u00fcr Hydrologie und Internationale Wasserwirtschaft an der TH L\u00fcbeck<\/p>\n<p><!-- \/wp:paragraph --><!-- wp:paragraph --><\/p>\n<p>Prof. Dr. Ingmar Unkel, Professor f\u00fcr Umweltgeschichte und Umweltarchive an der Universit\u00e4t Kiel, Mitantragsteller des Exzellenzcluster ROOTS im Forschungsschwerpunkt \u201eSocio-Environmental Cultural Change\u201c, Leiter des Subclusters \u201eSocio-environmental Hazards\u201c<\/p>\t\t\t\t\t\t\t\t<\/div>\n\t\t\t\t<\/div>\n\t\t\t\t\t<\/div>\n\t\t<\/div>\n\t\t\t\t\t<\/div>\n\t\t<\/section>\n\t\t\t\t<\/div>\n\t\t","protected":false},"excerpt":{"rendered":"<p>The salinization of groundwater reservoirs is a widespread phenomenon in the Mediterranean, which is becoming increasingly dramatic due to the current climatic changes together with the steadily increasing demand for freshwater. Such salinization processes were commonplace in the past and &hellip; <a href=\"https:\/\/www.dainst.blog\/groundcheck\/groundwater-salinization-processes-on-the-island-of-samos-greece\/\">Weiter<\/a><\/p>\n","protected":false},"author":126,"featured_media":0,"parent":0,"menu_order":0,"comment_status":"closed","ping_status":"closed","template":"","meta":{"footnotes":""},"class_list":["post-64","page","type-page","status-publish","hentry"],"_links":{"self":[{"href":"https:\/\/www.dainst.blog\/groundcheck\/wp-json\/wp\/v2\/pages\/64"}],"collection":[{"href":"https:\/\/www.dainst.blog\/groundcheck\/wp-json\/wp\/v2\/pages"}],"about":[{"href":"https:\/\/www.dainst.blog\/groundcheck\/wp-json\/wp\/v2\/types\/page"}],"author":[{"embeddable":true,"href":"https:\/\/www.dainst.blog\/groundcheck\/wp-json\/wp\/v2\/users\/126"}],"replies":[{"embeddable":true,"href":"https:\/\/www.dainst.blog\/groundcheck\/wp-json\/wp\/v2\/comments?post=64"}],"version-history":[{"count":15,"href":"https:\/\/www.dainst.blog\/groundcheck\/wp-json\/wp\/v2\/pages\/64\/revisions"}],"predecessor-version":[{"id":1047,"href":"https:\/\/www.dainst.blog\/groundcheck\/wp-json\/wp\/v2\/pages\/64\/revisions\/1047"}],"wp:attachment":[{"href":"https:\/\/www.dainst.blog\/groundcheck\/wp-json\/wp\/v2\/media?parent=64"}],"curies":[{"name":"wp","href":"https:\/\/api.w.org\/{rel}","templated":true}]}}