{"id":70,"date":"2021-07-14T10:18:40","date_gmt":"2021-07-14T09:18:40","guid":{"rendered":"https:\/\/www.dainst.blog\/groundcheck\/?page_id=70"},"modified":"2021-10-06T16:10:17","modified_gmt":"2021-10-06T15:10:17","slug":"the-climatological-and-agricultural-history-of-samos","status":"publish","type":"page","link":"https:\/\/www.dainst.blog\/groundcheck\/the-climatological-and-agricultural-history-of-samos\/","title":{"rendered":"The Climatological and Agricultural History of Samos"},"content":{"rendered":"\t\t<div data-elementor-type=\"wp-page\" data-elementor-id=\"70\" class=\"elementor elementor-70\">\n\t\t\t\t\t\t<section class=\"elementor-section elementor-top-section elementor-element elementor-element-723d0b65 elementor-section-boxed elementor-section-height-default elementor-section-height-default\" data-id=\"723d0b65\" data-element_type=\"section\" data-e-type=\"section\">\n\t\t\t\t\t\t<div class=\"elementor-container elementor-column-gap-default\">\n\t\t\t\t\t<div class=\"elementor-column elementor-col-100 elementor-top-column elementor-element elementor-element-56374dcc\" data-id=\"56374dcc\" data-element_type=\"column\" data-e-type=\"column\">\n\t\t\t<div class=\"elementor-widget-wrap elementor-element-populated\">\n\t\t\t\t\t\t<div class=\"elementor-element elementor-element-bdd88f9 elementor-widget elementor-widget-heading\" data-id=\"bdd88f9\" data-element_type=\"widget\" data-e-type=\"widget\" data-widget_type=\"heading.default\">\n\t\t\t\t<div class=\"elementor-widget-container\">\n\t\t\t\t\t<h2 class=\"elementor-heading-title elementor-size-default\">Geoarchaeological and Archaeohydrological Investigations in the Chora Plain and the Environment of the Heraion of Samos<\/h2>\t\t\t\t<\/div>\n\t\t\t\t<\/div>\n\t\t\t\t<div class=\"elementor-element elementor-element-a81b4b7 elementor-widget elementor-widget-text-editor\" data-id=\"a81b4b7\" data-element_type=\"widget\" data-e-type=\"widget\" data-widget_type=\"text-editor.default\">\n\t\t\t\t<div class=\"elementor-widget-container\">\n\t\t\t\t\t\t\t\t\t\n<p>Ancient written sources report that the Samian community has suffered from shortages in its food supply during almost its entire history. This problem is partly caused by the geological and geomorphological situation of the island, which hardly offers any suitable areas for agriculture, even though there is a relatively high abundance of water. One of the few areas on the island suitable for a wider range of agricultural purposes is the Chora plain between the ancient city of Samos and the Heraion. The ancient land holdings (Anaitis\/Batinetis) on the mainland seem to have offered only limited compensation. Looking at this very vulnerable food supply, the question arises on the relevant coping strategies of the local society\/people in the respective historical\/cultural context, which may also have altered within changing ecological and climatic conditions.<\/p>\n\n<p>The aim of the project is to reconstruct the environmental conditions on Samos and especially in the Chora plain over the past 5000 years by using different geoarchaeological, geophysical and palaeobotanical methods. One key aspect is the water availability for agricultural (economic) purposes with respect to different soil hydrological properties in the area.<\/p>\n\n<p>The project expands the investigations of the Groundcheck project of 2019 by C. K\u00fclls with regard to I. the temporal dimension of the change of the landscape including the shift of the coastline; II. the effects of climate and environmental changes on agricultural yields; III. the extent of human impact on these processes through (a) construction activities, (b) agriculture and (c) hydraulic engineering measures; IV. the fertility of the soils in general and their suitability for certain types of cultivation and crops, as well as V. the reconstruction of the land-use and land-cover changes.<\/p>\n\n<p>In a medium term perspective, a model is going to be developed for estimating the size of the population that could supply by the island itself. In addition, the research should help to assess (a) the local conditions for cultivating exportable \u201cluxury products\u201d, (b) the resource capacity for the cultivation of essential agricultural products, and (c) the resilience of land-use activities to climatic fluctuations.<\/p>\n\n<p>The data collected by the project will be available to other projects that require paleoclimatological and paleoecological data for the interpretation of archaeological finds in the surrounding areas of the southeastern Aegean. In addition, the results have a general relevance for the understanding of historical and current adaptation measures and processes to climate change or climate-related changes and cultural resilience in the Eastern Mediterranean.<\/p>\n\t\t\t\t\t\t\t\t<\/div>\n\t\t\t\t<\/div>\n\t\t\t\t<div class=\"elementor-element elementor-element-764375f elementor-widget elementor-widget-image\" data-id=\"764375f\" data-element_type=\"widget\" data-e-type=\"widget\" data-widget_type=\"image.default\">\n\t\t\t\t<div class=\"elementor-widget-container\">\n\t\t\t\t\t\t\t\t\t\t\t\t<figure class=\"wp-caption\">\n\t\t\t\t\t\t\t\t\t\t<img fetchpriority=\"high\" decoding=\"async\" width=\"1024\" height=\"683\" src=\"https:\/\/www.dainst.blog\/groundcheck\/wp-content\/uploads\/sites\/42\/2021\/07\/Abb01-72dpi-1024x683.jpg\" class=\"attachment-large size-large wp-image-169\" alt=\"\" srcset=\"https:\/\/www.dainst.blog\/groundcheck\/wp-content\/uploads\/sites\/42\/2021\/07\/Abb01-72dpi-1024x683.jpg 1024w, https:\/\/www.dainst.blog\/groundcheck\/wp-content\/uploads\/sites\/42\/2021\/07\/Abb01-72dpi-300x200.jpg 300w, https:\/\/www.dainst.blog\/groundcheck\/wp-content\/uploads\/sites\/42\/2021\/07\/Abb01-72dpi-768x512.jpg 768w, https:\/\/www.dainst.blog\/groundcheck\/wp-content\/uploads\/sites\/42\/2021\/07\/Abb01-72dpi.jpg 1417w\" sizes=\"(max-width: 1024px) 100vw, 1024px\" \/>\t\t\t\t\t\t\t\t\t\t\t<figcaption class=\"widget-image-caption wp-caption-text\">Samos, the plain of Chora to the southeast (\u00a9 J. Fuchs)<\/figcaption>\n\t\t\t\t\t\t\t\t\t\t<\/figure>\n\t\t\t\t\t\t\t\t\t<\/div>\n\t\t\t\t<\/div>\n\t\t\t\t<div class=\"elementor-element elementor-element-c8e248f elementor-widget-divider--view-line elementor-widget elementor-widget-divider\" data-id=\"c8e248f\" data-element_type=\"widget\" data-e-type=\"widget\" data-widget_type=\"divider.default\">\n\t\t\t\t<div class=\"elementor-widget-container\">\n\t\t\t\t\t\t\t<div class=\"elementor-divider\">\n\t\t\t<span class=\"elementor-divider-separator\">\n\t\t\t\t\t\t<\/span>\n\t\t<\/div>\n\t\t\t\t\t\t<\/div>\n\t\t\t\t<\/div>\n\t\t\t\t<div class=\"elementor-element elementor-element-8293914 elementor-widget elementor-widget-text-editor\" data-id=\"8293914\" data-element_type=\"widget\" data-e-type=\"widget\" data-widget_type=\"text-editor.default\">\n\t\t\t\t<div class=\"elementor-widget-container\">\n\t\t\t\t\t\t\t\t\t<p><!-- \/wp:paragraph --><!-- wp:paragraph --><\/p>\n<h4><strong>Project members and partners<\/strong><\/h4>\n<p>Dr. Jan-Marc Henke (Projectmanagement, Director of the excavations at the Heraion of Samos, DAI Athen)<\/p>\n<p><!-- \/wp:paragraph --><!-- wp:paragraph --><\/p>\n<p>Prof. Dr. Pavlos Avramidis, Professor f\u00fcr Sedimentologie an der Universit\u00e4t Patras (Griechenland)<\/p>\n<p><!-- \/wp:paragraph --><!-- wp:paragraph --><\/p>\n<p>M. Sc. Sara Dannemann, Institut f\u00fcr \u00d6kosystemforschung der Christian-Albrechts-Universit\u00e4t Kiel<\/p>\n<p><!-- \/wp:paragraph --><!-- wp:paragraph --><\/p>\n<p><!-- \/wp:paragraph --><!-- wp:paragraph --><\/p>\n<p>Prof. Dr. rer. nat. Wolfgang Rabbel, Professor f\u00fcr Geophysik am Institut f\u00fcr Geowissenschaften der Christian-Albrechts-Universit\u00e4t Kiel, Mitantragsteller des Exzellenzcluster ROOTS im Forschungsschwerpunkt \u201eSocio-Environmental Cultural Change\u201c, Co-Sprecher des Clusters. Prof. Dr. Ingmar Unkel, Professor f\u00fcr Umweltgeschichte und Umweltarchive an der Christian-Albrechts-Universit\u00e4t Kiel, Mitantragsteller des Exzellenzcluster ROOTS im Forschungsschwerpunkt \u201eSocio-Environmental Cultural Change\u201c, Leiter des Subclusters \u201eSocio-environmental Hazards\u201c<\/p>\t\t\t\t\t\t\t\t<\/div>\n\t\t\t\t<\/div>\n\t\t\t\t\t<\/div>\n\t\t<\/div>\n\t\t\t\t\t<\/div>\n\t\t<\/section>\n\t\t\t\t<\/div>\n\t\t","protected":false},"excerpt":{"rendered":"<p>Geoarchaeological and Archaeohydrological Investigations in the Chora Plain and the Environment of the Heraion of Samos Ancient written sources report that the Samian community has suffered from shortages in its food supply during almost its entire history. This problem is &hellip; <a href=\"https:\/\/www.dainst.blog\/groundcheck\/the-climatological-and-agricultural-history-of-samos\/\">Weiter<\/a><\/p>\n","protected":false},"author":126,"featured_media":0,"parent":0,"menu_order":0,"comment_status":"closed","ping_status":"closed","template":"","meta":{"footnotes":""},"class_list":["post-70","page","type-page","status-publish","hentry"],"_links":{"self":[{"href":"https:\/\/www.dainst.blog\/groundcheck\/wp-json\/wp\/v2\/pages\/70"}],"collection":[{"href":"https:\/\/www.dainst.blog\/groundcheck\/wp-json\/wp\/v2\/pages"}],"about":[{"href":"https:\/\/www.dainst.blog\/groundcheck\/wp-json\/wp\/v2\/types\/page"}],"author":[{"embeddable":true,"href":"https:\/\/www.dainst.blog\/groundcheck\/wp-json\/wp\/v2\/users\/126"}],"replies":[{"embeddable":true,"href":"https:\/\/www.dainst.blog\/groundcheck\/wp-json\/wp\/v2\/comments?post=70"}],"version-history":[{"count":15,"href":"https:\/\/www.dainst.blog\/groundcheck\/wp-json\/wp\/v2\/pages\/70\/revisions"}],"predecessor-version":[{"id":1631,"href":"https:\/\/www.dainst.blog\/groundcheck\/wp-json\/wp\/v2\/pages\/70\/revisions\/1631"}],"wp:attachment":[{"href":"https:\/\/www.dainst.blog\/groundcheck\/wp-json\/wp\/v2\/media?parent=70"}],"curies":[{"name":"wp","href":"https:\/\/api.w.org\/{rel}","templated":true}]}}