{"id":92,"date":"2021-07-14T10:43:10","date_gmt":"2021-07-14T09:43:10","guid":{"rendered":"https:\/\/www.dainst.blog\/groundcheck\/?page_id=92"},"modified":"2021-10-06T15:57:32","modified_gmt":"2021-10-06T14:57:32","slug":"humidity-and-society","status":"publish","type":"page","link":"https:\/\/www.dainst.blog\/groundcheck\/humidity-and-society\/","title":{"rendered":"Humidity and Society"},"content":{"rendered":"\t\t<div data-elementor-type=\"wp-page\" data-elementor-id=\"92\" class=\"elementor elementor-92\">\n\t\t\t\t\t\t<section class=\"elementor-section elementor-top-section elementor-element elementor-element-7d7c2cb5 elementor-section-boxed elementor-section-height-default elementor-section-height-default\" data-id=\"7d7c2cb5\" data-element_type=\"section\" data-e-type=\"section\">\n\t\t\t\t\t\t<div class=\"elementor-container elementor-column-gap-default\">\n\t\t\t\t\t<div class=\"elementor-column elementor-col-100 elementor-top-column elementor-element elementor-element-63a84ece\" data-id=\"63a84ece\" data-element_type=\"column\" data-e-type=\"column\">\n\t\t\t<div class=\"elementor-widget-wrap elementor-element-populated\">\n\t\t\t\t\t\t<div class=\"elementor-element elementor-element-5102d46 elementor-widget elementor-widget-heading\" data-id=\"5102d46\" data-element_type=\"widget\" data-e-type=\"widget\" data-widget_type=\"heading.default\">\n\t\t\t\t<div class=\"elementor-widget-container\">\n\t\t\t\t\t<h2 class=\"elementor-heading-title elementor-size-default\">8,500 Years of Climate History in Western Anatolia<\/h2>\t\t\t\t<\/div>\n\t\t\t\t<\/div>\n\t\t\t\t<div class=\"elementor-element elementor-element-53e4c577 elementor-widget elementor-widget-text-editor\" data-id=\"53e4c577\" data-element_type=\"widget\" data-e-type=\"widget\" data-widget_type=\"text-editor.default\">\n\t\t\t\t<div class=\"elementor-widget-container\">\n\t\t\t\t\t\t\t\t\t\n<p>The project &#8222;Humidity and Society: 8,500 Years of Climate History in Western Anatolia&#8220; uses the analysis of stable carbon isotopes from charred wood and seeds, as well as from animal bones and other organic materials from the archaeological sites of Barc\u0131n H\u00f6y\u00fck (Neolithic to Early Bronze Age) in northwestern Anatolia, Kaymak\u00e7\u0131 (Middle to Late Bronze Age) in inland western Anatolia, and Pergamon (Middle Bronze Age to Ottoman period) near the Aegean coast for reconstructing moisture or drought in historical climate periods. In this way, evidence of climatic changes and their effects in different landscapes of northwestern Anatolia, for which only limited information on historical climate development is available so far, will be documented, analyzed, and interpreted. The choice of exemplary study sites makes it possible to explore evidence of regional environmental change in Northwest Anatolia and the corresponding responses of human communities as longue dur\u00e9e phenomena. This concerns especially the adaptations of agropastoral management systems, which is why animal bones are also included in the investigation. In a third step, written sources, especially from the Ottoman period, will be evaluated as evidence for the connections between climate change and social adaptation. The project is deliberately designed to be interdisciplinary, encompassing archaeology and history as well as the natural sciences.<\/p>\n\n<p>A better understanding of the responses of historical communities to climate change and their relative successes (and failures) in dealing with crisis situations over a period of 8,500 years can at the same time provide clues and suggestions for modern communities facing similar challenges today. For example, the effects of climate change in the Anthropocene are likely to be particularly evident in Turkey due to specific natural conditions, again underscoring the relevance of studying historical human-environment interactions for this area.\u00a0\u00a0<\/p>\n\n<p>The Istanbul Department of the DAI is cooperating in the Groundcheck project with the Research Centre for Anatolian Civilisations of the Ko\u00e7 \u00dcniversitesi in Istanbul, which not only has the necessary laboratory capacity but also maintains an internationally established fellowship program that now includes special fellowships on topics related to the Groundcheck project &#8222;Humidity&amp;Society&#8220; (currently the archaeobotanist Ceren \u00c7ilingir and the bioarchaeologist Benjamin Irvine).<\/p>\n\t\t\t\t\t\t\t\t<\/div>\n\t\t\t\t<\/div>\n\t\t\t\t<div class=\"elementor-element elementor-element-bf48a0c elementor-widget elementor-widget-image\" data-id=\"bf48a0c\" data-element_type=\"widget\" data-e-type=\"widget\" data-widget_type=\"image.default\">\n\t\t\t\t<div class=\"elementor-widget-container\">\n\t\t\t\t\t\t\t\t\t\t\t\t<figure class=\"wp-caption\">\n\t\t\t\t\t\t\t\t\t\t<img fetchpriority=\"high\" decoding=\"async\" width=\"1024\" height=\"683\" src=\"https:\/\/www.dainst.blog\/groundcheck\/wp-content\/uploads\/sites\/42\/2021\/07\/HumiditySociety_Fussbodenheizung_ro\u0308miisches_Thermalbad-1024x683.jpg\" class=\"attachment-large size-large wp-image-23\" alt=\"\" srcset=\"https:\/\/www.dainst.blog\/groundcheck\/wp-content\/uploads\/sites\/42\/2021\/07\/HumiditySociety_Fussbodenheizung_ro\u0308miisches_Thermalbad-1024x683.jpg 1024w, https:\/\/www.dainst.blog\/groundcheck\/wp-content\/uploads\/sites\/42\/2021\/07\/HumiditySociety_Fussbodenheizung_ro\u0308miisches_Thermalbad-300x200.jpg 300w, https:\/\/www.dainst.blog\/groundcheck\/wp-content\/uploads\/sites\/42\/2021\/07\/HumiditySociety_Fussbodenheizung_ro\u0308miisches_Thermalbad-768x513.jpg 768w, https:\/\/www.dainst.blog\/groundcheck\/wp-content\/uploads\/sites\/42\/2021\/07\/HumiditySociety_Fussbodenheizung_ro\u0308miisches_Thermalbad-1536x1025.jpg 1536w, https:\/\/www.dainst.blog\/groundcheck\/wp-content\/uploads\/sites\/42\/2021\/07\/HumiditySociety_Fussbodenheizung_ro\u0308miisches_Thermalbad-2048x1367.jpg 2048w\" sizes=\"(max-width: 1024px) 100vw, 1024px\" \/>\t\t\t\t\t\t\t\t\t\t\t<figcaption class=\"widget-image-caption wp-caption-text\">Pergamon, Turkey (Izmir province). Underfloor heating in a Roman thermal bath. (\u00a9 DAI Pergamongrabung, J. Steglich)<\/figcaption>\n\t\t\t\t\t\t\t\t\t\t<\/figure>\n\t\t\t\t\t\t\t\t\t<\/div>\n\t\t\t\t<\/div>\n\t\t\t\t<div class=\"elementor-element elementor-element-fa7240a elementor-widget elementor-widget-image\" data-id=\"fa7240a\" data-element_type=\"widget\" data-e-type=\"widget\" data-widget_type=\"image.default\">\n\t\t\t\t<div class=\"elementor-widget-container\">\n\t\t\t\t\t\t\t\t\t\t\t\t<figure class=\"wp-caption\">\n\t\t\t\t\t\t\t\t\t\t<img decoding=\"async\" width=\"1024\" height=\"768\" src=\"https:\/\/www.dainst.blog\/groundcheck\/wp-content\/uploads\/sites\/42\/2021\/09\/Abb.-5-1024x768.jpg\" class=\"attachment-large size-large wp-image-603\" alt=\"\" srcset=\"https:\/\/www.dainst.blog\/groundcheck\/wp-content\/uploads\/sites\/42\/2021\/09\/Abb.-5-1024x768.jpg 1024w, https:\/\/www.dainst.blog\/groundcheck\/wp-content\/uploads\/sites\/42\/2021\/09\/Abb.-5-300x225.jpg 300w, https:\/\/www.dainst.blog\/groundcheck\/wp-content\/uploads\/sites\/42\/2021\/09\/Abb.-5-768x576.jpg 768w, https:\/\/www.dainst.blog\/groundcheck\/wp-content\/uploads\/sites\/42\/2021\/09\/Abb.-5.jpg 1302w\" sizes=\"(max-width: 1024px) 100vw, 1024px\" \/>\t\t\t\t\t\t\t\t\t\t\t<figcaption class=\"widget-image-caption wp-caption-text\">Barc\u0131n H\u00f6y\u00fck, Turkey (Bursa Province). Charcoal for archaeobotanical analysis. (\u00a9 Barc\u0131n H\u00f6y\u00fck project, H\u00fcreyla Balc\u0131)<\/figcaption>\n\t\t\t\t\t\t\t\t\t\t<\/figure>\n\t\t\t\t\t\t\t\t\t<\/div>\n\t\t\t\t<\/div>\n\t\t\t\t<div class=\"elementor-element elementor-element-e288a01 elementor-widget-divider--view-line elementor-widget elementor-widget-divider\" data-id=\"e288a01\" data-element_type=\"widget\" data-e-type=\"widget\" data-widget_type=\"divider.default\">\n\t\t\t\t<div class=\"elementor-widget-container\">\n\t\t\t\t\t\t\t<div class=\"elementor-divider\">\n\t\t\t<span class=\"elementor-divider-separator\">\n\t\t\t\t\t\t<\/span>\n\t\t<\/div>\n\t\t\t\t\t\t<\/div>\n\t\t\t\t<\/div>\n\t\t\t\t\t<\/div>\n\t\t<\/div>\n\t\t\t\t\t<\/div>\n\t\t<\/section>\n\t\t\t\t<section class=\"elementor-section elementor-top-section elementor-element elementor-element-e4fd552 elementor-section-boxed elementor-section-height-default elementor-section-height-default\" data-id=\"e4fd552\" data-element_type=\"section\" data-e-type=\"section\">\n\t\t\t\t\t\t<div class=\"elementor-container elementor-column-gap-default\">\n\t\t\t\t\t<div class=\"elementor-column elementor-col-100 elementor-top-column elementor-element elementor-element-fc6e65e\" data-id=\"fc6e65e\" data-element_type=\"column\" data-e-type=\"column\">\n\t\t\t<div class=\"elementor-widget-wrap elementor-element-populated\">\n\t\t\t\t\t\t<div class=\"elementor-element elementor-element-10cd7e1 elementor-widget elementor-widget-text-editor\" data-id=\"10cd7e1\" data-element_type=\"widget\" data-e-type=\"widget\" data-widget_type=\"text-editor.default\">\n\t\t\t\t<div class=\"elementor-widget-container\">\n\t\t\t\t\t\t\t\t\t<h4><strong>Project members and partners<\/strong><\/h4>\n<p><!-- \/wp:paragraph --><!-- wp:paragraph --><\/p>\n<p><!-- \/wp:paragraph --><!-- wp:paragraph --><\/p>\n<p>Felix Pirson (Projectmanagement, DAI Istanbul)<\/p>\n<p>in cooperation\u00a0Ch. Roosevelt (ANAMED \u2013 Ko\u00e7 \u00dcniversitesi Istanbu)<\/p>\n<p>Ch. Luke und R. \u00d6zbal (Ko\u00e7 \u00dcniversitesi Istanbul)<\/p>\n<p>excavation project Barc\u0131n H\u00f6y\u00fck (Netherlands Institute in Turkey)<\/p>\t\t\t\t\t\t\t\t<\/div>\n\t\t\t\t<\/div>\n\t\t\t\t\t<\/div>\n\t\t<\/div>\n\t\t\t\t\t<\/div>\n\t\t<\/section>\n\t\t\t\t<\/div>\n\t\t","protected":false},"excerpt":{"rendered":"<p>8,500 Years of Climate History in Western Anatolia The project &#8222;Humidity and Society: 8,500 Years of Climate History in Western Anatolia&#8220; uses the analysis of stable carbon isotopes from charred wood and seeds, as well as from animal bones and &hellip; <a href=\"https:\/\/www.dainst.blog\/groundcheck\/humidity-and-society\/\">Weiter<\/a><\/p>\n","protected":false},"author":126,"featured_media":0,"parent":0,"menu_order":0,"comment_status":"closed","ping_status":"closed","template":"","meta":{"footnotes":""},"class_list":["post-92","page","type-page","status-publish","hentry"],"_links":{"self":[{"href":"https:\/\/www.dainst.blog\/groundcheck\/wp-json\/wp\/v2\/pages\/92"}],"collection":[{"href":"https:\/\/www.dainst.blog\/groundcheck\/wp-json\/wp\/v2\/pages"}],"about":[{"href":"https:\/\/www.dainst.blog\/groundcheck\/wp-json\/wp\/v2\/types\/page"}],"author":[{"embeddable":true,"href":"https:\/\/www.dainst.blog\/groundcheck\/wp-json\/wp\/v2\/users\/126"}],"replies":[{"embeddable":true,"href":"https:\/\/www.dainst.blog\/groundcheck\/wp-json\/wp\/v2\/comments?post=92"}],"version-history":[{"count":36,"href":"https:\/\/www.dainst.blog\/groundcheck\/wp-json\/wp\/v2\/pages\/92\/revisions"}],"predecessor-version":[{"id":1056,"href":"https:\/\/www.dainst.blog\/groundcheck\/wp-json\/wp\/v2\/pages\/92\/revisions\/1056"}],"wp:attachment":[{"href":"https:\/\/www.dainst.blog\/groundcheck\/wp-json\/wp\/v2\/media?parent=92"}],"curies":[{"name":"wp","href":"https:\/\/api.w.org\/{rel}","templated":true}]}}