{"id":1405,"date":"2021-06-29T22:03:12","date_gmt":"2021-06-29T20:03:12","guid":{"rendered":"https:\/\/www.dainst.blog\/tana\/?page_id=1405"},"modified":"2021-06-30T17:21:42","modified_gmt":"2021-06-30T15:21:42","slug":"archaeologie-des-deutschen-kolonialismus","status":"publish","type":"page","link":"https:\/\/www.dainst.blog\/tana\/de\/archaeologie-des-deutschen-kolonialismus\/","title":{"rendered":"Arch\u00e4ologie des deutschen Kolonialismus"},"content":{"rendered":"\t\t<div data-elementor-type=\"wp-page\" data-elementor-id=\"1405\" class=\"elementor elementor-1405\">\n\t\t\t\t\t\t<section class=\"elementor-section elementor-top-section elementor-element elementor-element-6d316e5 elementor-section-boxed elementor-section-height-default elementor-section-height-default\" data-id=\"6d316e5\" data-element_type=\"section\" data-e-type=\"section\">\n\t\t\t\t\t\t<div class=\"elementor-container elementor-column-gap-default\">\n\t\t\t\t\t<div class=\"elementor-column elementor-col-100 elementor-top-column elementor-element elementor-element-75c19142\" data-id=\"75c19142\" data-element_type=\"column\" data-e-type=\"column\">\n\t\t\t<div class=\"elementor-widget-wrap elementor-element-populated\">\n\t\t\t\t\t\t<div class=\"elementor-element elementor-element-474265b2 elementor-widget elementor-widget-heading\" data-id=\"474265b2\" data-element_type=\"widget\" data-e-type=\"widget\" data-widget_type=\"heading.default\">\n\t\t\t\t<div class=\"elementor-widget-container\">\n\t\t\t\t\t<h2 class=\"elementor-heading-title elementor-size-default\"><b>Arch\u00e4ologie und (geteiltes) Erbe <\/b><b>des deutschen Kolonialismus in Afrika<\/b><\/h2>\t\t\t\t<\/div>\n\t\t\t\t<\/div>\n\t\t\t\t\t<\/div>\n\t\t<\/div>\n\t\t\t\t\t<\/div>\n\t\t<\/section>\n\t\t\t\t<section class=\"elementor-section elementor-top-section elementor-element elementor-element-3644c5f0 elementor-section-boxed elementor-section-height-default elementor-section-height-default\" data-id=\"3644c5f0\" data-element_type=\"section\" data-e-type=\"section\">\n\t\t\t\t\t\t<div class=\"elementor-container elementor-column-gap-default\">\n\t\t\t\t\t<div class=\"elementor-column elementor-col-100 elementor-top-column elementor-element elementor-element-5b7c5abc\" data-id=\"5b7c5abc\" data-element_type=\"column\" data-e-type=\"column\">\n\t\t\t<div class=\"elementor-widget-wrap elementor-element-populated\">\n\t\t\t\t\t\t<div class=\"elementor-element elementor-element-4a5f767d elementor-arrows-position-inside elementor-pagination-position-outside elementor-widget elementor-widget-image-carousel\" data-id=\"4a5f767d\" data-element_type=\"widget\" data-e-type=\"widget\" data-settings=\"{&quot;navigation&quot;:&quot;both&quot;,&quot;autoplay&quot;:&quot;yes&quot;,&quot;pause_on_hover&quot;:&quot;yes&quot;,&quot;pause_on_interaction&quot;:&quot;yes&quot;,&quot;autoplay_speed&quot;:5000,&quot;infinite&quot;:&quot;yes&quot;,&quot;speed&quot;:500}\" data-widget_type=\"image-carousel.default\">\n\t\t\t\t<div class=\"elementor-widget-container\">\n\t\t\t\t\t\t\t<div class=\"elementor-image-carousel-wrapper swiper\" role=\"region\" aria-roledescription=\"carousel\" aria-label=\"Bild Karussell\" dir=\"ltr\">\n\t\t\t<div class=\"elementor-image-carousel swiper-wrapper\" aria-live=\"off\">\n\t\t\t\t\t\t\t\t<div class=\"swiper-slide\" role=\"group\" aria-roledescription=\"slide\" aria-label=\"1 von 3\"><figure class=\"swiper-slide-inner\"><img decoding=\"async\" class=\"swiper-slide-image\" src=\"https:\/\/www.dainst.blog\/tana\/wp-content\/uploads\/sites\/15\/2021\/06\/20171003_174820-Kopie-2-1024x576.jpg\" alt=\"Fig. 1 I C. Kleinitz\" \/><figcaption class=\"elementor-image-carousel-caption\">Fig. 1 I C. Kleinitz<\/figcaption><\/figure><\/div><div class=\"swiper-slide\" role=\"group\" aria-roledescription=\"slide\" aria-label=\"2 von 3\"><figure class=\"swiper-slide-inner\"><img decoding=\"async\" class=\"swiper-slide-image\" src=\"https:\/\/www.dainst.blog\/tana\/wp-content\/uploads\/sites\/15\/2021\/06\/20171005_151358-Kopie-2-1024x576.jpg\" alt=\"Fig. 2 I C. Kleinitz\" \/><figcaption class=\"elementor-image-carousel-caption\">Fig. 2 I C. Kleinitz<\/figcaption><\/figure><\/div><div class=\"swiper-slide\" role=\"group\" aria-roledescription=\"slide\" aria-label=\"3 von 3\"><figure class=\"swiper-slide-inner\"><img decoding=\"async\" class=\"swiper-slide-image\" src=\"https:\/\/www.dainst.blog\/tana\/wp-content\/uploads\/sites\/15\/2021\/06\/20171008_121450-1024x576.jpg\" alt=\"Fig. 3 I C. Kleinitz\" \/><figcaption class=\"elementor-image-carousel-caption\">Fig. 3 I C. Kleinitz<\/figcaption><\/figure><\/div>\t\t\t<\/div>\n\t\t\t\t\t\t\t\t\t\t\t\t<div class=\"elementor-swiper-button elementor-swiper-button-prev\" role=\"button\" tabindex=\"0\">\n\t\t\t\t\t\t<i aria-hidden=\"true\" class=\"eicon-chevron-left\"><\/i>\t\t\t\t\t<\/div>\n\t\t\t\t\t<div class=\"elementor-swiper-button elementor-swiper-button-next\" role=\"button\" tabindex=\"0\">\n\t\t\t\t\t\t<i aria-hidden=\"true\" class=\"eicon-chevron-right\"><\/i>\t\t\t\t\t<\/div>\n\t\t\t\t\n\t\t\t\t\t\t\t\t\t<div class=\"swiper-pagination\"><\/div>\n\t\t\t\t\t\t\t\t\t<\/div>\n\t\t\t\t\t\t<\/div>\n\t\t\t\t<\/div>\n\t\t\t\t\t<\/div>\n\t\t<\/div>\n\t\t\t\t\t<\/div>\n\t\t<\/section>\n\t\t\t\t<section class=\"elementor-section elementor-top-section elementor-element elementor-element-8a66136 elementor-section-boxed elementor-section-height-default elementor-section-height-default\" data-id=\"8a66136\" data-element_type=\"section\" data-e-type=\"section\">\n\t\t\t\t\t\t<div class=\"elementor-container elementor-column-gap-default\">\n\t\t\t\t\t<div class=\"elementor-column elementor-col-100 elementor-top-column elementor-element elementor-element-21b3b40d\" data-id=\"21b3b40d\" data-element_type=\"column\" data-e-type=\"column\">\n\t\t\t<div class=\"elementor-widget-wrap elementor-element-populated\">\n\t\t\t\t\t\t<div class=\"elementor-element elementor-element-51193afe elementor-widget elementor-widget-text-editor\" data-id=\"51193afe\" data-element_type=\"widget\" data-e-type=\"widget\" data-widget_type=\"text-editor.default\">\n\t\t\t\t<div class=\"elementor-widget-container\">\n\t\t\t\t\t\t\t\t\t<p>Das Projekt \u2018Arch\u00e4ologie und (geteiltes) Erbe des deutschen Kolonialismus: Materialit\u00e4t(en) von Kolonisierung, Widerstand und kultureller Verflechtung auf dem afrikanischen Kontinent\u2018 wird von J\u00f6rg Linst\u00e4dter und Cornelia Kleinitz an der Kommission f\u00fcr Arch\u00e4ologie Au\u00dfereurop\u00e4ischer Kulturen (KAAK) durchgef\u00fchrt. Es schlie\u00dft an aktuelle Forschungen in anderen F\u00e4chern sowie an gegenw\u00e4rtige \u00f6ffentliche Debatten an und bereichert diese um arch\u00e4ologische Perspektiven. Im Rahmen des Projekts werden Kontakte und Kooperationen mit afrikanischen Partnern in den L\u00e4ndern aufgebaut, die vom deutschen Kolonialismus betroffen waren. Neben gemeinsamen Forschungen zum materiellen \u201ashared heritage\u2019 widmet sich das Projekt Fragen des Kulturerhalts und der Pr\u00e4sentation dieses oft schwierigen Erbes und schlie\u00dft eine enge Zusammenarbeit mit der lokalen Bev\u00f6lkerung ein.<\/p><p>Die deutsche Kolonialzeit in Afrika ist bislang nur sehr bedingt arch\u00e4ologisch erforscht. Hier bilden Ghana und Togo eine Ausnahme, wo umfangreiche und langj\u00e4hrige Arbeiten unter der Leitung von Wazi Apoh zur Kolonie Togo stattgefunden haben und bereits publiziert sind. Arch\u00e4ologische Arbeiten anderswo auf dem Kontinent besch\u00e4ftigen sich derzeit u.a. mit Konfliktlandschaften und Erinnerungsprozessen in Bezug auf den Majimaji-Krieg in Tansania, mit der \u00dcberformung lokaler Siedlungsmuster durch die deutsche Kolonialverwaltung in Kamerun oder der Rolle einheimischer F\u00fchrer und ihres Wissens bei der Kartierung Namibias.<\/p><p>Die Bandbreite an Hinterlassenschaften des deutschen Kolonialismus in Afrika umfasst u.a. Bauten der kolonialen Verwaltung, Infrastruktur und (Plantagen-)Wirtschaft, Kirchen und Wohnbauten, Zwangsarbeiter- und Konzentrationslager, Konfliktorte und -landschaften, sowie eine Vielzahl von importierten und lokalen Objekten in den verschiedenen r\u00e4umlichen Kontexten. Unser Projekt widmet sich einzelnen Fallstudien, zuerst mit Partnern in Ghana und Namibia, untersucht aber auch vergleichend materielle Auspr\u00e4gungen kolonialer Herrschaft und lokaler Aktion\/Reaktion in den verschiedenen Kolonien. <!-- [if gte mso 9]&gt;-->Im Sinne eines &#8222;geteilten Erbes&#8220; ist die Forschung im Rahmen des Projekts kooperativ und dialogisch angelegt und bietet Raum f\u00fcr vielf\u00e4ltige Perspektiven auf die koloniale Vergangenheit und ihre Nachwirkungen.<\/p><p><!-- [if gte mso 9]&gt;--><\/p>\t\t\t\t\t\t\t\t<\/div>\n\t\t\t\t<\/div>\n\t\t\t\t\t<\/div>\n\t\t<\/div>\n\t\t\t\t\t<\/div>\n\t\t<\/section>\n\t\t\t\t<section class=\"elementor-section elementor-top-section elementor-element elementor-element-7b5c2c8e elementor-section-boxed elementor-section-height-default elementor-section-height-default\" data-id=\"7b5c2c8e\" data-element_type=\"section\" data-e-type=\"section\">\n\t\t\t\t\t\t<div class=\"elementor-container elementor-column-gap-default\">\n\t\t\t\t\t<div class=\"elementor-column elementor-col-100 elementor-top-column elementor-element elementor-element-44a611c9\" data-id=\"44a611c9\" data-element_type=\"column\" data-e-type=\"column\">\n\t\t\t<div class=\"elementor-widget-wrap elementor-element-populated\">\n\t\t\t\t\t\t<div class=\"elementor-element elementor-element-24198fa2 elementor-widget elementor-widget-heading\" data-id=\"24198fa2\" data-element_type=\"widget\" data-e-type=\"widget\" data-widget_type=\"heading.default\">\n\t\t\t\t<div class=\"elementor-widget-container\">\n\t\t\t\t\t<h4 class=\"elementor-heading-title elementor-size-default\">Mitglieder<\/h4>\t\t\t\t<\/div>\n\t\t\t\t<\/div>\n\t\t\t\t\t<\/div>\n\t\t<\/div>\n\t\t\t\t\t<\/div>\n\t\t<\/section>\n\t\t\t\t<section class=\"elementor-section elementor-top-section elementor-element elementor-element-7b956645 elementor-section-boxed elementor-section-height-default elementor-section-height-default\" data-id=\"7b956645\" data-element_type=\"section\" data-e-type=\"section\">\n\t\t\t\t\t\t<div class=\"elementor-container elementor-column-gap-default\">\n\t\t\t\t\t<div class=\"elementor-column elementor-col-25 elementor-top-column elementor-element elementor-element-74f3716d\" data-id=\"74f3716d\" data-element_type=\"column\" data-e-type=\"column\">\n\t\t\t<div class=\"elementor-widget-wrap elementor-element-populated\">\n\t\t\t\t\t\t<div class=\"elementor-element elementor-element-492e071 elementor-widget elementor-widget-image\" data-id=\"492e071\" data-element_type=\"widget\" data-e-type=\"widget\" data-widget_type=\"image.default\">\n\t\t\t\t<div class=\"elementor-widget-container\">\n\t\t\t\t\t\t\t\t\t\t\t\t\t\t\t<img fetchpriority=\"high\" decoding=\"async\" width=\"1024\" height=\"1024\" src=\"https:\/\/www.dainst.blog\/tana\/wp-content\/uploads\/sites\/15\/2021\/03\/Conny-Kleinitz_1-1024x1024.jpg\" class=\"attachment-large size-large wp-image-917\" alt=\"\" srcset=\"https:\/\/www.dainst.blog\/tana\/wp-content\/uploads\/sites\/15\/2021\/03\/Conny-Kleinitz_1-1024x1024.jpg 1024w, https:\/\/www.dainst.blog\/tana\/wp-content\/uploads\/sites\/15\/2021\/03\/Conny-Kleinitz_1-300x300.jpg 300w, https:\/\/www.dainst.blog\/tana\/wp-content\/uploads\/sites\/15\/2021\/03\/Conny-Kleinitz_1-150x150.jpg 150w, https:\/\/www.dainst.blog\/tana\/wp-content\/uploads\/sites\/15\/2021\/03\/Conny-Kleinitz_1-768x767.jpg 768w, https:\/\/www.dainst.blog\/tana\/wp-content\/uploads\/sites\/15\/2021\/03\/Conny-Kleinitz_1-750x749.jpg 750w, https:\/\/www.dainst.blog\/tana\/wp-content\/uploads\/sites\/15\/2021\/03\/Conny-Kleinitz_1.jpg 1123w\" sizes=\"(max-width: 1024px) 100vw, 1024px\" \/>\t\t\t\t\t\t\t\t\t\t\t\t\t\t\t<\/div>\n\t\t\t\t<\/div>\n\t\t\t\t\t<\/div>\n\t\t<\/div>\n\t\t\t\t<div class=\"elementor-column elementor-col-25 elementor-top-column elementor-element elementor-element-366fd16e\" data-id=\"366fd16e\" data-element_type=\"column\" data-e-type=\"column\">\n\t\t\t<div class=\"elementor-widget-wrap elementor-element-populated\">\n\t\t\t\t\t\t<div class=\"elementor-element elementor-element-2c1e8ff3 elementor-widget elementor-widget-text-editor\" data-id=\"2c1e8ff3\" data-element_type=\"widget\" data-e-type=\"widget\" data-widget_type=\"text-editor.default\">\n\t\t\t\t<div class=\"elementor-widget-container\">\n\t\t\t\t\t\t\t\t\t<p><strong>Dr. Cornelia Kleinitz<br \/><\/strong><\/p><p>Kommission f\u00fcr Arch\u00e4ologie Au\u00dfereurop\u00e4ischer Kulturen (KAAK)<\/p><p><em>cornelia.kleinitz@dainst.de<\/em><\/p><p><em>\u00a0<\/em><\/p>\t\t\t\t\t\t\t\t<\/div>\n\t\t\t\t<\/div>\n\t\t\t\t\t<\/div>\n\t\t<\/div>\n\t\t\t\t<div class=\"elementor-column elementor-col-25 elementor-top-column elementor-element elementor-element-7fa60ac7\" data-id=\"7fa60ac7\" data-element_type=\"column\" data-e-type=\"column\">\n\t\t\t<div class=\"elementor-widget-wrap elementor-element-populated\">\n\t\t\t\t\t\t<div class=\"elementor-element elementor-element-c80e2a5 elementor-widget elementor-widget-image\" data-id=\"c80e2a5\" data-element_type=\"widget\" data-e-type=\"widget\" data-widget_type=\"image.default\">\n\t\t\t\t<div class=\"elementor-widget-container\">\n\t\t\t\t\t\t\t\t\t\t\t\t\t\t\t<img decoding=\"async\" width=\"1024\" height=\"1024\" src=\"https:\/\/www.dainst.blog\/tana\/wp-content\/uploads\/sites\/15\/2021\/03\/Joerg-Linstaedter-1024x1024.jpg\" class=\"attachment-large size-large wp-image-1017\" alt=\"\" srcset=\"https:\/\/www.dainst.blog\/tana\/wp-content\/uploads\/sites\/15\/2021\/03\/Joerg-Linstaedter-1024x1024.jpg 1024w, https:\/\/www.dainst.blog\/tana\/wp-content\/uploads\/sites\/15\/2021\/03\/Joerg-Linstaedter-300x300.jpg 300w, https:\/\/www.dainst.blog\/tana\/wp-content\/uploads\/sites\/15\/2021\/03\/Joerg-Linstaedter-150x150.jpg 150w, https:\/\/www.dainst.blog\/tana\/wp-content\/uploads\/sites\/15\/2021\/03\/Joerg-Linstaedter-768x768.jpg 768w, https:\/\/www.dainst.blog\/tana\/wp-content\/uploads\/sites\/15\/2021\/03\/Joerg-Linstaedter-750x750.jpg 750w, https:\/\/www.dainst.blog\/tana\/wp-content\/uploads\/sites\/15\/2021\/03\/Joerg-Linstaedter.jpg 1536w\" sizes=\"(max-width: 1024px) 100vw, 1024px\" \/>\t\t\t\t\t\t\t\t\t\t\t\t\t\t\t<\/div>\n\t\t\t\t<\/div>\n\t\t\t\t\t<\/div>\n\t\t<\/div>\n\t\t\t\t<div class=\"elementor-column elementor-col-25 elementor-top-column elementor-element elementor-element-62e1d517\" data-id=\"62e1d517\" data-element_type=\"column\" data-e-type=\"column\">\n\t\t\t<div class=\"elementor-widget-wrap elementor-element-populated\">\n\t\t\t\t\t\t<div class=\"elementor-element elementor-element-46b405fd elementor-widget elementor-widget-text-editor\" data-id=\"46b405fd\" data-element_type=\"widget\" data-e-type=\"widget\" data-widget_type=\"text-editor.default\">\n\t\t\t\t<div class=\"elementor-widget-container\">\n\t\t\t\t\t\t\t\t\t<p><strong>PD Dr. J\u00f6rg Linst\u00e4dter<br \/><\/strong><\/p><p>Kommission f\u00fcr Arch\u00e4ologie Au\u00dfereurpo\u00e4ischer Kulturen (KAAK)<\/p><p>joerg.linstaedter@dainst.de<\/p><p><em>\u00a0<\/em><\/p>\t\t\t\t\t\t\t\t<\/div>\n\t\t\t\t<\/div>\n\t\t\t\t\t<\/div>\n\t\t<\/div>\n\t\t\t\t\t<\/div>\n\t\t<\/section>\n\t\t\t\t<section class=\"elementor-section elementor-top-section elementor-element elementor-element-68d50 elementor-section-boxed elementor-section-height-default elementor-section-height-default\" data-id=\"68d50\" data-element_type=\"section\" data-e-type=\"section\">\n\t\t\t\t\t\t<div class=\"elementor-container elementor-column-gap-default\">\n\t\t\t\t\t<div class=\"elementor-column elementor-col-25 elementor-top-column elementor-element elementor-element-b3581da\" data-id=\"b3581da\" data-element_type=\"column\" data-e-type=\"column\">\n\t\t\t<div class=\"elementor-widget-wrap elementor-element-populated\">\n\t\t\t\t\t\t<div class=\"elementor-element elementor-element-37c00500 elementor-widget elementor-widget-image\" data-id=\"37c00500\" data-element_type=\"widget\" data-e-type=\"widget\" data-widget_type=\"image.default\">\n\t\t\t\t<div class=\"elementor-widget-container\">\n\t\t\t\t\t\t\t\t\t\t\t\t\t\t\t<img decoding=\"async\" width=\"308\" height=\"308\" src=\"https:\/\/www.dainst.blog\/tana\/wp-content\/uploads\/sites\/15\/2021\/03\/TANA_Logo_rot_Quadrat.jpg\" class=\"attachment-large size-large wp-image-1208\" alt=\"\" srcset=\"https:\/\/www.dainst.blog\/tana\/wp-content\/uploads\/sites\/15\/2021\/03\/TANA_Logo_rot_Quadrat.jpg 308w, https:\/\/www.dainst.blog\/tana\/wp-content\/uploads\/sites\/15\/2021\/03\/TANA_Logo_rot_Quadrat-300x300.jpg 300w, https:\/\/www.dainst.blog\/tana\/wp-content\/uploads\/sites\/15\/2021\/03\/TANA_Logo_rot_Quadrat-150x150.jpg 150w\" sizes=\"(max-width: 308px) 100vw, 308px\" \/>\t\t\t\t\t\t\t\t\t\t\t\t\t\t\t<\/div>\n\t\t\t\t<\/div>\n\t\t\t\t\t<\/div>\n\t\t<\/div>\n\t\t\t\t<div class=\"elementor-column elementor-col-25 elementor-top-column elementor-element elementor-element-6ebce3d5\" data-id=\"6ebce3d5\" data-element_type=\"column\" data-e-type=\"column\">\n\t\t\t<div class=\"elementor-widget-wrap elementor-element-populated\">\n\t\t\t\t\t\t<div class=\"elementor-element elementor-element-610fc5b2 elementor-widget elementor-widget-text-editor\" data-id=\"610fc5b2\" data-element_type=\"widget\" data-e-type=\"widget\" data-widget_type=\"text-editor.default\">\n\t\t\t\t<div class=\"elementor-widget-container\">\n\t\t\t\t\t\t\t\t\t<p><strong>Dipl.-Ing. Christian Hartl-Reiter<\/strong><\/p><p>Kommission f\u00fcr Arch\u00e4ologie Au\u00dfereurop\u00e4ischer Kulturen (KAAK)<\/p><div class=\"yui3-u-3-4\"><em>christian.hartl-reiter@dainst.de<\/em><\/div>\t\t\t\t\t\t\t\t<\/div>\n\t\t\t\t<\/div>\n\t\t\t\t\t<\/div>\n\t\t<\/div>\n\t\t\t\t<div class=\"elementor-column elementor-col-25 elementor-top-column elementor-element elementor-element-654d7b4c\" data-id=\"654d7b4c\" data-element_type=\"column\" data-e-type=\"column\">\n\t\t\t<div class=\"elementor-widget-wrap elementor-element-populated\">\n\t\t\t\t\t\t\t<\/div>\n\t\t<\/div>\n\t\t\t\t<div class=\"elementor-column elementor-col-25 elementor-top-column elementor-element elementor-element-49d33cb9\" data-id=\"49d33cb9\" data-element_type=\"column\" data-e-type=\"column\">\n\t\t\t<div class=\"elementor-widget-wrap elementor-element-populated\">\n\t\t\t\t\t\t\t<\/div>\n\t\t<\/div>\n\t\t\t\t\t<\/div>\n\t\t<\/section>\n\t\t\t\t<section class=\"elementor-section elementor-top-section elementor-element elementor-element-264b04aa elementor-section-boxed elementor-section-height-default elementor-section-height-default\" data-id=\"264b04aa\" data-element_type=\"section\" data-e-type=\"section\">\n\t\t\t\t\t\t<div class=\"elementor-container elementor-column-gap-default\">\n\t\t\t\t\t<div class=\"elementor-column elementor-col-100 elementor-top-column elementor-element elementor-element-47bf5e47\" data-id=\"47bf5e47\" data-element_type=\"column\" data-e-type=\"column\">\n\t\t\t<div class=\"elementor-widget-wrap elementor-element-populated\">\n\t\t\t\t\t\t<div class=\"elementor-element elementor-element-24e66047 elementor-widget elementor-widget-heading\" data-id=\"24e66047\" data-element_type=\"widget\" data-e-type=\"widget\" data-widget_type=\"heading.default\">\n\t\t\t\t<div class=\"elementor-widget-container\">\n\t\t\t\t\t<h4 class=\"elementor-heading-title elementor-size-default\">Partnerinstitutionen<\/h4>\t\t\t\t<\/div>\n\t\t\t\t<\/div>\n\t\t\t\t\t<\/div>\n\t\t<\/div>\n\t\t\t\t\t<\/div>\n\t\t<\/section>\n\t\t\t\t<section class=\"elementor-section elementor-top-section elementor-element elementor-element-65981d11 elementor-section-boxed elementor-section-height-default elementor-section-height-default\" data-id=\"65981d11\" data-element_type=\"section\" data-e-type=\"section\">\n\t\t\t\t\t\t<div class=\"elementor-container elementor-column-gap-default\">\n\t\t\t\t\t<div class=\"elementor-column elementor-col-25 elementor-top-column elementor-element elementor-element-30876cf4\" data-id=\"30876cf4\" data-element_type=\"column\" data-e-type=\"column\">\n\t\t\t<div class=\"elementor-widget-wrap elementor-element-populated\">\n\t\t\t\t\t\t<div class=\"elementor-element elementor-element-3385e077 elementor-widget elementor-widget-image\" data-id=\"3385e077\" data-element_type=\"widget\" data-e-type=\"widget\" data-widget_type=\"image.default\">\n\t\t\t\t<div class=\"elementor-widget-container\">\n\t\t\t\t\t\t\t\t\t\t\t\t\t\t\t<img loading=\"lazy\" decoding=\"async\" width=\"243\" height=\"300\" src=\"https:\/\/www.dainst.blog\/tana\/wp-content\/uploads\/sites\/15\/2021\/06\/UG.jpg\" class=\"attachment-large size-large wp-image-1422\" alt=\"\" \/>\t\t\t\t\t\t\t\t\t\t\t\t\t\t\t<\/div>\n\t\t\t\t<\/div>\n\t\t\t\t\t<\/div>\n\t\t<\/div>\n\t\t\t\t<div class=\"elementor-column elementor-col-25 elementor-top-column elementor-element elementor-element-1c94a9e7\" data-id=\"1c94a9e7\" data-element_type=\"column\" data-e-type=\"column\">\n\t\t\t<div class=\"elementor-widget-wrap elementor-element-populated\">\n\t\t\t\t\t\t<div class=\"elementor-element elementor-element-2983a5bf elementor-widget elementor-widget-text-editor\" data-id=\"2983a5bf\" data-element_type=\"widget\" data-e-type=\"widget\" data-widget_type=\"text-editor.default\">\n\t\t\t\t<div class=\"elementor-widget-container\">\n\t\t\t\t\t\t\t\t\t<p><strong>University of Ghana<br \/><\/strong><\/p><p><a href=\"https:\/\/www.ug.edu.gh\/archaeology\/\">Link<\/a><\/p>\t\t\t\t\t\t\t\t<\/div>\n\t\t\t\t<\/div>\n\t\t\t\t\t<\/div>\n\t\t<\/div>\n\t\t\t\t<div class=\"elementor-column elementor-col-25 elementor-top-column elementor-element elementor-element-6592d8f7\" data-id=\"6592d8f7\" data-element_type=\"column\" data-e-type=\"column\">\n\t\t\t<div class=\"elementor-widget-wrap elementor-element-populated\">\n\t\t\t\t\t\t<div class=\"elementor-element elementor-element-2cbc54f5 elementor-widget elementor-widget-image\" data-id=\"2cbc54f5\" data-element_type=\"widget\" data-e-type=\"widget\" data-widget_type=\"image.default\">\n\t\t\t\t<div class=\"elementor-widget-container\">\n\t\t\t\t\t\t\t\t\t\t\t\t\t\t\t<img loading=\"lazy\" decoding=\"async\" width=\"165\" height=\"168\" src=\"https:\/\/www.dainst.blog\/tana\/wp-content\/uploads\/sites\/15\/2021\/06\/UNAM.jpg\" class=\"attachment-large size-large wp-image-1423\" alt=\"\" \/>\t\t\t\t\t\t\t\t\t\t\t\t\t\t\t<\/div>\n\t\t\t\t<\/div>\n\t\t\t\t\t<\/div>\n\t\t<\/div>\n\t\t\t\t<div class=\"elementor-column elementor-col-25 elementor-top-column elementor-element elementor-element-df27433\" data-id=\"df27433\" data-element_type=\"column\" data-e-type=\"column\">\n\t\t\t<div class=\"elementor-widget-wrap elementor-element-populated\">\n\t\t\t\t\t\t<div class=\"elementor-element elementor-element-1564b52f elementor-widget elementor-widget-text-editor\" data-id=\"1564b52f\" data-element_type=\"widget\" data-e-type=\"widget\" data-widget_type=\"text-editor.default\">\n\t\t\t\t<div class=\"elementor-widget-container\">\n\t\t\t\t\t\t\t\t\t<p><strong>University of Namibia<\/strong><\/p><p><a href=\"https:\/\/www.unam.edu.na\/faculty-of-humanities-and-social-sciences\/geography-history-environmental-studies-and-tourism-management\">Link<\/a><strong><br \/><\/strong><\/p>\t\t\t\t\t\t\t\t<\/div>\n\t\t\t\t<\/div>\n\t\t\t\t\t<\/div>\n\t\t<\/div>\n\t\t\t\t\t<\/div>\n\t\t<\/section>\n\t\t\t\t<section class=\"elementor-section elementor-top-section elementor-element elementor-element-485d1c82 elementor-section-boxed elementor-section-height-default elementor-section-height-default\" data-id=\"485d1c82\" data-element_type=\"section\" data-e-type=\"section\">\n\t\t\t\t\t\t<div class=\"elementor-container elementor-column-gap-default\">\n\t\t\t\t\t<div class=\"elementor-column elementor-col-100 elementor-top-column elementor-element elementor-element-16b4a140\" data-id=\"16b4a140\" data-element_type=\"column\" data-e-type=\"column\">\n\t\t\t<div class=\"elementor-widget-wrap elementor-element-populated\">\n\t\t\t\t\t\t<div class=\"elementor-element elementor-element-2485ca6f elementor-widget elementor-widget-heading\" data-id=\"2485ca6f\" data-element_type=\"widget\" data-e-type=\"widget\" data-widget_type=\"heading.default\">\n\t\t\t\t<div class=\"elementor-widget-container\">\n\t\t\t\t\t<h4 class=\"elementor-heading-title elementor-size-default\">Abbildungen<\/h4>\t\t\t\t<\/div>\n\t\t\t\t<\/div>\n\t\t\t\t\t<\/div>\n\t\t<\/div>\n\t\t\t\t\t<\/div>\n\t\t<\/section>\n\t\t\t\t<section class=\"elementor-section elementor-top-section elementor-element elementor-element-3b54363 elementor-section-boxed elementor-section-height-default elementor-section-height-default\" data-id=\"3b54363\" data-element_type=\"section\" data-e-type=\"section\">\n\t\t\t\t\t\t<div class=\"elementor-container elementor-column-gap-default\">\n\t\t\t\t\t<div class=\"elementor-column elementor-col-100 elementor-top-column elementor-element elementor-element-3fe174d0\" data-id=\"3fe174d0\" data-element_type=\"column\" data-e-type=\"column\">\n\t\t\t<div class=\"elementor-widget-wrap elementor-element-populated\">\n\t\t\t\t\t\t<div class=\"elementor-element elementor-element-5433fc6e elementor-widget elementor-widget-text-editor\" data-id=\"5433fc6e\" data-element_type=\"widget\" data-e-type=\"widget\" data-widget_type=\"text-editor.default\">\n\t\t\t\t<div class=\"elementor-widget-container\">\n\t\t\t\t\t\t\t\t\t<p><strong>Abb. 1 <\/strong>German Old Boma in Bagamoyo, Tansania [Foto von Cornelia Kleinitz].<\/p><p><strong>Abb. 2 <\/strong>Banknote der Deutsch-Ostafrikanischen Bank im Nationalmuseum in Dar es-Salaam, Tansania [Foto von Cornelia Kleinitz].<\/p><p><strong>Abb. 3 <\/strong>Reste einer Farm im Ngorongoro-Krater, Tansania [Foto von Cornelia Kleinitz].<\/p>\t\t\t\t\t\t\t\t<\/div>\n\t\t\t\t<\/div>\n\t\t\t\t\t<\/div>\n\t\t<\/div>\n\t\t\t\t\t<\/div>\n\t\t<\/section>\n\t\t\t\t<\/div>\n\t\t","protected":false},"excerpt":{"rendered":"<p>Arch\u00e4ologie und (geteiltes) Erbe des deutschen Kolonialismus in Afrika Fig. 1 I C. Kleinitz Fig. 2 I C. Kleinitz Fig. 3 I C. Kleinitz Zur\u00fcck Weiter Das Projekt \u2018Arch\u00e4ologie und (geteiltes) Erbe des deutschen Kolonialismus: Materialit\u00e4t(en) von Kolonisierung, Widerstand und kultureller Verflechtung auf dem afrikanischen Kontinent\u2018 wird von J\u00f6rg Linst\u00e4dter und Cornelia Kleinitz an der [&hellip;]<\/p>\n","protected":false},"author":29,"featured_media":0,"parent":0,"menu_order":0,"comment_status":"closed","ping_status":"closed","template":"","meta":{"footnotes":""},"class_list":["post-1405","page","type-page","status-publish","hentry"],"_links":{"self":[{"href":"https:\/\/www.dainst.blog\/tana\/wp-json\/wp\/v2\/pages\/1405"}],"collection":[{"href":"https:\/\/www.dainst.blog\/tana\/wp-json\/wp\/v2\/pages"}],"about":[{"href":"https:\/\/www.dainst.blog\/tana\/wp-json\/wp\/v2\/types\/page"}],"author":[{"embeddable":true,"href":"https:\/\/www.dainst.blog\/tana\/wp-json\/wp\/v2\/users\/29"}],"replies":[{"embeddable":true,"href":"https:\/\/www.dainst.blog\/tana\/wp-json\/wp\/v2\/comments?post=1405"}],"version-history":[{"count":31,"href":"https:\/\/www.dainst.blog\/tana\/wp-json\/wp\/v2\/pages\/1405\/revisions"}],"predecessor-version":[{"id":1509,"href":"https:\/\/www.dainst.blog\/tana\/wp-json\/wp\/v2\/pages\/1405\/revisions\/1509"}],"wp:attachment":[{"href":"https:\/\/www.dainst.blog\/tana\/wp-json\/wp\/v2\/media?parent=1405"}],"curies":[{"name":"wp","href":"https:\/\/api.w.org\/{rel}","templated":true}]}}