{"id":16,"date":"2020-07-09T10:06:46","date_gmt":"2020-07-09T08:06:46","guid":{"rendered":"http:\/\/www.dainst.blog\/tana\/?page_id=16"},"modified":"2022-06-20T10:41:37","modified_gmt":"2022-06-20T08:41:37","slug":"home","status":"publish","type":"page","link":"https:\/\/www.dainst.blog\/tana\/de\/home\/","title":{"rendered":"Home"},"content":{"rendered":"\t\t<div data-elementor-type=\"wp-page\" data-elementor-id=\"16\" class=\"elementor elementor-16\">\n\t\t\t\t\t\t<section class=\"elementor-section elementor-top-section elementor-element elementor-element-449ccc7a elementor-section-boxed elementor-section-height-default elementor-section-height-default\" data-id=\"449ccc7a\" data-element_type=\"section\" data-e-type=\"section\">\n\t\t\t\t\t\t<div class=\"elementor-container elementor-column-gap-default\">\n\t\t\t\t\t<div class=\"elementor-column elementor-col-100 elementor-top-column elementor-element elementor-element-4dd084b8\" data-id=\"4dd084b8\" data-element_type=\"column\" data-e-type=\"column\">\n\t\t\t<div class=\"elementor-widget-wrap elementor-element-populated\">\n\t\t\t\t\t\t<div class=\"elementor-element elementor-element-0670233 elementor-widget elementor-widget-heading\" data-id=\"0670233\" data-element_type=\"widget\" data-e-type=\"widget\" data-widget_type=\"heading.default\">\n\t\t\t\t<div class=\"elementor-widget-container\">\n\t\t\t\t\t<h2 class=\"elementor-heading-title elementor-size-default\">Willkommen bei TANA - TransArea Network Africa<\/h2>\t\t\t\t<\/div>\n\t\t\t\t<\/div>\n\t\t\t\t\t<\/div>\n\t\t<\/div>\n\t\t\t\t\t<\/div>\n\t\t<\/section>\n\t\t\t\t<section class=\"elementor-section elementor-top-section elementor-element elementor-element-66f60fc elementor-section-boxed elementor-section-height-default elementor-section-height-default\" data-id=\"66f60fc\" data-element_type=\"section\" data-e-type=\"section\">\n\t\t\t\t\t\t<div class=\"elementor-container elementor-column-gap-default\">\n\t\t\t\t\t<div class=\"elementor-column elementor-col-100 elementor-top-column elementor-element elementor-element-4e00133\" data-id=\"4e00133\" data-element_type=\"column\" data-e-type=\"column\">\n\t\t\t<div class=\"elementor-widget-wrap elementor-element-populated\">\n\t\t\t\t\t\t<div class=\"elementor-element elementor-element-eed2e63 elementor-widget elementor-widget-text-editor\" data-id=\"eed2e63\" data-element_type=\"widget\" data-e-type=\"widget\" data-widget_type=\"text-editor.default\">\n\t\t\t\t<div class=\"elementor-widget-container\">\n\t\t\t\t\t\t\t\t\t<p>Mit dem TransArea Network Africa (TANA) wird der Austausch aller in Afrika arbeitenden Projekte des Deutschen Arch\u00e4ologischen Instituts unterst\u00fctzt. TANA vernetzt die zahlreichen Einzelprojekte unterschiedlicher Abteilungen und Kommissionen des DAI untereinander sowie mit den jeweiligen afrikanischen Partnern, erzeugt Synergieeffekte in Wissenschaft, Kulturg\u00fcterschutz und Ausbildung, sowie bei der Pr\u00e4sentation unserer Arbeit in einer breiten \u00d6ffentlichkeit.<\/p>\t\t\t\t\t\t\t\t<\/div>\n\t\t\t\t<\/div>\n\t\t\t\t\t<\/div>\n\t\t<\/div>\n\t\t\t\t\t<\/div>\n\t\t<\/section>\n\t\t\t\t<section class=\"elementor-section elementor-top-section elementor-element elementor-element-d2d196d elementor-section-boxed elementor-section-height-default elementor-section-height-default\" data-id=\"d2d196d\" data-element_type=\"section\" data-e-type=\"section\">\n\t\t\t\t\t\t<div class=\"elementor-container elementor-column-gap-default\">\n\t\t\t\t\t<div class=\"elementor-column elementor-col-100 elementor-top-column elementor-element elementor-element-912ca0c\" data-id=\"912ca0c\" data-element_type=\"column\" data-e-type=\"column\">\n\t\t\t<div class=\"elementor-widget-wrap elementor-element-populated\">\n\t\t\t\t\t\t<div class=\"elementor-element elementor-element-b7ff1f0 elementor-widget elementor-widget-heading\" data-id=\"b7ff1f0\" data-element_type=\"widget\" data-e-type=\"widget\" data-widget_type=\"heading.default\">\n\t\t\t\t<div class=\"elementor-widget-container\">\n\t\t\t\t\t<h2 class=\"elementor-heading-title elementor-size-default\">TANA: Neues und Downloads<\/h2>\t\t\t\t<\/div>\n\t\t\t\t<\/div>\n\t\t\t\t\t<\/div>\n\t\t<\/div>\n\t\t\t\t\t<\/div>\n\t\t<\/section>\n\t\t\t\t<section class=\"elementor-section elementor-top-section elementor-element elementor-element-56babe7 elementor-section-boxed elementor-section-height-default elementor-section-height-default\" data-id=\"56babe7\" data-element_type=\"section\" data-e-type=\"section\">\n\t\t\t\t\t\t<div class=\"elementor-container elementor-column-gap-default\">\n\t\t\t\t\t<div class=\"elementor-column elementor-col-33 elementor-top-column elementor-element elementor-element-20e5684\" data-id=\"20e5684\" data-element_type=\"column\" data-e-type=\"column\">\n\t\t\t<div class=\"elementor-widget-wrap elementor-element-populated\">\n\t\t\t\t\t\t<div class=\"elementor-element elementor-element-f46e177 elementor-widget elementor-widget-image\" data-id=\"f46e177\" data-element_type=\"widget\" data-e-type=\"widget\" data-widget_type=\"image.default\">\n\t\t\t\t<div class=\"elementor-widget-container\">\n\t\t\t\t\t\t\t\t\t\t\t\t\t\t\t\t<a href=\"https:\/\/www.dainst.org\/documents\/10180\/15360\/Booklet+TransArea+Network+Africa+2022.pdf\/bde75289-9672-dfcc-df73-66f6eddb41e0\" target=\"_blank\">\n\t\t\t\t\t\t\t<img fetchpriority=\"high\" decoding=\"async\" width=\"583\" height=\"827\" src=\"https:\/\/www.dainst.blog\/tana\/wp-content\/uploads\/sites\/15\/2022\/05\/Booklet_2022_TANA_Front-1.jpg\" class=\"attachment-medium_large size-medium_large wp-image-1606\" alt=\"\" srcset=\"https:\/\/www.dainst.blog\/tana\/wp-content\/uploads\/sites\/15\/2022\/05\/Booklet_2022_TANA_Front-1.jpg 583w, https:\/\/www.dainst.blog\/tana\/wp-content\/uploads\/sites\/15\/2022\/05\/Booklet_2022_TANA_Front-1-211x300.jpg 211w\" sizes=\"(max-width: 583px) 100vw, 583px\" \/>\t\t\t\t\t\t\t\t<\/a>\n\t\t\t\t\t\t\t\t\t\t\t\t\t\t\t<\/div>\n\t\t\t\t<\/div>\n\t\t\t\t\t<\/div>\n\t\t<\/div>\n\t\t\t\t<div class=\"elementor-column elementor-col-33 elementor-top-column elementor-element elementor-element-8883da1\" data-id=\"8883da1\" data-element_type=\"column\" data-e-type=\"column\">\n\t\t\t<div class=\"elementor-widget-wrap elementor-element-populated\">\n\t\t\t\t\t\t<div class=\"elementor-element elementor-element-8721bfa elementor-widget elementor-widget-image\" data-id=\"8721bfa\" data-element_type=\"widget\" data-e-type=\"widget\" data-widget_type=\"image.default\">\n\t\t\t\t<div class=\"elementor-widget-container\">\n\t\t\t\t\t\t\t\t\t\t\t\t\t\t\t\t<a href=\"https:\/\/www.dainst.org\/en\/-\/transarea-network-africa-tana-meeting-in-ghana?redirect=%2Fen%2Fdai%2Fmeldungen\" target=\"_blank\">\n\t\t\t\t\t\t\t<img decoding=\"async\" width=\"1024\" height=\"768\" src=\"https:\/\/www.dainst.blog\/tana\/wp-content\/uploads\/sites\/15\/2022\/05\/Frederiksgave_Mural-1024x768.jpg\" class=\"attachment-large size-large wp-image-1607\" alt=\"\" srcset=\"https:\/\/www.dainst.blog\/tana\/wp-content\/uploads\/sites\/15\/2022\/05\/Frederiksgave_Mural-1024x768.jpg 1024w, https:\/\/www.dainst.blog\/tana\/wp-content\/uploads\/sites\/15\/2022\/05\/Frederiksgave_Mural-300x225.jpg 300w, https:\/\/www.dainst.blog\/tana\/wp-content\/uploads\/sites\/15\/2022\/05\/Frederiksgave_Mural-768x576.jpg 768w, https:\/\/www.dainst.blog\/tana\/wp-content\/uploads\/sites\/15\/2022\/05\/Frederiksgave_Mural-1536x1152.jpg 1536w, https:\/\/www.dainst.blog\/tana\/wp-content\/uploads\/sites\/15\/2022\/05\/Frederiksgave_Mural-2048x1536.jpg 2048w, https:\/\/www.dainst.blog\/tana\/wp-content\/uploads\/sites\/15\/2022\/05\/Frederiksgave_Mural-750x563.jpg 750w\" sizes=\"(max-width: 1024px) 100vw, 1024px\" \/>\t\t\t\t\t\t\t\t<\/a>\n\t\t\t\t\t\t\t\t\t\t\t\t\t\t\t<\/div>\n\t\t\t\t<\/div>\n\t\t\t\t\t<\/div>\n\t\t<\/div>\n\t\t\t\t<div class=\"elementor-column elementor-col-33 elementor-top-column elementor-element elementor-element-2e7cb87\" data-id=\"2e7cb87\" data-element_type=\"column\" data-e-type=\"column\">\n\t\t\t<div class=\"elementor-widget-wrap elementor-element-populated\">\n\t\t\t\t\t\t<div class=\"elementor-element elementor-element-d71dd06 elementor-widget elementor-widget-image\" data-id=\"d71dd06\" data-element_type=\"widget\" data-e-type=\"widget\" data-widget_type=\"image.default\">\n\t\t\t\t<div class=\"elementor-widget-container\">\n\t\t\t\t\t\t\t\t\t\t\t\t\t\t\t\t<a href=\"https:\/\/youtu.be\/PxEde777OVs\" target=\"_blank\">\n\t\t\t\t\t\t\t<img decoding=\"async\" width=\"1024\" height=\"1024\" src=\"https:\/\/www.dainst.blog\/tana\/wp-content\/uploads\/sites\/15\/2022\/05\/EinladungJahresempfang2022-1024x1024.jpg\" class=\"attachment-large size-large wp-image-1608\" alt=\"\" srcset=\"https:\/\/www.dainst.blog\/tana\/wp-content\/uploads\/sites\/15\/2022\/05\/EinladungJahresempfang2022-1024x1024.jpg 1024w, https:\/\/www.dainst.blog\/tana\/wp-content\/uploads\/sites\/15\/2022\/05\/EinladungJahresempfang2022-300x300.jpg 300w, https:\/\/www.dainst.blog\/tana\/wp-content\/uploads\/sites\/15\/2022\/05\/EinladungJahresempfang2022-150x150.jpg 150w, https:\/\/www.dainst.blog\/tana\/wp-content\/uploads\/sites\/15\/2022\/05\/EinladungJahresempfang2022-768x768.jpg 768w, https:\/\/www.dainst.blog\/tana\/wp-content\/uploads\/sites\/15\/2022\/05\/EinladungJahresempfang2022-1536x1536.jpg 1536w, https:\/\/www.dainst.blog\/tana\/wp-content\/uploads\/sites\/15\/2022\/05\/EinladungJahresempfang2022-2048x2048.jpg 2048w, https:\/\/www.dainst.blog\/tana\/wp-content\/uploads\/sites\/15\/2022\/05\/EinladungJahresempfang2022-750x750.jpg 750w\" sizes=\"(max-width: 1024px) 100vw, 1024px\" \/>\t\t\t\t\t\t\t\t<\/a>\n\t\t\t\t\t\t\t\t\t\t\t\t\t\t\t<\/div>\n\t\t\t\t<\/div>\n\t\t\t\t\t<\/div>\n\t\t<\/div>\n\t\t\t\t\t<\/div>\n\t\t<\/section>\n\t\t\t\t<section class=\"elementor-section elementor-top-section elementor-element elementor-element-497576d elementor-section-boxed elementor-section-height-default elementor-section-height-default\" data-id=\"497576d\" data-element_type=\"section\" data-e-type=\"section\">\n\t\t\t\t\t\t<div class=\"elementor-container elementor-column-gap-default\">\n\t\t\t\t\t<div class=\"elementor-column elementor-col-33 elementor-top-column elementor-element elementor-element-79f3617\" data-id=\"79f3617\" data-element_type=\"column\" data-e-type=\"column\">\n\t\t\t<div class=\"elementor-widget-wrap elementor-element-populated\">\n\t\t\t\t\t\t<div class=\"elementor-element elementor-element-0340019 elementor-widget elementor-widget-text-editor\" data-id=\"0340019\" data-element_type=\"widget\" data-e-type=\"widget\" data-widget_type=\"text-editor.default\">\n\t\t\t\t<div class=\"elementor-widget-container\">\n\t\t\t\t\t\t\t\t\t<p>Lesen Sie mehr \u00fcber TANA: <a href=\"https:\/\/www.dainst.org\/documents\/10180\/15360\/Booklet+TransArea+Network+Africa+2022.pdf\/bde75289-9672-dfcc-df73-66f6eddb41e0\" target=\"_blank\" rel=\"noopener\">Laden Sie unsere neue Brosch\u00fcre herunter!<\/a> Sie enth\u00e4lt aktuelle Informationen zu den laufenden Projekten des DAI in\/zu Afrika.<\/p>\t\t\t\t\t\t\t\t<\/div>\n\t\t\t\t<\/div>\n\t\t\t\t\t<\/div>\n\t\t<\/div>\n\t\t\t\t<div class=\"elementor-column elementor-col-33 elementor-top-column elementor-element elementor-element-c0c5cb5\" data-id=\"c0c5cb5\" data-element_type=\"column\" data-e-type=\"column\">\n\t\t\t<div class=\"elementor-widget-wrap elementor-element-populated\">\n\t\t\t\t\t\t<div class=\"elementor-element elementor-element-f67706a elementor-widget elementor-widget-text-editor\" data-id=\"f67706a\" data-element_type=\"widget\" data-e-type=\"widget\" data-widget_type=\"text-editor.default\">\n\t\t\t\t<div class=\"elementor-widget-container\">\n\t\t\t\t\t\t\t\t\t<p><a href=\"https:\/\/www.dainst.org\/en\/-\/transarea-network-africa-tana-meeting-in-ghana?redirect=%2Fen%2Fdai%2Fmeldungen\" target=\"_blank\" rel=\"noopener\">Lesen Sie<\/a> \u00fcber das diesj\u00e4hrige 8. TANA-Treffen (24-27 Februar 2022) in Ghana, das wir zusammen mit der University of Ghana, School of Arts, Department of Archaeology and Heritage Studies organisiert haben. Fokus des Treffens war die Arch\u00e4ologie und das Erbe des (deutschen) Kolonialismus in Afrika.<\/p>\t\t\t\t\t\t\t\t<\/div>\n\t\t\t\t<\/div>\n\t\t\t\t\t<\/div>\n\t\t<\/div>\n\t\t\t\t<div class=\"elementor-column elementor-col-33 elementor-top-column elementor-element elementor-element-0b546ed\" data-id=\"0b546ed\" data-element_type=\"column\" data-e-type=\"column\">\n\t\t\t<div class=\"elementor-widget-wrap elementor-element-populated\">\n\t\t\t\t\t\t<div class=\"elementor-element elementor-element-3c279bb elementor-widget elementor-widget-text-editor\" data-id=\"3c279bb\" data-element_type=\"widget\" data-e-type=\"widget\" data-widget_type=\"text-editor.default\">\n\t\t\t\t<div class=\"elementor-widget-container\">\n\t\t\t\t\t\t\t\t\t<p>Zum Nachh\u00f6ren und -sehen: <a href=\"https:\/\/youtu.be\/PxEde777OVs\" target=\"_blank\" rel=\"noopener\">Festvortrag<\/a> von PD Dr. J\u00f6rg Linst\u00e4dter zu neuen Forschungen und Kooperationen in\/mit Afrika am DAI (Jahresempfang des Deutschen Arch\u00e4ologischen Instituts am 11.05.2022, 18 Uhr).<\/p>\t\t\t\t\t\t\t\t<\/div>\n\t\t\t\t<\/div>\n\t\t\t\t\t<\/div>\n\t\t<\/div>\n\t\t\t\t\t<\/div>\n\t\t<\/section>\n\t\t\t\t<section class=\"elementor-section elementor-top-section elementor-element elementor-element-b028329 elementor-section-boxed elementor-section-height-default elementor-section-height-default\" data-id=\"b028329\" data-element_type=\"section\" data-e-type=\"section\">\n\t\t\t\t\t\t<div class=\"elementor-container elementor-column-gap-default\">\n\t\t\t\t\t<div class=\"elementor-column elementor-col-100 elementor-top-column elementor-element elementor-element-8652037\" data-id=\"8652037\" data-element_type=\"column\" data-e-type=\"column\">\n\t\t\t<div class=\"elementor-widget-wrap elementor-element-populated\">\n\t\t\t\t\t\t<div class=\"elementor-element elementor-element-9fc8fa3 elementor-arrows-position-inside elementor-widget elementor-widget-image-carousel\" data-id=\"9fc8fa3\" data-element_type=\"widget\" data-e-type=\"widget\" data-settings=\"{&quot;navigation&quot;:&quot;arrows&quot;,&quot;autoplay&quot;:&quot;yes&quot;,&quot;pause_on_hover&quot;:&quot;yes&quot;,&quot;pause_on_interaction&quot;:&quot;yes&quot;,&quot;autoplay_speed&quot;:5000,&quot;infinite&quot;:&quot;yes&quot;,&quot;speed&quot;:500}\" data-widget_type=\"image-carousel.default\">\n\t\t\t\t<div class=\"elementor-widget-container\">\n\t\t\t\t\t\t\t<div class=\"elementor-image-carousel-wrapper swiper\" role=\"region\" aria-roledescription=\"carousel\" aria-label=\"Bild Karussell\" dir=\"ltr\">\n\t\t\t<div class=\"elementor-image-carousel swiper-wrapper\" aria-live=\"off\">\n\t\t\t\t\t\t\t\t<div class=\"swiper-slide\" role=\"group\" aria-roledescription=\"slide\" aria-label=\"1 von 9\"><figure class=\"swiper-slide-inner\"><img decoding=\"async\" class=\"swiper-slide-image\" src=\"https:\/\/www.dainst.blog\/tana\/wp-content\/uploads\/sites\/15\/2020\/07\/02_Was-ist-TANA-1-1536x1024.jpg\" alt=\"02_Was ist TANA\" \/><\/figure><\/div><div class=\"swiper-slide\" role=\"group\" aria-roledescription=\"slide\" aria-label=\"2 von 9\"><figure class=\"swiper-slide-inner\"><img decoding=\"async\" class=\"swiper-slide-image\" src=\"https:\/\/www.dainst.blog\/tana\/wp-content\/uploads\/sites\/15\/2020\/07\/Abb-2_Schr\u00f6der-1-1536x1020.jpg\" alt=\"Abb 2_Schr\u00f6der\" \/><\/figure><\/div><div class=\"swiper-slide\" role=\"group\" aria-roledescription=\"slide\" aria-label=\"3 von 9\"><figure class=\"swiper-slide-inner\"><img decoding=\"async\" class=\"swiper-slide-image\" src=\"https:\/\/www.dainst.blog\/tana\/wp-content\/uploads\/sites\/15\/2020\/07\/Drohne-1536x1024.jpg\" alt=\"Drohne\" \/><\/figure><\/div><div class=\"swiper-slide\" role=\"group\" aria-roledescription=\"slide\" aria-label=\"4 von 9\"><figure class=\"swiper-slide-inner\"><img decoding=\"async\" class=\"swiper-slide-image\" src=\"https:\/\/www.dainst.blog\/tana\/wp-content\/uploads\/sites\/15\/2020\/07\/Eswatini-1536x1024.jpg\" alt=\"Eswatini\" \/><\/figure><\/div><div class=\"swiper-slide\" role=\"group\" aria-roledescription=\"slide\" aria-label=\"5 von 9\"><figure class=\"swiper-slide-inner\"><img decoding=\"async\" class=\"swiper-slide-image\" src=\"https:\/\/www.dainst.blog\/tana\/wp-content\/uploads\/sites\/15\/2020\/07\/IMG_2224-1-1536x1024.jpg\" alt=\"IMG_2224\" \/><\/figure><\/div><div class=\"swiper-slide\" role=\"group\" aria-roledescription=\"slide\" aria-label=\"6 von 9\"><figure class=\"swiper-slide-inner\"><img decoding=\"async\" class=\"swiper-slide-image\" src=\"https:\/\/www.dainst.blog\/tana\/wp-content\/uploads\/sites\/15\/2020\/07\/IMG_7739-1536x1024.jpg\" alt=\"IMG_7739\" \/><\/figure><\/div><div class=\"swiper-slide\" role=\"group\" aria-roledescription=\"slide\" aria-label=\"7 von 9\"><figure class=\"swiper-slide-inner\"><img decoding=\"async\" class=\"swiper-slide-image\" src=\"https:\/\/www.dainst.blog\/tana\/wp-content\/uploads\/sites\/15\/2020\/07\/IMG_7931-1536x1024.jpg\" alt=\"IMG_7931\" \/><\/figure><\/div><div class=\"swiper-slide\" role=\"group\" aria-roledescription=\"slide\" aria-label=\"8 von 9\"><figure class=\"swiper-slide-inner\"><img decoding=\"async\" class=\"swiper-slide-image\" src=\"https:\/\/www.dainst.blog\/tana\/wp-content\/uploads\/sites\/15\/2020\/07\/IMG_7963-1536x1024.jpg\" alt=\"IMG_7963\" \/><\/figure><\/div><div class=\"swiper-slide\" role=\"group\" aria-roledescription=\"slide\" aria-label=\"9 von 9\"><figure class=\"swiper-slide-inner\"><img decoding=\"async\" class=\"swiper-slide-image\" src=\"https:\/\/www.dainst.blog\/tana\/wp-content\/uploads\/sites\/15\/2020\/07\/Summerschool-1536x1024.jpg\" alt=\"Summerschool\" \/><\/figure><\/div>\t\t\t<\/div>\n\t\t\t\t\t\t\t\t\t\t\t\t<div class=\"elementor-swiper-button elementor-swiper-button-prev\" role=\"button\" tabindex=\"0\">\n\t\t\t\t\t\t<i aria-hidden=\"true\" class=\"eicon-chevron-left\"><\/i>\t\t\t\t\t<\/div>\n\t\t\t\t\t<div class=\"elementor-swiper-button elementor-swiper-button-next\" role=\"button\" tabindex=\"0\">\n\t\t\t\t\t\t<i aria-hidden=\"true\" class=\"eicon-chevron-right\"><\/i>\t\t\t\t\t<\/div>\n\t\t\t\t\n\t\t\t\t\t\t\t\t\t<\/div>\n\t\t\t\t\t\t<\/div>\n\t\t\t\t<\/div>\n\t\t\t\t\t<\/div>\n\t\t<\/div>\n\t\t\t\t\t<\/div>\n\t\t<\/section>\n\t\t\t\t<\/div>\n\t\t","protected":false},"excerpt":{"rendered":"<p>Willkommen bei TANA &#8211; TransArea Network Africa Mit dem TransArea Network Africa (TANA) wird der Austausch aller in Afrika arbeitenden Projekte des Deutschen Arch\u00e4ologischen Instituts unterst\u00fctzt. TANA vernetzt die zahlreichen Einzelprojekte unterschiedlicher Abteilungen und Kommissionen des DAI untereinander sowie mit den jeweiligen afrikanischen Partnern, erzeugt Synergieeffekte in Wissenschaft, Kulturg\u00fcterschutz und Ausbildung, sowie bei der Pr\u00e4sentation [&hellip;]<\/p>\n","protected":false},"author":29,"featured_media":0,"parent":0,"menu_order":0,"comment_status":"closed","ping_status":"closed","template":"","meta":{"footnotes":""},"class_list":["post-16","page","type-page","status-publish","hentry"],"_links":{"self":[{"href":"https:\/\/www.dainst.blog\/tana\/wp-json\/wp\/v2\/pages\/16"}],"collection":[{"href":"https:\/\/www.dainst.blog\/tana\/wp-json\/wp\/v2\/pages"}],"about":[{"href":"https:\/\/www.dainst.blog\/tana\/wp-json\/wp\/v2\/types\/page"}],"author":[{"embeddable":true,"href":"https:\/\/www.dainst.blog\/tana\/wp-json\/wp\/v2\/users\/29"}],"replies":[{"embeddable":true,"href":"https:\/\/www.dainst.blog\/tana\/wp-json\/wp\/v2\/comments?post=16"}],"version-history":[{"count":46,"href":"https:\/\/www.dainst.blog\/tana\/wp-json\/wp\/v2\/pages\/16\/revisions"}],"predecessor-version":[{"id":1670,"href":"https:\/\/www.dainst.blog\/tana\/wp-json\/wp\/v2\/pages\/16\/revisions\/1670"}],"wp:attachment":[{"href":"https:\/\/www.dainst.blog\/tana\/wp-json\/wp\/v2\/media?parent=16"}],"curies":[{"name":"wp","href":"https:\/\/api.w.org\/{rel}","templated":true}]}}