{"id":298,"date":"2020-11-08T13:21:03","date_gmt":"2020-11-08T12:21:03","guid":{"rendered":"http:\/\/www.dainst.blog\/tana\/?page_id=298"},"modified":"2021-03-15T15:45:31","modified_gmt":"2021-03-15T14:45:31","slug":"das-national-museum-von-cherchell","status":"publish","type":"page","link":"https:\/\/www.dainst.blog\/tana\/de\/das-national-museum-von-cherchell\/","title":{"rendered":"Das Nationalmuseum von Cherchell"},"content":{"rendered":"\t\t<div data-elementor-type=\"wp-page\" data-elementor-id=\"298\" class=\"elementor elementor-298\">\n\t\t\t\t\t\t<section class=\"elementor-section elementor-top-section elementor-element elementor-element-02ebbe2 elementor-section-boxed elementor-section-height-default elementor-section-height-default\" data-id=\"02ebbe2\" data-element_type=\"section\" data-e-type=\"section\">\n\t\t\t\t\t\t<div class=\"elementor-container elementor-column-gap-default\">\n\t\t\t\t\t<div class=\"elementor-column elementor-col-100 elementor-top-column elementor-element elementor-element-1d5270b\" data-id=\"1d5270b\" data-element_type=\"column\" data-e-type=\"column\">\n\t\t\t<div class=\"elementor-widget-wrap elementor-element-populated\">\n\t\t\t\t\t\t<div class=\"elementor-element elementor-element-4b6c53d elementor-widget elementor-widget-heading\" data-id=\"4b6c53d\" data-element_type=\"widget\" data-e-type=\"widget\" data-widget_type=\"heading.default\">\n\t\t\t\t<div class=\"elementor-widget-container\">\n\t\t\t\t\t<h2 class=\"elementor-heading-title elementor-size-default\">Neueinrichtung des Nationalmuseums Cherchell in Algerien<\/h2>\t\t\t\t<\/div>\n\t\t\t\t<\/div>\n\t\t\t\t\t<\/div>\n\t\t<\/div>\n\t\t\t\t\t<\/div>\n\t\t<\/section>\n\t\t\t\t<section class=\"elementor-section elementor-top-section elementor-element elementor-element-b68f7db elementor-section-boxed elementor-section-height-default elementor-section-height-default\" data-id=\"b68f7db\" data-element_type=\"section\" data-e-type=\"section\">\n\t\t\t\t\t\t<div class=\"elementor-container elementor-column-gap-default\">\n\t\t\t\t\t<div class=\"elementor-column elementor-col-100 elementor-top-column elementor-element elementor-element-a146b4b\" data-id=\"a146b4b\" data-element_type=\"column\" data-e-type=\"column\">\n\t\t\t<div class=\"elementor-widget-wrap elementor-element-populated\">\n\t\t\t\t\t\t<div class=\"elementor-element elementor-element-ccfbcc0 elementor-arrows-position-inside elementor-pagination-position-outside elementor-widget elementor-widget-image-carousel\" data-id=\"ccfbcc0\" data-element_type=\"widget\" data-e-type=\"widget\" data-settings=\"{&quot;navigation&quot;:&quot;both&quot;,&quot;autoplay&quot;:&quot;yes&quot;,&quot;pause_on_hover&quot;:&quot;yes&quot;,&quot;pause_on_interaction&quot;:&quot;yes&quot;,&quot;autoplay_speed&quot;:5000,&quot;infinite&quot;:&quot;yes&quot;,&quot;speed&quot;:500}\" data-widget_type=\"image-carousel.default\">\n\t\t\t\t<div class=\"elementor-widget-container\">\n\t\t\t\t\t\t\t<div class=\"elementor-image-carousel-wrapper swiper\" role=\"region\" aria-roledescription=\"carousel\" aria-label=\"Bild Karussell\" dir=\"ltr\">\n\t\t\t<div class=\"elementor-image-carousel swiper-wrapper\" aria-live=\"off\">\n\t\t\t\t\t\t\t\t<div class=\"swiper-slide\" role=\"group\" aria-roledescription=\"slide\" aria-label=\"1 von 4\"><figure class=\"swiper-slide-inner\"><img decoding=\"async\" class=\"swiper-slide-image\" src=\"https:\/\/www.dainst.blog\/tana\/wp-content\/uploads\/sites\/15\/2020\/11\/05a-Alle-helfen-mit-die-Statue-des-Apollo-in-die-richtige-Position-zu-bringen-Foto-Kreilinger-1024x683.jpg\" alt=\"Fig. 1 | \u00a9 U. Kreilinger\" \/><figcaption class=\"elementor-image-carousel-caption\">Fig. 1 | \u00a9 U. Kreilinger<\/figcaption><\/figure><\/div><div class=\"swiper-slide\" role=\"group\" aria-roledescription=\"slide\" aria-label=\"2 von 4\"><figure class=\"swiper-slide-inner\"><img decoding=\"async\" class=\"swiper-slide-image\" src=\"https:\/\/www.dainst.blog\/tana\/wp-content\/uploads\/sites\/15\/2020\/11\/05b-Blick-in-die-Suedgalerie-Foto-Kreilinger-1024x683.jpg\" alt=\"Fig. 2 | \u00a9 U. Kreilinger\" \/><figcaption class=\"elementor-image-carousel-caption\">Fig. 2 | \u00a9 U. Kreilinger<\/figcaption><\/figure><\/div><div class=\"swiper-slide\" role=\"group\" aria-roledescription=\"slide\" aria-label=\"3 von 4\"><figure class=\"swiper-slide-inner\"><img decoding=\"async\" class=\"swiper-slide-image\" src=\"https:\/\/www.dainst.blog\/tana\/wp-content\/uploads\/sites\/15\/2020\/11\/05c-Die-alten-verrosteten-Duebel-verfaerbten-und-sprengten-den-Marmor-Foto-Kreilinger-1024x683.jpg\" alt=\"Fig. 3 | \u00a9 U. Kreilinger\" \/><figcaption class=\"elementor-image-carousel-caption\">Fig. 3 | \u00a9 U. Kreilinger<\/figcaption><\/figure><\/div><div class=\"swiper-slide\" role=\"group\" aria-roledescription=\"slide\" aria-label=\"4 von 4\"><figure class=\"swiper-slide-inner\"><img decoding=\"async\" class=\"swiper-slide-image\" src=\"https:\/\/www.dainst.blog\/tana\/wp-content\/uploads\/sites\/15\/2020\/11\/05d-Entfernung-eines-rostigen-Eisenduebels-mittels-Kernbohrer-Foto-Kreilinger-1024x683.jpg\" alt=\"Fig. 4 | \u00a9 U. Kreilinger\" \/><figcaption class=\"elementor-image-carousel-caption\">Fig. 4 | \u00a9 U. Kreilinger<\/figcaption><\/figure><\/div>\t\t\t<\/div>\n\t\t\t\t\t\t\t\t\t\t\t\t<div class=\"elementor-swiper-button elementor-swiper-button-prev\" role=\"button\" tabindex=\"0\">\n\t\t\t\t\t\t<i aria-hidden=\"true\" class=\"eicon-chevron-left\"><\/i>\t\t\t\t\t<\/div>\n\t\t\t\t\t<div class=\"elementor-swiper-button elementor-swiper-button-next\" role=\"button\" tabindex=\"0\">\n\t\t\t\t\t\t<i aria-hidden=\"true\" class=\"eicon-chevron-right\"><\/i>\t\t\t\t\t<\/div>\n\t\t\t\t\n\t\t\t\t\t\t\t\t\t<div class=\"swiper-pagination\"><\/div>\n\t\t\t\t\t\t\t\t\t<\/div>\n\t\t\t\t\t\t<\/div>\n\t\t\t\t<\/div>\n\t\t\t\t\t<\/div>\n\t\t<\/div>\n\t\t\t\t\t<\/div>\n\t\t<\/section>\n\t\t\t\t<section class=\"elementor-section elementor-top-section elementor-element elementor-element-9892d1f elementor-section-boxed elementor-section-height-default elementor-section-height-default\" data-id=\"9892d1f\" data-element_type=\"section\" data-e-type=\"section\">\n\t\t\t\t\t\t<div class=\"elementor-container elementor-column-gap-default\">\n\t\t\t\t\t<div class=\"elementor-column elementor-col-100 elementor-top-column elementor-element elementor-element-17406ee\" data-id=\"17406ee\" data-element_type=\"column\" data-e-type=\"column\">\n\t\t\t<div class=\"elementor-widget-wrap elementor-element-populated\">\n\t\t\t\t\t\t<div class=\"elementor-element elementor-element-792d3c3 elementor-widget elementor-widget-text-editor\" data-id=\"792d3c3\" data-element_type=\"widget\" data-e-type=\"widget\" data-widget_type=\"text-editor.default\">\n\t\t\t\t<div class=\"elementor-widget-container\">\n\t\t\t\t\t\t\t\t\t<p>400 Skulpturen und Mosaiken, ausgestellt im arch\u00e4ologischen <a href=\"http:\/\/www.musee-cherchell.dz\/\">Nationalmuseum von Cherchell<\/a> im heutigen Algerien zeugen von der Bl\u00fctezeit der Stadt als Residenzstadt der K\u00f6nige von Mauretanien und r\u00f6mische Provinzhauptstadt.<\/p>\n<p>Seit 2008 engagiert sich das Deutsche Arch\u00e4ologische Institut mit Mitteln des Ausw\u00e4rtigen Amts bei der Neueinrichtung des Anfang des 20. Jahrhunderts errichteten alten Museums.<br>In enger Zusammenarbeit mit algerischen Kollegen wurden die Skulpturen restauriert und auf erdbebensicheren Sockeln neu aufgestellt. Neben der Aus- und Fortbildung von regionalen Spezialisten auf dem Feld der Statuen-Restaurierung- und sockelung wurde ein museumsp\u00e4dagogisches Konzept f\u00fcr Kinder entworfen. Gemeinsam wurde ein neues Ausstellungskonzept entwickelt, das die lokale Bev\u00f6lkerung f\u00fcr die ausgestellten Exponate begeistern sowie das Bewusstsein f\u00fcr die historische und kulturgeschichtliche Bedeutung der Stadt und Algeriens st\u00e4rken soll.<\/p>\t\t\t\t\t\t\t\t<\/div>\n\t\t\t\t<\/div>\n\t\t\t\t\t<\/div>\n\t\t<\/div>\n\t\t\t\t\t<\/div>\n\t\t<\/section>\n\t\t\t\t<section class=\"elementor-section elementor-top-section elementor-element elementor-element-8d85068 elementor-section-boxed elementor-section-height-default elementor-section-height-default\" data-id=\"8d85068\" data-element_type=\"section\" data-e-type=\"section\">\n\t\t\t\t\t\t<div class=\"elementor-container elementor-column-gap-default\">\n\t\t\t\t\t<div class=\"elementor-column elementor-col-100 elementor-top-column elementor-element elementor-element-b87c05a\" data-id=\"b87c05a\" data-element_type=\"column\" data-e-type=\"column\">\n\t\t\t<div class=\"elementor-widget-wrap elementor-element-populated\">\n\t\t\t\t\t\t<div class=\"elementor-element elementor-element-6d8fff3 elementor-widget elementor-widget-heading\" data-id=\"6d8fff3\" data-element_type=\"widget\" data-e-type=\"widget\" data-widget_type=\"heading.default\">\n\t\t\t\t<div class=\"elementor-widget-container\">\n\t\t\t\t\t<h4 class=\"elementor-heading-title elementor-size-default\">Mitglieder<\/h4>\t\t\t\t<\/div>\n\t\t\t\t<\/div>\n\t\t\t\t\t<\/div>\n\t\t<\/div>\n\t\t\t\t\t<\/div>\n\t\t<\/section>\n\t\t\t\t<section class=\"elementor-section elementor-top-section elementor-element elementor-element-5a73811 elementor-section-boxed elementor-section-height-default elementor-section-height-default\" data-id=\"5a73811\" data-element_type=\"section\" data-e-type=\"section\">\n\t\t\t\t\t\t<div class=\"elementor-container elementor-column-gap-default\">\n\t\t\t\t\t<div class=\"elementor-column elementor-col-25 elementor-top-column elementor-element elementor-element-e1783cb\" data-id=\"e1783cb\" data-element_type=\"column\" data-e-type=\"column\">\n\t\t\t<div class=\"elementor-widget-wrap elementor-element-populated\">\n\t\t\t\t\t\t<div class=\"elementor-element elementor-element-a597393 elementor-widget elementor-widget-image\" data-id=\"a597393\" data-element_type=\"widget\" data-e-type=\"widget\" data-widget_type=\"image.default\">\n\t\t\t\t<div class=\"elementor-widget-container\">\n\t\t\t\t\t\t\t\t\t\t\t\t\t\t\t<img fetchpriority=\"high\" decoding=\"async\" width=\"232\" height=\"232\" src=\"https:\/\/www.dainst.blog\/tana\/wp-content\/uploads\/sites\/15\/2020\/11\/03a-Ortwin-Dally_1.jpg\" class=\"attachment-large size-large wp-image-302\" alt=\"\" srcset=\"https:\/\/www.dainst.blog\/tana\/wp-content\/uploads\/sites\/15\/2020\/11\/03a-Ortwin-Dally_1.jpg 232w, https:\/\/www.dainst.blog\/tana\/wp-content\/uploads\/sites\/15\/2020\/11\/03a-Ortwin-Dally_1-150x150.jpg 150w\" sizes=\"(max-width: 232px) 100vw, 232px\" \/>\t\t\t\t\t\t\t\t\t\t\t\t\t\t\t<\/div>\n\t\t\t\t<\/div>\n\t\t\t\t\t<\/div>\n\t\t<\/div>\n\t\t\t\t<div class=\"elementor-column elementor-col-25 elementor-top-column elementor-element elementor-element-0325119\" data-id=\"0325119\" data-element_type=\"column\" data-e-type=\"column\">\n\t\t\t<div class=\"elementor-widget-wrap elementor-element-populated\">\n\t\t\t\t\t\t<div class=\"elementor-element elementor-element-af7b49e elementor-widget elementor-widget-text-editor\" data-id=\"af7b49e\" data-element_type=\"widget\" data-e-type=\"widget\" data-widget_type=\"text-editor.default\">\n\t\t\t\t<div class=\"elementor-widget-container\">\n\t\t\t\t\t\t\t\t\t<p><strong>Prof. Dr. Ortwin Dally<\/strong><\/p><p>DAI Rom<\/p><p><em>ortwin.dally@dainst.de<\/em><\/p>\t\t\t\t\t\t\t\t<\/div>\n\t\t\t\t<\/div>\n\t\t\t\t\t<\/div>\n\t\t<\/div>\n\t\t\t\t<div class=\"elementor-column elementor-col-25 elementor-top-column elementor-element elementor-element-ca6f56b\" data-id=\"ca6f56b\" data-element_type=\"column\" data-e-type=\"column\">\n\t\t\t<div class=\"elementor-widget-wrap elementor-element-populated\">\n\t\t\t\t\t\t<div class=\"elementor-element elementor-element-cfd2efa elementor-widget elementor-widget-image\" data-id=\"cfd2efa\" data-element_type=\"widget\" data-e-type=\"widget\" data-widget_type=\"image.default\">\n\t\t\t\t<div class=\"elementor-widget-container\">\n\t\t\t\t\t\t\t\t\t\t\t\t\t\t\t<img decoding=\"async\" width=\"563\" height=\"564\" src=\"https:\/\/www.dainst.blog\/tana\/wp-content\/uploads\/sites\/15\/2020\/11\/03b-Ulla-Kreilinger_1.jpg\" class=\"attachment-large size-large wp-image-303\" alt=\"\" srcset=\"https:\/\/www.dainst.blog\/tana\/wp-content\/uploads\/sites\/15\/2020\/11\/03b-Ulla-Kreilinger_1.jpg 563w, https:\/\/www.dainst.blog\/tana\/wp-content\/uploads\/sites\/15\/2020\/11\/03b-Ulla-Kreilinger_1-300x300.jpg 300w, https:\/\/www.dainst.blog\/tana\/wp-content\/uploads\/sites\/15\/2020\/11\/03b-Ulla-Kreilinger_1-150x150.jpg 150w\" sizes=\"(max-width: 563px) 100vw, 563px\" \/>\t\t\t\t\t\t\t\t\t\t\t\t\t\t\t<\/div>\n\t\t\t\t<\/div>\n\t\t\t\t\t<\/div>\n\t\t<\/div>\n\t\t\t\t<div class=\"elementor-column elementor-col-25 elementor-top-column elementor-element elementor-element-13b4cc8\" data-id=\"13b4cc8\" data-element_type=\"column\" data-e-type=\"column\">\n\t\t\t<div class=\"elementor-widget-wrap elementor-element-populated\">\n\t\t\t\t\t\t<div class=\"elementor-element elementor-element-30fcfa5 elementor-widget elementor-widget-text-editor\" data-id=\"30fcfa5\" data-element_type=\"widget\" data-e-type=\"widget\" data-widget_type=\"text-editor.default\">\n\t\t\t\t<div class=\"elementor-widget-container\">\n\t\t\t\t\t\t\t\t\t<p><strong>Dr. Ulla Kreilinger<\/strong><\/p><p>M\u00fcnster | DAI Rom<\/p><p><em>kreilingerulla@web.de<\/em><\/p>\t\t\t\t\t\t\t\t<\/div>\n\t\t\t\t<\/div>\n\t\t\t\t\t<\/div>\n\t\t<\/div>\n\t\t\t\t\t<\/div>\n\t\t<\/section>\n\t\t\t\t<section class=\"elementor-section elementor-top-section elementor-element elementor-element-092d257 elementor-section-boxed elementor-section-height-default elementor-section-height-default\" data-id=\"092d257\" data-element_type=\"section\" data-e-type=\"section\">\n\t\t\t\t\t\t<div class=\"elementor-container elementor-column-gap-default\">\n\t\t\t\t\t<div class=\"elementor-column elementor-col-100 elementor-top-column elementor-element elementor-element-caa0da4\" data-id=\"caa0da4\" data-element_type=\"column\" data-e-type=\"column\">\n\t\t\t<div class=\"elementor-widget-wrap elementor-element-populated\">\n\t\t\t\t\t\t<div class=\"elementor-element elementor-element-0b66de6 elementor-widget elementor-widget-heading\" data-id=\"0b66de6\" data-element_type=\"widget\" data-e-type=\"widget\" data-widget_type=\"heading.default\">\n\t\t\t\t<div class=\"elementor-widget-container\">\n\t\t\t\t\t<h4 class=\"elementor-heading-title elementor-size-default\">Projektpartner<\/h4>\t\t\t\t<\/div>\n\t\t\t\t<\/div>\n\t\t\t\t\t<\/div>\n\t\t<\/div>\n\t\t\t\t\t<\/div>\n\t\t<\/section>\n\t\t\t\t<section class=\"elementor-section elementor-top-section elementor-element elementor-element-57667eb elementor-section-boxed elementor-section-height-default elementor-section-height-default\" data-id=\"57667eb\" data-element_type=\"section\" data-e-type=\"section\">\n\t\t\t\t\t\t<div class=\"elementor-container elementor-column-gap-default\">\n\t\t\t\t\t<div class=\"elementor-column elementor-col-25 elementor-top-column elementor-element elementor-element-cf2c397\" data-id=\"cf2c397\" data-element_type=\"column\" data-e-type=\"column\">\n\t\t\t<div class=\"elementor-widget-wrap elementor-element-populated\">\n\t\t\t\t\t\t<div class=\"elementor-element elementor-element-1b66cf3 elementor-widget elementor-widget-image\" data-id=\"1b66cf3\" data-element_type=\"widget\" data-e-type=\"widget\" data-widget_type=\"image.default\">\n\t\t\t\t<div class=\"elementor-widget-container\">\n\t\t\t\t\t\t\t\t\t\t\t\t\t\t\t<img decoding=\"async\" width=\"601\" height=\"601\" src=\"https:\/\/www.dainst.blog\/tana\/wp-content\/uploads\/sites\/15\/2020\/11\/04-Nadjoua-Hamza-Atif_1.jpg\" class=\"attachment-large size-large wp-image-304\" alt=\"\" srcset=\"https:\/\/www.dainst.blog\/tana\/wp-content\/uploads\/sites\/15\/2020\/11\/04-Nadjoua-Hamza-Atif_1.jpg 601w, https:\/\/www.dainst.blog\/tana\/wp-content\/uploads\/sites\/15\/2020\/11\/04-Nadjoua-Hamza-Atif_1-300x300.jpg 300w, https:\/\/www.dainst.blog\/tana\/wp-content\/uploads\/sites\/15\/2020\/11\/04-Nadjoua-Hamza-Atif_1-150x150.jpg 150w\" sizes=\"(max-width: 601px) 100vw, 601px\" \/>\t\t\t\t\t\t\t\t\t\t\t\t\t\t\t<\/div>\n\t\t\t\t<\/div>\n\t\t\t\t\t<\/div>\n\t\t<\/div>\n\t\t\t\t<div class=\"elementor-column elementor-col-25 elementor-top-column elementor-element elementor-element-8db64f9\" data-id=\"8db64f9\" data-element_type=\"column\" data-e-type=\"column\">\n\t\t\t<div class=\"elementor-widget-wrap elementor-element-populated\">\n\t\t\t\t\t\t<div class=\"elementor-element elementor-element-f9ae1cc elementor-widget elementor-widget-text-editor\" data-id=\"f9ae1cc\" data-element_type=\"widget\" data-e-type=\"widget\" data-widget_type=\"text-editor.default\">\n\t\t\t\t<div class=\"elementor-widget-container\">\n\t\t\t\t\t\t\t\t\t<p><strong>Dr. Nadjoua Atif Hamza<\/strong><\/p><p>Mus\u00e9e Public National de Cherchell<\/p><p><em>musee.cherchell@gmail.com<\/em><\/p>\t\t\t\t\t\t\t\t<\/div>\n\t\t\t\t<\/div>\n\t\t\t\t\t<\/div>\n\t\t<\/div>\n\t\t\t\t<div class=\"elementor-column elementor-col-25 elementor-top-column elementor-element elementor-element-b043960\" data-id=\"b043960\" data-element_type=\"column\" data-e-type=\"column\">\n\t\t\t<div class=\"elementor-widget-wrap elementor-element-populated\">\n\t\t\t\t\t\t\t<\/div>\n\t\t<\/div>\n\t\t\t\t<div class=\"elementor-column elementor-col-25 elementor-top-column elementor-element elementor-element-600aa6a\" data-id=\"600aa6a\" data-element_type=\"column\" data-e-type=\"column\">\n\t\t\t<div class=\"elementor-widget-wrap elementor-element-populated\">\n\t\t\t\t\t\t\t<\/div>\n\t\t<\/div>\n\t\t\t\t\t<\/div>\n\t\t<\/section>\n\t\t\t\t<section class=\"elementor-section elementor-top-section elementor-element elementor-element-47137ff elementor-section-boxed elementor-section-height-default elementor-section-height-default\" data-id=\"47137ff\" data-element_type=\"section\" data-e-type=\"section\">\n\t\t\t\t\t\t<div class=\"elementor-container elementor-column-gap-default\">\n\t\t\t\t\t<div class=\"elementor-column elementor-col-100 elementor-top-column elementor-element elementor-element-11419f1\" data-id=\"11419f1\" data-element_type=\"column\" data-e-type=\"column\">\n\t\t\t<div class=\"elementor-widget-wrap elementor-element-populated\">\n\t\t\t\t\t\t<div class=\"elementor-element elementor-element-b230f98 elementor-widget elementor-widget-heading\" data-id=\"b230f98\" data-element_type=\"widget\" data-e-type=\"widget\" data-widget_type=\"heading.default\">\n\t\t\t\t<div class=\"elementor-widget-container\">\n\t\t\t\t\t<h4 class=\"elementor-heading-title elementor-size-default\">Abbildungen<\/h4>\t\t\t\t<\/div>\n\t\t\t\t<\/div>\n\t\t\t\t\t<\/div>\n\t\t<\/div>\n\t\t\t\t\t<\/div>\n\t\t<\/section>\n\t\t\t\t<section class=\"elementor-section elementor-top-section elementor-element elementor-element-e5f5de8 elementor-section-boxed elementor-section-height-default elementor-section-height-default\" data-id=\"e5f5de8\" data-element_type=\"section\" data-e-type=\"section\">\n\t\t\t\t\t\t<div class=\"elementor-container elementor-column-gap-default\">\n\t\t\t\t\t<div class=\"elementor-column elementor-col-100 elementor-top-column elementor-element elementor-element-f7f39de\" data-id=\"f7f39de\" data-element_type=\"column\" data-e-type=\"column\">\n\t\t\t<div class=\"elementor-widget-wrap elementor-element-populated\">\n\t\t\t\t\t\t<div class=\"elementor-element elementor-element-b7ed9b1 elementor-widget elementor-widget-text-editor\" data-id=\"b7ed9b1\" data-element_type=\"widget\" data-e-type=\"widget\" data-widget_type=\"text-editor.default\">\n\t\t\t\t<div class=\"elementor-widget-container\">\n\t\t\t\t\t\t\t\t\t<p><strong>Fig. 1\u00a0\u00a0\u00a0 <\/strong>Alle helfen mit, die Statue des Apollo in die richtige Position zu bringen [Foto von Ulla Kreilinger].<\/p><p><strong>Fig. 2\u00a0\u00a0\u00a0 <\/strong>Blick in die S\u00fcdgalerie [Foto von Ulla Kreilinger].<\/p><p><strong>Fig. 3\u00a0\u00a0\u00a0 <\/strong>Die alten verrosteten D\u00fcbel verf\u00e4rbten und sprengten den Marmor [Foto von Ulla Kreilinger].<\/p><p><strong>Fig. 4\u00a0\u00a0\u00a0 <\/strong>Entfernung eines rostigen Eisend\u00fcbels mittels Kernbohrer [Foto von Ulla Kreilinger].<\/p>\t\t\t\t\t\t\t\t<\/div>\n\t\t\t\t<\/div>\n\t\t\t\t\t<\/div>\n\t\t<\/div>\n\t\t\t\t\t<\/div>\n\t\t<\/section>\n\t\t\t\t<\/div>\n\t\t","protected":false},"excerpt":{"rendered":"<p>Neueinrichtung des Nationalmuseums Cherchell in Algerien Fig. 1 | \u00a9 U. Kreilinger Fig. 2 | \u00a9 U. Kreilinger Fig. 3 | \u00a9 U. Kreilinger Fig. 4 | \u00a9 U. Kreilinger Zur\u00fcck Weiter 400 Skulpturen und Mosaiken, ausgestellt im arch\u00e4ologischen Nationalmuseum von Cherchell im heutigen Algerien zeugen von der Bl\u00fctezeit der Stadt als Residenzstadt der K\u00f6nige [&hellip;]<\/p>\n","protected":false},"author":29,"featured_media":0,"parent":0,"menu_order":0,"comment_status":"closed","ping_status":"closed","template":"","meta":{"footnotes":""},"class_list":["post-298","page","type-page","status-publish","hentry"],"_links":{"self":[{"href":"https:\/\/www.dainst.blog\/tana\/wp-json\/wp\/v2\/pages\/298"}],"collection":[{"href":"https:\/\/www.dainst.blog\/tana\/wp-json\/wp\/v2\/pages"}],"about":[{"href":"https:\/\/www.dainst.blog\/tana\/wp-json\/wp\/v2\/types\/page"}],"author":[{"embeddable":true,"href":"https:\/\/www.dainst.blog\/tana\/wp-json\/wp\/v2\/users\/29"}],"replies":[{"embeddable":true,"href":"https:\/\/www.dainst.blog\/tana\/wp-json\/wp\/v2\/comments?post=298"}],"version-history":[{"count":15,"href":"https:\/\/www.dainst.blog\/tana\/wp-json\/wp\/v2\/pages\/298\/revisions"}],"predecessor-version":[{"id":1104,"href":"https:\/\/www.dainst.blog\/tana\/wp-json\/wp\/v2\/pages\/298\/revisions\/1104"}],"wp:attachment":[{"href":"https:\/\/www.dainst.blog\/tana\/wp-json\/wp\/v2\/media?parent=298"}],"curies":[{"name":"wp","href":"https:\/\/api.w.org\/{rel}","templated":true}]}}