{"id":478,"date":"2020-11-13T15:09:45","date_gmt":"2020-11-13T14:09:45","guid":{"rendered":"http:\/\/www.dainst.blog\/tana\/?page_id=478"},"modified":"2020-11-13T15:16:12","modified_gmt":"2020-11-13T14:16:12","slug":"islamafr","status":"publish","type":"page","link":"https:\/\/www.dainst.blog\/tana\/de\/islamafr\/","title":{"rendered":"Islamafr"},"content":{"rendered":"\t\t<div data-elementor-type=\"wp-page\" data-elementor-id=\"478\" class=\"elementor elementor-478\">\n\t\t\t\t\t\t<section class=\"elementor-section elementor-top-section elementor-element elementor-element-2dd305e4 elementor-section-boxed elementor-section-height-default elementor-section-height-default\" data-id=\"2dd305e4\" data-element_type=\"section\" data-e-type=\"section\">\n\t\t\t\t\t\t<div class=\"elementor-container elementor-column-gap-default\">\n\t\t\t\t\t<div class=\"elementor-column elementor-col-100 elementor-top-column elementor-element elementor-element-7195818f\" data-id=\"7195818f\" data-element_type=\"column\" data-e-type=\"column\">\n\t\t\t<div class=\"elementor-widget-wrap elementor-element-populated\">\n\t\t\t\t\t\t<div class=\"elementor-element elementor-element-fdf9c8e elementor-widget elementor-widget-heading\" data-id=\"fdf9c8e\" data-element_type=\"widget\" data-e-type=\"widget\" data-widget_type=\"heading.default\">\n\t\t\t\t<div class=\"elementor-widget-container\">\n\t\t\t\t\t<h2 class=\"elementor-heading-title elementor-size-default\">ISLAMAFR - Eroberung, \u00d6kologie und \u00d6konomie im islamischen Nordafrika: Das Beispiel des zentralen Medjerdatals<\/h2>\t\t\t\t<\/div>\n\t\t\t\t<\/div>\n\t\t\t\t\t<\/div>\n\t\t<\/div>\n\t\t\t\t\t<\/div>\n\t\t<\/section>\n\t\t\t\t<section class=\"elementor-section elementor-top-section elementor-element elementor-element-1e86ba2 elementor-section-boxed elementor-section-height-default elementor-section-height-default\" data-id=\"1e86ba2\" data-element_type=\"section\" data-e-type=\"section\">\n\t\t\t\t\t\t<div class=\"elementor-container elementor-column-gap-default\">\n\t\t\t\t\t<div class=\"elementor-column elementor-col-100 elementor-top-column elementor-element elementor-element-ae96ef0\" data-id=\"ae96ef0\" data-element_type=\"column\" data-e-type=\"column\">\n\t\t\t<div class=\"elementor-widget-wrap elementor-element-populated\">\n\t\t\t\t\t\t<div class=\"elementor-element elementor-element-99a24d9 elementor-widget elementor-widget-image\" data-id=\"99a24d9\" data-element_type=\"widget\" data-e-type=\"widget\" data-widget_type=\"image.default\">\n\t\t\t\t<div class=\"elementor-widget-container\">\n\t\t\t\t\t\t\t\t\t\t\t\t<figure class=\"wp-caption\">\n\t\t\t\t\t\t\t\t\t\t<img fetchpriority=\"high\" decoding=\"async\" width=\"1024\" height=\"410\" src=\"https:\/\/www.dainst.blog\/tana\/wp-content\/uploads\/sites\/15\/2020\/11\/Case_Study_region_original._H.Moeller-1024x410.jpg\" class=\"attachment-large size-large wp-image-481\" alt=\"\" srcset=\"https:\/\/www.dainst.blog\/tana\/wp-content\/uploads\/sites\/15\/2020\/11\/Case_Study_region_original._H.Moeller-1024x410.jpg 1024w, https:\/\/www.dainst.blog\/tana\/wp-content\/uploads\/sites\/15\/2020\/11\/Case_Study_region_original._H.Moeller-300x120.jpg 300w, https:\/\/www.dainst.blog\/tana\/wp-content\/uploads\/sites\/15\/2020\/11\/Case_Study_region_original._H.Moeller-768x308.jpg 768w, https:\/\/www.dainst.blog\/tana\/wp-content\/uploads\/sites\/15\/2020\/11\/Case_Study_region_original._H.Moeller-1536x616.jpg 1536w, https:\/\/www.dainst.blog\/tana\/wp-content\/uploads\/sites\/15\/2020\/11\/Case_Study_region_original._H.Moeller-2048x821.jpg 2048w, https:\/\/www.dainst.blog\/tana\/wp-content\/uploads\/sites\/15\/2020\/11\/Case_Study_region_original._H.Moeller-750x301.jpg 750w\" sizes=\"(max-width: 1024px) 100vw, 1024px\" \/>\t\t\t\t\t\t\t\t\t\t\t<figcaption class=\"widget-image-caption wp-caption-text\">Fig. 1\u00a0\u00a0\u00a0 Fallstudien-Region [von H. M\u00f6ller].<\/figcaption>\n\t\t\t\t\t\t\t\t\t\t<\/figure>\n\t\t\t\t\t\t\t\t\t<\/div>\n\t\t\t\t<\/div>\n\t\t\t\t\t<\/div>\n\t\t<\/div>\n\t\t\t\t\t<\/div>\n\t\t<\/section>\n\t\t\t\t<section class=\"elementor-section elementor-top-section elementor-element elementor-element-724480b elementor-section-boxed elementor-section-height-default elementor-section-height-default\" data-id=\"724480b\" data-element_type=\"section\" data-e-type=\"section\">\n\t\t\t\t\t\t<div class=\"elementor-container elementor-column-gap-default\">\n\t\t\t\t\t<div class=\"elementor-column elementor-col-100 elementor-top-column elementor-element elementor-element-212a0a6c\" data-id=\"212a0a6c\" data-element_type=\"column\" data-e-type=\"column\">\n\t\t\t<div class=\"elementor-widget-wrap elementor-element-populated\">\n\t\t\t\t\t\t<div class=\"elementor-element elementor-element-74da8e60 elementor-widget elementor-widget-text-editor\" data-id=\"74da8e60\" data-element_type=\"widget\" data-e-type=\"widget\" data-widget_type=\"text-editor.default\">\n\t\t\t\t<div class=\"elementor-widget-container\">\n\t\t\t\t\t\t\t\t\t<p>Die muslimische Eroberung des byzantinischen und maurischen Nordafrikas hatte st\u00e4dtebauliche, \u00f6kologische und \u00f6konomische Konsequenzen, die f\u00fcr das Verst\u00e4ndnis der Entwicklung der nordafrikanischen Gesellschaft von grundlegender Bedeutung sind. Doch was seit langer Zeit \u00fcber den Zusammenbruch der r\u00f6mischen Herrschaft und den Auswirkungen der muslimischen Eroberungen in Nordafrika in den Lehrb\u00fcchern steht, in denen das achte und neunte Jahrhundert oft als ein dunkles Zeitalter angesehen wird, muss \u00fcberarbeitet und in Teilen neu geschrieben werden. Laufende Ausgrabungen in den benachbarten urbanen Zentren Simitthus (Chimtou) und Bulla Regia (Hammam Darraji) im Nordwesten Tunesiens haben die Komplexit\u00e4t der urbanen Entwicklung, der technologischen Innovation und der Umweltver\u00e4nderungen im Mittelalter aufgezeigt. Aufbauend auf diesen Erkenntnissen sollen im Rahmen von ISLAMAFR grundlegende L\u00fccken in unserem Verst\u00e4ndnis der kulturellen, wirtschaftlichen und landschaftlichen Ver\u00e4nderungen im mittelalterlichen Nordafrika geschlossen werden und das \u00fcber die einfache Frage der st\u00e4dtischen Kontinuit\u00e4t oder des Zusammenbruchs in der Sp\u00e4tantike und im Fr\u00fchmittelalter hinaus. In welchem Ausma\u00df wirkte sich der Regimewechsel \u00fcberhaupt direkt auf Wirtschaft und Sozialstruktur aus und brachte Ver\u00e4nderungen hervor? Dies soll anhand der Beobachtung langfristiger Ver\u00e4nderungen von Siedlungsmustern und Landschaftsnutzung im zentralen Medjerdatal, beurteilt werden, wobei fach\u00fcbergreifend gearbeitet wird. Ziel ist das Erfassen und Auswerten von Siedlungssequenzen, deren feinstratigraphische Kontexte in Hinblick auf ihre materiellen, vor allem auch arch\u00e4ozoologischen und -botanischen Hinterlassenschaften untersucht werden. Hinzu werden Umweltdaten aus dem Hinterland der St\u00e4tten extrahiert, um die sich \u00e4ndernden Klima- und Umweltbedingungen zu verstehen. Diese Daten werden mit relevanten lateinischen, griechischen und arabischen Quellen in Zusammenhang gebracht. Die Ergebnisse werden in den Kontext der Entwicklungen im Mittelmeerraum und in der islamischen Welt gestellt, die das &#8222;erste islamische Jahrtausend&#8220; kennzeichnen. Dieses Projekt wird letztlich sowohl zu einem grundlegenden Fortschritt in unserem Verst\u00e4ndnis des islamischen Nordafrikas als auch zu einem neuen Interpretationsrahmen f\u00fchren, der auf andere Regionen \u00fcbertragen werden kann.<\/p>\t\t\t\t\t\t\t\t<\/div>\n\t\t\t\t<\/div>\n\t\t\t\t\t<\/div>\n\t\t<\/div>\n\t\t\t\t\t<\/div>\n\t\t<\/section>\n\t\t\t\t<section class=\"elementor-section elementor-top-section elementor-element elementor-element-304eb12c elementor-section-boxed elementor-section-height-default elementor-section-height-default\" data-id=\"304eb12c\" data-element_type=\"section\" data-e-type=\"section\">\n\t\t\t\t\t\t<div class=\"elementor-container elementor-column-gap-default\">\n\t\t\t\t\t<div class=\"elementor-column elementor-col-100 elementor-top-column elementor-element elementor-element-a2dd988\" data-id=\"a2dd988\" data-element_type=\"column\" data-e-type=\"column\">\n\t\t\t<div class=\"elementor-widget-wrap elementor-element-populated\">\n\t\t\t\t\t\t<div class=\"elementor-element elementor-element-35a96b27 elementor-widget elementor-widget-heading\" data-id=\"35a96b27\" data-element_type=\"widget\" data-e-type=\"widget\" data-widget_type=\"heading.default\">\n\t\t\t\t<div class=\"elementor-widget-container\">\n\t\t\t\t\t<h4 class=\"elementor-heading-title elementor-size-default\">Mitglieder<\/h4>\t\t\t\t<\/div>\n\t\t\t\t<\/div>\n\t\t\t\t\t<\/div>\n\t\t<\/div>\n\t\t\t\t\t<\/div>\n\t\t<\/section>\n\t\t\t\t<section class=\"elementor-section elementor-top-section elementor-element elementor-element-44062f38 elementor-section-boxed elementor-section-height-default elementor-section-height-default\" data-id=\"44062f38\" data-element_type=\"section\" data-e-type=\"section\">\n\t\t\t\t\t\t<div class=\"elementor-container elementor-column-gap-default\">\n\t\t\t\t\t<div class=\"elementor-column elementor-col-25 elementor-top-column elementor-element elementor-element-5554fdc7\" data-id=\"5554fdc7\" data-element_type=\"column\" data-e-type=\"column\">\n\t\t\t<div class=\"elementor-widget-wrap elementor-element-populated\">\n\t\t\t\t\t\t<div class=\"elementor-element elementor-element-91ef2d8 elementor-widget elementor-widget-image\" data-id=\"91ef2d8\" data-element_type=\"widget\" data-e-type=\"widget\" data-widget_type=\"image.default\">\n\t\t\t\t<div class=\"elementor-widget-container\">\n\t\t\t\t\t\t\t\t\t\t\t\t\t\t\t<img decoding=\"async\" width=\"233\" height=\"232\" src=\"https:\/\/www.dainst.blog\/tana\/wp-content\/uploads\/sites\/15\/2020\/11\/16_Philipp_von_Rummel_1-2.jpg\" class=\"attachment-large size-large wp-image-482\" alt=\"\" srcset=\"https:\/\/www.dainst.blog\/tana\/wp-content\/uploads\/sites\/15\/2020\/11\/16_Philipp_von_Rummel_1-2.jpg 233w, https:\/\/www.dainst.blog\/tana\/wp-content\/uploads\/sites\/15\/2020\/11\/16_Philipp_von_Rummel_1-2-150x150.jpg 150w\" sizes=\"(max-width: 233px) 100vw, 233px\" \/>\t\t\t\t\t\t\t\t\t\t\t\t\t\t\t<\/div>\n\t\t\t\t<\/div>\n\t\t\t\t\t<\/div>\n\t\t<\/div>\n\t\t\t\t<div class=\"elementor-column elementor-col-25 elementor-top-column elementor-element elementor-element-538645fb\" data-id=\"538645fb\" data-element_type=\"column\" data-e-type=\"column\">\n\t\t\t<div class=\"elementor-widget-wrap elementor-element-populated\">\n\t\t\t\t\t\t<div class=\"elementor-element elementor-element-57e54a60 elementor-widget elementor-widget-text-editor\" data-id=\"57e54a60\" data-element_type=\"widget\" data-e-type=\"widget\" data-widget_type=\"text-editor.default\">\n\t\t\t\t<div class=\"elementor-widget-container\">\n\t\t\t\t\t\t\t\t\t<p><strong>Dr. Philipp von Rummel<br \/><\/strong><\/p><p>DAI Zentrale<br \/><br \/><em>generalsekretaer@dainst.de<\/em><\/p>\t\t\t\t\t\t\t\t<\/div>\n\t\t\t\t<\/div>\n\t\t\t\t\t<\/div>\n\t\t<\/div>\n\t\t\t\t<div class=\"elementor-column elementor-col-25 elementor-top-column elementor-element elementor-element-4e602f8e\" data-id=\"4e602f8e\" data-element_type=\"column\" data-e-type=\"column\">\n\t\t\t<div class=\"elementor-widget-wrap elementor-element-populated\">\n\t\t\t\t\t\t<div class=\"elementor-element elementor-element-7f295ddb elementor-widget elementor-widget-image\" data-id=\"7f295ddb\" data-element_type=\"widget\" data-e-type=\"widget\" data-widget_type=\"image.default\">\n\t\t\t\t<div class=\"elementor-widget-container\">\n\t\t\t\t\t\t\t\t\t\t\t\t\t\t\t<img decoding=\"async\" width=\"200\" height=\"200\" src=\"https:\/\/www.dainst.blog\/tana\/wp-content\/uploads\/sites\/15\/2020\/11\/s200_corisande.fenwick_Academia.jpg\" class=\"attachment-large size-large wp-image-483\" alt=\"\" srcset=\"https:\/\/www.dainst.blog\/tana\/wp-content\/uploads\/sites\/15\/2020\/11\/s200_corisande.fenwick_Academia.jpg 200w, https:\/\/www.dainst.blog\/tana\/wp-content\/uploads\/sites\/15\/2020\/11\/s200_corisande.fenwick_Academia-150x150.jpg 150w\" sizes=\"(max-width: 200px) 100vw, 200px\" \/>\t\t\t\t\t\t\t\t\t\t\t\t\t\t\t<\/div>\n\t\t\t\t<\/div>\n\t\t\t\t\t<\/div>\n\t\t<\/div>\n\t\t\t\t<div class=\"elementor-column elementor-col-25 elementor-top-column elementor-element elementor-element-425c0355\" data-id=\"425c0355\" data-element_type=\"column\" data-e-type=\"column\">\n\t\t\t<div class=\"elementor-widget-wrap elementor-element-populated\">\n\t\t\t\t\t\t<div class=\"elementor-element elementor-element-148dda46 elementor-widget elementor-widget-text-editor\" data-id=\"148dda46\" data-element_type=\"widget\" data-e-type=\"widget\" data-widget_type=\"text-editor.default\">\n\t\t\t\t<div class=\"elementor-widget-container\">\n\t\t\t\t\t\t\t\t\t<p><strong>Dr. Corisande Fenwick<\/strong><\/p><p>University College London \/ Institute of Archaeology<br \/><br \/><em>c.fenwick@ucl.ac.uk<\/em><\/p>\t\t\t\t\t\t\t\t<\/div>\n\t\t\t\t<\/div>\n\t\t\t\t\t<\/div>\n\t\t<\/div>\n\t\t\t\t\t<\/div>\n\t\t<\/section>\n\t\t\t\t<section class=\"elementor-section elementor-top-section elementor-element elementor-element-16974117 elementor-section-boxed elementor-section-height-default elementor-section-height-default\" data-id=\"16974117\" data-element_type=\"section\" data-e-type=\"section\">\n\t\t\t\t\t\t<div class=\"elementor-container elementor-column-gap-default\">\n\t\t\t\t\t<div class=\"elementor-column elementor-col-25 elementor-top-column elementor-element elementor-element-41c666b8\" data-id=\"41c666b8\" data-element_type=\"column\" data-e-type=\"column\">\n\t\t\t<div class=\"elementor-widget-wrap elementor-element-populated\">\n\t\t\t\t\t\t<div class=\"elementor-element elementor-element-2921b594 elementor-widget elementor-widget-image\" data-id=\"2921b594\" data-element_type=\"widget\" data-e-type=\"widget\" data-widget_type=\"image.default\">\n\t\t\t\t<div class=\"elementor-widget-container\">\n\t\t\t\t\t\t\t\t\t\t\t\t\t\t\t<img loading=\"lazy\" decoding=\"async\" width=\"300\" height=\"300\" src=\"https:\/\/www.dainst.blog\/tana\/wp-content\/uploads\/sites\/15\/2020\/11\/Heike-Moeller_dainst.jpg\" class=\"attachment-large size-large wp-image-484\" alt=\"\" srcset=\"https:\/\/www.dainst.blog\/tana\/wp-content\/uploads\/sites\/15\/2020\/11\/Heike-Moeller_dainst.jpg 300w, https:\/\/www.dainst.blog\/tana\/wp-content\/uploads\/sites\/15\/2020\/11\/Heike-Moeller_dainst-150x150.jpg 150w\" sizes=\"(max-width: 300px) 100vw, 300px\" \/>\t\t\t\t\t\t\t\t\t\t\t\t\t\t\t<\/div>\n\t\t\t\t<\/div>\n\t\t\t\t\t<\/div>\n\t\t<\/div>\n\t\t\t\t<div class=\"elementor-column elementor-col-25 elementor-top-column elementor-element elementor-element-4ffc53c9\" data-id=\"4ffc53c9\" data-element_type=\"column\" data-e-type=\"column\">\n\t\t\t<div class=\"elementor-widget-wrap elementor-element-populated\">\n\t\t\t\t\t\t<div class=\"elementor-element elementor-element-164ad487 elementor-widget elementor-widget-text-editor\" data-id=\"164ad487\" data-element_type=\"widget\" data-e-type=\"widget\" data-widget_type=\"text-editor.default\">\n\t\t\t\t<div class=\"elementor-widget-container\">\n\t\t\t\t\t\t\t\t\t<p><strong>Dr. Heike M\u00f6ller<\/strong><\/p><p>DAI Zentrale <br \/><br \/><em>heike.moeller@dainst.de<\/em><\/p>\t\t\t\t\t\t\t\t<\/div>\n\t\t\t\t<\/div>\n\t\t\t\t\t<\/div>\n\t\t<\/div>\n\t\t\t\t<div class=\"elementor-column elementor-col-25 elementor-top-column elementor-element elementor-element-4eafd0c6\" data-id=\"4eafd0c6\" data-element_type=\"column\" data-e-type=\"column\">\n\t\t\t<div class=\"elementor-widget-wrap elementor-element-populated\">\n\t\t\t\t\t\t\t<\/div>\n\t\t<\/div>\n\t\t\t\t<div class=\"elementor-column elementor-col-25 elementor-top-column elementor-element elementor-element-6fae30a\" data-id=\"6fae30a\" data-element_type=\"column\" data-e-type=\"column\">\n\t\t\t<div class=\"elementor-widget-wrap elementor-element-populated\">\n\t\t\t\t\t\t\t<\/div>\n\t\t<\/div>\n\t\t\t\t\t<\/div>\n\t\t<\/section>\n\t\t\t\t<section class=\"elementor-section elementor-top-section elementor-element elementor-element-30245c80 elementor-section-boxed elementor-section-height-default elementor-section-height-default\" data-id=\"30245c80\" data-element_type=\"section\" data-e-type=\"section\">\n\t\t\t\t\t\t<div class=\"elementor-container elementor-column-gap-default\">\n\t\t\t\t\t<div class=\"elementor-column elementor-col-100 elementor-top-column elementor-element elementor-element-65ced412\" data-id=\"65ced412\" data-element_type=\"column\" data-e-type=\"column\">\n\t\t\t<div class=\"elementor-widget-wrap elementor-element-populated\">\n\t\t\t\t\t\t<div class=\"elementor-element elementor-element-5d540788 elementor-widget elementor-widget-heading\" data-id=\"5d540788\" data-element_type=\"widget\" data-e-type=\"widget\" data-widget_type=\"heading.default\">\n\t\t\t\t<div class=\"elementor-widget-container\">\n\t\t\t\t\t<h4 class=\"elementor-heading-title elementor-size-default\">Kooperationspartner<\/h4>\t\t\t\t<\/div>\n\t\t\t\t<\/div>\n\t\t\t\t\t<\/div>\n\t\t<\/div>\n\t\t\t\t\t<\/div>\n\t\t<\/section>\n\t\t\t\t<section class=\"elementor-section elementor-top-section elementor-element elementor-element-42536474 elementor-section-boxed elementor-section-height-default elementor-section-height-default\" data-id=\"42536474\" data-element_type=\"section\" data-e-type=\"section\">\n\t\t\t\t\t\t<div class=\"elementor-container elementor-column-gap-default\">\n\t\t\t\t\t<div class=\"elementor-column elementor-col-25 elementor-top-column elementor-element elementor-element-1fdb0b2c\" data-id=\"1fdb0b2c\" data-element_type=\"column\" data-e-type=\"column\">\n\t\t\t<div class=\"elementor-widget-wrap elementor-element-populated\">\n\t\t\t\t\t\t<div class=\"elementor-element elementor-element-1ae317e2 elementor-widget elementor-widget-image\" data-id=\"1ae317e2\" data-element_type=\"widget\" data-e-type=\"widget\" data-widget_type=\"image.default\">\n\t\t\t\t<div class=\"elementor-widget-container\">\n\t\t\t\t\t\t\t\t\t\t\t\t\t\t\t<img loading=\"lazy\" decoding=\"async\" width=\"500\" height=\"500\" src=\"https:\/\/www.dainst.blog\/tana\/wp-content\/uploads\/sites\/15\/2020\/11\/wiebke-bebermeier_1.jpg\" class=\"attachment-large size-large wp-image-423\" alt=\"\" srcset=\"https:\/\/www.dainst.blog\/tana\/wp-content\/uploads\/sites\/15\/2020\/11\/wiebke-bebermeier_1.jpg 500w, https:\/\/www.dainst.blog\/tana\/wp-content\/uploads\/sites\/15\/2020\/11\/wiebke-bebermeier_1-300x300.jpg 300w, https:\/\/www.dainst.blog\/tana\/wp-content\/uploads\/sites\/15\/2020\/11\/wiebke-bebermeier_1-150x150.jpg 150w\" sizes=\"(max-width: 500px) 100vw, 500px\" \/>\t\t\t\t\t\t\t\t\t\t\t\t\t\t\t<\/div>\n\t\t\t\t<\/div>\n\t\t\t\t\t<\/div>\n\t\t<\/div>\n\t\t\t\t<div class=\"elementor-column elementor-col-25 elementor-top-column elementor-element elementor-element-41f6221\" data-id=\"41f6221\" data-element_type=\"column\" data-e-type=\"column\">\n\t\t\t<div class=\"elementor-widget-wrap elementor-element-populated\">\n\t\t\t\t\t\t<div class=\"elementor-element elementor-element-636695f7 elementor-widget elementor-widget-text-editor\" data-id=\"636695f7\" data-element_type=\"widget\" data-e-type=\"widget\" data-widget_type=\"text-editor.default\">\n\t\t\t\t<div class=\"elementor-widget-container\">\n\t\t\t\t\t\t\t\t\t<p><strong>Prof. Dr. Wiebke Bebermeier<\/strong><\/p><p>FU Berlin \/ Institut f\u00fcr Geographische Wissenschaften<\/p><p><em>wiebke.bebermeier@fu-berlin.de<\/em><\/p><p>\u00a0<\/p>\t\t\t\t\t\t\t\t<\/div>\n\t\t\t\t<\/div>\n\t\t\t\t\t<\/div>\n\t\t<\/div>\n\t\t\t\t<div class=\"elementor-column elementor-col-25 elementor-top-column elementor-element elementor-element-13540284\" data-id=\"13540284\" data-element_type=\"column\" data-e-type=\"column\">\n\t\t\t<div class=\"elementor-widget-wrap elementor-element-populated\">\n\t\t\t\t\t\t<div class=\"elementor-element elementor-element-20dc61f2 elementor-widget elementor-widget-image\" data-id=\"20dc61f2\" data-element_type=\"widget\" data-e-type=\"widget\" data-widget_type=\"image.default\">\n\t\t\t\t<div class=\"elementor-widget-container\">\n\t\t\t\t\t\t\t\t\t\t\t\t\t\t\t<img loading=\"lazy\" decoding=\"async\" width=\"200\" height=\"200\" src=\"https:\/\/www.dainst.blog\/tana\/wp-content\/uploads\/sites\/15\/2020\/11\/s200_moheddine.chaouali_academia.jpg\" class=\"attachment-large size-large wp-image-485\" alt=\"\" srcset=\"https:\/\/www.dainst.blog\/tana\/wp-content\/uploads\/sites\/15\/2020\/11\/s200_moheddine.chaouali_academia.jpg 200w, https:\/\/www.dainst.blog\/tana\/wp-content\/uploads\/sites\/15\/2020\/11\/s200_moheddine.chaouali_academia-150x150.jpg 150w\" sizes=\"(max-width: 200px) 100vw, 200px\" \/>\t\t\t\t\t\t\t\t\t\t\t\t\t\t\t<\/div>\n\t\t\t\t<\/div>\n\t\t\t\t\t<\/div>\n\t\t<\/div>\n\t\t\t\t<div class=\"elementor-column elementor-col-25 elementor-top-column elementor-element elementor-element-4fec8222\" data-id=\"4fec8222\" data-element_type=\"column\" data-e-type=\"column\">\n\t\t\t<div class=\"elementor-widget-wrap elementor-element-populated\">\n\t\t\t\t\t\t<div class=\"elementor-element elementor-element-7c79d062 elementor-widget elementor-widget-text-editor\" data-id=\"7c79d062\" data-element_type=\"widget\" data-e-type=\"widget\" data-widget_type=\"text-editor.default\">\n\t\t\t\t<div class=\"elementor-widget-container\">\n\t\t\t\t\t\t\t\t\t<p><strong>Dr. Moheddine Chaouali<\/strong><\/p><p>Institut National du Patrimoine \/ INP, Tunisie<\/p>\t\t\t\t\t\t\t\t<\/div>\n\t\t\t\t<\/div>\n\t\t\t\t\t<\/div>\n\t\t<\/div>\n\t\t\t\t\t<\/div>\n\t\t<\/section>\n\t\t\t\t<section class=\"elementor-section elementor-top-section elementor-element elementor-element-dba54d2 elementor-section-boxed elementor-section-height-default elementor-section-height-default\" data-id=\"dba54d2\" data-element_type=\"section\" data-e-type=\"section\">\n\t\t\t\t\t\t<div class=\"elementor-container elementor-column-gap-default\">\n\t\t\t\t\t<div class=\"elementor-column elementor-col-100 elementor-top-column elementor-element elementor-element-6495da0\" data-id=\"6495da0\" data-element_type=\"column\" data-e-type=\"column\">\n\t\t\t<div class=\"elementor-widget-wrap\">\n\t\t\t\t\t\t\t<\/div>\n\t\t<\/div>\n\t\t\t\t\t<\/div>\n\t\t<\/section>\n\t\t\t\t<\/div>\n\t\t","protected":false},"excerpt":{"rendered":"<p>ISLAMAFR &#8211; Eroberung, \u00d6kologie und \u00d6konomie im islamischen Nordafrika: Das Beispiel des zentralen Medjerdatals Fig. 1\u00a0\u00a0\u00a0 Fallstudien-Region [von H. M\u00f6ller]. Die muslimische Eroberung des byzantinischen und maurischen Nordafrikas hatte st\u00e4dtebauliche, \u00f6kologische und \u00f6konomische Konsequenzen, die f\u00fcr das Verst\u00e4ndnis der Entwicklung der nordafrikanischen Gesellschaft von grundlegender Bedeutung sind. Doch was seit langer Zeit \u00fcber den Zusammenbruch [&hellip;]<\/p>\n","protected":false},"author":29,"featured_media":0,"parent":0,"menu_order":0,"comment_status":"closed","ping_status":"closed","template":"","meta":{"footnotes":""},"class_list":["post-478","page","type-page","status-publish","hentry"],"_links":{"self":[{"href":"https:\/\/www.dainst.blog\/tana\/wp-json\/wp\/v2\/pages\/478"}],"collection":[{"href":"https:\/\/www.dainst.blog\/tana\/wp-json\/wp\/v2\/pages"}],"about":[{"href":"https:\/\/www.dainst.blog\/tana\/wp-json\/wp\/v2\/types\/page"}],"author":[{"embeddable":true,"href":"https:\/\/www.dainst.blog\/tana\/wp-json\/wp\/v2\/users\/29"}],"replies":[{"embeddable":true,"href":"https:\/\/www.dainst.blog\/tana\/wp-json\/wp\/v2\/comments?post=478"}],"version-history":[{"count":4,"href":"https:\/\/www.dainst.blog\/tana\/wp-json\/wp\/v2\/pages\/478\/revisions"}],"predecessor-version":[{"id":491,"href":"https:\/\/www.dainst.blog\/tana\/wp-json\/wp\/v2\/pages\/478\/revisions\/491"}],"wp:attachment":[{"href":"https:\/\/www.dainst.blog\/tana\/wp-json\/wp\/v2\/media?parent=478"}],"curies":[{"name":"wp","href":"https:\/\/api.w.org\/{rel}","templated":true}]}}