{"id":578,"date":"2020-11-13T19:36:11","date_gmt":"2020-11-13T18:36:11","guid":{"rendered":"http:\/\/www.dainst.blog\/tana\/?page_id=578"},"modified":"2021-03-16T10:25:42","modified_gmt":"2021-03-16T09:25:42","slug":"meroe-royal-baths-sudan","status":"publish","type":"page","link":"https:\/\/www.dainst.blog\/tana\/de\/meroe-royal-baths-sudan\/","title":{"rendered":"Mero\u00eb Royal Baths (Sudan)"},"content":{"rendered":"\t\t<div data-elementor-type=\"wp-page\" data-elementor-id=\"578\" class=\"elementor elementor-578\">\n\t\t\t\t\t\t<section class=\"elementor-section elementor-top-section elementor-element elementor-element-8601db5 elementor-section-boxed elementor-section-height-default elementor-section-height-default\" data-id=\"8601db5\" data-element_type=\"section\" data-e-type=\"section\">\n\t\t\t\t\t\t<div class=\"elementor-container elementor-column-gap-default\">\n\t\t\t\t\t<div class=\"elementor-column elementor-col-100 elementor-top-column elementor-element elementor-element-396be067\" data-id=\"396be067\" data-element_type=\"column\" data-e-type=\"column\">\n\t\t\t<div class=\"elementor-widget-wrap elementor-element-populated\">\n\t\t\t\t\t\t<div class=\"elementor-element elementor-element-698c2027 elementor-widget elementor-widget-heading\" data-id=\"698c2027\" data-element_type=\"widget\" data-e-type=\"widget\" data-widget_type=\"heading.default\">\n\t\t\t\t<div class=\"elementor-widget-container\">\n\t\t\t\t\t<h2 class=\"elementor-heading-title elementor-size-default\">Die k\u00f6niglichen B\u00e4der von Mero\u00eb <\/h2>\t\t\t\t<\/div>\n\t\t\t\t<\/div>\n\t\t\t\t\t<\/div>\n\t\t<\/div>\n\t\t\t\t\t<\/div>\n\t\t<\/section>\n\t\t\t\t<section class=\"elementor-section elementor-top-section elementor-element elementor-element-2c90c7e1 elementor-section-boxed elementor-section-height-default elementor-section-height-default\" data-id=\"2c90c7e1\" data-element_type=\"section\" data-e-type=\"section\">\n\t\t\t\t\t\t<div class=\"elementor-container elementor-column-gap-default\">\n\t\t\t\t\t<div class=\"elementor-column elementor-col-100 elementor-top-column elementor-element elementor-element-2795b71c\" data-id=\"2795b71c\" data-element_type=\"column\" data-e-type=\"column\">\n\t\t\t<div class=\"elementor-widget-wrap elementor-element-populated\">\n\t\t\t\t\t\t<div class=\"elementor-element elementor-element-226954f7 elementor-arrows-position-inside elementor-pagination-position-outside elementor-widget elementor-widget-image-carousel\" data-id=\"226954f7\" data-element_type=\"widget\" data-e-type=\"widget\" data-settings=\"{&quot;navigation&quot;:&quot;both&quot;,&quot;autoplay&quot;:&quot;yes&quot;,&quot;pause_on_hover&quot;:&quot;yes&quot;,&quot;pause_on_interaction&quot;:&quot;yes&quot;,&quot;autoplay_speed&quot;:5000,&quot;infinite&quot;:&quot;yes&quot;,&quot;speed&quot;:500}\" data-widget_type=\"image-carousel.default\">\n\t\t\t\t<div class=\"elementor-widget-container\">\n\t\t\t\t\t\t\t<div class=\"elementor-image-carousel-wrapper swiper\" role=\"region\" aria-roledescription=\"carousel\" aria-label=\"Bild Karussell\" dir=\"ltr\">\n\t\t\t<div class=\"elementor-image-carousel swiper-wrapper\" aria-live=\"off\">\n\t\t\t\t\t\t\t\t<div class=\"swiper-slide\" role=\"group\" aria-roledescription=\"slide\" aria-label=\"1 von 3\"><figure class=\"swiper-slide-inner\"><img decoding=\"async\" class=\"swiper-slide-image\" src=\"https:\/\/www.dainst.blog\/tana\/wp-content\/uploads\/sites\/15\/2020\/11\/MeroeRoyalBaths_Bild-02-1-1024x683.jpg\" alt=\"Fig. 1 | \u00a9 DAI, MRB\" \/><figcaption class=\"elementor-image-carousel-caption\">Fig. 1 | \u00a9 DAI, MRB<\/figcaption><\/figure><\/div><div class=\"swiper-slide\" role=\"group\" aria-roledescription=\"slide\" aria-label=\"2 von 3\"><figure class=\"swiper-slide-inner\"><img decoding=\"async\" class=\"swiper-slide-image\" src=\"https:\/\/www.dainst.blog\/tana\/wp-content\/uploads\/sites\/15\/2020\/11\/MeroeRoyalBaths_Bild-03_1-1-1024x682.jpg\" alt=\"Fig. 2 | \u00a9 DAI, MRB\" \/><figcaption class=\"elementor-image-carousel-caption\">Fig. 2 | \u00a9 DAI, MRB<\/figcaption><\/figure><\/div><div class=\"swiper-slide\" role=\"group\" aria-roledescription=\"slide\" aria-label=\"3 von 3\"><figure class=\"swiper-slide-inner\"><img decoding=\"async\" class=\"swiper-slide-image\" src=\"https:\/\/www.dainst.blog\/tana\/wp-content\/uploads\/sites\/15\/2020\/11\/MeroeRoyalBaths_Bild-04_1-1-1024x682.jpg\" alt=\"Fig. 3 | \u00a9 DAI, MRB\" \/><figcaption class=\"elementor-image-carousel-caption\">Fig. 3 | \u00a9 DAI, MRB<\/figcaption><\/figure><\/div>\t\t\t<\/div>\n\t\t\t\t\t\t\t\t\t\t\t\t<div class=\"elementor-swiper-button elementor-swiper-button-prev\" role=\"button\" tabindex=\"0\">\n\t\t\t\t\t\t<i aria-hidden=\"true\" class=\"eicon-chevron-left\"><\/i>\t\t\t\t\t<\/div>\n\t\t\t\t\t<div class=\"elementor-swiper-button elementor-swiper-button-next\" role=\"button\" tabindex=\"0\">\n\t\t\t\t\t\t<i aria-hidden=\"true\" class=\"eicon-chevron-right\"><\/i>\t\t\t\t\t<\/div>\n\t\t\t\t\n\t\t\t\t\t\t\t\t\t<div class=\"swiper-pagination\"><\/div>\n\t\t\t\t\t\t\t\t\t<\/div>\n\t\t\t\t\t\t<\/div>\n\t\t\t\t<\/div>\n\t\t\t\t\t<\/div>\n\t\t<\/div>\n\t\t\t\t\t<\/div>\n\t\t<\/section>\n\t\t\t\t<section class=\"elementor-section elementor-top-section elementor-element elementor-element-a079471 elementor-section-boxed elementor-section-height-default elementor-section-height-default\" data-id=\"a079471\" data-element_type=\"section\" data-e-type=\"section\">\n\t\t\t\t\t\t<div class=\"elementor-container elementor-column-gap-default\">\n\t\t\t\t\t<div class=\"elementor-column elementor-col-100 elementor-top-column elementor-element elementor-element-7f1b06b5\" data-id=\"7f1b06b5\" data-element_type=\"column\" data-e-type=\"column\">\n\t\t\t<div class=\"elementor-widget-wrap elementor-element-populated\">\n\t\t\t\t\t\t<div class=\"elementor-element elementor-element-1f938652 elementor-widget elementor-widget-text-editor\" data-id=\"1f938652\" data-element_type=\"widget\" data-e-type=\"widget\" data-widget_type=\"text-editor.default\">\n\t\t\t\t<div class=\"elementor-widget-container\">\n\t\t\t\t\t\t\t\t\t<p>Die antike Stadt Mero\u00eb liegt im Mittleren Niltal, gut 200 km n\u00f6rdlich von Khartoum. Hier in der Region zwischen dem 5. und 6. Katarakt befand sich von etwa 300 v. Chr. bis 350 n. Chr. das Zentrum des afrikanischen Reiches von Kusch. In den Jahrhunderten um die Zeitenwende florierte die Baut\u00e4tigkeit in der Residenzstadt Mero\u00eb, in diesem Zuge wurden auch die sog. Royal Baths direkt neben den k\u00f6niglichen Pal\u00e4sten errichtet.<\/p><p>Der Geb\u00e4udekomplex ist ohne Parallele im meroitischen Kulturraum. Er umfasst ein 7 x 7\u00a0m gro\u00dfes und 2,40\u00a0m tiefes Wasserbecken sowie die Exedra mit vier majest\u00e4tischen Sitzen, umgeben von einem Garten, durch den offene Wasserkan\u00e4le zum Becken f\u00fchrten. Dort pl\u00e4tscherte Wasser vor der Kulisse einer reich mit Sandstein-Skulpturen, Fayencen und Wandmalereien ausgestatteten Schauwand ins Becken, und auch aus einer S\u00e4ule im Becken floss Wasser hinab.<\/p><p>Das einzigartige Ensemble ist ein bedeutendes Zeugnis f\u00fcr Kulturtransfer zwischen dem Mittelmeerraum und Subsahara-Afrika um die Zeitenwende. Neben der Inszenierung des Elements Wasser zogen auch die Bilder von Musik, Tanz und Wein die Aufmerksamkeit auf sich. Die Darstellungen sind teils aus der griechisch\u2010dionysischen Bilderwelt entlehnt, werden jedoch explizit in die indigene Vorstellungswelt integriert. Anregungen f\u00fcr die Bilder kamen \u00fcber die Kontakte des meroitischen K\u00f6nigshauses mit den n\u00f6rdlich benachbarten Dynastien, mit den Ptolem\u00e4ern in \u00c4gypten, den Hasmon\u00e4ern in der Levante und mit den R\u00f6mern. So werden die Royal Baths in Mero\u00eb zum Ort f\u00fcr ein heiteres Festgeschehen, das f\u00fcr Wohlergehen und Fruchtbarkeit unter dem Schutz der G\u00f6tter steht.<\/p><p>Seit 1999 erforschen das DAI und der sudanesische Antikendienst gemeinsam die Bauentwicklung, Ausstattung und Wasserinstallationen sowie die Bedeutung des Bauwerks, das zum Weltkulturerbe geh\u00f6rt. Nach stetigen Konservierungsma\u00dfnahmen wird ein neuer Schutzbau zum Erhalt der Anlage und f\u00fcr eine attraktive Besucherf\u00fchrung errichtet.<\/p>\t\t\t\t\t\t\t\t<\/div>\n\t\t\t\t<\/div>\n\t\t\t\t\t<\/div>\n\t\t<\/div>\n\t\t\t\t\t<\/div>\n\t\t<\/section>\n\t\t\t\t<section class=\"elementor-section elementor-top-section elementor-element elementor-element-796980c9 elementor-section-boxed elementor-section-height-default elementor-section-height-default\" data-id=\"796980c9\" data-element_type=\"section\" data-e-type=\"section\">\n\t\t\t\t\t\t<div class=\"elementor-container elementor-column-gap-default\">\n\t\t\t\t\t<div class=\"elementor-column elementor-col-100 elementor-top-column elementor-element elementor-element-2a447fba\" data-id=\"2a447fba\" data-element_type=\"column\" data-e-type=\"column\">\n\t\t\t<div class=\"elementor-widget-wrap elementor-element-populated\">\n\t\t\t\t\t\t<div class=\"elementor-element elementor-element-1a0045fa elementor-widget elementor-widget-heading\" data-id=\"1a0045fa\" data-element_type=\"widget\" data-e-type=\"widget\" data-widget_type=\"heading.default\">\n\t\t\t\t<div class=\"elementor-widget-container\">\n\t\t\t\t\t<h4 class=\"elementor-heading-title elementor-size-default\">Mitglieder<\/h4>\t\t\t\t<\/div>\n\t\t\t\t<\/div>\n\t\t\t\t\t<\/div>\n\t\t<\/div>\n\t\t\t\t\t<\/div>\n\t\t<\/section>\n\t\t\t\t<section class=\"elementor-section elementor-top-section elementor-element elementor-element-23968cf5 elementor-section-boxed elementor-section-height-default elementor-section-height-default\" data-id=\"23968cf5\" data-element_type=\"section\" data-e-type=\"section\">\n\t\t\t\t\t\t<div class=\"elementor-container elementor-column-gap-default\">\n\t\t\t\t\t<div class=\"elementor-column elementor-col-25 elementor-top-column elementor-element elementor-element-1e57a202\" data-id=\"1e57a202\" data-element_type=\"column\" data-e-type=\"column\">\n\t\t\t<div class=\"elementor-widget-wrap elementor-element-populated\">\n\t\t\t\t\t\t<div class=\"elementor-element elementor-element-4748b88a elementor-widget elementor-widget-image\" data-id=\"4748b88a\" data-element_type=\"widget\" data-e-type=\"widget\" data-widget_type=\"image.default\">\n\t\t\t\t<div class=\"elementor-widget-container\">\n\t\t\t\t\t\t\t\t\t\t\t\t\t\t\t<img fetchpriority=\"high\" decoding=\"async\" width=\"308\" height=\"308\" src=\"https:\/\/www.dainst.blog\/tana\/wp-content\/uploads\/sites\/15\/2021\/03\/TANA_Logo_rot_Quadrat-1.jpg\" class=\"attachment-large size-large wp-image-1217\" alt=\"\" srcset=\"https:\/\/www.dainst.blog\/tana\/wp-content\/uploads\/sites\/15\/2021\/03\/TANA_Logo_rot_Quadrat-1.jpg 308w, https:\/\/www.dainst.blog\/tana\/wp-content\/uploads\/sites\/15\/2021\/03\/TANA_Logo_rot_Quadrat-1-300x300.jpg 300w, https:\/\/www.dainst.blog\/tana\/wp-content\/uploads\/sites\/15\/2021\/03\/TANA_Logo_rot_Quadrat-1-150x150.jpg 150w\" sizes=\"(max-width: 308px) 100vw, 308px\" \/>\t\t\t\t\t\t\t\t\t\t\t\t\t\t\t<\/div>\n\t\t\t\t<\/div>\n\t\t\t\t\t<\/div>\n\t\t<\/div>\n\t\t\t\t<div class=\"elementor-column elementor-col-25 elementor-top-column elementor-element elementor-element-60fb25ac\" data-id=\"60fb25ac\" data-element_type=\"column\" data-e-type=\"column\">\n\t\t\t<div class=\"elementor-widget-wrap elementor-element-populated\">\n\t\t\t\t\t\t<div class=\"elementor-element elementor-element-48108332 elementor-widget elementor-widget-text-editor\" data-id=\"48108332\" data-element_type=\"widget\" data-e-type=\"widget\" data-widget_type=\"text-editor.default\">\n\t\t\t\t<div class=\"elementor-widget-container\">\n\t\t\t\t\t\t\t\t\t<p><strong>Dr. Simone Wolf<\/strong><\/p><p>DAI Zentrale<\/p><p><em>simone.wolf@dainst.de<\/em><\/p>\t\t\t\t\t\t\t\t<\/div>\n\t\t\t\t<\/div>\n\t\t\t\t\t<\/div>\n\t\t<\/div>\n\t\t\t\t<div class=\"elementor-column elementor-col-25 elementor-top-column elementor-element elementor-element-43710461\" data-id=\"43710461\" data-element_type=\"column\" data-e-type=\"column\">\n\t\t\t<div class=\"elementor-widget-wrap elementor-element-populated\">\n\t\t\t\t\t\t<div class=\"elementor-element elementor-element-320e0f9 elementor-widget elementor-widget-image\" data-id=\"320e0f9\" data-element_type=\"widget\" data-e-type=\"widget\" data-widget_type=\"image.default\">\n\t\t\t\t<div class=\"elementor-widget-container\">\n\t\t\t\t\t\t\t\t\t\t\t\t\t\t\t<img fetchpriority=\"high\" decoding=\"async\" width=\"308\" height=\"308\" src=\"https:\/\/www.dainst.blog\/tana\/wp-content\/uploads\/sites\/15\/2021\/03\/TANA_Logo_rot_Quadrat-1.jpg\" class=\"attachment-large size-large wp-image-1217\" alt=\"\" srcset=\"https:\/\/www.dainst.blog\/tana\/wp-content\/uploads\/sites\/15\/2021\/03\/TANA_Logo_rot_Quadrat-1.jpg 308w, https:\/\/www.dainst.blog\/tana\/wp-content\/uploads\/sites\/15\/2021\/03\/TANA_Logo_rot_Quadrat-1-300x300.jpg 300w, https:\/\/www.dainst.blog\/tana\/wp-content\/uploads\/sites\/15\/2021\/03\/TANA_Logo_rot_Quadrat-1-150x150.jpg 150w\" sizes=\"(max-width: 308px) 100vw, 308px\" \/>\t\t\t\t\t\t\t\t\t\t\t\t\t\t\t<\/div>\n\t\t\t\t<\/div>\n\t\t\t\t\t<\/div>\n\t\t<\/div>\n\t\t\t\t<div class=\"elementor-column elementor-col-25 elementor-top-column elementor-element elementor-element-1b8cf03a\" data-id=\"1b8cf03a\" data-element_type=\"column\" data-e-type=\"column\">\n\t\t\t<div class=\"elementor-widget-wrap elementor-element-populated\">\n\t\t\t\t\t\t<div class=\"elementor-element elementor-element-7d53f722 elementor-widget elementor-widget-text-editor\" data-id=\"7d53f722\" data-element_type=\"widget\" data-e-type=\"widget\" data-widget_type=\"text-editor.default\">\n\t\t\t\t<div class=\"elementor-widget-container\">\n\t\t\t\t\t\t\t\t\t<p><strong>Dr. Hans-Ulrich Onasch<\/strong><\/p><p>DAI Zentrale<\/p><p>hans-ulrich.onasch@dainst.de<\/p><p><em>\u00a0<\/em><\/p>\t\t\t\t\t\t\t\t<\/div>\n\t\t\t\t<\/div>\n\t\t\t\t\t<\/div>\n\t\t<\/div>\n\t\t\t\t\t<\/div>\n\t\t<\/section>\n\t\t\t\t<section class=\"elementor-section elementor-top-section elementor-element elementor-element-da847cd elementor-section-boxed elementor-section-height-default elementor-section-height-default\" data-id=\"da847cd\" data-element_type=\"section\" data-e-type=\"section\">\n\t\t\t\t\t\t<div class=\"elementor-container elementor-column-gap-default\">\n\t\t\t\t\t<div class=\"elementor-column elementor-col-100 elementor-top-column elementor-element elementor-element-78bcada6\" data-id=\"78bcada6\" data-element_type=\"column\" data-e-type=\"column\">\n\t\t\t<div class=\"elementor-widget-wrap elementor-element-populated\">\n\t\t\t\t\t\t<div class=\"elementor-element elementor-element-3e2d361b elementor-widget elementor-widget-heading\" data-id=\"3e2d361b\" data-element_type=\"widget\" data-e-type=\"widget\" data-widget_type=\"heading.default\">\n\t\t\t\t<div class=\"elementor-widget-container\">\n\t\t\t\t\t<h4 class=\"elementor-heading-title elementor-size-default\">Partnerorganisationen<\/h4>\t\t\t\t<\/div>\n\t\t\t\t<\/div>\n\t\t\t\t\t<\/div>\n\t\t<\/div>\n\t\t\t\t\t<\/div>\n\t\t<\/section>\n\t\t\t\t<section class=\"elementor-section elementor-top-section elementor-element elementor-element-3c6097fe elementor-section-boxed elementor-section-height-default elementor-section-height-default\" data-id=\"3c6097fe\" data-element_type=\"section\" data-e-type=\"section\">\n\t\t\t\t\t\t<div class=\"elementor-container elementor-column-gap-default\">\n\t\t\t\t\t<div class=\"elementor-column elementor-col-25 elementor-top-column elementor-element elementor-element-6ba0b57f\" data-id=\"6ba0b57f\" data-element_type=\"column\" data-e-type=\"column\">\n\t\t\t<div class=\"elementor-widget-wrap elementor-element-populated\">\n\t\t\t\t\t\t<div class=\"elementor-element elementor-element-1a19fff5 elementor-widget elementor-widget-image\" data-id=\"1a19fff5\" data-element_type=\"widget\" data-e-type=\"widget\" data-widget_type=\"image.default\">\n\t\t\t\t<div class=\"elementor-widget-container\">\n\t\t\t\t\t\t\t\t\t\t\t\t\t\t\t<img decoding=\"async\" width=\"1024\" height=\"1024\" src=\"https:\/\/www.dainst.blog\/tana\/wp-content\/uploads\/sites\/15\/2020\/08\/Z_Platzhalter-1-1024x1024.png\" class=\"attachment-large size-large wp-image-181\" alt=\"\" srcset=\"https:\/\/www.dainst.blog\/tana\/wp-content\/uploads\/sites\/15\/2020\/08\/Z_Platzhalter-1-1024x1024.png 1024w, https:\/\/www.dainst.blog\/tana\/wp-content\/uploads\/sites\/15\/2020\/08\/Z_Platzhalter-1-300x300.png 300w, https:\/\/www.dainst.blog\/tana\/wp-content\/uploads\/sites\/15\/2020\/08\/Z_Platzhalter-1-150x150.png 150w, https:\/\/www.dainst.blog\/tana\/wp-content\/uploads\/sites\/15\/2020\/08\/Z_Platzhalter-1-768x768.png 768w, https:\/\/www.dainst.blog\/tana\/wp-content\/uploads\/sites\/15\/2020\/08\/Z_Platzhalter-1-750x750.png 750w, https:\/\/www.dainst.blog\/tana\/wp-content\/uploads\/sites\/15\/2020\/08\/Z_Platzhalter-1.png 1280w\" sizes=\"(max-width: 1024px) 100vw, 1024px\" \/>\t\t\t\t\t\t\t\t\t\t\t\t\t\t\t<\/div>\n\t\t\t\t<\/div>\n\t\t\t\t\t<\/div>\n\t\t<\/div>\n\t\t\t\t<div class=\"elementor-column elementor-col-25 elementor-top-column elementor-element elementor-element-6b3fb092\" data-id=\"6b3fb092\" data-element_type=\"column\" data-e-type=\"column\">\n\t\t\t<div class=\"elementor-widget-wrap elementor-element-populated\">\n\t\t\t\t\t\t<div class=\"elementor-element elementor-element-2ba12559 elementor-widget elementor-widget-text-editor\" data-id=\"2ba12559\" data-element_type=\"widget\" data-e-type=\"widget\" data-widget_type=\"text-editor.default\">\n\t\t\t\t<div class=\"elementor-widget-container\">\n\t\t\t\t\t\t\t\t\t<p><strong>National Corporation for Antiquities and Museums (NCAM)<\/strong><\/p><p>Khartoum, Sudan<\/p>\t\t\t\t\t\t\t\t<\/div>\n\t\t\t\t<\/div>\n\t\t\t\t\t<\/div>\n\t\t<\/div>\n\t\t\t\t<div class=\"elementor-column elementor-col-25 elementor-top-column elementor-element elementor-element-4c6d297c\" data-id=\"4c6d297c\" data-element_type=\"column\" data-e-type=\"column\">\n\t\t\t<div class=\"elementor-widget-wrap elementor-element-populated\">\n\t\t\t\t\t\t\t<\/div>\n\t\t<\/div>\n\t\t\t\t<div class=\"elementor-column elementor-col-25 elementor-top-column elementor-element elementor-element-71f7af67\" data-id=\"71f7af67\" data-element_type=\"column\" data-e-type=\"column\">\n\t\t\t<div class=\"elementor-widget-wrap elementor-element-populated\">\n\t\t\t\t\t\t\t<\/div>\n\t\t<\/div>\n\t\t\t\t\t<\/div>\n\t\t<\/section>\n\t\t\t\t<section class=\"elementor-section elementor-top-section elementor-element elementor-element-4546ced2 elementor-section-boxed elementor-section-height-default elementor-section-height-default\" data-id=\"4546ced2\" data-element_type=\"section\" data-e-type=\"section\">\n\t\t\t\t\t\t<div class=\"elementor-container elementor-column-gap-default\">\n\t\t\t\t\t<div class=\"elementor-column elementor-col-100 elementor-top-column elementor-element elementor-element-46a59b3e\" data-id=\"46a59b3e\" data-element_type=\"column\" data-e-type=\"column\">\n\t\t\t<div class=\"elementor-widget-wrap elementor-element-populated\">\n\t\t\t\t\t\t<div class=\"elementor-element elementor-element-cae78d elementor-widget elementor-widget-heading\" data-id=\"cae78d\" data-element_type=\"widget\" data-e-type=\"widget\" data-widget_type=\"heading.default\">\n\t\t\t\t<div class=\"elementor-widget-container\">\n\t\t\t\t\t<h4 class=\"elementor-heading-title elementor-size-default\">Abbildungen<\/h4>\t\t\t\t<\/div>\n\t\t\t\t<\/div>\n\t\t\t\t\t<\/div>\n\t\t<\/div>\n\t\t\t\t\t<\/div>\n\t\t<\/section>\n\t\t\t\t<section class=\"elementor-section elementor-top-section elementor-element elementor-element-49a9f7b1 elementor-section-boxed elementor-section-height-default elementor-section-height-default\" data-id=\"49a9f7b1\" data-element_type=\"section\" data-e-type=\"section\">\n\t\t\t\t\t\t<div class=\"elementor-container elementor-column-gap-default\">\n\t\t\t\t\t<div class=\"elementor-column elementor-col-100 elementor-top-column elementor-element elementor-element-44793a46\" data-id=\"44793a46\" data-element_type=\"column\" data-e-type=\"column\">\n\t\t\t<div class=\"elementor-widget-wrap elementor-element-populated\">\n\t\t\t\t\t\t<div class=\"elementor-element elementor-element-15908f2f elementor-widget elementor-widget-text-editor\" data-id=\"15908f2f\" data-element_type=\"widget\" data-e-type=\"widget\" data-widget_type=\"text-editor.default\">\n\t\t\t\t<div class=\"elementor-widget-container\">\n\t\t\t\t\t\t\t\t\t<p><strong>Fig. 1\u00a0\u00a0\u00a0\u00a0<\/strong>Blick auf das Wasserbecken der Royal Baths mit der reich ausgestatteten Schauwand [\u00a9 DAI, Mero\u00eb <br \/>\u00a0\u00a0\u00a0\u00a0\u00a0\u00a0\u00a0\u00a0\u00a0\u00a0\u00a0\u00a0\u00a0 Royal Baths Projekt (D-DAI-Z-MRB_20010100_MF-0911, H.-U. Onasch)].<\/p><p><strong>Fig. 2\u00a0\u00a0\u00a0\u00a0<\/strong>Simulation des Beckenbereichs der Royal Baths in der Antike, 3D-Modell basierend auf 3D-Scan und <br \/>\u00a0\u00a0\u00a0\u00a0\u00a0\u00a0\u00a0\u00a0\u00a0\u00a0\u00a0\u00a0\u00a0 photogrammetrischer Aufnahme [\u00a9 DAI, Mero\u00eb Royal Baths Projekt (D-DAI-<br \/>\u00a0\u00a0\u00a0\u00a0\u00a0\u00a0\u00a0\u00a0\u00a0\u00a0\u00a0\u00a0\u00a0 Z-MRB_20170000_3D-0001, K. Aldenhoven, H.-U. Onasch, TrigonArt Berlin)].<\/p><p><strong>Fig. 3\u00a0\u00a0\u00a0\u00a0<\/strong>Entwurf des neuen Schutzbaus f\u00fcr die Royal Baths von K\u00e9r\u00e9 Architecture, 2015 [\u00a9 DAI, Mero\u00eb Royal <br \/>\u00a0\u00a0\u00a0\u00a0\u00a0\u00a0\u00a0\u00a0\u00a0\u00a0\u00a0\u00a0\u00a0 Baths Projekt (K\u00e9r\u00e9 Architecture, Berlin)].<\/p><p><strong>Fig. 4\u00a0\u00a0\u00a0\u00a0<\/strong>Schematischer Grundriss der Royal Baths in Mero\u00eb, 2015 [\u00a9 DAI, Mero\u00eb Royal Baths Projekt <br \/>\u00a0\u00a0\u00a0\u00a0\u00a0\u00a0\u00a0\u00a0\u00a0\u00a0\u00a0\u00a0\u00a0 (E. Richter, Grundlage Plan J. Garstang 1912-1914 und Daten des MRB-Projekts)].<\/p>\t\t\t\t\t\t\t\t<\/div>\n\t\t\t\t<\/div>\n\t\t\t\t\t<\/div>\n\t\t<\/div>\n\t\t\t\t\t<\/div>\n\t\t<\/section>\n\t\t\t\t<section class=\"elementor-section elementor-top-section elementor-element elementor-element-0ec9d68 elementor-section-boxed elementor-section-height-default elementor-section-height-default\" data-id=\"0ec9d68\" data-element_type=\"section\" data-e-type=\"section\">\n\t\t\t\t\t\t<div class=\"elementor-container elementor-column-gap-default\">\n\t\t\t\t\t<div class=\"elementor-column elementor-col-100 elementor-top-column elementor-element elementor-element-a3f6090\" data-id=\"a3f6090\" data-element_type=\"column\" data-e-type=\"column\">\n\t\t\t<div class=\"elementor-widget-wrap elementor-element-populated\">\n\t\t\t\t\t\t<div class=\"elementor-element elementor-element-576f153 elementor-widget elementor-widget-image\" data-id=\"576f153\" data-element_type=\"widget\" data-e-type=\"widget\" data-widget_type=\"image.default\">\n\t\t\t\t<div class=\"elementor-widget-container\">\n\t\t\t\t\t\t\t\t\t\t\t\t<figure class=\"wp-caption\">\n\t\t\t\t\t\t\t\t\t\t<img decoding=\"async\" width=\"940\" height=\"1024\" src=\"https:\/\/www.dainst.blog\/tana\/wp-content\/uploads\/sites\/15\/2020\/11\/MeroeRoyalBaths_Bild-01-de-940x1024.jpg\" class=\"attachment-large size-large wp-image-586\" alt=\"\" srcset=\"https:\/\/www.dainst.blog\/tana\/wp-content\/uploads\/sites\/15\/2020\/11\/MeroeRoyalBaths_Bild-01-de-940x1024.jpg 940w, https:\/\/www.dainst.blog\/tana\/wp-content\/uploads\/sites\/15\/2020\/11\/MeroeRoyalBaths_Bild-01-de-276x300.jpg 276w, https:\/\/www.dainst.blog\/tana\/wp-content\/uploads\/sites\/15\/2020\/11\/MeroeRoyalBaths_Bild-01-de-768x836.jpg 768w, https:\/\/www.dainst.blog\/tana\/wp-content\/uploads\/sites\/15\/2020\/11\/MeroeRoyalBaths_Bild-01-de-1411x1536.jpg 1411w, https:\/\/www.dainst.blog\/tana\/wp-content\/uploads\/sites\/15\/2020\/11\/MeroeRoyalBaths_Bild-01-de-1881x2048.jpg 1881w, https:\/\/www.dainst.blog\/tana\/wp-content\/uploads\/sites\/15\/2020\/11\/MeroeRoyalBaths_Bild-01-de-750x817.jpg 750w\" sizes=\"(max-width: 940px) 100vw, 940px\" \/>\t\t\t\t\t\t\t\t\t\t\t<figcaption class=\"widget-image-caption wp-caption-text\">Fig. 4 | \u00a9 DAI, MRB<\/figcaption>\n\t\t\t\t\t\t\t\t\t\t<\/figure>\n\t\t\t\t\t\t\t\t\t<\/div>\n\t\t\t\t<\/div>\n\t\t\t\t\t<\/div>\n\t\t<\/div>\n\t\t\t\t\t<\/div>\n\t\t<\/section>\n\t\t\t\t<\/div>\n\t\t","protected":false},"excerpt":{"rendered":"<p>Die k\u00f6niglichen B\u00e4der von Mero\u00eb Fig. 1 | \u00a9 DAI, MRB Fig. 2 | \u00a9 DAI, MRB Fig. 3 | \u00a9 DAI, MRB Zur\u00fcck Weiter Die antike Stadt Mero\u00eb liegt im Mittleren Niltal, gut 200 km n\u00f6rdlich von Khartoum. Hier in der Region zwischen dem 5. und 6. Katarakt befand sich von etwa 300 v. [&hellip;]<\/p>\n","protected":false},"author":29,"featured_media":0,"parent":0,"menu_order":0,"comment_status":"closed","ping_status":"closed","template":"","meta":{"footnotes":""},"class_list":["post-578","page","type-page","status-publish","hentry"],"_links":{"self":[{"href":"https:\/\/www.dainst.blog\/tana\/wp-json\/wp\/v2\/pages\/578"}],"collection":[{"href":"https:\/\/www.dainst.blog\/tana\/wp-json\/wp\/v2\/pages"}],"about":[{"href":"https:\/\/www.dainst.blog\/tana\/wp-json\/wp\/v2\/types\/page"}],"author":[{"embeddable":true,"href":"https:\/\/www.dainst.blog\/tana\/wp-json\/wp\/v2\/users\/29"}],"replies":[{"embeddable":true,"href":"https:\/\/www.dainst.blog\/tana\/wp-json\/wp\/v2\/comments?post=578"}],"version-history":[{"count":13,"href":"https:\/\/www.dainst.blog\/tana\/wp-json\/wp\/v2\/pages\/578\/revisions"}],"predecessor-version":[{"id":1242,"href":"https:\/\/www.dainst.blog\/tana\/wp-json\/wp\/v2\/pages\/578\/revisions\/1242"}],"wp:attachment":[{"href":"https:\/\/www.dainst.blog\/tana\/wp-json\/wp\/v2\/media?parent=578"}],"curies":[{"name":"wp","href":"https:\/\/api.w.org\/{rel}","templated":true}]}}