{"id":598,"date":"2020-11-13T20:11:24","date_gmt":"2020-11-13T19:11:24","guid":{"rendered":"http:\/\/www.dainst.blog\/tana\/?page_id=598"},"modified":"2021-03-15T15:55:26","modified_gmt":"2021-03-15T14:55:26","slug":"islamische-rechtsschulen","status":"publish","type":"page","link":"https:\/\/www.dainst.blog\/tana\/de\/islamische-rechtsschulen\/","title":{"rendered":"Islamische Rechtsschulen"},"content":{"rendered":"\t\t<div data-elementor-type=\"wp-page\" data-elementor-id=\"598\" class=\"elementor elementor-598\">\n\t\t\t\t\t\t<section class=\"elementor-section elementor-top-section elementor-element elementor-element-b7d2e2a elementor-section-boxed elementor-section-height-default elementor-section-height-default\" data-id=\"b7d2e2a\" data-element_type=\"section\" data-e-type=\"section\">\n\t\t\t\t\t\t<div class=\"elementor-container elementor-column-gap-default\">\n\t\t\t\t\t<div class=\"elementor-column elementor-col-100 elementor-top-column elementor-element elementor-element-5fef1f6\" data-id=\"5fef1f6\" data-element_type=\"column\" data-e-type=\"column\">\n\t\t\t<div class=\"elementor-widget-wrap elementor-element-populated\">\n\t\t\t\t\t\t<div class=\"elementor-element elementor-element-42854eb2 elementor-widget elementor-widget-heading\" data-id=\"42854eb2\" data-element_type=\"widget\" data-e-type=\"widget\" data-widget_type=\"heading.default\">\n\t\t\t\t<div class=\"elementor-widget-container\">\n\t\t\t\t\t<h2 class=\"elementor-heading-title elementor-size-default\">Islamische Rechtsschulen im n\u00f6rdlichen Afrika. Ordnungen von Architektur und Recht<\/h2>\t\t\t\t<\/div>\n\t\t\t\t<\/div>\n\t\t\t\t\t<\/div>\n\t\t<\/div>\n\t\t\t\t\t<\/div>\n\t\t<\/section>\n\t\t\t\t<section class=\"elementor-section elementor-top-section elementor-element elementor-element-86b610c elementor-section-boxed elementor-section-height-default elementor-section-height-default\" data-id=\"86b610c\" data-element_type=\"section\" data-e-type=\"section\">\n\t\t\t\t\t\t<div class=\"elementor-container elementor-column-gap-default\">\n\t\t\t\t\t<div class=\"elementor-column elementor-col-100 elementor-top-column elementor-element elementor-element-f4acb9d\" data-id=\"f4acb9d\" data-element_type=\"column\" data-e-type=\"column\">\n\t\t\t<div class=\"elementor-widget-wrap elementor-element-populated\">\n\t\t\t\t\t\t<div class=\"elementor-element elementor-element-f5cd22c elementor-widget elementor-widget-image\" data-id=\"f5cd22c\" data-element_type=\"widget\" data-e-type=\"widget\" data-widget_type=\"image.default\">\n\t\t\t\t<div class=\"elementor-widget-container\">\n\t\t\t\t\t\t\t\t\t\t\t\t<figure class=\"wp-caption\">\n\t\t\t\t\t\t\t\t\t\t<img fetchpriority=\"high\" decoding=\"async\" width=\"1024\" height=\"680\" src=\"https:\/\/www.dainst.blog\/tana\/wp-content\/uploads\/sites\/15\/2020\/11\/Bu-Inania-in-Fes-1024x680.jpg\" class=\"attachment-large size-large wp-image-600\" alt=\"\" srcset=\"https:\/\/www.dainst.blog\/tana\/wp-content\/uploads\/sites\/15\/2020\/11\/Bu-Inania-in-Fes-1024x680.jpg 1024w, https:\/\/www.dainst.blog\/tana\/wp-content\/uploads\/sites\/15\/2020\/11\/Bu-Inania-in-Fes-300x199.jpg 300w, https:\/\/www.dainst.blog\/tana\/wp-content\/uploads\/sites\/15\/2020\/11\/Bu-Inania-in-Fes-768x510.jpg 768w, https:\/\/www.dainst.blog\/tana\/wp-content\/uploads\/sites\/15\/2020\/11\/Bu-Inania-in-Fes-1536x1020.jpg 1536w, https:\/\/www.dainst.blog\/tana\/wp-content\/uploads\/sites\/15\/2020\/11\/Bu-Inania-in-Fes-2048x1361.jpg 2048w, https:\/\/www.dainst.blog\/tana\/wp-content\/uploads\/sites\/15\/2020\/11\/Bu-Inania-in-Fes-750x498.jpg 750w\" sizes=\"(max-width: 1024px) 100vw, 1024px\" \/>\t\t\t\t\t\t\t\t\t\t\t<figcaption class=\"widget-image-caption wp-caption-text\">Fig. 1 | Bu Inania in Fes | \u00a9 F. Arnold<\/figcaption>\n\t\t\t\t\t\t\t\t\t\t<\/figure>\n\t\t\t\t\t\t\t\t\t<\/div>\n\t\t\t\t<\/div>\n\t\t\t\t\t<\/div>\n\t\t<\/div>\n\t\t\t\t\t<\/div>\n\t\t<\/section>\n\t\t\t\t<section class=\"elementor-section elementor-top-section elementor-element elementor-element-14d92b01 elementor-section-boxed elementor-section-height-default elementor-section-height-default\" data-id=\"14d92b01\" data-element_type=\"section\" data-e-type=\"section\">\n\t\t\t\t\t\t<div class=\"elementor-container elementor-column-gap-default\">\n\t\t\t\t\t<div class=\"elementor-column elementor-col-100 elementor-top-column elementor-element elementor-element-bf416d3\" data-id=\"bf416d3\" data-element_type=\"column\" data-e-type=\"column\">\n\t\t\t<div class=\"elementor-widget-wrap elementor-element-populated\">\n\t\t\t\t\t\t<div class=\"elementor-element elementor-element-4ff2151b elementor-widget elementor-widget-text-editor\" data-id=\"4ff2151b\" data-element_type=\"widget\" data-e-type=\"widget\" data-widget_type=\"text-editor.default\">\n\t\t\t\t<div class=\"elementor-widget-container\">\n\t\t\t\t\t\t\t\t\t<p>Im 12.-14. Jahrhundert CE wurden \u00fcber das gesamte n\u00f6rdliche Afrika hinweg islamische Rechtsschulen gegr\u00fcndet (<em>mad\u0101ris<\/em>, Singular <em>madrasa<\/em>). Ihren Ausgangspunkt nahm diese Entwicklung im Nahen Osten. Die erste <em>madrasa<\/em> in Kairo lie\u00df Saladin 1171 errichten. Es folgte Bauten in Tunis (1238), Fes (1271) und Granada (1349). Mit der Gr\u00fcndung solcher Rechtsschulen suchten Herrscher einen gem\u00e4\u00dfigten, konsensf\u00e4higen Islam zu f\u00f6rdern. Sie reagierten damit auf Reformbewegungen der vorangehenden Jahrhunderte \u2013 im Osten auf das Schiitentum der Fatimiden, im Westen auf die Zahiriten, eine radikale Rechtsschule der Almohaden. Zugleich versuchten sie den zunehmenden Hang zur Mystik (Sufismus) in der Bev\u00f6lkerung, der die individuelle Gotteserfahrung in den Vordergrund stelle, unter Kontrolle zu bringen.<\/p><p>Im n\u00f6rdlichen Afrika sind \u00fcber 30 <em>madaris<\/em> des 13.-14. Jahrhunderts weitgehend unver\u00e4ndert erhalten, darunter so bedeutende Bauten wie die <em>madrasa<\/em> des Sultan Hasan in Kairo und die B\u016b \u02bfIn\u0101n\u012bya in Fes. Im Rahmen eines Projektes der Abteilung Madrid werden viele dieser Bauten neu vermessen und damit erstmals verl\u00e4ssliche Planzeichnungen ausgearbeitet. Anhand dieser Bauaufnahmen soll der architektonische Entwurf der Geb\u00e4ude analysiert werden.<\/p><p>Analog zu der in ihnen praktizierten Lehre ist der architektonische Entwurf der Rechtschulen als normativer Akt zu sehen. Mehr als an anderen Baugattungen der islamischen Architektur \u2013 etwa Moscheen oder Pal\u00e4sten \u2013 ist an den <em>madaris<\/em> der Versuch zu beobachten, Raum durch Logik und Geometrie zu ordnen. Der Vergleich zwischen architektonischem Entwurfsdenken und Logik in der Rechtsfindung an den Rechtsschulen liefert ganz neue Einsichten in die Krise der Vernunft der Zeit zwischen 1200 und 1350, und damit in einen Prozess, dessen Auswirkungen noch heute die Gesellschaften des n\u00f6rdlichen Afrikas pr\u00e4gen.<\/p><p>Die Entwicklung in den unterschiedlichen Regionen des n\u00f6rdlichen Afrika war dabei keineswegs einheitlich. Ebenso wie die gef\u00f6rderten Lehrrichtungen \u2013 M\u0101likiten im Westen, Sch\u0101fi\u02bfiten im Osten \u2013 unterschieden sich auch die Bauwerke. Typologische Unterschiede \u2013 Breitr\u00e4ume im Westen, iwane im Osten \u2013 sind offensichtlich und immer wieder beschrieben worden. Weniger bekannt ist, dass sich auch die in den Entw\u00fcrfen angewendeten geometrischen Prinzipien unterscheiden \u2013 im Westen gr\u00fcnden viele Entw\u00fcrfe auf den geometrischen Eigenschaften des gleichschenklig rechtwinkligen Dreiecks, im Osten hingegen auf den Eigenschaften des Oktogons. Die Rechtsschulen sind damit nicht nur ein Beispiel f\u00fcr die Kongruenz kultureller Entwicklungen im n\u00f6rdlichen Afrika, sondern auch f\u00fcr die Unterschiede, die diesen Raum pr\u00e4gen.<\/p>\t\t\t\t\t\t\t\t<\/div>\n\t\t\t\t<\/div>\n\t\t\t\t\t<\/div>\n\t\t<\/div>\n\t\t\t\t\t<\/div>\n\t\t<\/section>\n\t\t\t\t<section class=\"elementor-section elementor-top-section elementor-element elementor-element-19d82507 elementor-section-boxed elementor-section-height-default elementor-section-height-default\" data-id=\"19d82507\" data-element_type=\"section\" data-e-type=\"section\">\n\t\t\t\t\t\t<div class=\"elementor-container elementor-column-gap-default\">\n\t\t\t\t\t<div class=\"elementor-column elementor-col-100 elementor-top-column elementor-element elementor-element-250bd5fc\" data-id=\"250bd5fc\" data-element_type=\"column\" data-e-type=\"column\">\n\t\t\t<div class=\"elementor-widget-wrap elementor-element-populated\">\n\t\t\t\t\t\t<div class=\"elementor-element elementor-element-4739af04 elementor-widget elementor-widget-heading\" data-id=\"4739af04\" data-element_type=\"widget\" data-e-type=\"widget\" data-widget_type=\"heading.default\">\n\t\t\t\t<div class=\"elementor-widget-container\">\n\t\t\t\t\t<h4 class=\"elementor-heading-title elementor-size-default\">Mitglieder<\/h4>\t\t\t\t<\/div>\n\t\t\t\t<\/div>\n\t\t\t\t\t<\/div>\n\t\t<\/div>\n\t\t\t\t\t<\/div>\n\t\t<\/section>\n\t\t\t\t<section class=\"elementor-section elementor-top-section elementor-element elementor-element-54367b24 elementor-section-boxed elementor-section-height-default elementor-section-height-default\" data-id=\"54367b24\" data-element_type=\"section\" data-e-type=\"section\">\n\t\t\t\t\t\t<div class=\"elementor-container elementor-column-gap-default\">\n\t\t\t\t\t<div class=\"elementor-column elementor-col-25 elementor-top-column elementor-element elementor-element-458a3452\" data-id=\"458a3452\" data-element_type=\"column\" data-e-type=\"column\">\n\t\t\t<div class=\"elementor-widget-wrap elementor-element-populated\">\n\t\t\t\t\t\t<div class=\"elementor-element elementor-element-161214b2 elementor-widget elementor-widget-image\" data-id=\"161214b2\" data-element_type=\"widget\" data-e-type=\"widget\" data-widget_type=\"image.default\">\n\t\t\t\t<div class=\"elementor-widget-container\">\n\t\t\t\t\t\t\t\t\t\t\t\t\t\t\t<img decoding=\"async\" width=\"350\" height=\"350\" src=\"https:\/\/www.dainst.blog\/tana\/wp-content\/uploads\/sites\/15\/2020\/08\/Felix-Arnold.jpg\" class=\"attachment-large size-large wp-image-206\" alt=\"\" srcset=\"https:\/\/www.dainst.blog\/tana\/wp-content\/uploads\/sites\/15\/2020\/08\/Felix-Arnold.jpg 350w, https:\/\/www.dainst.blog\/tana\/wp-content\/uploads\/sites\/15\/2020\/08\/Felix-Arnold-300x300.jpg 300w, https:\/\/www.dainst.blog\/tana\/wp-content\/uploads\/sites\/15\/2020\/08\/Felix-Arnold-150x150.jpg 150w\" sizes=\"(max-width: 350px) 100vw, 350px\" \/>\t\t\t\t\t\t\t\t\t\t\t\t\t\t\t<\/div>\n\t\t\t\t<\/div>\n\t\t\t\t\t<\/div>\n\t\t<\/div>\n\t\t\t\t<div class=\"elementor-column elementor-col-25 elementor-top-column elementor-element elementor-element-7190b5e\" data-id=\"7190b5e\" data-element_type=\"column\" data-e-type=\"column\">\n\t\t\t<div class=\"elementor-widget-wrap elementor-element-populated\">\n\t\t\t\t\t\t<div class=\"elementor-element elementor-element-438b2f elementor-widget elementor-widget-text-editor\" data-id=\"438b2f\" data-element_type=\"widget\" data-e-type=\"widget\" data-widget_type=\"text-editor.default\">\n\t\t\t\t<div class=\"elementor-widget-container\">\n\t\t\t\t\t\t\t\t\t<p><strong>Felix Arnold<\/strong><\/p>\n<p>DAI | Au\u00dfenstelle Madrid<\/p>\n<p><em>felix.Arnold@dainst.de<\/em><\/p>\t\t\t\t\t\t\t\t<\/div>\n\t\t\t\t<\/div>\n\t\t\t\t\t<\/div>\n\t\t<\/div>\n\t\t\t\t<div class=\"elementor-column elementor-col-25 elementor-top-column elementor-element elementor-element-20dbb5e3\" data-id=\"20dbb5e3\" data-element_type=\"column\" data-e-type=\"column\">\n\t\t\t<div class=\"elementor-widget-wrap elementor-element-populated\">\n\t\t\t\t\t\t\t<\/div>\n\t\t<\/div>\n\t\t\t\t<div class=\"elementor-column elementor-col-25 elementor-top-column elementor-element elementor-element-63205e23\" data-id=\"63205e23\" data-element_type=\"column\" data-e-type=\"column\">\n\t\t\t<div class=\"elementor-widget-wrap elementor-element-populated\">\n\t\t\t\t\t\t\t<\/div>\n\t\t<\/div>\n\t\t\t\t\t<\/div>\n\t\t<\/section>\n\t\t\t\t<section class=\"elementor-section elementor-top-section elementor-element elementor-element-bf63b43 elementor-section-boxed elementor-section-height-default elementor-section-height-default\" data-id=\"bf63b43\" data-element_type=\"section\" data-e-type=\"section\">\n\t\t\t\t\t\t<div class=\"elementor-container elementor-column-gap-default\">\n\t\t\t\t\t<div class=\"elementor-column elementor-col-100 elementor-top-column elementor-element elementor-element-5ef07e1\" data-id=\"5ef07e1\" data-element_type=\"column\" data-e-type=\"column\">\n\t\t\t<div class=\"elementor-widget-wrap\">\n\t\t\t\t\t\t\t<\/div>\n\t\t<\/div>\n\t\t\t\t\t<\/div>\n\t\t<\/section>\n\t\t\t\t<section class=\"elementor-section elementor-top-section elementor-element elementor-element-2ba6e0f elementor-section-boxed elementor-section-height-default elementor-section-height-default\" data-id=\"2ba6e0f\" data-element_type=\"section\" data-e-type=\"section\">\n\t\t\t\t\t\t<div class=\"elementor-container elementor-column-gap-default\">\n\t\t\t\t\t<div class=\"elementor-column elementor-col-100 elementor-top-column elementor-element elementor-element-2e948fe\" data-id=\"2e948fe\" data-element_type=\"column\" data-e-type=\"column\">\n\t\t\t<div class=\"elementor-widget-wrap elementor-element-populated\">\n\t\t\t\t\t\t<div class=\"elementor-element elementor-element-896ccbf elementor-widget elementor-widget-image\" data-id=\"896ccbf\" data-element_type=\"widget\" data-e-type=\"widget\" data-widget_type=\"image.default\">\n\t\t\t\t<div class=\"elementor-widget-container\">\n\t\t\t\t\t\t\t\t\t\t\t\t<figure class=\"wp-caption\">\n\t\t\t\t\t\t\t\t\t\t<img decoding=\"async\" width=\"992\" height=\"1024\" src=\"https:\/\/www.dainst.blog\/tana\/wp-content\/uploads\/sites\/15\/2020\/11\/Sultan-Hasan-in-Kairo-992x1024.jpg\" class=\"attachment-large size-large wp-image-601\" alt=\"\" srcset=\"https:\/\/www.dainst.blog\/tana\/wp-content\/uploads\/sites\/15\/2020\/11\/Sultan-Hasan-in-Kairo-992x1024.jpg 992w, https:\/\/www.dainst.blog\/tana\/wp-content\/uploads\/sites\/15\/2020\/11\/Sultan-Hasan-in-Kairo-291x300.jpg 291w, https:\/\/www.dainst.blog\/tana\/wp-content\/uploads\/sites\/15\/2020\/11\/Sultan-Hasan-in-Kairo-768x793.jpg 768w, https:\/\/www.dainst.blog\/tana\/wp-content\/uploads\/sites\/15\/2020\/11\/Sultan-Hasan-in-Kairo-1488x1536.jpg 1488w, https:\/\/www.dainst.blog\/tana\/wp-content\/uploads\/sites\/15\/2020\/11\/Sultan-Hasan-in-Kairo-1984x2048.jpg 1984w, https:\/\/www.dainst.blog\/tana\/wp-content\/uploads\/sites\/15\/2020\/11\/Sultan-Hasan-in-Kairo-750x774.jpg 750w\" sizes=\"(max-width: 992px) 100vw, 992px\" \/>\t\t\t\t\t\t\t\t\t\t\t<figcaption class=\"widget-image-caption wp-caption-text\">Fig. 2 | Sultan Hasan in Kairo | \u00a9 F. Arnold<\/figcaption>\n\t\t\t\t\t\t\t\t\t\t<\/figure>\n\t\t\t\t\t\t\t\t\t<\/div>\n\t\t\t\t<\/div>\n\t\t\t\t\t<\/div>\n\t\t<\/div>\n\t\t\t\t\t<\/div>\n\t\t<\/section>\n\t\t\t\t<\/div>\n\t\t","protected":false},"excerpt":{"rendered":"<p>Islamische Rechtsschulen im n\u00f6rdlichen Afrika. Ordnungen von Architektur und Recht Fig. 1 | Bu Inania in Fes | \u00a9 F. Arnold Im 12.-14. Jahrhundert CE wurden \u00fcber das gesamte n\u00f6rdliche Afrika hinweg islamische Rechtsschulen gegr\u00fcndet (mad\u0101ris, Singular madrasa). Ihren Ausgangspunkt nahm diese Entwicklung im Nahen Osten. Die erste madrasa in Kairo lie\u00df Saladin 1171 errichten. [&hellip;]<\/p>\n","protected":false},"author":29,"featured_media":0,"parent":0,"menu_order":0,"comment_status":"closed","ping_status":"closed","template":"","meta":{"footnotes":""},"class_list":["post-598","page","type-page","status-publish","hentry"],"_links":{"self":[{"href":"https:\/\/www.dainst.blog\/tana\/wp-json\/wp\/v2\/pages\/598"}],"collection":[{"href":"https:\/\/www.dainst.blog\/tana\/wp-json\/wp\/v2\/pages"}],"about":[{"href":"https:\/\/www.dainst.blog\/tana\/wp-json\/wp\/v2\/types\/page"}],"author":[{"embeddable":true,"href":"https:\/\/www.dainst.blog\/tana\/wp-json\/wp\/v2\/users\/29"}],"replies":[{"embeddable":true,"href":"https:\/\/www.dainst.blog\/tana\/wp-json\/wp\/v2\/comments?post=598"}],"version-history":[{"count":12,"href":"https:\/\/www.dainst.blog\/tana\/wp-json\/wp\/v2\/pages\/598\/revisions"}],"predecessor-version":[{"id":1110,"href":"https:\/\/www.dainst.blog\/tana\/wp-json\/wp\/v2\/pages\/598\/revisions\/1110"}],"wp:attachment":[{"href":"https:\/\/www.dainst.blog\/tana\/wp-json\/wp\/v2\/media?parent=598"}],"curies":[{"name":"wp","href":"https:\/\/api.w.org\/{rel}","templated":true}]}}