{"id":778,"date":"2021-02-14T13:54:07","date_gmt":"2021-02-14T12:54:07","guid":{"rendered":"http:\/\/www.dainst.blog\/tana\/?page_id=778"},"modified":"2021-02-14T14:11:13","modified_gmt":"2021-02-14T13:11:13","slug":"elefanten-und-elfenbein","status":"publish","type":"page","link":"https:\/\/www.dainst.blog\/tana\/de\/elefanten-und-elfenbein\/","title":{"rendered":"Elefanten und Elfenbein"},"content":{"rendered":"\t\t<div data-elementor-type=\"wp-page\" data-elementor-id=\"778\" class=\"elementor elementor-778\">\n\t\t\t\t\t\t<section class=\"elementor-section elementor-top-section elementor-element elementor-element-675bc812 elementor-section-boxed elementor-section-height-default elementor-section-height-default\" data-id=\"675bc812\" data-element_type=\"section\" data-e-type=\"section\">\n\t\t\t\t\t\t<div class=\"elementor-container elementor-column-gap-default\">\n\t\t\t\t\t<div class=\"elementor-column elementor-col-100 elementor-top-column elementor-element elementor-element-b7927a\" data-id=\"b7927a\" data-element_type=\"column\" data-e-type=\"column\">\n\t\t\t<div class=\"elementor-widget-wrap elementor-element-populated\">\n\t\t\t\t\t\t<div class=\"elementor-element elementor-element-6c96fae0 elementor-widget elementor-widget-heading\" data-id=\"6c96fae0\" data-element_type=\"widget\" data-e-type=\"widget\" data-widget_type=\"heading.default\">\n\t\t\t\t<div class=\"elementor-widget-container\">\n\t\t\t\t\t<h2 class=\"elementor-heading-title elementor-size-default\">Elefanten und Elfenbein als Indikatoren interkontinentaler Beziehungen im 3. und der ersten H\u00e4lfte des 2. Jts. BCE<\/h2>\t\t\t\t<\/div>\n\t\t\t\t<\/div>\n\t\t\t\t\t<\/div>\n\t\t<\/div>\n\t\t\t\t\t<\/div>\n\t\t<\/section>\n\t\t\t\t<section class=\"elementor-section elementor-top-section elementor-element elementor-element-e23436b elementor-section-boxed elementor-section-height-default elementor-section-height-default\" data-id=\"e23436b\" data-element_type=\"section\" data-e-type=\"section\">\n\t\t\t\t\t\t<div class=\"elementor-container elementor-column-gap-default\">\n\t\t\t\t\t<div class=\"elementor-column elementor-col-50 elementor-top-column elementor-element elementor-element-475454d\" data-id=\"475454d\" data-element_type=\"column\" data-e-type=\"column\">\n\t\t\t<div class=\"elementor-widget-wrap elementor-element-populated\">\n\t\t\t\t\t\t<div class=\"elementor-element elementor-element-f0e3220 elementor-widget elementor-widget-image\" data-id=\"f0e3220\" data-element_type=\"widget\" data-e-type=\"widget\" data-widget_type=\"image.default\">\n\t\t\t\t<div class=\"elementor-widget-container\">\n\t\t\t\t\t\t\t\t\t\t\t\t<figure class=\"wp-caption\">\n\t\t\t\t\t\t\t\t\t\t<img fetchpriority=\"high\" decoding=\"async\" width=\"1024\" height=\"465\" src=\"https:\/\/www.dainst.blog\/tana\/wp-content\/uploads\/sites\/15\/2021\/02\/Schuhmacher-TANA-Broschuere-Abb-1-1024x465.jpg\" class=\"attachment-large size-large wp-image-791\" alt=\"\" srcset=\"https:\/\/www.dainst.blog\/tana\/wp-content\/uploads\/sites\/15\/2021\/02\/Schuhmacher-TANA-Broschuere-Abb-1-1024x465.jpg 1024w, https:\/\/www.dainst.blog\/tana\/wp-content\/uploads\/sites\/15\/2021\/02\/Schuhmacher-TANA-Broschuere-Abb-1-300x136.jpg 300w, https:\/\/www.dainst.blog\/tana\/wp-content\/uploads\/sites\/15\/2021\/02\/Schuhmacher-TANA-Broschuere-Abb-1-768x349.jpg 768w, https:\/\/www.dainst.blog\/tana\/wp-content\/uploads\/sites\/15\/2021\/02\/Schuhmacher-TANA-Broschuere-Abb-1-1536x697.jpg 1536w, https:\/\/www.dainst.blog\/tana\/wp-content\/uploads\/sites\/15\/2021\/02\/Schuhmacher-TANA-Broschuere-Abb-1-2048x930.jpg 2048w, https:\/\/www.dainst.blog\/tana\/wp-content\/uploads\/sites\/15\/2021\/02\/Schuhmacher-TANA-Broschuere-Abb-1-750x341.jpg 750w\" sizes=\"(max-width: 1024px) 100vw, 1024px\" \/>\t\t\t\t\t\t\t\t\t\t\t<figcaption class=\"widget-image-caption wp-caption-text\">Fig. 1 | \u00a9 T. Schuhmacher<\/figcaption>\n\t\t\t\t\t\t\t\t\t\t<\/figure>\n\t\t\t\t\t\t\t\t\t<\/div>\n\t\t\t\t<\/div>\n\t\t\t\t\t<\/div>\n\t\t<\/div>\n\t\t\t\t<div class=\"elementor-column elementor-col-50 elementor-top-column elementor-element elementor-element-88c58c7\" data-id=\"88c58c7\" data-element_type=\"column\" data-e-type=\"column\">\n\t\t\t<div class=\"elementor-widget-wrap elementor-element-populated\">\n\t\t\t\t\t\t<div class=\"elementor-element elementor-element-94a6561 elementor-widget elementor-widget-image\" data-id=\"94a6561\" data-element_type=\"widget\" data-e-type=\"widget\" data-widget_type=\"image.default\">\n\t\t\t\t<div class=\"elementor-widget-container\">\n\t\t\t\t\t\t\t\t\t\t\t\t<figure class=\"wp-caption\">\n\t\t\t\t\t\t\t\t\t\t<img decoding=\"async\" width=\"780\" height=\"1024\" src=\"https:\/\/www.dainst.blog\/tana\/wp-content\/uploads\/sites\/15\/2021\/02\/Schuhmacher-TANA-Broschuere-Abb-2-780x1024.jpg\" class=\"attachment-large size-large wp-image-792\" alt=\"\" srcset=\"https:\/\/www.dainst.blog\/tana\/wp-content\/uploads\/sites\/15\/2021\/02\/Schuhmacher-TANA-Broschuere-Abb-2-780x1024.jpg 780w, https:\/\/www.dainst.blog\/tana\/wp-content\/uploads\/sites\/15\/2021\/02\/Schuhmacher-TANA-Broschuere-Abb-2-229x300.jpg 229w, https:\/\/www.dainst.blog\/tana\/wp-content\/uploads\/sites\/15\/2021\/02\/Schuhmacher-TANA-Broschuere-Abb-2-768x1008.jpg 768w, https:\/\/www.dainst.blog\/tana\/wp-content\/uploads\/sites\/15\/2021\/02\/Schuhmacher-TANA-Broschuere-Abb-2-750x984.jpg 750w, https:\/\/www.dainst.blog\/tana\/wp-content\/uploads\/sites\/15\/2021\/02\/Schuhmacher-TANA-Broschuere-Abb-2.jpg 865w\" sizes=\"(max-width: 780px) 100vw, 780px\" \/>\t\t\t\t\t\t\t\t\t\t\t<figcaption class=\"widget-image-caption wp-caption-text\">Fig. 2 | \u00a9 T. Schuhmacher<\/figcaption>\n\t\t\t\t\t\t\t\t\t\t<\/figure>\n\t\t\t\t\t\t\t\t\t<\/div>\n\t\t\t\t<\/div>\n\t\t\t\t\t<\/div>\n\t\t<\/div>\n\t\t\t\t\t<\/div>\n\t\t<\/section>\n\t\t\t\t<section class=\"elementor-section elementor-top-section elementor-element elementor-element-6be2973c elementor-section-boxed elementor-section-height-default elementor-section-height-default\" data-id=\"6be2973c\" data-element_type=\"section\" data-e-type=\"section\">\n\t\t\t\t\t\t<div class=\"elementor-container elementor-column-gap-default\">\n\t\t\t\t\t<div class=\"elementor-column elementor-col-100 elementor-top-column elementor-element elementor-element-7de3189e\" data-id=\"7de3189e\" data-element_type=\"column\" data-e-type=\"column\">\n\t\t\t<div class=\"elementor-widget-wrap elementor-element-populated\">\n\t\t\t\t\t\t<div class=\"elementor-element elementor-element-bd7cd41 elementor-widget elementor-widget-text-editor\" data-id=\"bd7cd41\" data-element_type=\"widget\" data-e-type=\"widget\" data-widget_type=\"text-editor.default\">\n\t\t\t\t<div class=\"elementor-widget-container\">\n\t\t\t\t\t\t\t\t\t<p>Das in Zusammenarbeit mit A. Banerjee und seiner Gruppe von INCENTIVS (International Center for Ivory Studies) des Instituts f\u00fcr Geowissenschaften der Johannes Gutenberg Universit\u00e4t Mainz und mit A. Mikdad vom <em>Institut National des Sciences de l\u00b4Arch\u00e9ologie et du Patrimoine<\/em> (INSAP), Rabat (Marokko) vom 1. Juli 2009 bis zum 30. Juni 2012 durchgef\u00fchrte Projekt war am Deutschen Arch\u00e4ologischen Institut in Madrid angesiedelt und wurde von der Deutschen Forschungsgemeinschaft (DFG) finanziert.<\/p><p>Im Rahmen des Projekts wurde versucht f\u00fcr den gesamten westlichen Maghreb (Marokko, Algerien und Tunesien) eine systematische Aufnahme von Elfenbeinobjekten des Neolithikums bis zur Bronzezeit vorzunehmen, sowie ein bereits f\u00fcr die Iberische Halbinsel und die Balearen erstellter Katalog von Elfenbeinobjekten des 3. und 2. Jts. BCE vervollst\u00e4ndigt<a href=\"#_ftn1\" name=\"_ftnref1\"> [1]<\/a>. Dadurch konnte zwar die Zahl der bekannten Elfenbeinobjekte bedeutend vergr\u00f6\u00dfert werden, sie ist jedoch f\u00fcr eine hypothetische Exportregion von Elfenbein immer noch \u00e4u\u00dferst gering. Dies d\u00fcrfte auf f\u00fcr den Maghreb bisher geringe Anzahl von untersuchten Bestattungen und Siedlungen zur\u00fcckzuf\u00fchren sein. Zudem wurden zahlreiche naturwissenschaftliche Untersuchungen von Elfenbeinobjekten der Iberischen Halbinsel und des Maghreb durchgef\u00fchrt.<\/p><p>F\u00fcr den Maghreb lassen sich jedoch ab ca. 4000 BCE ein echter Beginn und gleichzeitig ein erstes Maximum der Elfenbeinobjekte feststellen. Dieser erste H\u00f6hepunkt einer Verwendung von Elfenbeinobjekten ab ca. 4000 BCE nach einem ersten vereinzelten \u201cExperimentieren\u201d mit Elfenbein scheint in Nordwestafrika mit einer Zunahme von saharanischen Elementen in Form der kammverzierten Keramik bzw. Keramik des Typs Rouazi-El Kiffen und Ashakar in Marokko bzw. wie allgemein Kamm- und Wiegetechnikverzierungen der Keramik, Strau\u00dfeneier und fl\u00e4chenretuschierte Pfeilspitzen, verbunden zu sein. Vermutlich f\u00fchrte die Austrocknung der Sahara am Ende der \u00ab\u00a0African Humid Period\u00a0\u00bb zu Bev\u00f6lkerungsbewegungen aus der Sahara Richtung Norden. Mit diesen Bev\u00f6lkerungsgruppen kamen w\u00e4hrend des 4. Jts. BCE sowohl die Kenntnis der Elfenbeinverarbeitung als auch die Nordafrikanischen Elefanten selbst in den Maghreb und in Reichweite kontempor\u00e4rer Gruppen der Iberischen Halbinsel. Dies f\u00fchrte zur Ausbildung eines Austauschnetzwerkes von afrikanischem Elfenbein mit der Iberischen Halbinsel welches zumindest bis an das Ende der Fr\u00fchbronzezeit aktiv war. Die Ergebnisse j\u00fcngster genetischer Analysen sprechen zudem f\u00fcr eine Pr\u00e4senz von afrikanischen Elementen in Nekropolen der s\u00fcdlichen Iberischen Halbinsel an. Die Teilnahme an diesen Austauschnetzwerken er\u00f6ffnete zudem sozialen Gruppen im Maghreb die Chance, eine \u00fcbergeordnete Stellung zu erlangen, was durch das Auftauchen erster herausragender Bestattungen verdeutlicht wird.<\/p><p>\u00a0<\/p><p><a href=\"#_ftnref1\" name=\"_ftn1\">[1]<\/a> Schuhmacher (2016); Schuhmacher (im Druck).<\/p>\t\t\t\t\t\t\t\t<\/div>\n\t\t\t\t<\/div>\n\t\t\t\t\t<\/div>\n\t\t<\/div>\n\t\t\t\t\t<\/div>\n\t\t<\/section>\n\t\t\t\t<section class=\"elementor-section elementor-top-section elementor-element elementor-element-637562d8 elementor-section-boxed elementor-section-height-default elementor-section-height-default\" data-id=\"637562d8\" data-element_type=\"section\" data-e-type=\"section\">\n\t\t\t\t\t\t<div class=\"elementor-container elementor-column-gap-default\">\n\t\t\t\t\t<div class=\"elementor-column elementor-col-100 elementor-top-column elementor-element elementor-element-7e821f75\" data-id=\"7e821f75\" data-element_type=\"column\" data-e-type=\"column\">\n\t\t\t<div class=\"elementor-widget-wrap elementor-element-populated\">\n\t\t\t\t\t\t<div class=\"elementor-element elementor-element-43b9115 elementor-widget elementor-widget-heading\" data-id=\"43b9115\" data-element_type=\"widget\" data-e-type=\"widget\" data-widget_type=\"heading.default\">\n\t\t\t\t<div class=\"elementor-widget-container\">\n\t\t\t\t\t<h4 class=\"elementor-heading-title elementor-size-default\">Mitglieder<\/h4>\t\t\t\t<\/div>\n\t\t\t\t<\/div>\n\t\t\t\t\t<\/div>\n\t\t<\/div>\n\t\t\t\t\t<\/div>\n\t\t<\/section>\n\t\t\t\t<section class=\"elementor-section elementor-top-section elementor-element elementor-element-5594bedd elementor-section-boxed elementor-section-height-default elementor-section-height-default\" data-id=\"5594bedd\" data-element_type=\"section\" data-e-type=\"section\">\n\t\t\t\t\t\t<div class=\"elementor-container elementor-column-gap-default\">\n\t\t\t\t\t<div class=\"elementor-column elementor-col-25 elementor-top-column elementor-element elementor-element-2fada9e7\" data-id=\"2fada9e7\" data-element_type=\"column\" data-e-type=\"column\">\n\t\t\t<div class=\"elementor-widget-wrap elementor-element-populated\">\n\t\t\t\t\t\t<div class=\"elementor-element elementor-element-f04d32 elementor-widget elementor-widget-image\" data-id=\"f04d32\" data-element_type=\"widget\" data-e-type=\"widget\" data-widget_type=\"image.default\">\n\t\t\t\t<div class=\"elementor-widget-container\">\n\t\t\t\t\t\t\t\t\t\t\t\t\t\t\t<img decoding=\"async\" width=\"320\" height=\"300\" src=\"https:\/\/www.dainst.blog\/tana\/wp-content\/uploads\/sites\/15\/2021\/02\/Thomas_Schuhmacher-1.jpg\" class=\"attachment-large size-large wp-image-784\" alt=\"\" srcset=\"https:\/\/www.dainst.blog\/tana\/wp-content\/uploads\/sites\/15\/2021\/02\/Thomas_Schuhmacher-1.jpg 320w, https:\/\/www.dainst.blog\/tana\/wp-content\/uploads\/sites\/15\/2021\/02\/Thomas_Schuhmacher-1-300x281.jpg 300w\" sizes=\"(max-width: 320px) 100vw, 320px\" \/>\t\t\t\t\t\t\t\t\t\t\t\t\t\t\t<\/div>\n\t\t\t\t<\/div>\n\t\t\t\t\t<\/div>\n\t\t<\/div>\n\t\t\t\t<div class=\"elementor-column elementor-col-25 elementor-top-column elementor-element elementor-element-13b1d6d2\" data-id=\"13b1d6d2\" data-element_type=\"column\" data-e-type=\"column\">\n\t\t\t<div class=\"elementor-widget-wrap elementor-element-populated\">\n\t\t\t\t\t\t<div class=\"elementor-element elementor-element-6f79d01d elementor-widget elementor-widget-text-editor\" data-id=\"6f79d01d\" data-element_type=\"widget\" data-e-type=\"widget\" data-widget_type=\"text-editor.default\">\n\t\t\t\t<div class=\"elementor-widget-container\">\n\t\t\t\t\t\t\t\t\t<p><strong>PD Dr. Thomas Schuhmacher<br \/><\/strong><\/p><p>DAI Au\u00dfenstelle Madrid<\/p><p><em>thomas.schuhmacher@dainst.de<\/em><\/p>\t\t\t\t\t\t\t\t<\/div>\n\t\t\t\t<\/div>\n\t\t\t\t\t<\/div>\n\t\t<\/div>\n\t\t\t\t<div class=\"elementor-column elementor-col-25 elementor-top-column elementor-element elementor-element-2fa08f38\" data-id=\"2fa08f38\" data-element_type=\"column\" data-e-type=\"column\">\n\t\t\t<div class=\"elementor-widget-wrap elementor-element-populated\">\n\t\t\t\t\t\t\t<\/div>\n\t\t<\/div>\n\t\t\t\t<div class=\"elementor-column elementor-col-25 elementor-top-column elementor-element elementor-element-41cae1a0\" data-id=\"41cae1a0\" data-element_type=\"column\" data-e-type=\"column\">\n\t\t\t<div class=\"elementor-widget-wrap elementor-element-populated\">\n\t\t\t\t\t\t\t<\/div>\n\t\t<\/div>\n\t\t\t\t\t<\/div>\n\t\t<\/section>\n\t\t\t\t<section class=\"elementor-section elementor-top-section elementor-element elementor-element-3a70a18 elementor-section-boxed elementor-section-height-default elementor-section-height-default\" data-id=\"3a70a18\" data-element_type=\"section\" data-e-type=\"section\">\n\t\t\t\t\t\t<div class=\"elementor-container elementor-column-gap-default\">\n\t\t\t\t\t<div class=\"elementor-column elementor-col-100 elementor-top-column elementor-element elementor-element-a73a7ef\" data-id=\"a73a7ef\" data-element_type=\"column\" data-e-type=\"column\">\n\t\t\t<div class=\"elementor-widget-wrap elementor-element-populated\">\n\t\t\t\t\t\t<div class=\"elementor-element elementor-element-3853646 elementor-widget elementor-widget-image\" data-id=\"3853646\" data-element_type=\"widget\" data-e-type=\"widget\" data-widget_type=\"image.default\">\n\t\t\t\t<div class=\"elementor-widget-container\">\n\t\t\t\t\t\t\t\t\t\t\t\t<figure class=\"wp-caption\">\n\t\t\t\t\t\t\t\t\t\t<img loading=\"lazy\" decoding=\"async\" width=\"1024\" height=\"751\" src=\"https:\/\/www.dainst.blog\/tana\/wp-content\/uploads\/sites\/15\/2021\/02\/Schuhmacher-TANA-Broschuere-Abb-3-1024x751.jpg\" class=\"attachment-large size-large wp-image-793\" alt=\"\" srcset=\"https:\/\/www.dainst.blog\/tana\/wp-content\/uploads\/sites\/15\/2021\/02\/Schuhmacher-TANA-Broschuere-Abb-3-1024x751.jpg 1024w, https:\/\/www.dainst.blog\/tana\/wp-content\/uploads\/sites\/15\/2021\/02\/Schuhmacher-TANA-Broschuere-Abb-3-300x220.jpg 300w, https:\/\/www.dainst.blog\/tana\/wp-content\/uploads\/sites\/15\/2021\/02\/Schuhmacher-TANA-Broschuere-Abb-3-768x563.jpg 768w, https:\/\/www.dainst.blog\/tana\/wp-content\/uploads\/sites\/15\/2021\/02\/Schuhmacher-TANA-Broschuere-Abb-3-1536x1127.jpg 1536w, https:\/\/www.dainst.blog\/tana\/wp-content\/uploads\/sites\/15\/2021\/02\/Schuhmacher-TANA-Broschuere-Abb-3-2048x1502.jpg 2048w, https:\/\/www.dainst.blog\/tana\/wp-content\/uploads\/sites\/15\/2021\/02\/Schuhmacher-TANA-Broschuere-Abb-3-750x550.jpg 750w\" sizes=\"(max-width: 1024px) 100vw, 1024px\" \/>\t\t\t\t\t\t\t\t\t\t\t<figcaption class=\"widget-image-caption wp-caption-text\">Fig. 3 | \u00a9 T. Schuhmacher<\/figcaption>\n\t\t\t\t\t\t\t\t\t\t<\/figure>\n\t\t\t\t\t\t\t\t\t<\/div>\n\t\t\t\t<\/div>\n\t\t\t\t\t<\/div>\n\t\t<\/div>\n\t\t\t\t\t<\/div>\n\t\t<\/section>\n\t\t\t\t<section class=\"elementor-section elementor-top-section elementor-element elementor-element-35ef6d7b elementor-section-boxed elementor-section-height-default elementor-section-height-default\" data-id=\"35ef6d7b\" data-element_type=\"section\" data-e-type=\"section\">\n\t\t\t\t\t\t<div class=\"elementor-container elementor-column-gap-default\">\n\t\t\t\t\t<div class=\"elementor-column elementor-col-100 elementor-top-column elementor-element elementor-element-2426a4b2\" data-id=\"2426a4b2\" data-element_type=\"column\" data-e-type=\"column\">\n\t\t\t<div class=\"elementor-widget-wrap elementor-element-populated\">\n\t\t\t\t\t\t<div class=\"elementor-element elementor-element-bf3c3d2 elementor-widget elementor-widget-heading\" data-id=\"bf3c3d2\" data-element_type=\"widget\" data-e-type=\"widget\" data-widget_type=\"heading.default\">\n\t\t\t\t<div class=\"elementor-widget-container\">\n\t\t\t\t\t<h4 class=\"elementor-heading-title elementor-size-default\">Abbildungen<\/h4>\t\t\t\t<\/div>\n\t\t\t\t<\/div>\n\t\t\t\t\t<\/div>\n\t\t<\/div>\n\t\t\t\t\t<\/div>\n\t\t<\/section>\n\t\t\t\t<section class=\"elementor-section elementor-top-section elementor-element elementor-element-10ae25d4 elementor-section-boxed elementor-section-height-default elementor-section-height-default\" data-id=\"10ae25d4\" data-element_type=\"section\" data-e-type=\"section\">\n\t\t\t\t\t\t<div class=\"elementor-container elementor-column-gap-default\">\n\t\t\t\t\t<div class=\"elementor-column elementor-col-100 elementor-top-column elementor-element elementor-element-61ba5748\" data-id=\"61ba5748\" data-element_type=\"column\" data-e-type=\"column\">\n\t\t\t<div class=\"elementor-widget-wrap elementor-element-populated\">\n\t\t\t\t\t\t<div class=\"elementor-element elementor-element-477dcf6e elementor-widget elementor-widget-text-editor\" data-id=\"477dcf6e\" data-element_type=\"widget\" data-e-type=\"widget\" data-widget_type=\"text-editor.default\">\n\t\t\t\t<div class=\"elementor-widget-container\">\n\t\t\t\t\t\t\t\t\t<p><strong>Fig. 1<\/strong> &nbsp;&nbsp; [Foto von T. Schuhmacher]<\/p>\n<p><strong>Fig. 2<\/strong> &nbsp;&nbsp; [Foto von T. Schuhmacher]<\/p>\n<p><strong>Fig. 3&nbsp;&nbsp;&nbsp; <\/strong>[Abbildung von T. Schuhmacher]<\/p>\t\t\t\t\t\t\t\t<\/div>\n\t\t\t\t<\/div>\n\t\t\t\t\t<\/div>\n\t\t<\/div>\n\t\t\t\t\t<\/div>\n\t\t<\/section>\n\t\t\t\t<\/div>\n\t\t","protected":false},"excerpt":{"rendered":"<p>Elefanten und Elfenbein als Indikatoren interkontinentaler Beziehungen im 3. und der ersten H\u00e4lfte des 2. Jts. BCE Fig. 1 | \u00a9 T. Schuhmacher Fig. 2 | \u00a9 T. Schuhmacher Das in Zusammenarbeit mit A. Banerjee und seiner Gruppe von INCENTIVS (International Center for Ivory Studies) des Instituts f\u00fcr Geowissenschaften der Johannes Gutenberg Universit\u00e4t Mainz und [&hellip;]<\/p>\n","protected":false},"author":29,"featured_media":0,"parent":0,"menu_order":0,"comment_status":"closed","ping_status":"closed","template":"","meta":{"footnotes":""},"class_list":["post-778","page","type-page","status-publish","hentry"],"_links":{"self":[{"href":"https:\/\/www.dainst.blog\/tana\/wp-json\/wp\/v2\/pages\/778"}],"collection":[{"href":"https:\/\/www.dainst.blog\/tana\/wp-json\/wp\/v2\/pages"}],"about":[{"href":"https:\/\/www.dainst.blog\/tana\/wp-json\/wp\/v2\/types\/page"}],"author":[{"embeddable":true,"href":"https:\/\/www.dainst.blog\/tana\/wp-json\/wp\/v2\/users\/29"}],"replies":[{"embeddable":true,"href":"https:\/\/www.dainst.blog\/tana\/wp-json\/wp\/v2\/comments?post=778"}],"version-history":[{"count":16,"href":"https:\/\/www.dainst.blog\/tana\/wp-json\/wp\/v2\/pages\/778\/revisions"}],"predecessor-version":[{"id":806,"href":"https:\/\/www.dainst.blog\/tana\/wp-json\/wp\/v2\/pages\/778\/revisions\/806"}],"wp:attachment":[{"href":"https:\/\/www.dainst.blog\/tana\/wp-json\/wp\/v2\/media?parent=778"}],"curies":[{"name":"wp","href":"https:\/\/api.w.org\/{rel}","templated":true}]}}