{"id":828,"date":"2021-02-14T14:31:16","date_gmt":"2021-02-14T13:31:16","guid":{"rendered":"http:\/\/www.dainst.blog\/tana\/?page_id=828"},"modified":"2021-03-16T10:39:49","modified_gmt":"2021-03-16T09:39:49","slug":"sudan-digital","status":"publish","type":"page","link":"https:\/\/www.dainst.blog\/tana\/de\/sudan-digital\/","title":{"rendered":"Sudan Digital"},"content":{"rendered":"\t\t<div data-elementor-type=\"wp-page\" data-elementor-id=\"828\" class=\"elementor elementor-828\">\n\t\t\t\t\t\t<section class=\"elementor-section elementor-top-section elementor-element elementor-element-6617cf7c elementor-section-boxed elementor-section-height-default elementor-section-height-default\" data-id=\"6617cf7c\" data-element_type=\"section\" data-e-type=\"section\">\n\t\t\t\t\t\t<div class=\"elementor-container elementor-column-gap-default\">\n\t\t\t\t\t<div class=\"elementor-column elementor-col-100 elementor-top-column elementor-element elementor-element-5149dde0\" data-id=\"5149dde0\" data-element_type=\"column\" data-e-type=\"column\">\n\t\t\t<div class=\"elementor-widget-wrap elementor-element-populated\">\n\t\t\t\t\t\t<div class=\"elementor-element elementor-element-5a877a3e elementor-widget elementor-widget-heading\" data-id=\"5a877a3e\" data-element_type=\"widget\" data-e-type=\"widget\" data-widget_type=\"heading.default\">\n\t\t\t\t<div class=\"elementor-widget-container\">\n\t\t\t\t\t<h2 class=\"elementor-heading-title elementor-size-default\">Ein digitales Denkmalregister f\u00fcr den Sudan<\/h2>\t\t\t\t<\/div>\n\t\t\t\t<\/div>\n\t\t\t\t\t<\/div>\n\t\t<\/div>\n\t\t\t\t\t<\/div>\n\t\t<\/section>\n\t\t\t\t<section class=\"elementor-section elementor-top-section elementor-element elementor-element-78b0e87 elementor-section-boxed elementor-section-height-default elementor-section-height-default\" data-id=\"78b0e87\" data-element_type=\"section\" data-e-type=\"section\">\n\t\t\t\t\t\t<div class=\"elementor-container elementor-column-gap-default\">\n\t\t\t\t\t<div class=\"elementor-column elementor-col-50 elementor-top-column elementor-element elementor-element-f81b7c6\" data-id=\"f81b7c6\" data-element_type=\"column\" data-e-type=\"column\">\n\t\t\t<div class=\"elementor-widget-wrap elementor-element-populated\">\n\t\t\t\t\t\t<div class=\"elementor-element elementor-element-8dc2272 elementor-widget elementor-widget-image\" data-id=\"8dc2272\" data-element_type=\"widget\" data-e-type=\"widget\" data-widget_type=\"image.default\">\n\t\t\t\t<div class=\"elementor-widget-container\">\n\t\t\t\t\t\t\t\t\t\t\t\t<figure class=\"wp-caption\">\n\t\t\t\t\t\t\t\t\t\t<img fetchpriority=\"high\" decoding=\"async\" width=\"1024\" height=\"768\" src=\"https:\/\/www.dainst.blog\/tana\/wp-content\/uploads\/sites\/15\/2021\/02\/75A84979-6DF6-46DF-95DD-8739C1FCE92E-1024x768.jpeg\" class=\"attachment-large size-large wp-image-831\" alt=\"\" srcset=\"https:\/\/www.dainst.blog\/tana\/wp-content\/uploads\/sites\/15\/2021\/02\/75A84979-6DF6-46DF-95DD-8739C1FCE92E-1024x768.jpeg 1024w, https:\/\/www.dainst.blog\/tana\/wp-content\/uploads\/sites\/15\/2021\/02\/75A84979-6DF6-46DF-95DD-8739C1FCE92E-300x225.jpeg 300w, https:\/\/www.dainst.blog\/tana\/wp-content\/uploads\/sites\/15\/2021\/02\/75A84979-6DF6-46DF-95DD-8739C1FCE92E-768x576.jpeg 768w, https:\/\/www.dainst.blog\/tana\/wp-content\/uploads\/sites\/15\/2021\/02\/75A84979-6DF6-46DF-95DD-8739C1FCE92E-1536x1152.jpeg 1536w, https:\/\/www.dainst.blog\/tana\/wp-content\/uploads\/sites\/15\/2021\/02\/75A84979-6DF6-46DF-95DD-8739C1FCE92E-2048x1536.jpeg 2048w, https:\/\/www.dainst.blog\/tana\/wp-content\/uploads\/sites\/15\/2021\/02\/75A84979-6DF6-46DF-95DD-8739C1FCE92E-750x563.jpeg 750w\" sizes=\"(max-width: 1024px) 100vw, 1024px\" \/>\t\t\t\t\t\t\t\t\t\t\t<figcaption class=\"widget-image-caption wp-caption-text\">Fig. 1 | \u00a9 DAI<\/figcaption>\n\t\t\t\t\t\t\t\t\t\t<\/figure>\n\t\t\t\t\t\t\t\t\t<\/div>\n\t\t\t\t<\/div>\n\t\t\t\t\t<\/div>\n\t\t<\/div>\n\t\t\t\t<div class=\"elementor-column elementor-col-50 elementor-top-column elementor-element elementor-element-35d0475\" data-id=\"35d0475\" data-element_type=\"column\" data-e-type=\"column\">\n\t\t\t<div class=\"elementor-widget-wrap elementor-element-populated\">\n\t\t\t\t\t\t<div class=\"elementor-element elementor-element-861546b elementor-widget elementor-widget-image\" data-id=\"861546b\" data-element_type=\"widget\" data-e-type=\"widget\" data-widget_type=\"image.default\">\n\t\t\t\t<div class=\"elementor-widget-container\">\n\t\t\t\t\t\t\t\t\t\t\t\t<figure class=\"wp-caption\">\n\t\t\t\t\t\t\t\t\t\t<img decoding=\"async\" width=\"1024\" height=\"768\" src=\"https:\/\/www.dainst.blog\/tana\/wp-content\/uploads\/sites\/15\/2021\/02\/9805C406-24D6-477A-9699-74C26D93E2A4-1024x768.jpeg\" class=\"attachment-large size-large wp-image-832\" alt=\"\" srcset=\"https:\/\/www.dainst.blog\/tana\/wp-content\/uploads\/sites\/15\/2021\/02\/9805C406-24D6-477A-9699-74C26D93E2A4-1024x768.jpeg 1024w, https:\/\/www.dainst.blog\/tana\/wp-content\/uploads\/sites\/15\/2021\/02\/9805C406-24D6-477A-9699-74C26D93E2A4-300x225.jpeg 300w, https:\/\/www.dainst.blog\/tana\/wp-content\/uploads\/sites\/15\/2021\/02\/9805C406-24D6-477A-9699-74C26D93E2A4-768x576.jpeg 768w, https:\/\/www.dainst.blog\/tana\/wp-content\/uploads\/sites\/15\/2021\/02\/9805C406-24D6-477A-9699-74C26D93E2A4-1536x1152.jpeg 1536w, https:\/\/www.dainst.blog\/tana\/wp-content\/uploads\/sites\/15\/2021\/02\/9805C406-24D6-477A-9699-74C26D93E2A4-2048x1536.jpeg 2048w, https:\/\/www.dainst.blog\/tana\/wp-content\/uploads\/sites\/15\/2021\/02\/9805C406-24D6-477A-9699-74C26D93E2A4-750x563.jpeg 750w\" sizes=\"(max-width: 1024px) 100vw, 1024px\" \/>\t\t\t\t\t\t\t\t\t\t\t<figcaption class=\"widget-image-caption wp-caption-text\">Fig. 2 | \u00a9 DAI<\/figcaption>\n\t\t\t\t\t\t\t\t\t\t<\/figure>\n\t\t\t\t\t\t\t\t\t<\/div>\n\t\t\t\t<\/div>\n\t\t\t\t\t<\/div>\n\t\t<\/div>\n\t\t\t\t\t<\/div>\n\t\t<\/section>\n\t\t\t\t<section class=\"elementor-section elementor-top-section elementor-element elementor-element-7df90744 elementor-section-boxed elementor-section-height-default elementor-section-height-default\" data-id=\"7df90744\" data-element_type=\"section\" data-e-type=\"section\">\n\t\t\t\t\t\t<div class=\"elementor-container elementor-column-gap-default\">\n\t\t\t\t\t<div class=\"elementor-column elementor-col-100 elementor-top-column elementor-element elementor-element-4db9a930\" data-id=\"4db9a930\" data-element_type=\"column\" data-e-type=\"column\">\n\t\t\t<div class=\"elementor-widget-wrap elementor-element-populated\">\n\t\t\t\t\t\t<div class=\"elementor-element elementor-element-6660b292 elementor-widget elementor-widget-text-editor\" data-id=\"6660b292\" data-element_type=\"widget\" data-e-type=\"widget\" data-widget_type=\"text-editor.default\">\n\t\t\t\t<div class=\"elementor-widget-container\">\n\t\t\t\t\t\t\t\t\t<p>Ziel des im M\u00e4rz 2017 gestarteten und vom Ausw\u00e4rtigen Amt finanziell gef\u00f6rderten Projektes &#8222;Sudan Digital&#8220; ist die Schaffung eines nationalen Denkmalregisters f\u00fcr den Sudan<em>.<\/em> Trotz zahlreicher Grabungs- und Forschungsprojekte, die seit dem 19. Jh. im Sudan durchgef\u00fchrt werden, besitzt das Land bisher kein systematisches Register, in dem die vielen antiken Monumente und die zahlreichen bisher identifizierten arch\u00e4ologischen St\u00e4tten umf\u00e4nglich erfasst sind. Durch gezielte Schulungsma\u00dfnahmen und eine intensive wissenschaftliche und technische Betreuung vor Ort, unterst\u00fctzt das Deutsche Arch\u00e4ologische Institut die National Corporation for Antiquities and Museums (NCAM) bei der Entwicklung und beim Aufbau einer entsprechenden, den lokalen Erfordernissen angepassten Datenbank.<\/p><p>In Vorbereitung der geplanten Arbeiten im Sudan fand vom 17. Juli \u2013 06. August 2017 am DAI Berlin in enger Kooperation mit NCAM und der Arab League Educational Cultural and Scientific Organization (ALECSO) eine mehrw\u00f6chige Summer School unter dem Thema \u201eDatenkuratierung\u201c statt. Den 14 Kollegen und Kolleginnen aus dem Sudan, aus Tunesien und Pal\u00e4stina wurden Strategien und grundlegende Methoden der archivischen Bestandserhaltung, der Digitalisierung analoger Daten sowie der strukturierten Langzeitarchivierung\/-sicherung von Digitalisaten aufgezeigt und mit ihnen diskutiert.<\/p><p>Im Anschlu\u00df daran sind w\u00e4hrend eines Aufenthaltes der Berliner Projektmitarbeiterinnen in Khartoum erste vorbereitende Arbeitsschritte gemeinsam mit den sudanesischen Kollegen erfolgreich umgesetzt worden. Hierbei stand zun\u00e4chst der Aufbau des Archivs von NCAM im Vordergrund.<\/p><p>Anfang 2018 soll mit der technischen Implementierung der erforderlichen Ma\u00dfnahmen zur Erstellung eines Denkmalregisters der sudanesischen Antikenbeh\u00f6rde begonnen werden. Die Grundlage hierf\u00fcr sollen mittelfristig jene Daten bilden, die das DAI Berlin in den zur\u00fcckliegenden 3 Jahren mit der digitalen Erfassung des von Friedrich W. Hinkel aufgebauten umfangreichen Archivs zur Arch\u00e4ologie des Sudan zusammengetragen hat. Insgesamt wurden hierbei Datens\u00e4tze zu \u00fcber 14.000 Orten in den IT-Systemen der iDAI.welt gespeichert, von wo aus sie in das zu entwickelnde System von NCAM f\u00fcr weitergehende Forschungen \u00fcberf\u00fchrt werden sollen.<\/p>\t\t\t\t\t\t\t\t<\/div>\n\t\t\t\t<\/div>\n\t\t\t\t\t<\/div>\n\t\t<\/div>\n\t\t\t\t\t<\/div>\n\t\t<\/section>\n\t\t\t\t<section class=\"elementor-section elementor-top-section elementor-element elementor-element-4e22f73e elementor-section-boxed elementor-section-height-default elementor-section-height-default\" data-id=\"4e22f73e\" data-element_type=\"section\" data-e-type=\"section\">\n\t\t\t\t\t\t<div class=\"elementor-container elementor-column-gap-default\">\n\t\t\t\t\t<div class=\"elementor-column elementor-col-100 elementor-top-column elementor-element elementor-element-37f32339\" data-id=\"37f32339\" data-element_type=\"column\" data-e-type=\"column\">\n\t\t\t<div class=\"elementor-widget-wrap elementor-element-populated\">\n\t\t\t\t\t\t<div class=\"elementor-element elementor-element-799eaa2e elementor-widget elementor-widget-heading\" data-id=\"799eaa2e\" data-element_type=\"widget\" data-e-type=\"widget\" data-widget_type=\"heading.default\">\n\t\t\t\t<div class=\"elementor-widget-container\">\n\t\t\t\t\t<h4 class=\"elementor-heading-title elementor-size-default\">Mitglieder<\/h4>\t\t\t\t<\/div>\n\t\t\t\t<\/div>\n\t\t\t\t\t<\/div>\n\t\t<\/div>\n\t\t\t\t\t<\/div>\n\t\t<\/section>\n\t\t\t\t<section class=\"elementor-section elementor-top-section elementor-element elementor-element-2fbe4d61 elementor-section-boxed elementor-section-height-default elementor-section-height-default\" data-id=\"2fbe4d61\" data-element_type=\"section\" data-e-type=\"section\">\n\t\t\t\t\t\t<div class=\"elementor-container elementor-column-gap-default\">\n\t\t\t\t\t<div class=\"elementor-column elementor-col-25 elementor-top-column elementor-element elementor-element-3b52117f\" data-id=\"3b52117f\" data-element_type=\"column\" data-e-type=\"column\">\n\t\t\t<div class=\"elementor-widget-wrap elementor-element-populated\">\n\t\t\t\t\t\t<div class=\"elementor-element elementor-element-2e8b34ed elementor-widget elementor-widget-image\" data-id=\"2e8b34ed\" data-element_type=\"widget\" data-e-type=\"widget\" data-widget_type=\"image.default\">\n\t\t\t\t<div class=\"elementor-widget-container\">\n\t\t\t\t\t\t\t\t\t\t\t\t\t\t\t<img decoding=\"async\" width=\"205\" height=\"206\" src=\"https:\/\/www.dainst.blog\/tana\/wp-content\/uploads\/sites\/15\/2020\/08\/Solveig-Lawrenz.jpg\" class=\"attachment-large size-large wp-image-215\" alt=\"\" srcset=\"https:\/\/www.dainst.blog\/tana\/wp-content\/uploads\/sites\/15\/2020\/08\/Solveig-Lawrenz.jpg 205w, https:\/\/www.dainst.blog\/tana\/wp-content\/uploads\/sites\/15\/2020\/08\/Solveig-Lawrenz-150x150.jpg 150w\" sizes=\"(max-width: 205px) 100vw, 205px\" \/>\t\t\t\t\t\t\t\t\t\t\t\t\t\t\t<\/div>\n\t\t\t\t<\/div>\n\t\t\t\t\t<\/div>\n\t\t<\/div>\n\t\t\t\t<div class=\"elementor-column elementor-col-25 elementor-top-column elementor-element elementor-element-4508ee54\" data-id=\"4508ee54\" data-element_type=\"column\" data-e-type=\"column\">\n\t\t\t<div class=\"elementor-widget-wrap elementor-element-populated\">\n\t\t\t\t\t\t<div class=\"elementor-element elementor-element-5e94559d elementor-widget elementor-widget-text-editor\" data-id=\"5e94559d\" data-element_type=\"widget\" data-e-type=\"widget\" data-widget_type=\"text-editor.default\">\n\t\t\t\t<div class=\"elementor-widget-container\">\n\t\t\t\t\t\t\t\t\t<p><strong>Solveig Lawrenz M.A.<br \/><\/strong><\/p><p>DAI Berlin | Hinkel-Digitalisierungsprojekt<\/p><p><em>solveig.lawrenz@dainst.de<\/em><\/p>\t\t\t\t\t\t\t\t<\/div>\n\t\t\t\t<\/div>\n\t\t\t\t\t<\/div>\n\t\t<\/div>\n\t\t\t\t<div class=\"elementor-column elementor-col-25 elementor-top-column elementor-element elementor-element-5940b77d\" data-id=\"5940b77d\" data-element_type=\"column\" data-e-type=\"column\">\n\t\t\t<div class=\"elementor-widget-wrap elementor-element-populated\">\n\t\t\t\t\t\t<div class=\"elementor-element elementor-element-b4d9965 elementor-widget elementor-widget-image\" data-id=\"b4d9965\" data-element_type=\"widget\" data-e-type=\"widget\" data-widget_type=\"image.default\">\n\t\t\t\t<div class=\"elementor-widget-container\">\n\t\t\t\t\t\t\t\t\t\t\t\t\t\t\t<img loading=\"lazy\" decoding=\"async\" width=\"308\" height=\"308\" src=\"https:\/\/www.dainst.blog\/tana\/wp-content\/uploads\/sites\/15\/2021\/03\/TANA_Logo_rot_Quadrat-1.jpg\" class=\"attachment-large size-large wp-image-1217\" alt=\"\" srcset=\"https:\/\/www.dainst.blog\/tana\/wp-content\/uploads\/sites\/15\/2021\/03\/TANA_Logo_rot_Quadrat-1.jpg 308w, https:\/\/www.dainst.blog\/tana\/wp-content\/uploads\/sites\/15\/2021\/03\/TANA_Logo_rot_Quadrat-1-300x300.jpg 300w, https:\/\/www.dainst.blog\/tana\/wp-content\/uploads\/sites\/15\/2021\/03\/TANA_Logo_rot_Quadrat-1-150x150.jpg 150w\" sizes=\"(max-width: 308px) 100vw, 308px\" \/>\t\t\t\t\t\t\t\t\t\t\t\t\t\t\t<\/div>\n\t\t\t\t<\/div>\n\t\t\t\t\t<\/div>\n\t\t<\/div>\n\t\t\t\t<div class=\"elementor-column elementor-col-25 elementor-top-column elementor-element elementor-element-4cf1fb1d\" data-id=\"4cf1fb1d\" data-element_type=\"column\" data-e-type=\"column\">\n\t\t\t<div class=\"elementor-widget-wrap elementor-element-populated\">\n\t\t\t\t\t\t<div class=\"elementor-element elementor-element-7ff55489 elementor-widget elementor-widget-text-editor\" data-id=\"7ff55489\" data-element_type=\"widget\" data-e-type=\"widget\" data-widget_type=\"text-editor.default\">\n\t\t\t\t<div class=\"elementor-widget-container\">\n\t\t\t\t\t\t\t\t\t<p><strong>Therese Burmeister M.A.<br \/><\/strong><\/p><p><em>\u00a0<\/em><\/p>\t\t\t\t\t\t\t\t<\/div>\n\t\t\t\t<\/div>\n\t\t\t\t\t<\/div>\n\t\t<\/div>\n\t\t\t\t\t<\/div>\n\t\t<\/section>\n\t\t\t\t<section class=\"elementor-section elementor-top-section elementor-element elementor-element-ce3582d elementor-section-boxed elementor-section-height-default elementor-section-height-default\" data-id=\"ce3582d\" data-element_type=\"section\" data-e-type=\"section\">\n\t\t\t\t\t\t<div class=\"elementor-container elementor-column-gap-default\">\n\t\t\t\t\t<div class=\"elementor-column elementor-col-100 elementor-top-column elementor-element elementor-element-7f517a5\" data-id=\"7f517a5\" data-element_type=\"column\" data-e-type=\"column\">\n\t\t\t<div class=\"elementor-widget-wrap\">\n\t\t\t\t\t\t\t<\/div>\n\t\t<\/div>\n\t\t\t\t\t<\/div>\n\t\t<\/section>\n\t\t\t\t<section class=\"elementor-section elementor-top-section elementor-element elementor-element-22a0a4d elementor-section-boxed elementor-section-height-default elementor-section-height-default\" data-id=\"22a0a4d\" data-element_type=\"section\" data-e-type=\"section\">\n\t\t\t\t\t\t<div class=\"elementor-container elementor-column-gap-default\">\n\t\t\t\t\t<div class=\"elementor-column elementor-col-100 elementor-top-column elementor-element elementor-element-96632aa\" data-id=\"96632aa\" data-element_type=\"column\" data-e-type=\"column\">\n\t\t\t<div class=\"elementor-widget-wrap elementor-element-populated\">\n\t\t\t\t\t\t<div class=\"elementor-element elementor-element-e567c07 elementor-widget elementor-widget-image\" data-id=\"e567c07\" data-element_type=\"widget\" data-e-type=\"widget\" data-widget_type=\"image.default\">\n\t\t\t\t<div class=\"elementor-widget-container\">\n\t\t\t\t\t\t\t\t\t\t\t\t<figure class=\"wp-caption\">\n\t\t\t\t\t\t\t\t\t\t<img loading=\"lazy\" decoding=\"async\" width=\"768\" height=\"1024\" src=\"https:\/\/www.dainst.blog\/tana\/wp-content\/uploads\/sites\/15\/2021\/02\/0EB61EE5-EBA7-410E-905D-EDD9FE211F2C-768x1024.jpeg\" class=\"attachment-large size-large wp-image-830\" alt=\"\" srcset=\"https:\/\/www.dainst.blog\/tana\/wp-content\/uploads\/sites\/15\/2021\/02\/0EB61EE5-EBA7-410E-905D-EDD9FE211F2C-768x1024.jpeg 768w, https:\/\/www.dainst.blog\/tana\/wp-content\/uploads\/sites\/15\/2021\/02\/0EB61EE5-EBA7-410E-905D-EDD9FE211F2C-225x300.jpeg 225w, https:\/\/www.dainst.blog\/tana\/wp-content\/uploads\/sites\/15\/2021\/02\/0EB61EE5-EBA7-410E-905D-EDD9FE211F2C-1152x1536.jpeg 1152w, https:\/\/www.dainst.blog\/tana\/wp-content\/uploads\/sites\/15\/2021\/02\/0EB61EE5-EBA7-410E-905D-EDD9FE211F2C-1536x2048.jpeg 1536w, https:\/\/www.dainst.blog\/tana\/wp-content\/uploads\/sites\/15\/2021\/02\/0EB61EE5-EBA7-410E-905D-EDD9FE211F2C-750x1000.jpeg 750w, https:\/\/www.dainst.blog\/tana\/wp-content\/uploads\/sites\/15\/2021\/02\/0EB61EE5-EBA7-410E-905D-EDD9FE211F2C-scaled.jpeg 1920w\" sizes=\"(max-width: 768px) 100vw, 768px\" \/>\t\t\t\t\t\t\t\t\t\t\t<figcaption class=\"widget-image-caption wp-caption-text\">Fig. 3 | \u00a9 DAI<\/figcaption>\n\t\t\t\t\t\t\t\t\t\t<\/figure>\n\t\t\t\t\t\t\t\t\t<\/div>\n\t\t\t\t<\/div>\n\t\t\t\t\t<\/div>\n\t\t<\/div>\n\t\t\t\t\t<\/div>\n\t\t<\/section>\n\t\t\t\t<section class=\"elementor-section elementor-top-section elementor-element elementor-element-10036273 elementor-section-boxed elementor-section-height-default elementor-section-height-default\" data-id=\"10036273\" data-element_type=\"section\" data-e-type=\"section\">\n\t\t\t\t\t\t<div class=\"elementor-container elementor-column-gap-default\">\n\t\t\t\t\t<div class=\"elementor-column elementor-col-100 elementor-top-column elementor-element elementor-element-66a6272d\" data-id=\"66a6272d\" data-element_type=\"column\" data-e-type=\"column\">\n\t\t\t<div class=\"elementor-widget-wrap elementor-element-populated\">\n\t\t\t\t\t\t<div class=\"elementor-element elementor-element-1896afad elementor-widget elementor-widget-heading\" data-id=\"1896afad\" data-element_type=\"widget\" data-e-type=\"widget\" data-widget_type=\"heading.default\">\n\t\t\t\t<div class=\"elementor-widget-container\">\n\t\t\t\t\t<h4 class=\"elementor-heading-title elementor-size-default\">Abbildungen<\/h4>\t\t\t\t<\/div>\n\t\t\t\t<\/div>\n\t\t\t\t\t<\/div>\n\t\t<\/div>\n\t\t\t\t\t<\/div>\n\t\t<\/section>\n\t\t\t\t<section class=\"elementor-section elementor-top-section elementor-element elementor-element-3be6f022 elementor-section-boxed elementor-section-height-default elementor-section-height-default\" data-id=\"3be6f022\" data-element_type=\"section\" data-e-type=\"section\">\n\t\t\t\t\t\t<div class=\"elementor-container elementor-column-gap-default\">\n\t\t\t\t\t<div class=\"elementor-column elementor-col-100 elementor-top-column elementor-element elementor-element-56dd050c\" data-id=\"56dd050c\" data-element_type=\"column\" data-e-type=\"column\">\n\t\t\t<div class=\"elementor-widget-wrap elementor-element-populated\">\n\t\t\t\t\t\t<div class=\"elementor-element elementor-element-4653684d elementor-widget elementor-widget-text-editor\" data-id=\"4653684d\" data-element_type=\"widget\" data-e-type=\"widget\" data-widget_type=\"text-editor.default\">\n\t\t\t\t<div class=\"elementor-widget-container\">\n\t\t\t\t\t\t\t\t\t<p><strong>Fig. 1<\/strong> \u00a0 <\/p><p><strong>Fig. 2<\/strong> \u00a0\u00a0 <\/p><p><strong>Fig. 3<\/strong> \u00a0\u00a0\u00a0<\/p>\t\t\t\t\t\t\t\t<\/div>\n\t\t\t\t<\/div>\n\t\t\t\t\t<\/div>\n\t\t<\/div>\n\t\t\t\t\t<\/div>\n\t\t<\/section>\n\t\t\t\t<\/div>\n\t\t","protected":false},"excerpt":{"rendered":"<p>Ein digitales Denkmalregister f\u00fcr den Sudan Fig. 1 | \u00a9 DAI Fig. 2 | \u00a9 DAI Ziel des im M\u00e4rz 2017 gestarteten und vom Ausw\u00e4rtigen Amt finanziell gef\u00f6rderten Projektes &#8222;Sudan Digital&#8220; ist die Schaffung eines nationalen Denkmalregisters f\u00fcr den Sudan. Trotz zahlreicher Grabungs- und Forschungsprojekte, die seit dem 19. Jh. im Sudan durchgef\u00fchrt werden, besitzt [&hellip;]<\/p>\n","protected":false},"author":29,"featured_media":0,"parent":0,"menu_order":0,"comment_status":"closed","ping_status":"closed","template":"","meta":{"footnotes":""},"class_list":["post-828","page","type-page","status-publish","hentry"],"_links":{"self":[{"href":"https:\/\/www.dainst.blog\/tana\/wp-json\/wp\/v2\/pages\/828"}],"collection":[{"href":"https:\/\/www.dainst.blog\/tana\/wp-json\/wp\/v2\/pages"}],"about":[{"href":"https:\/\/www.dainst.blog\/tana\/wp-json\/wp\/v2\/types\/page"}],"author":[{"embeddable":true,"href":"https:\/\/www.dainst.blog\/tana\/wp-json\/wp\/v2\/users\/29"}],"replies":[{"embeddable":true,"href":"https:\/\/www.dainst.blog\/tana\/wp-json\/wp\/v2\/comments?post=828"}],"version-history":[{"count":13,"href":"https:\/\/www.dainst.blog\/tana\/wp-json\/wp\/v2\/pages\/828\/revisions"}],"predecessor-version":[{"id":1276,"href":"https:\/\/www.dainst.blog\/tana\/wp-json\/wp\/v2\/pages\/828\/revisions\/1276"}],"wp:attachment":[{"href":"https:\/\/www.dainst.blog\/tana\/wp-json\/wp\/v2\/media?parent=828"}],"curies":[{"name":"wp","href":"https:\/\/api.w.org\/{rel}","templated":true}]}}