{"id":959,"date":"2021-03-14T13:41:04","date_gmt":"2021-03-14T12:41:04","guid":{"rendered":"http:\/\/www.dainst.blog\/tana\/?page_id=959"},"modified":"2021-03-16T10:34:07","modified_gmt":"2021-03-16T09:34:07","slug":"mogador-essaouria","status":"publish","type":"page","link":"https:\/\/www.dainst.blog\/tana\/de\/mogador-essaouria\/","title":{"rendered":"Mogador &#8211; Essaouria"},"content":{"rendered":"\t\t<div data-elementor-type=\"wp-page\" data-elementor-id=\"959\" class=\"elementor elementor-959\">\n\t\t\t\t\t\t<section class=\"elementor-section elementor-top-section elementor-element elementor-element-244da56e elementor-section-boxed elementor-section-height-default elementor-section-height-default\" data-id=\"244da56e\" data-element_type=\"section\" data-e-type=\"section\">\n\t\t\t\t\t\t<div class=\"elementor-container elementor-column-gap-default\">\n\t\t\t\t\t<div class=\"elementor-column elementor-col-100 elementor-top-column elementor-element elementor-element-5e1b56ad\" data-id=\"5e1b56ad\" data-element_type=\"column\" data-e-type=\"column\">\n\t\t\t<div class=\"elementor-widget-wrap elementor-element-populated\">\n\t\t\t\t\t\t<div class=\"elementor-element elementor-element-4c4fcd4f elementor-widget elementor-widget-heading\" data-id=\"4c4fcd4f\" data-element_type=\"widget\" data-e-type=\"widget\" data-widget_type=\"heading.default\">\n\t\t\t\t<div class=\"elementor-widget-container\">\n\t\t\t\t\t<h2 class=\"elementor-heading-title elementor-size-default\">Mogador (Essaouira), Marokko. Ein ph\u00f6nizischer Au\u00dfenposten an der marokkanischen\nAtlantikk\u00fcste<\/h2>\t\t\t\t<\/div>\n\t\t\t\t<\/div>\n\t\t\t\t\t<\/div>\n\t\t<\/div>\n\t\t\t\t\t<\/div>\n\t\t<\/section>\n\t\t\t\t<section class=\"elementor-section elementor-top-section elementor-element elementor-element-311df254 elementor-section-boxed elementor-section-height-default elementor-section-height-default\" data-id=\"311df254\" data-element_type=\"section\" data-e-type=\"section\">\n\t\t\t\t\t\t<div class=\"elementor-container elementor-column-gap-default\">\n\t\t\t\t\t<div class=\"elementor-column elementor-col-100 elementor-top-column elementor-element elementor-element-139e0f9f\" data-id=\"139e0f9f\" data-element_type=\"column\" data-e-type=\"column\">\n\t\t\t<div class=\"elementor-widget-wrap elementor-element-populated\">\n\t\t\t\t\t\t\t<\/div>\n\t\t<\/div>\n\t\t\t\t\t<\/div>\n\t\t<\/section>\n\t\t\t\t<section class=\"elementor-section elementor-top-section elementor-element elementor-element-18f066a6 elementor-section-boxed elementor-section-height-default elementor-section-height-default\" data-id=\"18f066a6\" data-element_type=\"section\" data-e-type=\"section\">\n\t\t\t\t\t\t<div class=\"elementor-container elementor-column-gap-default\">\n\t\t\t\t\t<div class=\"elementor-column elementor-col-100 elementor-top-column elementor-element elementor-element-1a26b6ba\" data-id=\"1a26b6ba\" data-element_type=\"column\" data-e-type=\"column\">\n\t\t\t<div class=\"elementor-widget-wrap elementor-element-populated\">\n\t\t\t\t\t\t<div class=\"elementor-element elementor-element-2a9015d3 elementor-widget elementor-widget-text-editor\" data-id=\"2a9015d3\" data-element_type=\"widget\" data-e-type=\"widget\" data-widget_type=\"text-editor.default\">\n\t\t\t\t<div class=\"elementor-widget-container\">\n\t\t\t\t\t\t\t\t\t<p>Mogador ist eine 500 m lange, 400 m breite und kaum 20 m hohe Insel in der Meeresbucht von Essaouira, ein bis in die 1940er-Jahre international bedeutender Hafenort, wo sich Karawanen und Seewege trafen \u2013 eine Situation, die in bestimmtem Ma\u00dfe auch f\u00fcr die Antike zugetroffen haben k\u00f6nnte.<br \/><br \/>Die diachrone Untersuchung der Landschafts- und Besiedlungsgeschichte bildet den Rahmen des Projektes. Es betrachtet Mogador als Teil eines weiten Territoriums, das sich auf der Insel, die Meeresbucht von Essaouira mit der M\u00fcndung des Oued Ksob und die atlantische K\u00fcstenregion von Gebel Hadid im Norden bis Ounara im Osten und Oued Tidzi im S\u00fcden erstreckt. Im s\u00fcdlichen, dem einzigen windgesch\u00fctzten Teil der Insel Mogador befinden sich die antiken St\u00e4tten: Reste einer ph\u00f6nizischen Niederlassung, die um die Mitte des 7. Jahrhunderts v. Chr. gegr\u00fcndet wurde, und eine \u00a0r\u00f6mische Villa aus der Regierungszeit von Juba II (25 v. Chr. \u2013 23 n. Chr.). In beiden F\u00e4llen handelt es sich um die s\u00fcdlichsten Fundpl\u00e4tze der Epochen in dieser Region. Das ph\u00f6nizische Areal, das das Zentrum der Untersuchung darstellt, umfasst weniger als 200 m\u00b2. Die urspr\u00fcngliche Ausdehnung kann nicht rekonstruiert werden, denn Teile sind der Erosion durch den Atlantik zum Opfer gefallen.<\/p><p>Ein 1,45 m hoher Baitylos, der auf dem Rand einer Lampe in ph\u00f6nizischer Schrift eingeritzte Namen der G\u00f6ttin Astarte, zahlreiche ph\u00f6nizische Lampen und Thymiateria und das Fehlen von Architektur lassen erahnen, dass wir uns hier in einem hyp\u00e4thralen Heiligtum befinden. Auf einstige Bankette verweisen Tausende hier gefundene Scherben ph\u00f6nizischen Tafelgeschirrs und Amphoren. Die Gef\u00e4\u00dfe stammen von unterschiedlichen ph\u00f6nizischen Niederlassungen im S\u00fcden der Iberischen Halbinsel. Anhand der Neutronenaktivierungsanalyse wurden Importe von mindestens f\u00fcnf Produktionsst\u00e4tten nachgewiesen. Au\u00dfer den Gef\u00e4\u00dffragmenten befinden sich massenhaft Tierknochen in den kompakten Schichten im Umfeld des Baitylos. Sie belegen Spezialisierungen der Meeresfischerei und Viehzucht, au\u00dferdem weisen sie auf die kontinentale und maritime Ausdehnung des \u201eTerritoriums von Mogador\u201c. Besondere orientalische Konnotationen bringen u. a. Knochen eines Pfaus, von afrikanischen Steppenelefanten und f\u00fcnf jungen L\u00f6wen hervor. Darunter ist ein Mittelfu\u00dfknochen mit einer Pathologie, die zeigt, dass das wilde Tier in Gefangenschaft gelebt haben musste. Waren diese exotischen Tiere Handelsware oder geh\u00f6rten sie zur Ausstattung des Astarte-Heiligtums? Bemerkenswert ist jedenfalls, dass im Orient die aufw\u00e4ndige Jagd auf L\u00f6wen und Elefanten dem K\u00f6nig vorbehalten war und dass das wertvolle Elfenbein im Umfeld der Pal\u00e4ste verarbeitet wurde. Unweit des Baitylos fanden sich die Spuren von spezialisierten Handwerkern, die \u201ain ph\u00f6nizischer Weise\u2018 Bronze, Eisen (erstmals in der Region!) und Silber, Knochen, Horn und auch Elfenbein verarbeiteten. Woher diese Spezialisten stammten, wer ihre Auftraggeber und wer die Empf\u00e4nger ihrer Produkte waren, wissen wir noch nicht. Der Einzugsbereich von Waren (und Menschen?) war an diesem exotischen Platz jedenfalls deutlich gr\u00f6\u00dfer als z. B. an den ph\u00f6nizischen Niederlassungen in S\u00fcdspanien. Auf der Insel fanden sich keine vorr\u00f6mischen Architekturreste, auch keine S\u00fc\u00dfwasserquelle. Die geographischen Untersuchungen erbrachten eine Erkl\u00e4rung f\u00fcr diese scheinbar paradoxe Situation: Mogador war bis zur Zeitenwende durch einen breiten Isthmus mit dem Festland verbunden.<\/p><p>Weder an der K\u00fcste noch im Hinterland von Mogador fanden sich trotz intensiver Suche und dem Einsatz geophysikalischer Prospektionsmethoden Spuren einer ph\u00f6nizischen oder gleichzeitigen einheimischen Siedlung. Vielleicht liegt der Grund zum einen in der landschaftlichen Konfiguration mit hohen wandernden D\u00fcnen an der K\u00fcste und Erosion im Landesinneren und zum anderen in der eventuell nomadischen Siedlungsform der einheimischen Bev\u00f6lkerung. F\u00fcr das Verst\u00e4ndnis der ph\u00f6nizischen Niederlassung an dem entfernten Platz, seines politischen, gesellschaftlichen und wirtschaftlichen Zusammenhangs mit der westph\u00f6nizischen Kolonisation und den vorangehenden risikoreichen Erkundungsfahrten entlang der d\u00fcnn besiedelten Atlantikk\u00fcste bedarf es weiterer Untersuchungen, die im Gange sind.<\/p>\t\t\t\t\t\t\t\t<\/div>\n\t\t\t\t<\/div>\n\t\t\t\t\t<\/div>\n\t\t<\/div>\n\t\t\t\t\t<\/div>\n\t\t<\/section>\n\t\t\t\t<section class=\"elementor-section elementor-top-section elementor-element elementor-element-40e93f64 elementor-section-boxed elementor-section-height-default elementor-section-height-default\" data-id=\"40e93f64\" data-element_type=\"section\" data-e-type=\"section\">\n\t\t\t\t\t\t<div class=\"elementor-container elementor-column-gap-default\">\n\t\t\t\t\t<div class=\"elementor-column elementor-col-100 elementor-top-column elementor-element elementor-element-1bcd1828\" data-id=\"1bcd1828\" data-element_type=\"column\" data-e-type=\"column\">\n\t\t\t<div class=\"elementor-widget-wrap elementor-element-populated\">\n\t\t\t\t\t\t<div class=\"elementor-element elementor-element-7b7eefa1 elementor-widget elementor-widget-heading\" data-id=\"7b7eefa1\" data-element_type=\"widget\" data-e-type=\"widget\" data-widget_type=\"heading.default\">\n\t\t\t\t<div class=\"elementor-widget-container\">\n\t\t\t\t\t<h4 class=\"elementor-heading-title elementor-size-default\">Mitglieder<\/h4>\t\t\t\t<\/div>\n\t\t\t\t<\/div>\n\t\t\t\t\t<\/div>\n\t\t<\/div>\n\t\t\t\t\t<\/div>\n\t\t<\/section>\n\t\t\t\t<section class=\"elementor-section elementor-top-section elementor-element elementor-element-4343ad7d elementor-section-boxed elementor-section-height-default elementor-section-height-default\" data-id=\"4343ad7d\" data-element_type=\"section\" data-e-type=\"section\">\n\t\t\t\t\t\t<div class=\"elementor-container elementor-column-gap-default\">\n\t\t\t\t\t<div class=\"elementor-column elementor-col-25 elementor-top-column elementor-element elementor-element-5c787f5a\" data-id=\"5c787f5a\" data-element_type=\"column\" data-e-type=\"column\">\n\t\t\t<div class=\"elementor-widget-wrap elementor-element-populated\">\n\t\t\t\t\t\t<div class=\"elementor-element elementor-element-17598819 elementor-widget elementor-widget-image\" data-id=\"17598819\" data-element_type=\"widget\" data-e-type=\"widget\" data-widget_type=\"image.default\">\n\t\t\t\t<div class=\"elementor-widget-container\">\n\t\t\t\t\t\t\t\t\t\t\t\t\t\t\t<img fetchpriority=\"high\" decoding=\"async\" width=\"264\" height=\"264\" src=\"https:\/\/www.dainst.blog\/tana\/wp-content\/uploads\/sites\/15\/2021\/03\/Dirce-Marzoli_1.jpg\" class=\"attachment-large size-large wp-image-961\" alt=\"\" srcset=\"https:\/\/www.dainst.blog\/tana\/wp-content\/uploads\/sites\/15\/2021\/03\/Dirce-Marzoli_1.jpg 264w, https:\/\/www.dainst.blog\/tana\/wp-content\/uploads\/sites\/15\/2021\/03\/Dirce-Marzoli_1-150x150.jpg 150w\" sizes=\"(max-width: 264px) 100vw, 264px\" \/>\t\t\t\t\t\t\t\t\t\t\t\t\t\t\t<\/div>\n\t\t\t\t<\/div>\n\t\t\t\t\t<\/div>\n\t\t<\/div>\n\t\t\t\t<div class=\"elementor-column elementor-col-25 elementor-top-column elementor-element elementor-element-2e5cb4d8\" data-id=\"2e5cb4d8\" data-element_type=\"column\" data-e-type=\"column\">\n\t\t\t<div class=\"elementor-widget-wrap elementor-element-populated\">\n\t\t\t\t\t\t<div class=\"elementor-element elementor-element-3e09dcba elementor-widget elementor-widget-text-editor\" data-id=\"3e09dcba\" data-element_type=\"widget\" data-e-type=\"widget\" data-widget_type=\"text-editor.default\">\n\t\t\t\t<div class=\"elementor-widget-container\">\n\t\t\t\t\t\t\t\t\t<p><strong>Prof. Dr. Dirce Marzoli<br \/><\/strong><\/p><p>DAI | Direktorin der Abteilung Madrid<\/p><p><em>dirce.marzoli@dainst.de<\/em><\/p>\t\t\t\t\t\t\t\t<\/div>\n\t\t\t\t<\/div>\n\t\t\t\t\t<\/div>\n\t\t<\/div>\n\t\t\t\t<div class=\"elementor-column elementor-col-25 elementor-top-column elementor-element elementor-element-3715c309\" data-id=\"3715c309\" data-element_type=\"column\" data-e-type=\"column\">\n\t\t\t<div class=\"elementor-widget-wrap elementor-element-populated\">\n\t\t\t\t\t\t<div class=\"elementor-element elementor-element-384c86e4 elementor-widget elementor-widget-image\" data-id=\"384c86e4\" data-element_type=\"widget\" data-e-type=\"widget\" data-widget_type=\"image.default\">\n\t\t\t\t<div class=\"elementor-widget-container\">\n\t\t\t\t\t\t\t\t\t\t\t\t\t\t\t<img decoding=\"async\" width=\"308\" height=\"308\" src=\"https:\/\/www.dainst.blog\/tana\/wp-content\/uploads\/sites\/15\/2021\/03\/TANA_Logo_rot_Quadrat-1.jpg\" class=\"attachment-large size-large wp-image-1217\" alt=\"\" srcset=\"https:\/\/www.dainst.blog\/tana\/wp-content\/uploads\/sites\/15\/2021\/03\/TANA_Logo_rot_Quadrat-1.jpg 308w, https:\/\/www.dainst.blog\/tana\/wp-content\/uploads\/sites\/15\/2021\/03\/TANA_Logo_rot_Quadrat-1-300x300.jpg 300w, https:\/\/www.dainst.blog\/tana\/wp-content\/uploads\/sites\/15\/2021\/03\/TANA_Logo_rot_Quadrat-1-150x150.jpg 150w\" sizes=\"(max-width: 308px) 100vw, 308px\" \/>\t\t\t\t\t\t\t\t\t\t\t\t\t\t\t<\/div>\n\t\t\t\t<\/div>\n\t\t\t\t\t<\/div>\n\t\t<\/div>\n\t\t\t\t<div class=\"elementor-column elementor-col-25 elementor-top-column elementor-element elementor-element-6d8472f6\" data-id=\"6d8472f6\" data-element_type=\"column\" data-e-type=\"column\">\n\t\t\t<div class=\"elementor-widget-wrap elementor-element-populated\">\n\t\t\t\t\t\t<div class=\"elementor-element elementor-element-50081b3b elementor-widget elementor-widget-text-editor\" data-id=\"50081b3b\" data-element_type=\"widget\" data-e-type=\"widget\" data-widget_type=\"text-editor.default\">\n\t\t\t\t<div class=\"elementor-widget-container\">\n\t\t\t\t\t\t\t\t\t<p><strong>Abdelaziz El Khayari<\/strong><\/p><p>\u00a0<\/p>\t\t\t\t\t\t\t\t<\/div>\n\t\t\t\t<\/div>\n\t\t\t\t\t<\/div>\n\t\t<\/div>\n\t\t\t\t\t<\/div>\n\t\t<\/section>\n\t\t\t\t<section class=\"elementor-section elementor-top-section elementor-element elementor-element-287ba0a9 elementor-section-boxed elementor-section-height-default elementor-section-height-default\" data-id=\"287ba0a9\" data-element_type=\"section\" data-e-type=\"section\">\n\t\t\t\t\t\t<div class=\"elementor-container elementor-column-gap-default\">\n\t\t\t\t\t<div class=\"elementor-column elementor-col-100 elementor-top-column elementor-element elementor-element-1fbbb576\" data-id=\"1fbbb576\" data-element_type=\"column\" data-e-type=\"column\">\n\t\t\t<div class=\"elementor-widget-wrap elementor-element-populated\">\n\t\t\t\t\t\t<div class=\"elementor-element elementor-element-6c86f152 elementor-widget elementor-widget-heading\" data-id=\"6c86f152\" data-element_type=\"widget\" data-e-type=\"widget\" data-widget_type=\"heading.default\">\n\t\t\t\t<div class=\"elementor-widget-container\">\n\t\t\t\t\t<h4 class=\"elementor-heading-title elementor-size-default\">Partner Institutionen<\/h4>\t\t\t\t<\/div>\n\t\t\t\t<\/div>\n\t\t\t\t\t<\/div>\n\t\t<\/div>\n\t\t\t\t\t<\/div>\n\t\t<\/section>\n\t\t\t\t<section class=\"elementor-section elementor-top-section elementor-element elementor-element-4ead854b elementor-section-boxed elementor-section-height-default elementor-section-height-default\" data-id=\"4ead854b\" data-element_type=\"section\" data-e-type=\"section\">\n\t\t\t\t\t\t<div class=\"elementor-container elementor-column-gap-default\">\n\t\t\t\t\t<div class=\"elementor-column elementor-col-25 elementor-top-column elementor-element elementor-element-60c9bea1\" data-id=\"60c9bea1\" data-element_type=\"column\" data-e-type=\"column\">\n\t\t\t<div class=\"elementor-widget-wrap elementor-element-populated\">\n\t\t\t\t\t\t<div class=\"elementor-element elementor-element-603d6772 elementor-widget elementor-widget-image\" data-id=\"603d6772\" data-element_type=\"widget\" data-e-type=\"widget\" data-widget_type=\"image.default\">\n\t\t\t\t<div class=\"elementor-widget-container\">\n\t\t\t\t\t\t\t\t\t\t\t\t\t\t\t<img decoding=\"async\" width=\"276\" height=\"183\" src=\"https:\/\/www.dainst.blog\/tana\/wp-content\/uploads\/sites\/15\/2021\/03\/INSAP-Logo.png\" class=\"attachment-large size-large wp-image-962\" alt=\"\" \/>\t\t\t\t\t\t\t\t\t\t\t\t\t\t\t<\/div>\n\t\t\t\t<\/div>\n\t\t\t\t\t<\/div>\n\t\t<\/div>\n\t\t\t\t<div class=\"elementor-column elementor-col-25 elementor-top-column elementor-element elementor-element-1c1f5b31\" data-id=\"1c1f5b31\" data-element_type=\"column\" data-e-type=\"column\">\n\t\t\t<div class=\"elementor-widget-wrap elementor-element-populated\">\n\t\t\t\t\t\t<div class=\"elementor-element elementor-element-254e0d1b elementor-widget elementor-widget-text-editor\" data-id=\"254e0d1b\" data-element_type=\"widget\" data-e-type=\"widget\" data-widget_type=\"text-editor.default\">\n\t\t\t\t<div class=\"elementor-widget-container\">\n\t\t\t\t\t\t\t\t\t<p><strong>Institut National des Sciences de l\u2019Arch\u00e9ologie et du Patrimoine <br \/><\/strong>(INSAP) in Rabat<\/p><p><a href=\"https:\/\/insap.ac.ma\/\">Link<\/a><\/p>\t\t\t\t\t\t\t\t<\/div>\n\t\t\t\t<\/div>\n\t\t\t\t\t<\/div>\n\t\t<\/div>\n\t\t\t\t<div class=\"elementor-column elementor-col-25 elementor-top-column elementor-element elementor-element-62df72cb\" data-id=\"62df72cb\" data-element_type=\"column\" data-e-type=\"column\">\n\t\t\t<div class=\"elementor-widget-wrap elementor-element-populated\">\n\t\t\t\t\t\t\t<\/div>\n\t\t<\/div>\n\t\t\t\t<div class=\"elementor-column elementor-col-25 elementor-top-column elementor-element elementor-element-8c9cb89\" data-id=\"8c9cb89\" data-element_type=\"column\" data-e-type=\"column\">\n\t\t\t<div class=\"elementor-widget-wrap elementor-element-populated\">\n\t\t\t\t\t\t\t<\/div>\n\t\t<\/div>\n\t\t\t\t\t<\/div>\n\t\t<\/section>\n\t\t\t\t<\/div>\n\t\t","protected":false},"excerpt":{"rendered":"<p>Mogador (Essaouira), Marokko. Ein ph\u00f6nizischer Au\u00dfenposten an der marokkanischen Atlantikk\u00fcste Mogador ist eine 500 m lange, 400 m breite und kaum 20 m hohe Insel in der Meeresbucht von Essaouira, ein bis in die 1940er-Jahre international bedeutender Hafenort, wo sich Karawanen und Seewege trafen \u2013 eine Situation, die in bestimmtem Ma\u00dfe auch f\u00fcr die Antike [&hellip;]<\/p>\n","protected":false},"author":29,"featured_media":0,"parent":0,"menu_order":0,"comment_status":"closed","ping_status":"closed","template":"","meta":{"footnotes":""},"class_list":["post-959","page","type-page","status-publish","hentry"],"_links":{"self":[{"href":"https:\/\/www.dainst.blog\/tana\/wp-json\/wp\/v2\/pages\/959"}],"collection":[{"href":"https:\/\/www.dainst.blog\/tana\/wp-json\/wp\/v2\/pages"}],"about":[{"href":"https:\/\/www.dainst.blog\/tana\/wp-json\/wp\/v2\/types\/page"}],"author":[{"embeddable":true,"href":"https:\/\/www.dainst.blog\/tana\/wp-json\/wp\/v2\/users\/29"}],"replies":[{"embeddable":true,"href":"https:\/\/www.dainst.blog\/tana\/wp-json\/wp\/v2\/comments?post=959"}],"version-history":[{"count":7,"href":"https:\/\/www.dainst.blog\/tana\/wp-json\/wp\/v2\/pages\/959\/revisions"}],"predecessor-version":[{"id":1264,"href":"https:\/\/www.dainst.blog\/tana\/wp-json\/wp\/v2\/pages\/959\/revisions\/1264"}],"wp:attachment":[{"href":"https:\/\/www.dainst.blog\/tana\/wp-json\/wp\/v2\/media?parent=959"}],"curies":[{"name":"wp","href":"https:\/\/api.w.org\/{rel}","templated":true}]}}