{"id":751,"date":"2016-05-11T15:07:49","date_gmt":"2016-05-11T13:07:49","guid":{"rendered":"https:\/\/tepetelegrams.wordpress.com\/?page_id=751"},"modified":"2021-02-01T09:38:48","modified_gmt":"2021-02-01T08:38:48","slug":"home","status":"publish","type":"page","link":"https:\/\/www.dainst.blog\/the-tepe-telegrams\/home\/","title":{"rendered":"Our Project"},"content":{"rendered":"\n<div class=\"wp-block-columns is-layout-flex wp-container-core-columns-is-layout-3 wp-block-columns-is-layout-flex\">\n<div class=\"wp-block-column is-vertically-aligned-top is-layout-flow wp-block-column-is-layout-flow\" style=\"flex-basis:100%\">\n<div class=\"wp-block-columns is-layout-flex wp-container-core-columns-is-layout-2 wp-block-columns-is-layout-flex\">\n<div class=\"wp-block-column is-layout-flow wp-block-column-is-layout-flow\" style=\"flex-basis:66.67%\">\n<div class=\"wp-block-columns is-layout-flex wp-container-core-columns-is-layout-1 wp-block-columns-is-layout-flex\">\n<div class=\"wp-block-column is-vertically-aligned-top is-layout-flow wp-block-column-is-layout-flow\" style=\"flex-basis:100%\">\n<p>This weblog is designed to give an insight into ongoing excavations and archaeological research at the Pre-Pottery Neolithic (10th-9th-millennium BC) site of G\u00f6bekli Tepe in southeastern Turkey. Our research is part of an interdisciplinary long-term project addressing (among other things) the role of early monumentality in the origins of food production, social hierarchisation and belief systems, as well as questions of early subsistence strategies and faunal developments in Neolithic Anatolia. Our programme, which features three sub-disciplines (archaeology, bioarchaeology and physical geography), is currently funded by a long-term grant from the <a rel=\"noopener\" href=\"http:\/\/www.dfg.de\/en\/index.jsp\" target=\"_blank\">German Research Foundation<\/a>. Staff members are based at the <a href=\"https:\/\/www.dainst.org\/dai\/meldungen\" target=\"_blank\" rel=\"noreferrer noopener\">German Archaeological Institute<\/a> (Istanbul and Orient departments), at the Ludwig-Maximilians-University, Munich, <a rel=\"noopener\" href=\"http:\/\/www.palaeo.vetmed.uni-muenchen.de\/index.html\" target=\"_blank\">Institute of Palaeoanatomy, Domestication Research and the History of Veterinary Medicine<\/a> and at the Freie Universit\u00e4t Berlin <a rel=\"noreferrer noopener\" href=\"https:\/\/www.geo.fu-berlin.de\/en\/geog\/fachrichtungen\/physgeog\/index.html\" target=\"_blank\">Institute of Geographical Sciences, Physical Geography<\/a>.<\/p>\n\n\n\n<p>Our research programme is implemented under the umbrella of the <em>G\u00f6bekli Tepe Culture and Karahan Tepe Excavations<\/em> project headed by Prof Necmi Karul from <a rel=\"noreferrer noopener\" href=\"https:\/\/prehistorya-edebiyat.istanbul.edu.tr\/tr\/_\" target=\"_blank\">Istanbul University, Department of Prehistoric Archaeology<\/a>, in collaboration with the <a rel=\"noreferrer noopener\" href=\"https:\/\/sanalmuze.gov.tr\/muzeler\/SANLIURFA_MUZESI\/\" target=\"_blank\">\u015eanl\u0131urfa Haleplibah\u00e7e Museum<\/a>.\u00a0We are grateful to the General Directorate of Cultural Assets and Museums of the <a rel=\"noreferrer noopener\" href=\"http:\/\/www.kultur.gov.tr\/EN\/\" target=\"_blank\">Turkish Ministry of Culture and Tourism<\/a> for their kind permission to work at this important site..<\/p>\n<\/div>\n<\/div>\n<\/div>\n\n\n\n<div class=\"wp-block-column is-layout-flow wp-block-column-is-layout-flow\" style=\"flex-basis:33.33%\">\n<figure class=\"wp-block-image size-large is-resized is-style-default\"><img loading=\"lazy\" decoding=\"async\" src=\"https:\/\/www.dainst.blog\/the-tepe-telegrams\/wp-content\/uploads\/sites\/8\/2016\/05\/dai_logo_01_rgb.jpg\" alt=\"\" class=\"wp-image-744\" width=\"291\" height=\"82\" srcset=\"https:\/\/www.dainst.blog\/the-tepe-telegrams\/wp-content\/uploads\/sites\/8\/2016\/05\/dai_logo_01_rgb.jpg 1044w, https:\/\/www.dainst.blog\/the-tepe-telegrams\/wp-content\/uploads\/sites\/8\/2016\/05\/dai_logo_01_rgb-800x226.jpg 800w, https:\/\/www.dainst.blog\/the-tepe-telegrams\/wp-content\/uploads\/sites\/8\/2016\/05\/dai_logo_01_rgb-768x217.jpg 768w, https:\/\/www.dainst.blog\/the-tepe-telegrams\/wp-content\/uploads\/sites\/8\/2016\/05\/dai_logo_01_rgb-676x191.jpg 676w\" sizes=\"(max-width: 291px) 100vw, 291px\" \/><\/figure>\n\n\n\n<figure class=\"wp-block-image size-large is-resized is-style-default\"><img loading=\"lazy\" decoding=\"async\" src=\"https:\/\/www.dainst.blog\/the-tepe-telegrams\/wp-content\/uploads\/sites\/8\/2021\/01\/istanbul-uni.png\" alt=\"\" class=\"wp-image-7996\" width=\"90\" height=\"90\" srcset=\"https:\/\/www.dainst.blog\/the-tepe-telegrams\/wp-content\/uploads\/sites\/8\/2021\/01\/istanbul-uni.png 225w, https:\/\/www.dainst.blog\/the-tepe-telegrams\/wp-content\/uploads\/sites\/8\/2021\/01\/istanbul-uni-150x150.png 150w\" sizes=\"(max-width: 90px) 100vw, 90px\" \/><\/figure>\n\n\n\n<figure class=\"wp-block-image size-large is-resized is-style-default\"><img loading=\"lazy\" decoding=\"async\" src=\"https:\/\/www.dainst.blog\/the-tepe-telegrams\/wp-content\/uploads\/sites\/8\/2021\/01\/LMU-1.png\" alt=\"\" class=\"wp-image-8007\" width=\"157\" height=\"81\" \/><\/figure>\n\n\n\n<figure class=\"wp-block-image size-large is-resized is-style-default\"><img loading=\"lazy\" decoding=\"async\" src=\"https:\/\/www.dainst.blog\/the-tepe-telegrams\/wp-content\/uploads\/sites\/8\/2021\/01\/FUBerlin-3.png\" alt=\"\" class=\"wp-image-8010\" width=\"260\" height=\"68\" \/><\/figure>\n\n\n\n<figure class=\"wp-block-image size-large is-style-default\"><img loading=\"lazy\" decoding=\"async\" width=\"242\" height=\"104\" src=\"https:\/\/www.dainst.blog\/the-tepe-telegrams\/wp-content\/uploads\/sites\/8\/2016\/03\/dfg-13.jpeg\" alt=\"\" class=\"wp-image-199\" \/><\/figure>\n<\/div>\n<\/div>\n<\/div>\n<\/div>\n","protected":false},"excerpt":{"rendered":"<p>This weblog is designed to give an insight into ongoing excavations and archaeological research at the Pre-Pottery Neolithic (10th-9th-millennium BC) site of G\u00f6bekli Tepe in southeastern Turkey. Our research is part of an interdisciplinary long-term project addressing (among other things) the role of early monumentality in the origins of food production, social hierarchisation and belief [&hellip;]<\/p>\n","protected":false},"author":2,"featured_media":0,"parent":0,"menu_order":0,"comment_status":"closed","ping_status":"closed","template":"","meta":{"footnotes":""},"class_list":["post-751","page","type-page","status-publish","hentry","post-preview"],"_links":{"self":[{"href":"https:\/\/www.dainst.blog\/the-tepe-telegrams\/wp-json\/wp\/v2\/pages\/751"}],"collection":[{"href":"https:\/\/www.dainst.blog\/the-tepe-telegrams\/wp-json\/wp\/v2\/pages"}],"about":[{"href":"https:\/\/www.dainst.blog\/the-tepe-telegrams\/wp-json\/wp\/v2\/types\/page"}],"author":[{"embeddable":true,"href":"https:\/\/www.dainst.blog\/the-tepe-telegrams\/wp-json\/wp\/v2\/users\/2"}],"replies":[{"embeddable":true,"href":"https:\/\/www.dainst.blog\/the-tepe-telegrams\/wp-json\/wp\/v2\/comments?post=751"}],"version-history":[{"count":48,"href":"https:\/\/www.dainst.blog\/the-tepe-telegrams\/wp-json\/wp\/v2\/pages\/751\/revisions"}],"predecessor-version":[{"id":8041,"href":"https:\/\/www.dainst.blog\/the-tepe-telegrams\/wp-json\/wp\/v2\/pages\/751\/revisions\/8041"}],"wp:attachment":[{"href":"https:\/\/www.dainst.blog\/the-tepe-telegrams\/wp-json\/wp\/v2\/media?parent=751"}],"curies":[{"name":"wp","href":"https:\/\/api.w.org\/{rel}","templated":true}]}}