{"id":26,"date":"2019-05-27T15:18:18","date_gmt":"2019-05-27T13:18:18","guid":{"rendered":"http:\/\/www.dainst.blog\/transpergmikro\/?page_id=26"},"modified":"2024-02-23T16:00:36","modified_gmt":"2024-02-23T15:00:36","slug":"about-the-project","status":"publish","type":"page","link":"https:\/\/www.dainst.blog\/transpergmikro\/about-the-project\/","title":{"rendered":"About the project"},"content":{"rendered":"\n<h4 class=\"wp-block-heading has-text-align-left\">The Transformation of the Pergamon Micro-Region between Hellenism and Roman Imperial Period (TransPergMicro)<\/h4>\n\n\n<div class=\"section first-image yui3-g\">\n<div class=\"yui3-u-1-2\">\n<div class=\"right-col\">\n<p>In times of climate change and the discussion about the beginning of a new era shaped by humans (Anthropocene), historical human-environment relations as a research subject are increasingly popular, too.<\/p>\n<p>The reconstruction of the complex interactions between nature and civilisation requires interdisciplinary cooperation between humanities, engineering science and natural sciences. Only on this basis our understanding of the old world can be extended by the so far often neglected social-ecological aspects.<\/p>\n<\/div>\n<\/div>\n<\/div>\n<div class=\"section yui3-g\">\n<div class=\"yui3-u-1\">\n<p><a href=\"https:\/\/www.dainst.blog\/transpergmikro\/wp-content\/uploads\/sites\/10\/2022\/11\/Disziplinen-Schnittmengen_2022_11_eng-scaled.jpg\"><img fetchpriority=\"high\" decoding=\"async\" class=\"alignleft wp-image-1728\" src=\"https:\/\/www.dainst.blog\/transpergmikro\/wp-content\/uploads\/sites\/10\/2022\/11\/Disziplinen-Schnittmengen_2022_11_eng-150x150.jpg\" alt=\"\" width=\"392\" height=\"379\" srcset=\"https:\/\/www.dainst.blog\/transpergmikro\/wp-content\/uploads\/sites\/10\/2022\/11\/Disziplinen-Schnittmengen_2022_11_eng-300x290.jpg 300w, https:\/\/www.dainst.blog\/transpergmikro\/wp-content\/uploads\/sites\/10\/2022\/11\/Disziplinen-Schnittmengen_2022_11_eng-1024x990.jpg 1024w, https:\/\/www.dainst.blog\/transpergmikro\/wp-content\/uploads\/sites\/10\/2022\/11\/Disziplinen-Schnittmengen_2022_11_eng-768x742.jpg 768w, https:\/\/www.dainst.blog\/transpergmikro\/wp-content\/uploads\/sites\/10\/2022\/11\/Disziplinen-Schnittmengen_2022_11_eng-1536x1485.jpg 1536w, https:\/\/www.dainst.blog\/transpergmikro\/wp-content\/uploads\/sites\/10\/2022\/11\/Disziplinen-Schnittmengen_2022_11_eng-2048x1980.jpg 2048w\" sizes=\"(max-width: 392px) 100vw, 392px\" \/><\/a><\/p>\n<p>One way to achieve this goal is through the study of micro-regions, which are not only geographically defined, but also show common cultural networks and economic cycles. Ancient Pergamon and the surrounding landscape in north-western Turkey provide a good example. For 140 years, archaeologists have been working here together with numerous other disciplines under the aegis of the German Archaeological Institute and with the permission of the Ministry of Culture and Tourism of the Republic of Turkey to explore the metropolis. Its settlement history starts in the 2<sup>nd<\/sup> millennium BC, but traces in the surrounding area go back to the 7<sup>th<\/sup> millennium. The most substantial and significant evidence so far is available for the Hellenistic Period (3<sup>rd<\/sup>-1<sup>st<\/sup> century BC) and the Roman Imperial Period (1<sup>st<\/sup>-3<sup>rd<\/sup> century AD). This particular potential and an interdisciplinary strategy for its scientific evaluation have been awarded by the German Research Foundation (DFG) with the approval of the first funding phase of a long-term project designed to run for 12 years. The project involves archaeology, building research, and physical geography working together with numerous other historical and natural science disciplines. The DAI&#8217;s Istanbul Department, Freie Universit\u00e4t Berlin, Technische Universit\u00e4t Berlin, Celal Bayar \u00dcniversitesi Manisa, and Christian-Albrechts-Universit\u00e4t zu Kiel are leading the project. Cooperation exists with the Brandenburg University of Technology Cottbus-Senftenberg, the Ege \u00dcniversitesi Izmir and the Sinop \u00dcniversitesi, the Ludwig-Maximilians-Universit\u00e4t Munich and the University of Zurich, among others.<\/p>\n<\/div>\n<\/div>\n\n\n<figure class=\"wp-block-image size-large\"><img decoding=\"async\" width=\"1024\" height=\"724\" src=\"https:\/\/www.dainst.blog\/transpergmikro\/wp-content\/uploads\/sites\/10\/2024\/02\/Ludwig-2023_Fig_1-1-1024x724.jpg\" alt=\"\" class=\"wp-image-2100\" srcset=\"https:\/\/www.dainst.blog\/transpergmikro\/wp-content\/uploads\/sites\/10\/2024\/02\/Ludwig-2023_Fig_1-1-1024x724.jpg 1024w, https:\/\/www.dainst.blog\/transpergmikro\/wp-content\/uploads\/sites\/10\/2024\/02\/Ludwig-2023_Fig_1-1-300x212.jpg 300w, https:\/\/www.dainst.blog\/transpergmikro\/wp-content\/uploads\/sites\/10\/2024\/02\/Ludwig-2023_Fig_1-1-768x543.jpg 768w, https:\/\/www.dainst.blog\/transpergmikro\/wp-content\/uploads\/sites\/10\/2024\/02\/Ludwig-2023_Fig_1-1-1536x1086.jpg 1536w, https:\/\/www.dainst.blog\/transpergmikro\/wp-content\/uploads\/sites\/10\/2024\/02\/Ludwig-2023_Fig_1-1-2048x1448.jpg 2048w\" sizes=\"(max-width: 1024px) 100vw, 1024px\" \/><\/figure>\n\n\n<p>At the beginning of the project is the question of what interactions existed between profound urban change in Pergamon (marked by a doubling of the urban area since the late 1<sup>st<\/sup> century AD and monumental construction) and changes in the micro-region. Based on the observation that the western lower plain of the Kaikos (Bak\u0131r\u00e7ay) with the adjacent mountain ranges and the coastal zone was characterised first by settlement concentration and demilitarisation since the end of the Pergamenian Royal Period in 133 BC, and later in the Imperial Period by the establishment of leisure or wellness elements such as thermal baths, the relationships between cities, rural settlements and the landscape are examined systematically and diachronically for the first time in the entire micro-region. This involves different levels such as resource use, production and consumption, lifestyle and health of inhabitants, architecture and construction, and the design and perception of living spaces. Given the diversity of natural resources, the proposed project focuses on soil, water, wood, stone, and clay, whose importance to the economic and living environment can be understood only through the direct collaboration of archaeology, building research, and physical geography. This results in the following general questions:<\/p>\n<p>(1) Interdependencies in the diachronic development of settlement structure and use of natural space between urban and rural areas,<\/p>\n<p>(2) Organisation and function of complex processes such as building programmes or ceramics production and distribution with particular attention to economic and ecological factors at different spatial scales (local, regional, supra-regional),<\/p>\n<p>(3) Transformations of urban physiognomies in the context of dynamic socio-ecological, economic and social developments within the micro-region and in the context of supra-regional networks,<\/p>\n<p>(4) Development of a complex socio-ecological model of the transformation of the Pergamon Micro-Region as a contribution to a better understanding of the dynamic human-environment interaction and its reception in landscape design, urban planning and architecture.<\/p>\n<p>In addressing these questions, the focus and objectives of the project shift from a small-scale, exemplary approach to the entire micro-region and neighbouring regions.<\/p>\n\n\n<hr class=\"wp-block-separator has-css-opacity is-style-wide\" \/>\n\n\n<p><a href=\"https:\/\/www.dainst.org\/forschung\/projekte\/noslug\/2858\" target=\"_blank\" rel=\"noopener\">Pergamon on the DAI Istanbul website<\/a><\/p>\n<p><a href=\"https:\/\/www.geo.fu-berlin.de\/geog\/fachrichtungen\/physgeog\/forschung\/Laufende-Projekte\/Die-Transformation-der-Mikroregion-Pergamon-zwischen-Hellenismus-und-roemischer-Kaiserzeit\/index.html\" target=\"_blank\" rel=\"noopener\">TransPergMicro on the FU Berlin website<\/a><\/p>\n<p><a href=\"https:\/\/www.tu.berlin\/hbd\/forschung\/projekte\/laufende-projekte\/transpergmikro\" target=\"_blank\" rel=\"noopener\">TransPergMicro on the TU Berlin website<\/a><\/p>\n\n\n<hr class=\"wp-block-separator has-css-opacity is-style-wide\" \/>\n\n\n\n<h4 class=\"wp-block-heading has-text-align-left\">Die Transformation der Mikroregion Pergamon zwischen Hellenismus und R\u00f6mischer Kaiserzeit (TransPergMikro)<\/h4>\n\n\n<div class=\"section first-image yui3-g\">\n<div class=\"yui3-u-1-2\">\n<div class=\"right-col\">\n<p>In Zeiten von Klimawandel und der Diskussion \u00fcber den Beginn eines neuen, vom Menschen gepr\u00e4gten Erdzeitalters (Anthropoz\u00e4n) haben auch historische Mensch-Umwelt-Beziehungen als Forschungsgegenstand Konjunktur.<\/p>\n<p>Die Rekonstruktion der komplexen Interaktionen zwischen Natur und Zivilisation verlangt nach interdisziplin\u00e4rer Zusammenarbeit von Geistes-, Ingenieur- und Naturwissenschaften. Nur auf dieser Basis ist es m\u00f6glich, unser Verst\u00e4ndnis der alten Welt um die bislang vielfach vernachl\u00e4ssigten sozial-\u00f6kologischen Aspekte zu erweitern.<\/p>\n<\/div>\n<\/div>\n<\/div>\n<div class=\"section yui3-g\">\n<div class=\"yui3-u-1\">\n<p><a href=\"https:\/\/www.dainst.blog\/transpergmikro\/wp-content\/uploads\/sites\/10\/2022\/11\/Disziplinen-Schnittmengen_2022_11_de.jpg\"><img decoding=\"async\" class=\"alignleft wp-image-1727\" src=\"https:\/\/www.dainst.blog\/transpergmikro\/wp-content\/uploads\/sites\/10\/2022\/11\/Disziplinen-Schnittmengen_2022_11_de-150x150.jpg\" alt=\"\" width=\"392\" height=\"379\" srcset=\"https:\/\/www.dainst.blog\/transpergmikro\/wp-content\/uploads\/sites\/10\/2022\/11\/Disziplinen-Schnittmengen_2022_11_de-300x290.jpg 300w, https:\/\/www.dainst.blog\/transpergmikro\/wp-content\/uploads\/sites\/10\/2022\/11\/Disziplinen-Schnittmengen_2022_11_de-1024x990.jpg 1024w, https:\/\/www.dainst.blog\/transpergmikro\/wp-content\/uploads\/sites\/10\/2022\/11\/Disziplinen-Schnittmengen_2022_11_de-768x742.jpg 768w, https:\/\/www.dainst.blog\/transpergmikro\/wp-content\/uploads\/sites\/10\/2022\/11\/Disziplinen-Schnittmengen_2022_11_de-1536x1485.jpg 1536w, https:\/\/www.dainst.blog\/transpergmikro\/wp-content\/uploads\/sites\/10\/2022\/11\/Disziplinen-Schnittmengen_2022_11_de-2048x1980.jpg 2048w\" sizes=\"(max-width: 392px) 100vw, 392px\" \/><\/a><\/p>\n<p>Ein Weg zu diesem Ziel f\u00fchrt \u00fcber die Untersuchung von Mikroregionen, die nicht nur geographisch definiert sind, sondern auch gemeinsamen kulturelle Netzwerke und wirtschaftliche Kreisl\u00e4ufe aufweisen. Das antike Pergamon und die umgebende Landschaft im Nordwesten der T\u00fcrkei liefern daf\u00fcr ein gutes Beispiel. Seit 140 Jahren arbeiten hier Arch\u00e4ologen gemeinsam mit zahlreichen anderen Disziplinen unter der \u00c4gide des Deutschen Arch\u00e4ologischen Instituts und mit Genehmigung des Ministeriums f\u00fcr Kultur und Tourismus der Republik T\u00fcrkei an der Erforschung der Metropole. Ihre Besiedlung begann im 2. Jahrtausend v. Chr., doch reichen die Spuren im Umland von Pergamon sogar bis in das 7. Jahrtausend zur\u00fcck. Die umfangreichsten und aussagekr\u00e4ftigsten Befunde stehen bislang jedoch f\u00fcr den Hellenismus (3.-1. Jh. v. Chr.) und die r\u00f6mische Kaiserzeit (1.-3. Jh. n. Chr.) zur Verf\u00fcgung. Dieses besondere Potential und eine interdisziplin\u00e4re Strategie zu seiner wissenschaftlichen Auswertung sind von der Deutschen Forschungsgemeinschaft mit der Bewilligung der ersten F\u00f6rderphase eines auf 12 Jahre ausgelegten Langfristvorhabens gew\u00fcrdigt worden. In dem Projekt arbeiten Arch\u00e4ologie, Bauforschung und Physische Geographie mit zahlreichen weiteren historischen und naturwissenschaftlichen Disziplinen zusammenarbeiten. Federf\u00fchrend beteiligt sind neben der Abteilung Istanbul des DAI die Freie Universit\u00e4t und die Technische Universit\u00e4t Berlin sowie die Celal Bayar \u00dcniversitesi in Manisa und die Christian-Albrechts-Universit\u00e4t zu Kiel. Kooperationen bestehen unter anderem mit der Brandenburgisch Technischen Universit\u00e4t Cottbus-Senftenberg, der Ege \u00dcniversitesi Izmir und der Sinop \u00dcniversitesi, der Ludwig-Maximilians-Universit\u00e4t M\u00fcnchen und der Universit\u00e4t Z\u00fcrich.\u00a0<\/p>\n<\/div>\n<\/div>\n\n\n<figure class=\"wp-block-image size-large\"><img decoding=\"async\" width=\"1024\" height=\"724\" src=\"https:\/\/www.dainst.blog\/transpergmikro\/wp-content\/uploads\/sites\/10\/2024\/02\/Ludwig-2023_Fig_1-1-1024x724.jpg\" alt=\"\" class=\"wp-image-2100\" srcset=\"https:\/\/www.dainst.blog\/transpergmikro\/wp-content\/uploads\/sites\/10\/2024\/02\/Ludwig-2023_Fig_1-1-1024x724.jpg 1024w, https:\/\/www.dainst.blog\/transpergmikro\/wp-content\/uploads\/sites\/10\/2024\/02\/Ludwig-2023_Fig_1-1-300x212.jpg 300w, https:\/\/www.dainst.blog\/transpergmikro\/wp-content\/uploads\/sites\/10\/2024\/02\/Ludwig-2023_Fig_1-1-768x543.jpg 768w, https:\/\/www.dainst.blog\/transpergmikro\/wp-content\/uploads\/sites\/10\/2024\/02\/Ludwig-2023_Fig_1-1-1536x1086.jpg 1536w, https:\/\/www.dainst.blog\/transpergmikro\/wp-content\/uploads\/sites\/10\/2024\/02\/Ludwig-2023_Fig_1-1-2048x1448.jpg 2048w\" sizes=\"(max-width: 1024px) 100vw, 1024px\" \/><\/figure>\n\n\n<p>Am Anfang des Projektes steht die Frage, welche Wechselwirkungen zwischen tiefgreifendem urbanen Wandel in Pergamon (markiert von einer Verdoppelung des Stadtgebietes seit dem sp\u00e4ten 1. Jahrhundert n. Chr. und monumentalen Bauma\u00dfnahmen) und Ver\u00e4nderungen in der Mikroregion bestanden. Ausgehend von der Beobachtung, dass die westliche untere Ebene des Kaikos (Bak\u0131r\u00e7ay) mit den angrenzenden Gebirgsz\u00fcgen und der K\u00fcstenzone seit Ende der pergamenischen K\u00f6nigszeit 133 v. Chr. zun\u00e4chst von Siedlungskonzentration und Entmilitarisierung, sp\u00e4ter in der Kaiserzeit von der Einrichtung von Freizeit bzw. Wellness-Elementen wie Thermen gekennzeichnet war, werden die Beziehungen zwischen St\u00e4dten, l\u00e4ndlichen Siedlungen und der Landschaft erstmals systematisch und diachron in der gesamten Mikroregion untersucht. Dies geschieht auf unterschiedlichen Ebenen wie Ressourcennutzung, Produktion und Konsum, Lebensweise und Gesundheit der Bewohner, Architektur und Bauwesen sowie der Gestaltung und Wahrnehmung von Lebensr\u00e4umen. Bezogen auf die Vielfalt der nat\u00fcrlichen Ressourcen konzentriert sich das beantragte Projekt auf Boden, Wasser, Holz, Stein und Ton, deren Bedeutung f\u00fcr den Wirtschafts- und Lebensraum allein \u00fcber die direkte Zusammenarbeit von Arch\u00e4ologie, Bauforschung und Physischer Geographie verstanden werden kann. Daraus ergeben sich folgende \u00fcbergeordnete Fragestellungen:<\/p>\n<p>(1) Interdependenzen in der diachronen Entwicklung von Siedlungsstruktur und Naturraumnutzung zwischen urbanen und l\u00e4ndlichen R\u00e4umen,<\/p>\n<p>(2) Organisation und Funktion komplexer Prozesse wie z. B. Bauprogramme oder Keramikproduktion und \u2013vertrieb unter besonderer Ber\u00fccksichtigung \u00f6konomischer und \u00f6kologischer Faktoren auf verschiedenen r\u00e4umlichen Ebenen (lokal, regional, \u00fcberregional),<\/p>\n<p>(3) Transformationen st\u00e4dtischer Physiognomien im Kontext dynamischer \u00f6kologischer, \u00f6konomischer und sozialer Entwicklungen innerhalb der Mikroregion und im Kontext \u00fcberregionaler Netzwerke,<\/p>\n<p>(4) Entwicklung eines komplexen sozial-\u00f6kologischen Modells der Transformation der Mikroregion Pergamon als Beitrag zum besseren Verst\u00e4ndnis der dynamischen Mensch-Umwelt Interaktion und deren Rezeption in Landschaftsgestaltung, St\u00e4dtebau und Architektur.<\/p>\n<p>Bei der Bearbeitung dieser Fragen verschieben sich im Laufe des Projekts Fokus und Zielsetzungen von einer kleinr\u00e4umig exemplarischen Betrachtung hin auf die Mikroregion und angrenzende Gebiete in ihrer Gesamtheit.<\/p>","protected":false},"excerpt":{"rendered":"<p>The Transformation of the Pergamon Micro-Region between Hellenism and Roman Imperial Period (TransPergMicro) In times of climate change and the discussion about the beginning&#8230;<\/p>\n","protected":false},"author":1,"featured_media":0,"parent":0,"menu_order":0,"comment_status":"closed","ping_status":"closed","template":"","meta":{"footnotes":""},"class_list":["post-26","page","type-page","status-publish","hentry"],"_links":{"self":[{"href":"https:\/\/www.dainst.blog\/transpergmikro\/wp-json\/wp\/v2\/pages\/26"}],"collection":[{"href":"https:\/\/www.dainst.blog\/transpergmikro\/wp-json\/wp\/v2\/pages"}],"about":[{"href":"https:\/\/www.dainst.blog\/transpergmikro\/wp-json\/wp\/v2\/types\/page"}],"author":[{"embeddable":true,"href":"https:\/\/www.dainst.blog\/transpergmikro\/wp-json\/wp\/v2\/users\/1"}],"replies":[{"embeddable":true,"href":"https:\/\/www.dainst.blog\/transpergmikro\/wp-json\/wp\/v2\/comments?post=26"}],"version-history":[{"count":20,"href":"https:\/\/www.dainst.blog\/transpergmikro\/wp-json\/wp\/v2\/pages\/26\/revisions"}],"predecessor-version":[{"id":2104,"href":"https:\/\/www.dainst.blog\/transpergmikro\/wp-json\/wp\/v2\/pages\/26\/revisions\/2104"}],"wp:attachment":[{"href":"https:\/\/www.dainst.blog\/transpergmikro\/wp-json\/wp\/v2\/media?parent=26"}],"curies":[{"name":"wp","href":"https:\/\/api.w.org\/{rel}","templated":true}]}}