{"id":722,"date":"2020-11-06T16:18:13","date_gmt":"2020-11-06T15:18:13","guid":{"rendered":"http:\/\/www.dainst.blog\/transpergmikro\/?page_id=722"},"modified":"2025-12-11T11:59:43","modified_gmt":"2025-12-11T10:59:43","slug":"pergamon-map","status":"publish","type":"page","link":"https:\/\/www.dainst.blog\/transpergmikro\/pergamon\/pergamon-map\/","title":{"rendered":"Pergamon Digital Map 2 (2025)"},"content":{"rendered":"<p>The new archaeological map of Pergamon presents all known building remains within the ancient city. It is an updated and expanded version of the original map published in 1973 and the Pergamon Digital Map v1.1 published in 2020. The map includes current excavation data from the Pergamon Excavation Project and the Bergama Museum, as well as documentation of earlier excavations conducted in the 1930s and 1950s at the Musalla Mezarl\u0131\u011f\u0131 site.<\/p>\n<p>To provide a clearer understanding of the city\u2019s layout in relation to the terrain, post-antique buildings have been temporarily omitted but can be overlaid if needed. The same applies to the Kestel Dam and its reservoir \u2013 where the original landscape has been reconstructed using historical maps.<\/p>\n<p>The Pergamon Digital Map is published by the Pergamon Excavation of the German Archaeological Institute (DAI) in collaboration with the Bergama Museum, Karlsruhe University of Applied Sciences, and the Karlsruhe Institute of Technology.<\/p>\n<p>This digital map is regularly updated. The latest version (v2) includes new data on the surroundings of the Asclepieion, the urban area east of the Red Hall, and the riverbanks of the Selinus (modern-day Bergama \u00c7ay\u0131).<\/p>\n\n\n<hr class=\"wp-block-separator has-css-opacity\" \/>\n\n\n<h5>Web-GIS<\/h5>\n<p>Explore the digital version of the Pergamon map, hosted on the <strong>iDAI.geoserver<\/strong>. The online map provides access to detailed information on over a hundred points of interest and offers a variety of interactive tools for exploration and analysis.<\/p>\n<p>Experience the full map in your preferred language:<\/p>\n<p><a href=\"https:\/\/geoserver.dainst.org\/catalogue\/#\/map\/8434\" target=\"_blank\" rel=\"noopener\"><strong>German version<\/strong><\/a><br \/><a href=\"https:\/\/geoserver.dainst.org\/catalogue\/#\/map\/8437\" target=\"_blank\" rel=\"noopener\"><strong>English version<\/strong><\/a><br \/><a href=\"https:\/\/geoserver.dainst.org\/catalogue\/#\/map\/8441\" target=\"_blank\" rel=\"noopener\"><strong>Turkish version<\/strong><\/a><\/p>\n<p>This archaeological map is also available through standard web services. You can integrate it into your own GIS applications using WMS (Web Map Service) and WFS (Web Feature Service) endpoints.<br \/>WMS: https:\/\/geoserver.dainst.org\/gs\/wms <br \/>WFS: https:\/\/geoserver.dainst.org\/gs\/wfs<\/p>\n<p>For questions or further information regarding the Pergamon Digital Map, please contact transpergmikro.istanbul[at]dainst.de\u00a0<\/p>\n\n\n<hr class=\"wp-block-separator has-css-opacity is-style-default\" \/>\n\n\n<h5>PDF\u00a0<\/h5>\n<p>Two sections of the map with different scales are published as PDF:<\/p>\n<p>The <strong>1 : 5.000 map<\/strong> (A0) extends from the Niyazi Tepe in the northeast with the temple-tomb to the extra-urban thermal bath of Cleopatra G\u00fczellik Il\u0131cas\u0131 in the southwest. This covers a much larger area than on the 1973 map at 1:2.500, but does not quite match the 1:25.000 overview map by Otto Berlet from 1904.<\/p>\n<p><a href=\"https:\/\/www.dainst.blog\/transpergmikro\/wp-content\/uploads\/sites\/10\/2025\/11\/Pergamon_Digital_Map_2_2025_5000_DE.pdf\">Pergamon_Digital_Map_2_2025_5000_DE<\/a><\/p>\n<p><a href=\"https:\/\/www.dainst.blog\/transpergmikro\/wp-content\/uploads\/sites\/10\/2025\/11\/Pergamon_Digital_Map_2_2025_5000_EN.pdf\">Pergamon_Digital_Map_2_2025_5000_EN<\/a><\/p>\n<p><a href=\"https:\/\/www.dainst.blog\/transpergmikro\/wp-content\/uploads\/sites\/10\/2025\/11\/Pergamon_Digital_Map_2_2025_5000_TR.pdf\">Pergamon_Digital_Map_2_2025_5000_TR<\/a><\/p>\n<p>The <strong>1 : 2.000 map<\/strong> (A0) shows the ancient city hill with its immediate surroundings.<\/p>\n<p><a href=\"https:\/\/www.dainst.blog\/transpergmikro\/wp-content\/uploads\/sites\/10\/2025\/11\/Pergamon_Digital_Map_2_2025_2000_DE.pdf\">Pergamon_Digital_Map_2_2025_2000_DE<\/a><\/p>\n<p><a href=\"https:\/\/www.dainst.blog\/transpergmikro\/wp-content\/uploads\/sites\/10\/2025\/11\/Pergamon_Digital_Map_2_2025_2000_EN.pdf\">Pergamon_Digital_Map_2_2025_2000_EN<\/a><\/p>\n<p><a href=\"https:\/\/www.dainst.blog\/transpergmikro\/wp-content\/uploads\/sites\/10\/2025\/11\/Pergamon_Digital_Map_2_2025_2000_TR.pdf\">Pergamon_Digital_Map_2_2025_2000_TR<\/a><\/p>\n\n\n<hr class=\"wp-block-separator has-css-opacity\" \/>\n\n\n<h5>Open Dataset (GIS &amp; PDFs)<\/h5>\n<p>The underlying GIS data and the PDF versions of the Pergamon Digital Map 2 are now available as an open dataset on <strong>iDAI.repo<\/strong>, the research data repository of the German Archaeological Institute (DAI).<\/p>\n<p><a href=\"https:\/\/repo.dainst.org\/dataset\/pergamon-digital-map-2-2025\" target=\"_blank\" rel=\"noopener\">https:\/\/repo.dainst.org\/dataset\/pergamon-digital-map-2-2025<\/a><\/p>\n\n\n<hr class=\"wp-block-separator has-css-opacity\" \/>\n\n\n<h5>Print<\/h5>\n<p>A <strong>high-resolution printed version<\/strong> of the map will be included in one of the next volumes of the series &#8220;Altert\u00fcmer von Pergamon&#8221;.<\/p>\n\n\n<hr class=\"wp-block-separator has-css-opacity\" \/>\n\n\n<h5>Cite this map as<\/h5>\n<p><strong>&#8220;Pergamon Digital Map 2 (2025). Pergamongrabung, Abteilung Istanbul, Deutsches Arch\u00e4ologisches Institut (DAI), 2025.&#8221;<\/strong><\/p>\n<p><em>Any form of analog or digital publication of the map \u2013 or any of its parts \u2013 requires the explicit permission of the Pergamon Excavation of the German Archaeological Institute (DAI). This also applies to any commercial use of the map or its content.<\/em><\/p>\n<p><em>For permission requests or further information, please contact: sekretariat.istanbul[at]dainst.de <\/em><\/p>\n\n\n<hr class=\"wp-block-separator has-css-opacity\" \/>\n\n\n<p><strong>Project coordinator:<\/strong> F. Pirson (DAI Istanbul), V. Stappmanns (Wiesbaden)<\/p>\n<p><strong>Graphics:<\/strong> V. Stappmanns (Wiesbaden), J. Lorentzen (Berlin), \u0130. Yenero\u011flu (Berlin)<\/p>\n<p><strong>Cartographic basis:<\/strong> U. Klein (Hochschule Karlsruhe), students (Hochschule Karlsruhe &amp; KIT Karlsruhe), Municipality of Bergama, German Aerospace Center (Deutsches Zentrum f\u00fcr Luft- und Raumfahrt e.V., DLR)<\/p>\n<p><strong>Additional archaeological plans:<\/strong> Museum Bergama<\/p>\n<p><strong>iDAI.geoserver:<\/strong> B. Ludwig (DAI Istanbul), A. Skolik (DAI Athen), IT Department DAI Berlin<\/p>\n<p><strong>Thanks to:<\/strong> G. Ate\u015f (Manisa Celal Bayar University), U. Mania (DAI Istanbul), N. Neuenfeld (DAI Istanbul), S. Tezer-Altay (DAI Istanbul), A. Keweloh-Kaletta (DAI Istanbul), B. Korkut (Istanbul) and A. Weiser (Berlin)<\/p>\n<p>For the excellent cooperation with the Museum Bergama in this project we would like to thank the directors Adnan Sar\u0131o\u011flu and Nilg\u00fcn Ustura as well as the Ministry of Culture and Tourism of the Republic of Turkey.<\/p>\n\n\n<p><\/p>\n","protected":false},"excerpt":{"rendered":"<p>The new archaeological map of Pergamon presents all known building remains within the ancient city. It is an updated and expanded version of the&#8230;<\/p>\n","protected":false},"author":21,"featured_media":0,"parent":123,"menu_order":0,"comment_status":"closed","ping_status":"closed","template":"","meta":{"footnotes":""},"class_list":["post-722","page","type-page","status-publish","hentry"],"_links":{"self":[{"href":"https:\/\/www.dainst.blog\/transpergmikro\/wp-json\/wp\/v2\/pages\/722"}],"collection":[{"href":"https:\/\/www.dainst.blog\/transpergmikro\/wp-json\/wp\/v2\/pages"}],"about":[{"href":"https:\/\/www.dainst.blog\/transpergmikro\/wp-json\/wp\/v2\/types\/page"}],"author":[{"embeddable":true,"href":"https:\/\/www.dainst.blog\/transpergmikro\/wp-json\/wp\/v2\/users\/21"}],"replies":[{"embeddable":true,"href":"https:\/\/www.dainst.blog\/transpergmikro\/wp-json\/wp\/v2\/comments?post=722"}],"version-history":[{"count":55,"href":"https:\/\/www.dainst.blog\/transpergmikro\/wp-json\/wp\/v2\/pages\/722\/revisions"}],"predecessor-version":[{"id":2712,"href":"https:\/\/www.dainst.blog\/transpergmikro\/wp-json\/wp\/v2\/pages\/722\/revisions\/2712"}],"up":[{"embeddable":true,"href":"https:\/\/www.dainst.blog\/transpergmikro\/wp-json\/wp\/v2\/pages\/123"}],"wp:attachment":[{"href":"https:\/\/www.dainst.blog\/transpergmikro\/wp-json\/wp\/v2\/media?parent=722"}],"curies":[{"name":"wp","href":"https:\/\/api.w.org\/{rel}","templated":true}]}}