{"id":619,"date":"2020-11-09T10:57:39","date_gmt":"2020-11-09T10:57:39","guid":{"rendered":"https:\/\/www.dainst.blog\/visual-narratives\/?page_id=619"},"modified":"2020-12-06T07:06:48","modified_gmt":"2020-12-06T07:06:48","slug":"impressum","status":"publish","type":"page","link":"https:\/\/www.dainst.blog\/visual-narratives\/impressum\/","title":{"rendered":"Impressum"},"content":{"rendered":"\n<p class=\"has-normal-font-size\">Der Inhalt der Website <a href=\"https:\/\/www.dainst.blog\/visual-narratives\">https:\/\/www.dainst.blog\/visual-narratives<\/a>\/ wird ver\u00f6ffentlicht von:<\/p>\n\n\n\n<p>Deutsches Arch\u00e4ologisches Institut<br>Abteilung Istanbul<br>In\u00f6n\u00fc Caddesi 10<br>34437 Istanbul-G\u00fcm\u00fc<em>\u015f<\/em>suyu<br>T\u00fcrkei<\/p>\n\n\n\n<p>Tel.: +90 212 3937 600<br>Email: <a href=\"mailto:it.istanbul@dainst.de\">it.istanbul@dainst.de<\/a> oder <a href=\"mailto:sekretariat.istanbul@dainst.de\">fotothek.istanbul@dainst.de<\/a><\/p>\n\n\n\n<p>Das Deutsche Arch\u00e4ologische Institut ist eine Forschungseinrichtung des Bundes und untersteht der Beh\u00f6rde des Ausw\u00e4rtigen Amtes. Es wird vertreten durch die Pr\u00e4sidentin Prof. Dr. Dr. h. c. Friederike Fless<\/p>\n\n\n\n<p><strong><strong>Haftungsausschluss<\/strong><br><\/strong>Das Deutsche Arch\u00e4ologische Institut ist bem\u00fcht, sein Webangebot stets aktuell, inhaltlich richtig und vollst\u00e4ndig anzubieten. Das Deutsche Arch\u00e4ologische Institut \u00fcbernimmt keine Haftung f\u00fcr die Aktualit\u00e4t, die inhaltliche Richtigkeit sowie f\u00fcr die Vollst\u00e4ndigkeit der in ihrem Webangebot eingestellten Informationen, es sei denn, die Fehler wurden vors\u00e4tzlich oder grob fahrl\u00e4ssig aufgenommen. Dies bezieht sich auf eventuelle Sch\u00e4den materieller oder ideeller Art Dritter, die durch die Nutzung dieses Webangebotes verursacht wurden. Alle Angebote sind freibleibend und unverbindlich. Das Deutsche Arch\u00e4ologische Institut beh\u00e4lt es sich ausdr\u00fccklich vor, Teile der Seiten oder das gesamte Angebot ohne gesonderte Ank\u00fcndigung zu ver\u00e4ndern, zu erg\u00e4nzen, zu l\u00f6schen oder die Ver\u00f6ffentlichung zeitweise oder endg\u00fcltig einzustellen.<\/p>\n\n\n\n<p><strong>Copyright\/Urheberrecht<\/strong><br>Das Layout und die Inhalte, insbesondere Texte, Bildmaterial und alle Multimediaelemente und \u2013inhalte auf der Website des Deutschen Arch\u00e4ologischen Instituts sind, wenn nicht explizite Lizenzierungen erw\u00e4hnt sind, urheberrechtlich gesch\u00fctzt. Alle Rechte vorbehalten. Wenn Sie Texte in Ihre Website integrieren wollen, so tun Sie dies bitte per Link auf unsere Website und nicht durch eine physische \u00dcbernahme der Texte. Fotomechanische Wiedergabe, Vervielf\u00e4ltigung oder Verbreitung mittels besonderer Verfahren (zum Beispiel Datenverarbeitung, Datentr\u00e4ger und Datennetze), auch teilweise, sind ohne ausdr\u00fcckliche Erlaubnis des DAI nicht gestattet.<\/p>\n\n\n\n<p><strong><strong>Externe Verweise und Links<\/strong><br><\/strong>Das Deutsche Arch\u00e4ologische Institut erkl\u00e4rt hiermit ausdr\u00fccklich, dass bei direkten oder indirekten Verweisen auf fremde Webseiten (&#8220;Hyperlinks&#8221;), die au\u00dferhalb des Verantwortungsbereiches des Deutschen Arch\u00e4ologischen Instituts liegen zum Zeitpunkt der Linksetzung keine illegalen Inhalte auf den zu verlinkenden Seiten erkennbar waren. Das DAI hat f\u00fcr diese Pr\u00fcfung die ihm technisch m\u00f6glichen und zumutbaren Anstrengungen unternommen. Auf die aktuelle und zuk\u00fcnftige Gestaltung, die Inhalte oder die Urheberschaft der verlinkten\/verkn\u00fcpften Seiten hat das Deutsche Arch\u00e4ologische Institut keinerlei Einfluss. Deshalb distanziert es sich hiermit ausdr\u00fccklich von allen Inhalten aller verlinkten\/verkn\u00fcpften Seiten, die nach der Linksetzung ver\u00e4ndert wurden. Diese Feststellung gilt f\u00fcr alle innerhalb des eigenen Internetangebotes gesetzten Links und Verweise sowie f\u00fcr Fremdeintr\u00e4ge in vom Deutschen Arch\u00e4ologischen Institut eingerichteten G\u00e4steb\u00fcchern, Diskussionsforen, Linkverzeichnissen, Mailinglisten und in allen anderen Formen von Datenbanken, auf deren Inhalt externe Schreibzugriffe m\u00f6glich sind. F\u00fcr illegale, fehlerhafte oder unvollst\u00e4ndige Inhalte und insbesondere f\u00fcr Sch\u00e4den, die aus der Nutzung oder Nichtnutzung solcherart dargebotener Informationen entstehen, haftet allein der Anbieter der Seite, auf welche verwiesen wurde, nicht derjenige, der \u00fcber Links auf die jeweilige Ver\u00f6ffentlichung lediglich verweist.<\/p>\n\n\n\n<p><strong>Rechtswirksamkeit<\/strong><br>Dieser Haftungsausschluss ist Teil des Internetangebotes des Deutschen Arch\u00e4ologischen Instituts. Sofern einzelne Formulierungen oder Teile dieses Textes der geltenden Rechtslage nicht mehr oder nicht mehr vollst\u00e4ndig entsprechen, bleiben die \u00fcbrigen Teile dieser Erkl\u00e4rung davon unber\u00fchrt.<\/p>\n\n\n\n<p>Falls das Deutsche Arch\u00e4ologische Institut auf Seiten verweist, deren Inhalt Anlass zur Beanstandung gibt, bittet die Internet-Redaktion um Mitteilung. Teilen Sie uns bitte ebenso mit, wenn eigene Inhalte nicht fehlerfrei, aktuell, vollst\u00e4ndig oder verst\u00e4ndlich geschrieben sind.<\/p>\n\n\n\n<p><\/p>\n\n\n\n<div class=\"wp-block-buttons is-layout-flex wp-block-buttons-is-layout-flex\">\n<div class=\"wp-block-button\"><a class=\"wp-block-button__link\" href=\"https:\/\/www.dainst.org\/impressum\" target=\"_blank\" rel=\"noreferrer noopener\">Mehr Informationen<\/a><\/div>\n<\/div>\n","protected":false},"excerpt":{"rendered":"<p>Der Inhalt der Website https:\/\/www.dainst.blog\/visual-narratives\/ wird ver\u00f6ffentlicht von: Deutsches Arch\u00e4ologisches InstitutAbteilung IstanbulIn\u00f6n\u00fc Caddesi 1034437 Istanbul-G\u00fcm\u00fc\u015fsuyuT\u00fcrkei Tel.: +90 212 3937 600Email: it.istanbul@dainst.de oder fotothek.istanbul@dainst.de Das Deutsche Arch\u00e4ologische Institut ist eine Forschungseinrichtung des Bundes und untersteht der Beh\u00f6rde des Ausw\u00e4rtigen Amtes. Es wird vertreten durch die Pr\u00e4sidentin Prof. Dr. Dr. h. c. Friederike Fless HaftungsausschlussDas Deutsche Arch\u00e4ologische &hellip; <\/p>\n<p class=\"link-more\"><a href=\"https:\/\/www.dainst.blog\/visual-narratives\/impressum\/\" class=\"more-link\">Continue reading<span class=\"screen-reader-text\"> &#8220;Impressum&#8221;<\/span><\/a><\/p>\n","protected":false},"author":102,"featured_media":0,"parent":0,"menu_order":0,"comment_status":"closed","ping_status":"closed","template":"","meta":{"footnotes":""},"class_list":["post-619","page","type-page","status-publish","hentry"],"_links":{"self":[{"href":"https:\/\/www.dainst.blog\/visual-narratives\/wp-json\/wp\/v2\/pages\/619"}],"collection":[{"href":"https:\/\/www.dainst.blog\/visual-narratives\/wp-json\/wp\/v2\/pages"}],"about":[{"href":"https:\/\/www.dainst.blog\/visual-narratives\/wp-json\/wp\/v2\/types\/page"}],"author":[{"embeddable":true,"href":"https:\/\/www.dainst.blog\/visual-narratives\/wp-json\/wp\/v2\/users\/102"}],"replies":[{"embeddable":true,"href":"https:\/\/www.dainst.blog\/visual-narratives\/wp-json\/wp\/v2\/comments?post=619"}],"version-history":[{"count":7,"href":"https:\/\/www.dainst.blog\/visual-narratives\/wp-json\/wp\/v2\/pages\/619\/revisions"}],"predecessor-version":[{"id":1850,"href":"https:\/\/www.dainst.blog\/visual-narratives\/wp-json\/wp\/v2\/pages\/619\/revisions\/1850"}],"wp:attachment":[{"href":"https:\/\/www.dainst.blog\/visual-narratives\/wp-json\/wp\/v2\/media?parent=619"}],"curies":[{"name":"wp","href":"https:\/\/api.w.org\/{rel}","templated":true}]}}